{"id":15926,"date":"2025-08-23T21:43:14","date_gmt":"2025-08-23T19:43:14","guid":{"rendered":"https:\/\/newsite26.coeo-group.ai\/stilguide\/diagram-callouts-och-tabeller\/"},"modified":"2026-03-14T10:59:45","modified_gmt":"2026-03-14T09:59:45","slug":"diagram-callouts-och-tabeller","status":"publish","type":"page","link":"https:\/\/www.coeo-group.ai\/sv\/stilguide\/diagram-callouts-och-tabeller\/","title":{"rendered":"Diagram, callouts och tabeller"},"content":{"rendered":"<section class=\"l-section wpb_row height_custom\"><div class=\"l-section-h i-cf\"><div class=\"g-cols vc_row via_flex valign_top type_default stacking_default\"><div class=\"vc_col-sm-12 wpb_column vc_column_container\"><div class=\"vc_column-inner\"><div class=\"wpb_wrapper\"><div class=\"g-cols wpb_row via_flex valign_top type_default stacking_default\"><div class=\"vc_col-sm-12 wpb_column vc_column_container\"><div class=\"vc_column-inner\"><div class=\"wpb_wrapper\">[vc_custom_heading text=&#8221;Markera. F\u00f6renkla.<br \/>\nF\u00f6rklara. &#8221; font_container=&#8221;tag:h1|text_align:left&#8221; use_theme_fonts=&#8221;yes&#8221;]<\/div><\/div><\/div><\/div><div class=\"w-separator hide_on_mobiles size_medium\"><\/div><div class=\"wpb_text_column\"><div class=\"wpb_wrapper\"><p><strong>Diagram, tabeller och callouts<\/strong> hj\u00e4lper till att omvandla komplex information till tillg\u00e4ngligt och engagerande inneh\u00e5ll. Anv\u00e4nd dem f\u00f6r att lyfta fram viktiga insikter, strukturera data p\u00e5 ett meningsfullt s\u00e4tt och styra l\u00e4sarens uppm\u00e4rksamhet dit den \u00e4r som viktigast. Konsekvent stil, tydlig design och genomt\u00e4nkt placering \u00e4r nyckeln till att g\u00f6ra informationen inte bara synlig utan ocks\u00e5 minnesv\u00e4rd.<\/p>\n<\/div><\/div><div class=\"w-separator size_medium\"><\/div><div class=\"g-cols wpb_row via_flex valign_top type_default stacking_default\"><div class=\"vc_col-sm-4 wpb_column vc_column_container\"><div class=\"vc_column-inner\"><div class=\"wpb_wrapper\"><div class=\"w-image align_none\"><div class=\"w-image-h\"><img decoding=\"async\" width=\"930\" height=\"779\" src=\"https:\/\/www.coeo-group.ai\/wp-content\/uploads\/2026\/02\/Balkendiagramm-EN.png\" class=\"attachment-full size-full\" alt=\"\" loading=\"lazy\" srcset=\"https:\/\/www.coeo-group.ai\/wp-content\/uploads\/2026\/02\/Balkendiagramm-EN.png 930w, https:\/\/www.coeo-group.ai\/wp-content\/uploads\/2026\/02\/Balkendiagramm-EN-300x251.png 300w\" sizes=\"auto, (max-width: 930px) 100vw, 930px\" \/><\/div><\/div><\/div><\/div><\/div><div class=\"vc_col-sm-4 wpb_column vc_column_container\"><div class=\"vc_column-inner\"><div class=\"wpb_wrapper\"><div class=\"w-image align_none\"><div class=\"w-image-h\"><img decoding=\"async\" width=\"950\" height=\"781\" src=\"https:\/\/www.coeo-group.ai\/wp-content\/uploads\/2026\/02\/Liniendiagramm-EN.png\" class=\"attachment-full size-full\" alt=\"\" loading=\"lazy\" srcset=\"https:\/\/www.coeo-group.ai\/wp-content\/uploads\/2026\/02\/Liniendiagramm-EN.png 950w, https:\/\/www.coeo-group.ai\/wp-content\/uploads\/2026\/02\/Liniendiagramm-EN-300x247.png 300w\" sizes=\"auto, (max-width: 950px) 100vw, 950px\" \/><\/div><\/div><\/div><\/div><\/div><div class=\"vc_col-sm-4 wpb_column vc_column_container\"><div class=\"vc_column-inner\"><div class=\"wpb_wrapper\"><div class=\"w-image align_none\"><div class=\"w-image-h\"><img decoding=\"async\" width=\"1114\" height=\"1042\" src=\"https:\/\/www.coeo-group.ai\/wp-content\/uploads\/2026\/02\/Tortendiagramm-EN-1.png\" class=\"attachment-full size-full\" alt=\"\" loading=\"lazy\" srcset=\"https:\/\/www.coeo-group.ai\/wp-content\/uploads\/2026\/02\/Tortendiagramm-EN-1.png 1114w, https:\/\/www.coeo-group.ai\/wp-content\/uploads\/2026\/02\/Tortendiagramm-EN-1-300x281.png 300w, https:\/\/www.coeo-group.ai\/wp-content\/uploads\/2026\/02\/Tortendiagramm-EN-1-1024x958.png 1024w\" sizes=\"auto, (max-width: 1114px) 100vw, 1114px\" \/><\/div><\/div><\/div><\/div><\/div><\/div><div class=\"w-separator size_medium\"><\/div><div class=\"wpb_text_column\"><div class=\"wpb_wrapper\"><p>V\u00e5ra <strong>diagram<\/strong> \u00e4r tydliga, minimala och fokuserar endast p\u00e5 det v\u00e4sentliga &#8211; inga on\u00f6diga element, inga skuggor. De anv\u00e4nder endast v\u00e5ra f\u00f6retagsf\u00e4rger och alltid v\u00e5rt prim\u00e4ra typsnitt eller det angivna reservtypsnittet. Text och linjer visas i #333333, som v\u00e4xlar till #FFFFFF p\u00e5 m\u00f6rka bakgrunder. Linjerna \u00e4r s\u00e5 tunna som m\u00f6jligt och etiketterna inneh\u00e5ller endast den nyckelinformation som beh\u00f6vs f\u00f6r att snabbt f\u00f6rst\u00e5 uppgifterna.<\/p>\n<\/div><\/div><div class=\"w-separator size_medium\"><\/div><div class=\"w-image align_none\"><div class=\"w-image-h\"><img decoding=\"async\" width=\"2560\" height=\"1038\" src=\"https:\/\/www.coeo-group.ai\/wp-content\/uploads\/2025\/08\/Table-scaled.png\" class=\"attachment-full size-full\" alt=\"\" loading=\"lazy\" srcset=\"https:\/\/www.coeo-group.ai\/wp-content\/uploads\/2025\/08\/Table-scaled.png 2560w, https:\/\/www.coeo-group.ai\/wp-content\/uploads\/2025\/08\/Table-300x122.png 300w, https:\/\/www.coeo-group.ai\/wp-content\/uploads\/2025\/08\/Table-1024x415.png 1024w, https:\/\/www.coeo-group.ai\/wp-content\/uploads\/2025\/08\/Table-1536x623.png 1536w\" sizes=\"auto, (max-width: 2560px) 100vw, 2560px\" \/><\/div><\/div><div class=\"w-separator size_medium\"><\/div><div class=\"wpb_text_column\"><div class=\"wpb_wrapper\"><p><strong>Tabeller<\/strong> anv\u00e4nder v\u00e5rt prim\u00e4ra typsnitt eller dess angivna reservtypsnitt, med all text i m\u00f6rkgr\u00e5tt (#333333) f\u00f6r optimal l\u00e4sbarhet. Tabellhuvudet har en vit bakgrund (#FFFFFF) och \u00e4r visuellt \u00e5tskilt fr\u00e5n tabellkroppen med en tunn m\u00f6rkgr\u00e5 linje (#333333). I tabellens huvuddel v\u00e4xlar raderna mellan ljusgr\u00e5tt (#F7F7F7) och vitt (#FFFFFF) f\u00f6r b\u00e4ttre l\u00e4sbarhet. Kolumnerna delas av tunna linjer i ljusgr\u00e5tt (#F7F7F7), och en fet m\u00f6rkgr\u00e5 linje (#333333) markerar slutet p\u00e5 tabellen f\u00f6r tydlig visuell avslutning.<\/p>\n<\/div><\/div><div class=\"w-separator size_large\"><\/div><div class=\"g-cols wpb_row highlight-color via_flex valign_top type_default stacking_default\"><div class=\"vc_col-sm-4 wpb_column vc_column_container\"><div class=\"vc_column-inner\"><div class=\"wpb_wrapper\"><div class=\"w-image styleguide-color-square align_none\"><div class=\"w-image-h\"><img decoding=\"async\" width=\"1024\" height=\"1024\" src=\"https:\/\/www.coeo-group.ai\/wp-content\/uploads\/2025\/08\/Callout-AquaBlue.svg\" class=\"attachment-large size-large\" alt=\"\" loading=\"lazy\" \/><\/div><\/div><div class=\"w-separator size_small\"><\/div><div class=\"w-html\"><div class=\"color-values\">\n  <div class=\"color-row\" data-hex=\"298FC2\">\n    <span class=\"label\">HEX<\/span>\n    <span class=\"value\">298FC2<\/span>\n  <\/div>\n  <div class=\"color-row\">\n    <span class=\"label\">RGB<\/span>\n    <span class=\"value\">41\/143\/194<\/span>\n  <\/div>\n  <div class=\"color-row\">\n    <span class=\"label\">CMYK<\/span>\n    <span class=\"value\">76\/26\/0\/0<\/span>\n  <\/div>\n<\/div>\n<\/div><\/div><\/div><\/div><div class=\"vc_col-sm-4 wpb_column vc_column_container\"><div class=\"vc_column-inner\"><div class=\"wpb_wrapper\"><div class=\"w-image styleguide-color-square align_none\"><div class=\"w-image-h\"><img decoding=\"async\" width=\"1024\" height=\"1024\" src=\"https:\/\/www.coeo-group.ai\/wp-content\/uploads\/2025\/08\/Callout-MeadowGreen.svg\" class=\"attachment-large size-large\" alt=\"\" loading=\"lazy\" \/><\/div><\/div><div class=\"w-separator size_small\"><\/div><div class=\"w-html\"><div class=\"color-values\">\n  <div class=\"color-row\" data-hex=\"78BE21\">\n    <span class=\"label\">HEX<\/span>\n    <span class=\"value\">78BE21<\/span>\n  <\/div>\n  <div class=\"color-row\">\n    <span class=\"label\">RGB<\/span>\n    <span class=\"value\">120\/190\/33\n<\/span>\n  <\/div>\n  <div class=\"color-row\">\n    <span class=\"label\">CMYK<\/span>\n    <span class=\"value\">54\/0\/100\/0<\/span>\n  <\/div>\n<\/div>\n<\/div><\/div><\/div><\/div><div class=\"vc_col-sm-4 wpb_column vc_column_container\"><div class=\"vc_column-inner\"><div class=\"wpb_wrapper\"><div class=\"w-image styleguide-color-square align_none\"><div class=\"w-image-h\"><img decoding=\"async\" width=\"1024\" height=\"1024\" src=\"https:\/\/www.coeo-group.ai\/wp-content\/uploads\/2025\/08\/Callout-OceanBlue.svg\" class=\"attachment-large size-large\" alt=\"\" loading=\"lazy\" \/><\/div><\/div><div class=\"w-separator size_small\"><\/div><div class=\"w-html\"><div class=\"color-values\">\n  <div class=\"color-row\" data-hex=\"326295\">\n    <span class=\"label\">HEX<\/span>\n    <span class=\"value\">326295<\/span>\n  <\/div>\n  <div class=\"color-row\">\n    <span class=\"label\">RGB<\/span>\n    <span class=\"value\">50\/98\/149\n<\/span>\n  <\/div>\n  <div class=\"color-row\">\n    <span class=\"label\">CMYK<\/span>\n    <span class=\"value\">84\/54\/3\/10<\/span>\n  <\/div>\n<\/div>\n<\/div><\/div><\/div><\/div><\/div><div class=\"w-separator size_medium\"><\/div><div class=\"g-cols wpb_row highlight-color via_flex valign_top type_default stacking_default\"><div class=\"vc_col-sm-4 wpb_column vc_column_container\"><div class=\"vc_column-inner\"><div class=\"wpb_wrapper\"><div class=\"w-image styleguide-color-square align_none\"><div class=\"w-image-h\"><img decoding=\"async\" width=\"1024\" height=\"1024\" src=\"https:\/\/www.coeo-group.ai\/wp-content\/uploads\/2025\/08\/Callout-SunnyYellow.svg\" class=\"attachment-large size-large\" alt=\"\" loading=\"lazy\" \/><\/div><\/div><div class=\"w-separator size_small\"><\/div><div class=\"w-html\"><div class=\"color-values\">\n  <div class=\"color-row\" data-hex=\"FEDD00\">\n    <span class=\"label\">HEX<\/span>\n    <span class=\"value\">FEDD00<\/span>\n  <\/div>\n  <div class=\"color-row\">\n    <span class=\"label\">RGB<\/span>\n    <span class=\"value\">254\/221\/0<\/span>\n  <\/div>\n  <div class=\"color-row\">\n    <span class=\"label\">CMYK<\/span>\n    <span class=\"value\">0\/0\/100\/0<\/span>\n  <\/div>\n<\/div>\n<\/div><\/div><\/div><\/div><div class=\"vc_col-sm-4 wpb_column vc_column_container\"><div class=\"vc_column-inner\"><div class=\"wpb_wrapper\"><div class=\"w-image styleguide-color-square align_none\"><div class=\"w-image-h\"><img decoding=\"async\" width=\"1024\" height=\"1024\" src=\"https:\/\/www.coeo-group.ai\/wp-content\/uploads\/2025\/08\/Callout-BrightOrange.svg\" class=\"attachment-large size-large\" alt=\"\" loading=\"lazy\" \/><\/div><\/div><div class=\"w-separator size_small\"><\/div><div class=\"w-html\"><div class=\"color-values\">\n  <div class=\"color-row\" data-hex=\"FF9425\">\n    <span class=\"label\">HEX<\/span>\n    <span class=\"value\">FF9425<\/span>\n  <\/div>\n  <div class=\"color-row\">\n    <span class=\"label\">RGB<\/span>\n    <span class=\"value\">255\/148\/37\n<\/span>\n  <\/div>\n  <div class=\"color-row\">\n    <span class=\"label\">CMYK<\/span>\n    <span class=\"value\">0\/45\/100\/0<\/span>\n  <\/div>\n<\/div>\n<\/div><\/div><\/div><\/div><div class=\"vc_col-sm-4 wpb_column vc_column_container\"><div class=\"vc_column-inner\"><div class=\"wpb_wrapper\"><div class=\"w-image styleguide-color-square align_none\"><div class=\"w-image-h\"><img decoding=\"async\" width=\"1024\" height=\"1024\" src=\"https:\/\/www.coeo-group.ai\/wp-content\/uploads\/2025\/08\/Callout-BlossomRed.svg\" class=\"attachment-large size-large\" alt=\"\" loading=\"lazy\" \/><\/div><\/div><div class=\"w-separator size_small\"><\/div><div class=\"w-html\"><div class=\"color-values\">\n  <div class=\"color-row\" data-hex=\"D00070\">\n    <span class=\"label\">HEX<\/span>\n    <span class=\"value\">D00070<\/span>\n  <\/div>\n  <div class=\"color-row\">\n    <span class=\"label\">RGB<\/span>\n    <span class=\"value\">208\/0\/112\n<\/span>\n  <\/div>\n  <div class=\"color-row\">\n    <span class=\"label\">CMYK<\/span>\n    <span class=\"value\">0\/100\/0\/0<\/span>\n  <\/div>\n<\/div>\n<\/div><\/div><\/div><\/div><\/div><div class=\"w-separator size_medium\"><\/div><div class=\"wpb_text_column\"><div class=\"wpb_wrapper\"><p><strong>Callouts<\/strong> \u00e4r ett anv\u00e4ndbart verktyg f\u00f6r att f\u00e4sta uppm\u00e4rksamheten p\u00e5 viktiga detaljer, lyfta fram nyckelbudskap eller l\u00e4gga till visuella accenter i en layout. De kan<br \/>\nanv\u00e4ndas i de variationer som visas h\u00e4r och b\u00f6r alltid f\u00f6lja varum\u00e4rkets visuella principer. V\u00e5ra callouts \u00e4r genomg\u00e5ende runda i<br \/>\nform och kan inneh\u00e5lla text i det prim\u00e4ra typsnittet eller reservtypsnittet, eller ikoner fr\u00e5n den officiella ikonupps\u00e4ttningen. P\u00e5 m\u00f6rka bakgrunder kan vita<br \/>\nrunda callouts anv\u00e4ndas som ett alternativ.<\/p>\n<\/div><\/div><\/div><\/div><\/div><\/div><\/div><\/section>\n","protected":false},"excerpt":{"rendered":"[vc_custom_heading text=\"Markera. F\u00f6renkla. F\u00f6rklara. \" font_container=\"tag:h1|text_align:left\" use_theme_fonts=\"yes\"]Diagram, tabeller och callouts hj\u00e4lper till att omvandla komplex information till tillg\u00e4ngligt och engagerande inneh\u00e5ll. Anv\u00e4nd dem f\u00f6r att lyfta fram viktiga insikter, strukturera data p\u00e5 ett meningsfullt s\u00e4tt och styra l\u00e4sarens uppm\u00e4rksamhet dit den \u00e4r som viktigast. Konsekvent stil, tydlig design och genomt\u00e4nkt placering \u00e4r nyckeln till att...","protected":false},"author":2,"featured_media":0,"parent":15907,"menu_order":0,"comment_status":"closed","ping_status":"closed","template":"","meta":{"_acf_changed":false,"footnotes":""},"class_list":["post-15926","page","type-page","status-publish","hentry"],"acf":[],"_links":{"self":[{"href":"https:\/\/www.coeo-group.ai\/sv\/wp-json\/wp\/v2\/pages\/15926","targetHints":{"allow":["GET"]}}],"collection":[{"href":"https:\/\/www.coeo-group.ai\/sv\/wp-json\/wp\/v2\/pages"}],"about":[{"href":"https:\/\/www.coeo-group.ai\/sv\/wp-json\/wp\/v2\/types\/page"}],"author":[{"embeddable":true,"href":"https:\/\/www.coeo-group.ai\/sv\/wp-json\/wp\/v2\/users\/2"}],"replies":[{"embeddable":true,"href":"https:\/\/www.coeo-group.ai\/sv\/wp-json\/wp\/v2\/comments?post=15926"}],"version-history":[{"count":2,"href":"https:\/\/www.coeo-group.ai\/sv\/wp-json\/wp\/v2\/pages\/15926\/revisions"}],"predecessor-version":[{"id":15931,"href":"https:\/\/www.coeo-group.ai\/sv\/wp-json\/wp\/v2\/pages\/15926\/revisions\/15931"}],"up":[{"embeddable":true,"href":"https:\/\/www.coeo-group.ai\/sv\/wp-json\/wp\/v2\/pages\/15907"}],"wp:attachment":[{"href":"https:\/\/www.coeo-group.ai\/sv\/wp-json\/wp\/v2\/media?parent=15926"}],"curies":[{"name":"wp","href":"https:\/\/api.w.org\/{rel}","templated":true}]}}