{"id":15923,"date":"2025-08-23T21:55:34","date_gmt":"2025-08-23T19:55:34","guid":{"rendered":"https:\/\/newsite26.coeo-group.ai\/stilguide\/undervarumarken\/"},"modified":"2026-03-16T23:59:18","modified_gmt":"2026-03-16T22:59:18","slug":"undervarumarken","status":"publish","type":"page","link":"https:\/\/www.coeo-group.ai\/sv\/stilguide\/undervarumarken\/","title":{"rendered":"Undervarum\u00e4rken"},"content":{"rendered":"<section class=\"l-section wpb_row icon-box-wrapper height_auto width_full\"><div class=\"l-section-h i-cf\"><div class=\"g-cols vc_row via_flex valign_top type_default stacking_default\"><div class=\"vc_col-sm-12 wpb_column vc_column_container\"><div class=\"vc_column-inner\"><div class=\"wpb_wrapper\"><div class=\"w-image styleguide-icon-download align_none\"><a href=\"\/download\/13397\/\" aria-label=\"Button-LogoKit-cAI\" class=\"w-image-h\"><img decoding=\"async\" src=\"https:\/\/www.coeo-group.ai\/wp-content\/uploads\/2025\/12\/Button-LogoKit-cAI.svg\" class=\"attachment-full size-full\" alt=\"\" loading=\"lazy\" \/><\/a><\/div><div class=\"w-image styleguide-icon-download icon-download-zwo download-file-access align_none\"><a href=\"\/download\/13399\/\" aria-label=\"Button-LogoKit-CFN\" class=\"w-image-h\"><img decoding=\"async\" src=\"https:\/\/www.coeo-group.ai\/wp-content\/uploads\/2025\/12\/Button-LogoKit-CFN.svg\" class=\"attachment-full size-full\" alt=\"\" loading=\"lazy\" \/><\/a><\/div><\/div><\/div><\/div><\/div><\/div><\/section><section class=\"l-section wpb_row height_custom\"><div class=\"l-section-h i-cf\"><div class=\"g-cols vc_row via_flex valign_top type_default stacking_default\"><div class=\"vc_col-sm-12 wpb_column vc_column_container\"><div class=\"vc_column-inner\"><div class=\"wpb_wrapper\"><div class=\"g-cols wpb_row via_flex valign_top type_default stacking_default\"><div class=\"vc_col-sm-12 wpb_column vc_column_container\"><div class=\"vc_column-inner\"><div class=\"wpb_wrapper\">[vc_custom_heading text=&#8221;Olika ansikten.<br \/>\nEn identitet.&#8221; font_container=&#8221;tag:h1|text_align:left&#8221; use_theme_fonts=&#8221;yes&#8221;]<\/div><\/div><\/div><\/div><div class=\"w-separator hide_on_mobiles size_medium\"><\/div><div class=\"wpb_text_column\"><div class=\"wpb_wrapper\"><p>F\u00f6rutom den prim\u00e4ra logotypen, som representerar den \u00f6vergripande f\u00f6retagsidentiteten, anv\u00e4nder vi ocks\u00e5 specialiserade logotyper f\u00f6r olika varum\u00e4rkeselement &#8211; till exempel cAI, v\u00e5r egenutvecklade l\u00f6sning f\u00f6r artificiell intelligens, och logotypserien CustomerFocus.network.  <strong>N\u00e4r dessa logotyper anv\u00e4nds g\u00e4ller alla allm\u00e4nna regler och designprinciper som beskrivs i denna styleguide p\u00e5 samma s\u00e4tt, vilket s\u00e4kerst\u00e4ller en konsekvent och sammanh\u00e4ngande varum\u00e4rkesupplevelse i alla applikationer.<\/strong><\/p>\n<\/div><\/div><div class=\"w-html bubble-text-wrapper\"><a href=\"\/download\/13397\/\" class=\"styleguide-bubble-textlink\">Fullst\u00e4ndigt cAi-logotypset<\/a><br><a href=\"\/download\/13399\/\" class=\"styleguide-bubble-textlink\">Fullst\u00e4ndigt CFN-logotypset<\/a>\n<\/div><div class=\"w-separator size_medium\"><\/div><div class=\"g-cols wpb_row via_flex valign_top type_default stacking_default\"><div class=\"vc_col-sm-4 wpb_column vc_column_container\"><div class=\"vc_column-inner\"><div class=\"wpb_wrapper\">[vc_custom_heading text=&#8221;Prim\u00e4r anv\u00e4ndning&#8221; use_theme_fonts=&#8221;yes&#8221;]<div class=\"w-separator size_small\"><\/div><div class=\"w-image sub-brands-cai align_none\"><div class=\"w-image-h\"><img decoding=\"async\" width=\"1024\" height=\"1024\" src=\"https:\/\/www.coeo-group.ai\/wp-content\/uploads\/2025\/08\/CAI-Logo-withTrademark-RGB.svg\" class=\"attachment-large size-large\" alt=\"\" loading=\"lazy\" \/><\/div><\/div><div class=\"w-separator size_small\"><\/div><div class=\"wpb_text_column\"><div class=\"wpb_wrapper\"><p><strong>Sk\u00e4rmversion (RGB)<\/strong><\/p>\n<\/div><\/div><div class=\"w-html\"><div class=\"stylegude-download-icons\">\n<a href=\"\/download\/13389\/\"><img decoding=\"async\" src=\"https:\/\/www.coeo-group.ai\/wp-content\/uploads\/2025\/08\/file-svg-fill.svg\"><\/a>\n<a href=\"\/download\/13391\/\"><img decoding=\"async\" src=\"https:\/\/www.coeo-group.ai\/wp-content\/uploads\/2025\/08\/file-png-fill.svg\"><\/a>\n<a href=\"\/download\/13393\/\"><img decoding=\"async\" src=\"https:\/\/www.coeo-group.ai\/wp-content\/uploads\/2025\/08\/file-jpg-fill.svg\"><\/a>\n<\/div><\/div><div class=\"w-separator size_small\"><\/div><div class=\"wpb_text_column\"><div class=\"wpb_wrapper\"><p><strong>Utskriftsversion (CMYK)<\/strong><\/p>\n<\/div><\/div><div class=\"w-html\"><div class=\"stylegude-download-icons\">\n<a href=\"\/download\/13401\/\"><img decoding=\"async\" src=\"https:\/\/www.coeo-group.ai\/wp-content\/uploads\/2025\/08\/file-eps-fill.svg\"><\/a>\n<a href=\"\/download\/13403\/\"><img decoding=\"async\" src=\"https:\/\/www.coeo-group.ai\/wp-content\/uploads\/2025\/08\/file-tiff-fill.svg\"><\/a>\n<\/div><\/div><\/div><\/div><\/div><div class=\"vc_col-sm-4 wpb_column vc_column_container\"><div class=\"vc_column-inner\"><div class=\"wpb_wrapper\">[vc_custom_heading text=&#8221;Anv\u00e4nd p\u00e5 m\u00f6rka bakgrunder&#8221; use_theme_fonts=&#8221;yes&#8221;]<div class=\"w-separator size_small\"><\/div><div class=\"w-image align_none\"><div class=\"w-image-h\"><img decoding=\"async\" width=\"1024\" height=\"1024\" src=\"https:\/\/www.coeo-group.ai\/wp-content\/uploads\/2025\/09\/Logo-cAI-Use-on-Dark-Backgrounds.svg\" class=\"attachment-large size-large\" alt=\"\" loading=\"lazy\" \/><\/div><\/div><div class=\"w-separator size_small\"><\/div><div class=\"wpb_text_column\"><div class=\"wpb_wrapper\"><p><strong>Sk\u00e4rmversion (RGB)<\/strong><\/p>\n<\/div><\/div><div class=\"w-html\"><div class=\"stylegude-download-icons\">\n<a href=\"\/download\/13375\/\"><img decoding=\"async\" src=\"https:\/\/www.coeo-group.ai\/wp-content\/uploads\/2025\/08\/file-svg-fill.svg\"><\/a>\n<a href=\"\/download\/13395\/\"><img decoding=\"async\" src=\"https:\/\/www.coeo-group.ai\/wp-content\/uploads\/2025\/08\/file-png-fill.svg\"><\/a>\n<\/div><\/div><div class=\"w-separator size_small\"><\/div><div class=\"wpb_text_column\"><div class=\"wpb_wrapper\"><p><strong>Utskriftsversion (CMYK)<\/strong><\/p>\n<\/div><\/div><div class=\"w-html\"><div class=\"stylegude-download-icons\">\n<a href=\"\/download\/13405\/\"><img decoding=\"async\" src=\"https:\/\/www.coeo-group.ai\/wp-content\/uploads\/2025\/08\/file-eps-fill.svg\"><\/a>\n<\/div><\/div><\/div><\/div><\/div><div class=\"vc_col-sm-4 wpb_column vc_column_container\"><div class=\"vc_column-inner\"><div class=\"wpb_wrapper\">[vc_custom_heading text=&#8221;Fritt utrymme&#8221; use_theme_fonts=&#8221;yes&#8221;]<div class=\"w-separator size_small\"><\/div><div class=\"w-image align_none\"><div class=\"w-image-h\"><img decoding=\"async\" width=\"1024\" height=\"1024\" src=\"https:\/\/www.coeo-group.ai\/wp-content\/uploads\/2025\/08\/cAI-Logo-Clear-Space.svg\" class=\"attachment-large size-large\" alt=\"\" loading=\"lazy\" \/><\/div><\/div><\/div><\/div><\/div><\/div><div class=\"w-separator size_small\"><\/div><div class=\"wpb_text_column\"><div class=\"wpb_wrapper\"><p><strong>cAI<\/strong> \u00e4r ett registrerat varum\u00e4rke och m\u00e5ste alltid visas med symbolen \u00ae n\u00e4r logotypen anv\u00e4nds. Det enda undantaget \u00e4r n\u00e4r logotypen visas i en s\u00e5 liten storlek att \u00ae-symbolen inte l\u00e4ngre \u00e4r l\u00e4sbar eller skulle \u00e4ventyra designens tydlighet.<\/p>\n<\/div><\/div><div class=\"w-separator size_medium\"><\/div><div class=\"g-cols wpb_row via_flex valign_top type_default stacking_default\"><div class=\"vc_col-sm-3 wpb_column vc_column_container\"><div class=\"vc_column-inner\"><div class=\"wpb_wrapper\"><div class=\"w-image sub-brands-cfn align_none\"><div class=\"w-image-h\"><img decoding=\"async\" src=\"https:\/\/www.coeo-group.ai\/wp-content\/uploads\/2025\/08\/Logo-CFN-1.svg\" class=\"attachment-full size-full\" alt=\"\" loading=\"lazy\" \/><\/div><\/div><div class=\"w-separator size_small\"><\/div><div class=\"w-html\"><div class=\"stylegude-download-icons\">\n<a href=\"\/download\/13407\/\"><img decoding=\"async\" src=\"https:\/\/www.coeo-group.ai\/wp-content\/uploads\/2025\/08\/file-svg-fill.svg\"><\/a>\n<a href=\"\/download\/13409\/\"><img decoding=\"async\" src=\"https:\/\/www.coeo-group.ai\/wp-content\/uploads\/2025\/08\/file-png-fill.svg\"><\/a>\n<a href=\"\/download\/13411\/\"><img decoding=\"async\" src=\"https:\/\/www.coeo-group.ai\/wp-content\/uploads\/2025\/08\/file-jpg-fill.svg\"><\/a>\n<\/div><\/div><div class=\"w-separator size_medium\"><\/div><div class=\"w-image align_none\"><div class=\"w-image-h\"><img decoding=\"async\" src=\"https:\/\/www.coeo-group.ai\/wp-content\/uploads\/2025\/09\/Logo-CFN-Use-on-Dark-Backgrounds.svg\" class=\"attachment-full size-full\" alt=\"\" loading=\"lazy\" \/><\/div><\/div><div class=\"w-separator size_small\"><\/div><div class=\"w-html\"><div class=\"stylegude-download-icons\">\n<a href=\"\/download\/13413\/\"><img decoding=\"async\" src=\"https:\/\/www.coeo-group.ai\/wp-content\/uploads\/2025\/08\/file-svg-fill.svg\"><\/a>\n<a href=\"\/download\/13415\/\"><img decoding=\"async\" src=\"https:\/\/www.coeo-group.ai\/wp-content\/uploads\/2025\/08\/file-png-fill.svg\"><\/a>\n<\/div><\/div><\/div><\/div><\/div><div class=\"vc_col-sm-9 wpb_column vc_column_container\"><div class=\"vc_column-inner\"><div class=\"wpb_wrapper\"><div class=\"wpb_text_column\"><div class=\"wpb_wrapper\"><p><a href=\"https:\/\/customerfocus.network\/\" target=\"_blank\" rel=\"noopener\">Customer Focus Network (CFN)<\/a> \u00e4r den ledande inneh\u00e5lls- och n\u00e4tverksplattformen f\u00f6r det \u00f6vergripande \u00e4mnet kundcentrering i en alltmer digital v\u00e4rld. H\u00e4r skapas utrymme f\u00f6r utbyte, samarbete och tillv\u00e4xt bland alla dem som s\u00e4tter kunden i centrum i sitt f\u00f6retagande &#8211; idag och i framtiden. <\/p>\n<p><strong>CFN samlar en rad olika inneh\u00e5llsformat och evenemang under ett sammanh\u00e5llet varum\u00e4rke:<\/strong><\/p>\n<p><strong>CFN Journal <\/strong>&#8211; En samling artiklar som utforskar aktuella trender, strategier och insikter om kundcentrerade aff\u00e4rsmetoder.<\/p>\n<p><strong>CFN Summit (CFS)<\/strong> &#8211; Ett \u00e5rligt flaggskeppsevenemang med tankeledare och experter som delar med sig av sina perspektiv p\u00e5 kundfokus. Samtalen streamas live p\u00e5 flera plattformar. <\/p>\n<p><strong>CFN Videocast<\/strong> &#8211; En serie videointervjuer med olika g\u00e4ster som diskuterar \u00e4mnen relaterade till kundcentrering och AI fr\u00e5n olika vinklar.<\/p>\n<p><strong>CFN Spotlight<\/strong> &#8211; En serie branschspecifika f\u00f6redrag som belyser kundcentrering och AI ur en enskild sektor eller ett enskilt omr\u00e5des synvinkel.<\/p>\n<p>Tillsammans bildar dessa format en dynamisk plattform f\u00f6r kunskapsutbyte och tankeledarskap &#8211; f\u00f6renade av en gemensam \u00f6vertygelse: kunden kommer i f\u00f6rsta hand.<\/p>\n<\/div><\/div><\/div><\/div><\/div><\/div><div class=\"w-separator size_small\"><\/div>[vc_custom_heading text=&#8221;Prim\u00e4r anv\u00e4ndning&#8221; use_theme_fonts=&#8221;yes&#8221;]<div class=\"g-cols wpb_row logo-drei-reihen via_flex valign_top type_default stacking_default\"><div class=\"vc_col-sm-3 wpb_column vc_column_container\"><div class=\"vc_column-inner\"><div class=\"wpb_wrapper\"><div class=\"w-image sub-brands-cfn-list align_none\"><div class=\"w-image-h\"><img decoding=\"async\" src=\"https:\/\/www.coeo-group.ai\/wp-content\/uploads\/2025\/08\/Logo-CFN-journal-1.svg\" class=\"attachment-full size-full\" alt=\"\" loading=\"lazy\" \/><\/div><\/div><div class=\"w-separator size_small\"><\/div><div class=\"w-html\"><div class=\"stylegude-download-icons\">\n<a href=\"\/download\/13417\/\"><img decoding=\"async\" src=\"https:\/\/www.coeo-group.ai\/wp-content\/uploads\/2025\/08\/file-svg-fill.svg\"><\/a>\n<a href=\"\/download\/13419\/\"><img decoding=\"async\" src=\"https:\/\/www.coeo-group.ai\/wp-content\/uploads\/2025\/08\/file-png-fill.svg\"><\/a>\n<a href=\"\/download\/13421\/\"><img decoding=\"async\" src=\"https:\/\/www.coeo-group.ai\/wp-content\/uploads\/2025\/08\/file-jpg-fill.svg\"><\/a>\n<\/div><\/div><\/div><\/div><\/div><div class=\"vc_col-sm-3 wpb_column vc_column_container\"><div class=\"vc_column-inner\"><div class=\"wpb_wrapper\"><div class=\"w-image sub-brands-cfn-list align_none\"><div class=\"w-image-h\"><img decoding=\"async\" src=\"https:\/\/www.coeo-group.ai\/wp-content\/uploads\/2025\/08\/Logo-CFN-videocast-1.svg\" class=\"attachment-full size-full\" alt=\"\" loading=\"lazy\" \/><\/div><\/div><div class=\"w-separator size_small\"><\/div><div class=\"w-html\"><div class=\"stylegude-download-icons\">\n<a href=\"\/download\/13423\/\"><img decoding=\"async\" src=\"https:\/\/www.coeo-group.ai\/wp-content\/uploads\/2025\/08\/file-svg-fill.svg\"><\/a>\n<a href=\"\/download\/13425\/\"><img decoding=\"async\" src=\"https:\/\/www.coeo-group.ai\/wp-content\/uploads\/2025\/08\/file-png-fill.svg\"><\/a>\n<a href=\"\/download\/13427\/\"><img decoding=\"async\" src=\"https:\/\/www.coeo-group.ai\/wp-content\/uploads\/2025\/08\/file-jpg-fill.svg\"><\/a>\n<\/div><\/div><\/div><\/div><\/div><div class=\"vc_col-sm-3 wpb_column vc_column_container\"><div class=\"vc_column-inner\"><div class=\"wpb_wrapper\"><div class=\"w-image sub-brands-cfn-list align_none\"><div class=\"w-image-h\"><img decoding=\"async\" src=\"https:\/\/www.coeo-group.ai\/wp-content\/uploads\/2025\/08\/Logo-CFN-spotlight-1.svg\" class=\"attachment-full size-full\" alt=\"\" loading=\"lazy\" \/><\/div><\/div><div class=\"w-separator size_small\"><\/div><div class=\"w-html\"><div class=\"stylegude-download-icons\">\n<a href=\"\/download\/16526\/\"><img decoding=\"async\" src=\"https:\/\/www.coeo-group.ai\/wp-content\/uploads\/2025\/08\/file-svg-fill.svg\"><\/a>\n<a href=\"\/download\/16528\/\"><img decoding=\"async\" src=\"https:\/\/www.coeo-group.ai\/wp-content\/uploads\/2025\/08\/file-png-fill.svg\"><\/a>\n<a href=\"\/download\/16530\/\"><img decoding=\"async\" src=\"https:\/\/www.coeo-group.ai\/wp-content\/uploads\/2025\/08\/file-jpg-fill.svg\"><\/a>\n<\/div><\/div><\/div><\/div><\/div><div class=\"vc_col-sm-3 wpb_column vc_column_container\"><div class=\"vc_column-inner\"><div class=\"wpb_wrapper\"><div class=\"w-image sub-brands-cfn-list align_none\"><div class=\"w-image-h\"><img decoding=\"async\" src=\"https:\/\/www.coeo-group.ai\/wp-content\/uploads\/2025\/08\/Logo-CFN-summit-1.svg\" class=\"attachment-full size-full\" alt=\"\" loading=\"lazy\" \/><\/div><\/div><div class=\"w-separator size_small\"><\/div><div class=\"w-html\"><div class=\"stylegude-download-icons\">\n<a href=\"\/download\/13435\/\"><img decoding=\"async\" src=\"https:\/\/www.coeo-group.ai\/wp-content\/uploads\/2025\/08\/file-svg-fill.svg\"><\/a>\n<a href=\"\/download\/13437\/\"><img decoding=\"async\" src=\"https:\/\/www.coeo-group.ai\/wp-content\/uploads\/2025\/08\/file-png-fill.svg\"><\/a>\n<a href=\"\/download\/13439\/\"><img decoding=\"async\" src=\"https:\/\/www.coeo-group.ai\/wp-content\/uploads\/2025\/08\/file-jpg-fill.svg\"><\/a>\n<\/div><\/div><\/div><\/div><\/div><\/div><div class=\"w-separator size_small\"><\/div>[vc_custom_heading text=&#8221;Anv\u00e4nd p\u00e5 m\u00f6rka bakgrunder&#8221; use_theme_fonts=&#8221;yes&#8221;]<div class=\"g-cols wpb_row logo-drei-reihen via_flex valign_top type_default stacking_default\"><div class=\"vc_col-sm-3 wpb_column vc_column_container\"><div class=\"vc_column-inner\"><div class=\"wpb_wrapper\"><div class=\"w-image align_none\"><div class=\"w-image-h\"><img decoding=\"async\" src=\"https:\/\/www.coeo-group.ai\/wp-content\/uploads\/2025\/09\/Logo-CFN-Journal-Use-on-Dark-Backgrounds.svg\" class=\"attachment-full size-full\" alt=\"\" loading=\"lazy\" \/><\/div><\/div><div class=\"w-separator size_small\"><\/div><div class=\"w-html\"><div class=\"stylegude-download-icons\">\n<a href=\"\/download\/13441\/\"><img decoding=\"async\" src=\"https:\/\/www.coeo-group.ai\/wp-content\/uploads\/2025\/08\/file-svg-fill.svg\"><\/a>\n<a href=\"\/download\/13443\/\"><img decoding=\"async\" src=\"https:\/\/www.coeo-group.ai\/wp-content\/uploads\/2025\/08\/file-png-fill.svg\"><\/a>\n<\/div><\/div><\/div><\/div><\/div><div class=\"vc_col-sm-3 wpb_column vc_column_container\"><div class=\"vc_column-inner\"><div class=\"wpb_wrapper\"><div class=\"w-image align_none\"><div class=\"w-image-h\"><img decoding=\"async\" src=\"https:\/\/www.coeo-group.ai\/wp-content\/uploads\/2025\/09\/Logo-CFN-Videocast-Use-on-Dark-Backgrounds.svg\" class=\"attachment-full size-full\" alt=\"\" loading=\"lazy\" \/><\/div><\/div><div class=\"w-separator size_small\"><\/div><div class=\"w-html\"><div class=\"stylegude-download-icons\">\n<a href=\"\/download\/13445\/\"><img decoding=\"async\" src=\"https:\/\/www.coeo-group.ai\/wp-content\/uploads\/2025\/08\/file-svg-fill.svg\"><\/a>\n<a href=\"\/download\/13447\/\"><img decoding=\"async\" src=\"https:\/\/www.coeo-group.ai\/wp-content\/uploads\/2025\/08\/file-png-fill.svg\"><\/a>\n<\/div><\/div><\/div><\/div><\/div><div class=\"vc_col-sm-3 wpb_column vc_column_container\"><div class=\"vc_column-inner\"><div class=\"wpb_wrapper\"><div class=\"w-image align_none\"><div class=\"w-image-h\"><img decoding=\"async\" src=\"https:\/\/www.coeo-group.ai\/wp-content\/uploads\/2025\/09\/Logo-CFN-Spotlight-Use-on-Dark-Backgrounds.svg\" class=\"attachment-full size-full\" alt=\"\" loading=\"lazy\" \/><\/div><\/div><div class=\"w-separator size_small\"><\/div><div class=\"w-html\"><div class=\"stylegude-download-icons\">\n<a href=\"\/download\/16532\/\"><img decoding=\"async\" src=\"https:\/\/www.coeo-group.ai\/wp-content\/uploads\/2025\/08\/file-svg-fill.svg\"><\/a>\n<a href=\"\/download\/16534\/\"><img decoding=\"async\" src=\"https:\/\/www.coeo-group.ai\/wp-content\/uploads\/2025\/08\/file-png-fill.svg\"><\/a>\n<\/div><\/div><\/div><\/div><\/div><div class=\"vc_col-sm-3 wpb_column vc_column_container\"><div class=\"vc_column-inner\"><div class=\"wpb_wrapper\"><div class=\"w-image align_none\"><div class=\"w-image-h\"><img decoding=\"async\" src=\"https:\/\/www.coeo-group.ai\/wp-content\/uploads\/2025\/09\/Logo-CFN-Summit-Use-on-Dark-Backgrounds.svg\" class=\"attachment-full size-full\" alt=\"\" loading=\"lazy\" \/><\/div><\/div><div class=\"w-separator size_small\"><\/div><div class=\"w-html\"><div class=\"stylegude-download-icons\">\n<a href=\"\/download\/13453\/\"><img decoding=\"async\" src=\"https:\/\/www.coeo-group.ai\/wp-content\/uploads\/2025\/08\/file-svg-fill.svg\"><\/a>\n<a href=\"\/download\/13455\/\"><img decoding=\"async\" src=\"https:\/\/www.coeo-group.ai\/wp-content\/uploads\/2025\/08\/file-png-fill.svg\"><\/a>\n<\/div><\/div><\/div><\/div><\/div><\/div><\/div><\/div><\/div><\/div><\/div><\/section>\n","protected":false},"excerpt":{"rendered":"[vc_custom_heading text=\"Olika ansikten. En identitet.\" font_container=\"tag:h1|text_align:left\" use_theme_fonts=\"yes\"]F\u00f6rutom den prim\u00e4ra logotypen, som representerar den \u00f6vergripande f\u00f6retagsidentiteten, anv\u00e4nder vi ocks\u00e5 specialiserade logotyper f\u00f6r olika varum\u00e4rkeselement &#8211; till exempel cAI, v\u00e5r egenutvecklade l\u00f6sning f\u00f6r artificiell intelligens, och logotypserien CustomerFocus.network. N\u00e4r dessa logotyper anv\u00e4nds g\u00e4ller alla allm\u00e4nna regler och designprinciper som beskrivs i denna styleguide p\u00e5 samma s\u00e4tt, vilket...","protected":false},"author":2,"featured_media":0,"parent":15907,"menu_order":0,"comment_status":"closed","ping_status":"closed","template":"","meta":{"_acf_changed":false,"footnotes":""},"class_list":["post-15923","page","type-page","status-publish","hentry"],"acf":[],"_links":{"self":[{"href":"https:\/\/www.coeo-group.ai\/sv\/wp-json\/wp\/v2\/pages\/15923","targetHints":{"allow":["GET"]}}],"collection":[{"href":"https:\/\/www.coeo-group.ai\/sv\/wp-json\/wp\/v2\/pages"}],"about":[{"href":"https:\/\/www.coeo-group.ai\/sv\/wp-json\/wp\/v2\/types\/page"}],"author":[{"embeddable":true,"href":"https:\/\/www.coeo-group.ai\/sv\/wp-json\/wp\/v2\/users\/2"}],"replies":[{"embeddable":true,"href":"https:\/\/www.coeo-group.ai\/sv\/wp-json\/wp\/v2\/comments?post=15923"}],"version-history":[{"count":4,"href":"https:\/\/www.coeo-group.ai\/sv\/wp-json\/wp\/v2\/pages\/15923\/revisions"}],"predecessor-version":[{"id":16621,"href":"https:\/\/www.coeo-group.ai\/sv\/wp-json\/wp\/v2\/pages\/15923\/revisions\/16621"}],"up":[{"embeddable":true,"href":"https:\/\/www.coeo-group.ai\/sv\/wp-json\/wp\/v2\/pages\/15907"}],"wp:attachment":[{"href":"https:\/\/www.coeo-group.ai\/sv\/wp-json\/wp\/v2\/media?parent=15923"}],"curies":[{"name":"wp","href":"https:\/\/api.w.org\/{rel}","templated":true}]}}