{"id":15913,"date":"2025-08-23T22:30:46","date_gmt":"2025-08-23T20:30:46","guid":{"rendered":"https:\/\/newsite26.coeo-group.ai\/stilguide\/mallar\/"},"modified":"2026-03-14T10:48:43","modified_gmt":"2026-03-14T09:48:43","slug":"mallar","status":"publish","type":"page","link":"https:\/\/www.coeo-group.ai\/sv\/stilguide\/mallar\/","title":{"rendered":"Mallar"},"content":{"rendered":"<section class=\"l-section wpb_row height_custom\"><div class=\"l-section-h i-cf\"><div class=\"g-cols vc_row via_flex valign_top type_default stacking_default\"><div class=\"vc_col-sm-12 wpb_column vc_column_container\"><div class=\"vc_column-inner\"><div class=\"wpb_wrapper\"><div class=\"g-cols wpb_row via_flex valign_top type_default stacking_default\"><div class=\"vc_col-sm-8 wpb_column vc_column_container\"><div class=\"vc_column-inner\"><div class=\"wpb_wrapper\">[vc_custom_heading text=&#8221;Mindre kr\u00e5ngel,<br \/>\nMer flyt.&#8221; font_container=&#8221;tag:h1|text_align:left&#8221; use_theme_fonts=&#8221;yes&#8221;]<\/div><\/div><\/div><div class=\"vc_col-sm-4 wpb_column vc_column_container\"><div class=\"vc_column-inner\"><div class=\"wpb_wrapper\"><\/div><\/div><\/div><\/div><div class=\"w-separator hide_on_mobiles size_medium\"><\/div><div class=\"wpb_text_column\"><div class=\"wpb_wrapper\"><p><strong>Mallar<\/strong> g\u00f6r det dagliga arbetet enklare. De ger dig en solid utg\u00e5ngspunkt f\u00f6r dina egna skapelser &#8211; samtidigt som de \u00e4r trogna v\u00e5r f\u00f6retagsdesign. Vi l\u00e4gger alltid till nya mallar, s\u00e5 det \u00e4r v\u00e4rt att titta in d\u00e5 och d\u00e5 f\u00f6r att se vad som \u00e4r nytt.<\/p>\n<\/div><\/div><div class=\"w-separator size_medium\"><\/div><div class=\"g-cols wpb_row via_flex valign_top type_default stacking_default\"><div class=\"vc_col-sm-3 wpb_column vc_column_container\"><div class=\"vc_column-inner\"><div class=\"wpb_wrapper\"><div class=\"w-image align_none\"><div class=\"w-image-h\"><img decoding=\"async\" width=\"500\" height=\"281\" src=\"https:\/\/www.coeo-group.ai\/wp-content\/uploads\/2026\/02\/PPT-Master.jpg\" class=\"attachment-full size-full\" alt=\"\" loading=\"lazy\" srcset=\"https:\/\/www.coeo-group.ai\/wp-content\/uploads\/2026\/02\/PPT-Master.jpg 500w, https:\/\/www.coeo-group.ai\/wp-content\/uploads\/2026\/02\/PPT-Master-300x169.jpg 300w\" sizes=\"auto, (max-width: 500px) 100vw, 500px\" \/><\/div><\/div><div class=\"w-separator size_small\"><\/div><div class=\"w-html\"><div class=\"template-download-container\">\n  <a href=\"https:\/\/www.coeo-group.ai\/download\/15112\/?tmstv=1770718626\" class=\"template-download-icon\">Powerpoint-mall<\/a>\n<\/div><\/div><\/div><\/div><\/div><div class=\"vc_col-sm-9 wpb_column vc_column_container\"><div class=\"vc_column-inner\"><div class=\"wpb_wrapper\">[vc_custom_heading text=&#8221;PowerPoint Master&#8221; use_theme_fonts=&#8221;yes&#8221;]<div class=\"wpb_text_column\"><div class=\"wpb_wrapper\"><p><strong>V\u00e5r PowerPoint Master<\/strong> hj\u00e4lper dig att skapa presentationer som ser professionella ut och som \u00f6verensst\u00e4mmer med v\u00e5rt varum\u00e4rke. Den inneh\u00e5ller f\u00f6rdesignade layouter, f\u00e4rger och typografi som f\u00f6ljer v\u00e5r f\u00f6retagsdesign &#8211; s\u00e5 att du kan fokusera p\u00e5 inneh\u00e5llet utan att beh\u00f6va oroa dig f\u00f6r utseendet.<\/p>\n<\/div><\/div><\/div><\/div><\/div><\/div><div class=\"w-separator size_medium\"><\/div><div class=\"w-separator size_medium\"><\/div><div class=\"g-cols wpb_row via_flex valign_top type_default stacking_default\"><div class=\"vc_col-sm-3 wpb_column vc_column_container\"><div class=\"vc_column-inner\"><div class=\"wpb_wrapper\"><div class=\"w-image align_none\"><div class=\"w-image-h\"><img decoding=\"async\" width=\"500\" height=\"353\" src=\"https:\/\/www.coeo-group.ai\/wp-content\/uploads\/2026\/02\/coeo-LinkedIn-Header-MockUp-company.jpg\" class=\"attachment-full size-full\" alt=\"\" loading=\"lazy\" srcset=\"https:\/\/www.coeo-group.ai\/wp-content\/uploads\/2026\/02\/coeo-LinkedIn-Header-MockUp-company.jpg 500w, https:\/\/www.coeo-group.ai\/wp-content\/uploads\/2026\/02\/coeo-LinkedIn-Header-MockUp-company-300x212.jpg 300w\" sizes=\"auto, (max-width: 500px) 100vw, 500px\" \/><\/div><\/div><div class=\"w-separator size_small\"><\/div><div class=\"w-html\"><div class=\"template-download-container\">\n  <a href=\"https:\/\/www.coeo-group.ai\/download\/15114\/?tmstv=1770718626\" class=\"template-download-icon\">H\u00e4mta bilden<\/a>\n<\/div><\/div><\/div><\/div><\/div><div class=\"vc_col-sm-9 wpb_column vc_column_container\"><div class=\"vc_column-inner\"><div class=\"wpb_wrapper\">[vc_custom_heading text=&#8221;Header-bild f\u00f6r LinkedIn-f\u00f6retagssida&#8221; use_theme_fonts=&#8221;yes&#8221;]<div class=\"wpb_text_column\"><div class=\"wpb_wrapper\"><p><strong>LinkedIn Company Page Header Image<\/strong> \u00e4r utformad f\u00f6r att representera varum\u00e4rket p\u00e5 ett konsekvent s\u00e4tt p\u00e5 LinkedIn. Den skapar ett tydligt, professionellt f\u00f6rsta intryck och s\u00e4kerst\u00e4ller ett sammanh\u00e4ngande visuellt utseende f\u00f6r f\u00f6retagssidorna.<\/p>\n<\/div><\/div><\/div><\/div><\/div><\/div><div class=\"w-separator size_medium\"><\/div><div class=\"g-cols wpb_row via_flex valign_top type_default stacking_default\"><div class=\"vc_col-sm-3 wpb_column vc_column_container\"><div class=\"vc_column-inner\"><div class=\"wpb_wrapper\"><div class=\"w-image align_none\"><div class=\"w-image-h\"><img decoding=\"async\" width=\"500\" height=\"353\" src=\"https:\/\/www.coeo-group.ai\/wp-content\/uploads\/2026\/02\/coeo-LinkedIn-Header-MockUp-personal.jpg\" class=\"attachment-full size-full\" alt=\"\" loading=\"lazy\" srcset=\"https:\/\/www.coeo-group.ai\/wp-content\/uploads\/2026\/02\/coeo-LinkedIn-Header-MockUp-personal.jpg 500w, https:\/\/www.coeo-group.ai\/wp-content\/uploads\/2026\/02\/coeo-LinkedIn-Header-MockUp-personal-300x212.jpg 300w\" sizes=\"auto, (max-width: 500px) 100vw, 500px\" \/><\/div><\/div><div class=\"w-separator size_small\"><\/div><div class=\"w-html\"><div class=\"template-download-container\">\n  <a href=\"https:\/\/www.coeo-group.ai\/download\/15116\/?tmstv=1770718626\" class=\"template-download-icon\">H\u00e4mta bilden<\/a>\n<\/div><\/div><\/div><\/div><\/div><div class=\"vc_col-sm-9 wpb_column vc_column_container\"><div class=\"vc_column-inner\"><div class=\"wpb_wrapper\">[vc_custom_heading text=&#8221;Headerbild f\u00f6r personlig profil p\u00e5 LinkedIn&#8221; use_theme_fonts=&#8221;yes&#8221;]<div class=\"wpb_text_column\"><div class=\"wpb_wrapper\"><p><strong>LinkedIn Personal Profile Header Image<\/strong> \u00e4r utformad f\u00f6r att skapa ett tydligt och professionellt f\u00f6rsta intryck. Den st\u00f6der ett konsekvent och sammanh\u00e4ngande visuellt utseende f\u00f6r alla individuella LinkedIn-profiler.<\/p>\n<\/div><\/div><\/div><\/div><\/div><\/div><div class=\"w-separator size_medium\"><\/div><div class=\"g-cols wpb_row via_flex valign_top type_default stacking_default\"><div class=\"vc_col-sm-3 wpb_column vc_column_container\"><div class=\"vc_column-inner\"><div class=\"wpb_wrapper\"><div class=\"w-image align_none\"><div class=\"w-image-h\"><img decoding=\"async\" width=\"2480\" height=\"1395\" src=\"https:\/\/www.coeo-group.ai\/wp-content\/uploads\/2026\/02\/Word-Template.jpg\" class=\"attachment-full size-full\" alt=\"\" loading=\"lazy\" srcset=\"https:\/\/www.coeo-group.ai\/wp-content\/uploads\/2026\/02\/Word-Template.jpg 2480w, https:\/\/www.coeo-group.ai\/wp-content\/uploads\/2026\/02\/Word-Template-300x169.jpg 300w, https:\/\/www.coeo-group.ai\/wp-content\/uploads\/2026\/02\/Word-Template-1024x576.jpg 1024w, https:\/\/www.coeo-group.ai\/wp-content\/uploads\/2026\/02\/Word-Template-1536x864.jpg 1536w\" sizes=\"auto, (max-width: 2480px) 100vw, 2480px\" \/><\/div><\/div><div class=\"w-separator size_small\"><\/div><div class=\"w-html\"><div class=\"template-download-container\">\n  <a href=\"https:\/\/www.coeo-group.ai\/download\/15118\/?tmstv=1770718626\" class=\"template-download-icon\">Word-mall<\/a>\n<\/div><\/div><\/div><\/div><\/div><div class=\"vc_col-sm-9 wpb_column vc_column_container\"><div class=\"vc_column-inner\"><div class=\"wpb_wrapper\">[vc_custom_heading text=&#8221;Brev&#8221; use_theme_fonts=&#8221;yes&#8221;]<div class=\"wpb_text_column\"><div class=\"wpb_wrapper\"><p><strong>Brevmallen<\/strong> kombinerar ren design med v\u00e5rt f\u00f6retags utseende och k\u00e4nsla. Den hj\u00e4lper dig att skapa professionella brev som \u00e4r visuellt anpassade till coeos varum\u00e4rke &#8211; strukturerade, snygga och tr\u00e4ffs\u00e4kra.<\/p>\n<\/div><\/div><\/div><\/div><\/div><\/div><div class=\"w-separator size_medium\"><\/div><div class=\"g-cols wpb_row via_flex valign_top type_default stacking_default\"><div class=\"vc_col-sm-3 wpb_column vc_column_container\"><div class=\"vc_column-inner\"><div class=\"wpb_wrapper\"><div class=\"w-image align_none\"><div class=\"w-image-h\"><img decoding=\"async\" width=\"2560\" height=\"1440\" src=\"https:\/\/www.coeo-group.ai\/wp-content\/uploads\/2026\/02\/Teams-background-scaled.webp\" class=\"attachment-full size-full\" alt=\"\" loading=\"lazy\" srcset=\"https:\/\/www.coeo-group.ai\/wp-content\/uploads\/2026\/02\/Teams-background-scaled.webp 2560w, https:\/\/www.coeo-group.ai\/wp-content\/uploads\/2026\/02\/Teams-background-300x169.webp 300w, https:\/\/www.coeo-group.ai\/wp-content\/uploads\/2026\/02\/Teams-background-1024x576.webp 1024w, https:\/\/www.coeo-group.ai\/wp-content\/uploads\/2026\/02\/Teams-background-1536x864.webp 1536w\" sizes=\"auto, (max-width: 2560px) 100vw, 2560px\" \/><\/div><\/div><div class=\"w-separator size_small\"><\/div><div class=\"w-html\"><div class=\"template-download-container\">\n  <a href=\"https:\/\/www.coeo-group.ai\/download\/13377\/\" class=\"template-download-icon\">Teams bakgrunder<\/a>\n<\/div><\/div><\/div><\/div><\/div><div class=\"vc_col-sm-9 wpb_column vc_column_container\"><div class=\"vc_column-inner\"><div class=\"wpb_wrapper\">[vc_custom_heading text=&#8221;Teams bakgrunder&#8221; use_theme_fonts=&#8221;yes&#8221;]<div class=\"wpb_text_column\"><div class=\"wpb_wrapper\"><p><strong>Teams-bakgrunderna<\/strong> \u00e4r utformade f\u00f6r att skapa en enhetlig visuell identitet f\u00f6r alla Microsoft Teams-samtal, oavsett plats eller arbetsmilj\u00f6. De bidrar till att minska visuella distraktioner, skydda den personliga integriteten och f\u00f6rst\u00e4rka v\u00e5rt varum\u00e4rkes n\u00e4rvaro i interna och externa m\u00f6ten. Genom att anv\u00e4nda de mallar som tillhandah\u00e5lls bidrar alla till en sammanh\u00e4ngande, igenk\u00e4nnbar och professionell varum\u00e4rkesupplevelse i varje samtal.<\/p>\n<\/div><\/div><\/div><\/div><\/div><\/div><div class=\"w-separator size_medium\"><\/div><div class=\"g-cols wpb_row via_flex valign_top type_default stacking_default\"><div class=\"vc_col-sm-3 wpb_column vc_column_container\"><div class=\"vc_column-inner\"><div class=\"wpb_wrapper\"><div class=\"w-image align_none\"><div class=\"w-image-h\"><img decoding=\"async\" width=\"500\" height=\"281\" src=\"https:\/\/www.coeo-group.ai\/wp-content\/uploads\/2026\/02\/Still-in-progress.webp\" class=\"attachment-full size-full\" alt=\"\" loading=\"lazy\" srcset=\"https:\/\/www.coeo-group.ai\/wp-content\/uploads\/2026\/02\/Still-in-progress.webp 500w, https:\/\/www.coeo-group.ai\/wp-content\/uploads\/2026\/02\/Still-in-progress-300x169.webp 300w\" sizes=\"auto, (max-width: 500px) 100vw, 500px\" \/><\/div><\/div><div class=\"w-separator size_small\"><\/div><\/div><\/div><\/div><div class=\"vc_col-sm-9 wpb_column vc_column_container\"><div class=\"vc_column-inner\"><div class=\"wpb_wrapper\">[vc_custom_heading text=&#8221;Vi arbetar f\u00f6r n\u00e4rvarande h\u00e5rt med ytterligare mallar som kommer att underl\u00e4tta ditt dagliga arbete. Kom g\u00e4rna tillbaka regelbundet. Det kommer snart att finnas nya saker att uppt\u00e4cka.  &#8221; use_theme_fonts=&#8221;yes&#8221;]<\/div><\/div><\/div><\/div><div class=\"w-separator size_medium\"><\/div><\/div><\/div><\/div><\/div><\/div><\/section>\n","protected":false},"excerpt":{"rendered":"[vc_custom_heading text=\"Mindre kr\u00e5ngel, Mer flyt.\" font_container=\"tag:h1|text_align:left\" use_theme_fonts=\"yes\"]Mallar g\u00f6r det dagliga arbetet enklare. De ger dig en solid utg\u00e5ngspunkt f\u00f6r dina egna skapelser &#8211; samtidigt som de \u00e4r trogna v\u00e5r f\u00f6retagsdesign. Vi l\u00e4gger alltid till nya mallar, s\u00e5 det \u00e4r v\u00e4rt att titta in d\u00e5 och d\u00e5 f\u00f6r att se vad som \u00e4r nytt. Powerpoint-mall [vc_custom_heading...","protected":false},"author":2,"featured_media":0,"parent":15907,"menu_order":0,"comment_status":"closed","ping_status":"closed","template":"","meta":{"_acf_changed":false,"footnotes":""},"class_list":["post-15913","page","type-page","status-publish","hentry"],"acf":[],"_links":{"self":[{"href":"https:\/\/www.coeo-group.ai\/sv\/wp-json\/wp\/v2\/pages\/15913","targetHints":{"allow":["GET"]}}],"collection":[{"href":"https:\/\/www.coeo-group.ai\/sv\/wp-json\/wp\/v2\/pages"}],"about":[{"href":"https:\/\/www.coeo-group.ai\/sv\/wp-json\/wp\/v2\/types\/page"}],"author":[{"embeddable":true,"href":"https:\/\/www.coeo-group.ai\/sv\/wp-json\/wp\/v2\/users\/2"}],"replies":[{"embeddable":true,"href":"https:\/\/www.coeo-group.ai\/sv\/wp-json\/wp\/v2\/comments?post=15913"}],"version-history":[{"count":2,"href":"https:\/\/www.coeo-group.ai\/sv\/wp-json\/wp\/v2\/pages\/15913\/revisions"}],"predecessor-version":[{"id":15922,"href":"https:\/\/www.coeo-group.ai\/sv\/wp-json\/wp\/v2\/pages\/15913\/revisions\/15922"}],"up":[{"embeddable":true,"href":"https:\/\/www.coeo-group.ai\/sv\/wp-json\/wp\/v2\/pages\/15907"}],"wp:attachment":[{"href":"https:\/\/www.coeo-group.ai\/sv\/wp-json\/wp\/v2\/media?parent=15913"}],"curies":[{"name":"wp","href":"https:\/\/api.w.org\/{rel}","templated":true}]}}