{"id":15907,"date":"2025-08-23T10:22:50","date_gmt":"2025-08-23T08:22:50","guid":{"rendered":"https:\/\/newsite26.coeo-group.ai\/stilguide\/"},"modified":"2026-03-14T10:38:19","modified_gmt":"2026-03-14T09:38:19","slug":"stilguide","status":"publish","type":"page","link":"https:\/\/www.coeo-group.ai\/sv\/stilguide\/","title":{"rendered":"Stilguide"},"content":{"rendered":"<section class=\"l-section wpb_row us_custom_60e9caca us_animate_this height_custom\"><div class=\"l-section-h i-cf\"><div class=\"g-cols vc_row via_flex valign_top type_default stacking_default\"><div class=\"vc_col-sm-12 wpb_column vc_column_container\"><div class=\"vc_column-inner\"><div class=\"wpb_wrapper\"><div class=\"g-cols wpb_row via_flex valign_top type_default stacking_default\"><div class=\"vc_col-sm-8 wpb_column vc_column_container\"><div class=\"vc_column-inner\"><div class=\"wpb_wrapper\">[vc_custom_heading text=&#8221;F\u00f6retags<br \/>\nstilguide&#8221; font_container=&#8221;tag:h1|text_align:left&#8221; use_theme_fonts=&#8221;yes&#8221;]<\/div><\/div><\/div><div class=\"vc_col-sm-4 wpb_column vc_column_container\"><div class=\"vc_column-inner\"><div class=\"wpb_wrapper\"><div class=\"w-image styleguide-icon compass hide_on_laptops hide_on_tablets hide_on_mobiles align_right\"><div class=\"w-image-h\"><img decoding=\"async\" width=\"1024\" height=\"1024\" src=\"https:\/\/www.coeo-group.ai\/wp-content\/uploads\/2025\/08\/compass-thin.svg\" class=\"attachment-large size-large\" alt=\"\" loading=\"lazy\" \/><\/div><\/div><\/div><\/div><\/div><\/div><div class=\"w-separator hide_on_mobiles size_medium\"><\/div><div class=\"wpb_text_column\"><div class=\"wpb_wrapper\"><p><strong>V\u00e4lkommen till styleguiden &#8211; din kompass f\u00f6r konsekvent design.<\/strong><\/p>\n<p>Den h\u00e4r stilguiden \u00e4r mer \u00e4n bara en samling designregler &#8211; den \u00e4r grunden f\u00f6r hur v\u00e5rt varum\u00e4rke presenterar sig visuellt. Oavsett om ni arbetar med en presentation, skapar inneh\u00e5ll f\u00f6r sociala medier eller utvecklar en ny layout \u2013 varje visuell detalj spelar roll. Varf\u00f6r? Eftersom varje element hj\u00e4lper till att forma v\u00e5rt varum\u00e4rke.<\/p>\n<p>Konsekvens inneb\u00e4r inte att man begr\u00e4nsar kreativiteten &#8211; det s\u00e4kerst\u00e4ller att vi framst\u00e5r som tydliga, igenk\u00e4nnbara och professionella i alla kontaktytor. N\u00e4r vi alla f\u00f6ljer samma designriktlinjer bygger vi f\u00f6rtroende, igenk\u00e4nning och en stark visuell identitet som fastnar.<\/p>\n<p><strong>Kort sagt: Dessa riktlinjer spelar roll. Mycket. De hj\u00e4lper oss att fatta b\u00e4ttre designbeslut snabbare \u2013 med tydlighet, sj\u00e4lvf\u00f6rtroende och stil.<\/strong><\/p>\n<p><strong>Anv\u00e4nd dem. F\u00f6rlita er p\u00e5 dem. Och om ni \u00e4r os\u00e4kra \u2013 \u00e5terv\u00e4nd till dem.<\/strong><\/p>\n<p><strong>L\u00e5t oss se till att v\u00e5rt varum\u00e4rke alltid ser ut som oss.<\/strong><\/p>\n<\/div><\/div><\/div><\/div><\/div><\/div><\/div><\/section>\n","protected":false},"excerpt":{"rendered":"[vc_custom_heading text=\"F\u00f6retags stilguide\" font_container=\"tag:h1|text_align:left\" use_theme_fonts=\"yes\"]V\u00e4lkommen till styleguiden &#8211; din kompass f\u00f6r konsekvent design. Den h\u00e4r stilguiden \u00e4r mer \u00e4n bara en samling designregler &#8211; den \u00e4r grunden f\u00f6r hur v\u00e5rt varum\u00e4rke presenterar sig visuellt. Oavsett om ni arbetar med en presentation, skapar inneh\u00e5ll f\u00f6r sociala medier eller utvecklar en ny layout \u2013 varje visuell detalj...","protected":false},"author":2,"featured_media":0,"parent":0,"menu_order":0,"comment_status":"closed","ping_status":"closed","template":"","meta":{"_acf_changed":false,"footnotes":""},"class_list":["post-15907","page","type-page","status-publish","hentry"],"acf":[],"_links":{"self":[{"href":"https:\/\/www.coeo-group.ai\/sv\/wp-json\/wp\/v2\/pages\/15907","targetHints":{"allow":["GET"]}}],"collection":[{"href":"https:\/\/www.coeo-group.ai\/sv\/wp-json\/wp\/v2\/pages"}],"about":[{"href":"https:\/\/www.coeo-group.ai\/sv\/wp-json\/wp\/v2\/types\/page"}],"author":[{"embeddable":true,"href":"https:\/\/www.coeo-group.ai\/sv\/wp-json\/wp\/v2\/users\/2"}],"replies":[{"embeddable":true,"href":"https:\/\/www.coeo-group.ai\/sv\/wp-json\/wp\/v2\/comments?post=15907"}],"version-history":[{"count":2,"href":"https:\/\/www.coeo-group.ai\/sv\/wp-json\/wp\/v2\/pages\/15907\/revisions"}],"predecessor-version":[{"id":15909,"href":"https:\/\/www.coeo-group.ai\/sv\/wp-json\/wp\/v2\/pages\/15907\/revisions\/15909"}],"wp:attachment":[{"href":"https:\/\/www.coeo-group.ai\/sv\/wp-json\/wp\/v2\/media?parent=15907"}],"curies":[{"name":"wp","href":"https:\/\/api.w.org\/{rel}","templated":true}]}}