{"id":15900,"date":"2025-08-23T11:03:28","date_gmt":"2025-08-23T09:03:28","guid":{"rendered":"https:\/\/newsite26.coeo-group.ai\/logotyp\/"},"modified":"2026-03-14T10:38:19","modified_gmt":"2026-03-14T09:38:19","slug":"logotyp","status":"publish","type":"page","link":"https:\/\/www.coeo-group.ai\/sv\/stilguide\/logotyp\/","title":{"rendered":"Logotyp"},"content":{"rendered":"<section class=\"l-section wpb_row icon-box-wrapper height_auto width_full\"><div class=\"l-section-h i-cf\"><div class=\"g-cols vc_row via_flex valign_top type_default stacking_default\"><div class=\"vc_col-sm-12 wpb_column vc_column_container\"><div class=\"vc_column-inner\"><div class=\"wpb_wrapper\"><div class=\"w-image styleguide-icon-download align_none\"><a href=\"\/download\/13369\/\" aria-label=\"Button-LogoKit\" class=\"w-image-h\"><img decoding=\"async\" src=\"https:\/\/www.coeo-group.ai\/wp-content\/uploads\/2025\/09\/Button-LogoKit.svg\" class=\"attachment-full size-full\" alt=\"\" loading=\"lazy\" \/><\/a><\/div><\/div><\/div><\/div><\/div><\/div><\/section><section class=\"l-section wpb_row height_custom\"><div class=\"l-section-h i-cf\"><div class=\"g-cols vc_row via_flex valign_top type_default stacking_default\"><div class=\"vc_col-sm-12 wpb_column vc_column_container\"><div class=\"vc_column-inner\"><div class=\"wpb_wrapper\"><div class=\"g-cols wpb_row via_flex valign_top type_default stacking_default\"><div class=\"vc_col-sm-8 wpb_column vc_column_container\"><div class=\"vc_column-inner\"><div class=\"wpb_wrapper\">[vc_custom_heading text=&#8221;Ansiktet p\u00e5<br \/>\nv\u00e5rt f\u00f6retag.&#8221; font_container=&#8221;tag:h1|text_align:left&#8221; use_theme_fonts=&#8221;yes&#8221;]<\/div><\/div><\/div><div class=\"vc_col-sm-4 wpb_column vc_column_container\"><div class=\"vc_column-inner\"><div class=\"wpb_wrapper\"><\/div><\/div><\/div><\/div><div class=\"w-separator hide_on_mobiles size_medium\"><\/div><div class=\"wpb_text_column\"><div class=\"wpb_wrapper\"><p><strong>V\u00e5r logotyp<\/strong> speglar inte bara v\u00e5r identitet utan skapar ocks\u00e5 f\u00f6rtroende och igenk\u00e4nning hos kunder, g\u00e4lden\u00e4rer och partners. Den st\u00e5r stark p\u00e5 egen hand, utan behov av ytterligare designelement.<\/p>\n<\/div><\/div><div class=\"w-html bubble-text-wrapper\"><a href=\"\/download\/13369\/\" class=\"styleguide-bubble-textlink\">Komplett logotypkit<\/a>\n\n<\/div><div class=\"w-separator size_medium\"><\/div>[vc_custom_heading text=&#8221;Prim\u00e4r anv\u00e4ndning&#8221; use_theme_fonts=&#8221;yes&#8221;]<div class=\"wpb_text_column\"><div class=\"wpb_wrapper\"><p>Logotypen ska<strong> i f\u00f6rsta hand<\/strong> anv\u00e4ndas i<strong> f\u00e4rg<\/strong> och med den <strong>definierade gradienten<\/strong>.<\/p>\n<\/div><\/div><div class=\"g-cols wpb_row logo-drei-reihen via_flex valign_top type_default stacking_default\"><div class=\"vc_col-sm-4 wpb_column vc_column_container\"><div class=\"vc_column-inner\"><div class=\"wpb_wrapper\"><div class=\"w-image styleguide-logo smaller align_none\"><div class=\"w-image-h\"><img decoding=\"async\" width=\"1024\" height=\"1024\" src=\"https:\/\/www.coeo-group.ai\/wp-content\/uploads\/2025\/08\/coeo-Logo-gradient-RGB-1.svg\" class=\"attachment-large size-large\" alt=\"coeo group\" loading=\"lazy\" \/><\/div><\/div><\/div><\/div><\/div><div class=\"vc_col-sm-4 wpb_column vc_column_container\"><div class=\"vc_column-inner\"><div class=\"wpb_wrapper\"><div class=\"wpb_text_column\"><div class=\"wpb_wrapper\"><p><strong>Sk\u00e4rmversion (RGB)<\/strong><\/p>\n<\/div><\/div><div class=\"w-html\"><div class=\"stylegude-download-icons\">\n<a href=\"\/download\/12313\/\"><img decoding=\"async\" src=\"https:\/\/www.coeo-group.ai\/wp-content\/uploads\/2025\/08\/file-svg-fill.svg\"><\/a>\n<a href=\"\/download\/12315\/\"><img decoding=\"async\" src=\"https:\/\/www.coeo-group.ai\/wp-content\/uploads\/2025\/08\/file-png-fill.svg\"><\/a>\n<a href=\"\/download\/12317\/\"><img decoding=\"async\" src=\"https:\/\/www.coeo-group.ai\/wp-content\/uploads\/2025\/08\/file-jpg-fill.svg\"><\/a>\n<\/div><\/div><\/div><\/div><\/div><div class=\"vc_col-sm-4 wpb_column vc_column_container\"><div class=\"vc_column-inner\"><div class=\"wpb_wrapper\"><div class=\"wpb_text_column\"><div class=\"wpb_wrapper\"><p><strong>Utskriftsversion (CMYK)<\/strong><\/p>\n<\/div><\/div><div class=\"w-html\"><div class=\"stylegude-download-icons\">\n<a href=\"\/download\/13365\/\"><img decoding=\"async\" src=\"https:\/\/www.coeo-group.ai\/wp-content\/uploads\/2025\/08\/file-eps-fill.svg\"><\/a>\n<a href=\"\/download\/13367\/\"><img decoding=\"async\" src=\"https:\/\/www.coeo-group.ai\/wp-content\/uploads\/2025\/08\/file-tiff-fill.svg\"><\/a>\n<\/div><\/div><\/div><\/div><\/div><\/div>[vc_custom_heading text=&#8221;Anv\u00e4nd p\u00e5 m\u00f6rka bakgrunder&#8221; use_theme_fonts=&#8221;yes&#8221;]<div class=\"wpb_text_column\"><div class=\"wpb_wrapper\"><p>N\u00e4r logotypen placeras p\u00e5 en m\u00f6rk bakgrund m\u00e5ste den visas i <strong>vitt<\/strong> f\u00f6r att s\u00e4kerst\u00e4lla <strong>optimal l\u00e4sbarhet och synlighet<\/strong>.<\/p>\n<\/div><\/div><div class=\"g-cols wpb_row logo-drei-reihen via_flex valign_top type_default stacking_default\"><div class=\"vc_col-sm-4 wpb_column vc_column_container\"><div class=\"vc_column-inner\"><div class=\"wpb_wrapper\"><div class=\"w-image styleguide-logo align_none\"><div class=\"w-image-h\"><img decoding=\"async\" width=\"1024\" height=\"1024\" src=\"https:\/\/www.coeo-group.ai\/wp-content\/uploads\/2025\/09\/Logo-Use-on-Dark-Backgrounds.svg\" class=\"attachment-large size-large\" alt=\"\" loading=\"lazy\" \/><\/div><\/div><\/div><\/div><\/div><div class=\"vc_col-sm-4 wpb_column vc_column_container\"><div class=\"vc_column-inner\"><div class=\"wpb_wrapper\"><div class=\"wpb_text_column\"><div class=\"wpb_wrapper\"><p><strong>Sk\u00e4rmversion (RGB)<\/strong><\/p>\n<\/div><\/div><div class=\"w-html\"><div class=\"stylegude-download-icons\">\n<a href=\"\/download\/13359\/\"><img decoding=\"async\" src=\"https:\/\/www.coeo-group.ai\/wp-content\/uploads\/2025\/08\/file-svg-fill.svg\"><\/a>\n<a href=\"\/download\/13361\/\"><img decoding=\"async\" src=\"https:\/\/www.coeo-group.ai\/wp-content\/uploads\/2025\/08\/file-png-fill.svg\"><\/a>\n<\/div><\/div><\/div><\/div><\/div><div class=\"vc_col-sm-4 wpb_column vc_column_container\"><div class=\"vc_column-inner\"><div class=\"wpb_wrapper\"><div class=\"wpb_text_column\"><div class=\"wpb_wrapper\"><p><strong>Utskriftsversion (CMYK)<\/strong><\/p>\n<\/div><\/div><div class=\"w-html\"><div class=\"stylegude-download-icons\">\n<a href=\"\/download\/13363\/\"><img decoding=\"async\" src=\"https:\/\/www.coeo-group.ai\/wp-content\/uploads\/2025\/08\/file-eps-fill.svg\"><\/a>\n<\/div><\/div><\/div><\/div><\/div><\/div>[vc_custom_heading text=&#8221;Alternativ f\u00e4rgvariant&#8221; use_theme_fonts=&#8221;yes&#8221;]<div class=\"wpb_text_column\"><div class=\"wpb_wrapper\"><p>Om en gradient inte \u00e4r m\u00f6jlig kan logotypen anv\u00e4ndas i den <strong>alternativa f\u00e4rgen Aqua Blue.<\/strong><\/p>\n<\/div><\/div><div class=\"g-cols wpb_row logo-drei-reihen via_flex valign_top type_default stacking_default\"><div class=\"vc_col-sm-4 wpb_column vc_column_container\"><div class=\"vc_column-inner\"><div class=\"wpb_wrapper\"><div class=\"w-image styleguide-logo smaller align_none\"><div class=\"w-image-h\"><img decoding=\"async\" width=\"1024\" height=\"1024\" src=\"https:\/\/www.coeo-group.ai\/wp-content\/uploads\/2025\/08\/coeo-Logo-AquaBlue.svg\" class=\"attachment-large size-large\" alt=\"coeo group\" loading=\"lazy\" \/><\/div><\/div><\/div><\/div><\/div><div class=\"vc_col-sm-4 wpb_column vc_column_container\"><div class=\"vc_column-inner\"><div class=\"wpb_wrapper\"><div class=\"wpb_text_column\"><div class=\"wpb_wrapper\"><p><strong>Utskriftsversion (Pantone <span>7689 C)<\/span><\/strong><\/p>\n<\/div><\/div><div class=\"w-html\"><div class=\"stylegude-download-icons\">\n<a href=\"\/download\/13371\/\"><img decoding=\"async\" src=\"https:\/\/www.coeo-group.ai\/wp-content\/uploads\/2025\/08\/file-eps-fill.svg\"><\/a>\n<\/div><\/div><\/div><\/div><\/div><div class=\"vc_col-sm-4 wpb_column vc_column_container\"><div class=\"vc_column-inner\"><div class=\"wpb_wrapper\"><\/div><\/div><\/div><\/div>[vc_custom_heading text=&#8221;Anv\u00e4ndning av svartvitt&#8221; use_theme_fonts=&#8221;yes&#8221;]<div class=\"wpb_text_column\"><div class=\"wpb_wrapper\"><p>I svartvita inst\u00e4llningar ska logotypen visas i <strong>m\u00f6rkgr\u00e5tt (85%<\/strong> svart). <strong>100% svart \u00e4r inte till\u00e5tet.<\/strong><\/p>\n<\/div><\/div><div class=\"g-cols wpb_row logo-drei-reihen via_flex valign_top type_default stacking_default\"><div class=\"vc_col-sm-4 wpb_column vc_column_container\"><div class=\"vc_column-inner\"><div class=\"wpb_wrapper\"><div class=\"w-image styleguide-logo smaller align_none\"><div class=\"w-image-h\"><img decoding=\"async\" width=\"1024\" height=\"1024\" src=\"https:\/\/www.coeo-group.ai\/wp-content\/uploads\/2026\/01\/coeo-Logo-1c-grayscale.svg\" class=\"attachment-large size-large\" alt=\"\" loading=\"lazy\" \/><\/div><\/div><\/div><\/div><\/div><div class=\"vc_col-sm-4 wpb_column vc_column_container\"><div class=\"vc_column-inner\"><div class=\"wpb_wrapper\"><div class=\"wpb_text_column\"><div class=\"wpb_wrapper\"><p><strong>Utskriftsversion (CMYK)<\/strong><\/p>\n<\/div><\/div><div class=\"w-html\"><div class=\"stylegude-download-icons\">\n<a href=\"\/download\/13379\/\"><img decoding=\"async\" src=\"https:\/\/www.coeo-group.ai\/wp-content\/uploads\/2025\/08\/file-eps-fill.svg\"><\/a>\n<\/div><\/div><\/div><\/div><\/div><div class=\"vc_col-sm-4 wpb_column vc_column_container\"><div class=\"vc_column-inner\"><div class=\"wpb_wrapper\"><\/div><\/div><\/div><\/div>[vc_custom_heading text=&#8221;Fritt utrymme&#8221; use_theme_fonts=&#8221;yes&#8221;]<div class=\"wpb_text_column\"><div class=\"wpb_wrapper\"><p>Det fria utrymmet runt logotypen s\u00e4kerst\u00e4ller att dess visuella effekt f\u00f6rblir of\u00f6rminskad. Ingen text, inga bilder eller grafiska element f\u00e5r placeras inom detta omr\u00e5de.<\/p>\n<\/div><\/div><div class=\"g-cols wpb_row logo-drei-reihen via_flex valign_top type_default stacking_default\"><div class=\"vc_col-sm-4 wpb_column vc_column_container\"><div class=\"vc_column-inner\"><div class=\"wpb_wrapper\"><div class=\"w-image styleguide-logo align_none\"><div class=\"w-image-h\"><img decoding=\"async\" width=\"1024\" height=\"1024\" src=\"https:\/\/www.coeo-group.ai\/wp-content\/uploads\/2025\/08\/Logo-Clear-Space-pos-1.svg\" class=\"attachment-large size-large\" alt=\"coeo group\" loading=\"lazy\" \/><\/div><\/div><\/div><\/div><\/div><div class=\"vc_col-sm-4 wpb_column vc_column_container\"><div class=\"vc_column-inner\"><div class=\"wpb_wrapper\"><\/div><\/div><\/div><div class=\"vc_col-sm-4 wpb_column vc_column_container\"><div class=\"vc_column-inner\"><div class=\"wpb_wrapper\"><\/div><\/div><\/div><\/div><div class=\"w-separator size_medium\"><\/div>[vc_custom_heading text=&#8221;K\u00e4rlek till logotypen: Anv\u00e4nd den r\u00e4tt&#8221; use_theme_fonts=&#8221;yes&#8221;]<div class=\"wpb_text_column\"><div class=\"wpb_wrapper\"><p>V\u00e5r logotyp \u00e4r mer \u00e4n bara en symbol &#8211; den \u00e4r ansiktet ut\u00e5t f\u00f6r v\u00e5rt varum\u00e4rke. Behandla den med omsorg och respekt. Nedan hittar du n\u00e5gra exempel p\u00e5 vad du inte ska g\u00f6ra med v\u00e5r logotyp &#8211; s\u00e5 att den alltid f\u00f6rblir trogen sitt avsedda utseende och k\u00e4nsla.<\/p>\n<\/div><\/div><div class=\"g-cols wpb_row logo-drei-reihen via_flex valign_top type_default stacking_default\"><div class=\"vc_col-sm-4 wpb_column vc_column_container\"><div class=\"vc_column-inner\"><div class=\"wpb_wrapper\"><div class=\"w-image styleguide-logo align_none\"><div class=\"w-image-h\"><img decoding=\"async\" width=\"824\" height=\"422\" src=\"https:\/\/www.coeo-group.ai\/wp-content\/uploads\/2025\/08\/Logo-Donts-Shadow.png\" class=\"attachment-large size-large\" alt=\"\" loading=\"lazy\" srcset=\"https:\/\/www.coeo-group.ai\/wp-content\/uploads\/2025\/08\/Logo-Donts-Shadow.png 824w, https:\/\/www.coeo-group.ai\/wp-content\/uploads\/2025\/08\/Logo-Donts-Shadow-300x154.png 300w\" sizes=\"auto, (max-width: 824px) 100vw, 824px\" \/><\/div><\/div><div class=\"wpb_text_column\"><div class=\"wpb_wrapper\"><p>Anv\u00e4nd <strong>inte<\/strong> skuggor p\u00e5 logotypen.<\/p>\n<\/div><\/div><\/div><\/div><\/div><div class=\"vc_col-sm-4 wpb_column vc_column_container\"><div class=\"vc_column-inner\"><div class=\"wpb_wrapper\"><div class=\"w-image styleguide-logo align_none\"><div class=\"w-image-h\"><img decoding=\"async\" width=\"824\" height=\"422\" src=\"https:\/\/www.coeo-group.ai\/wp-content\/uploads\/2025\/08\/Logo-Donts-Colour.png\" class=\"attachment-large size-large\" alt=\"\" loading=\"lazy\" srcset=\"https:\/\/www.coeo-group.ai\/wp-content\/uploads\/2025\/08\/Logo-Donts-Colour.png 824w, https:\/\/www.coeo-group.ai\/wp-content\/uploads\/2025\/08\/Logo-Donts-Colour-300x154.png 300w\" sizes=\"auto, (max-width: 824px) 100vw, 824px\" \/><\/div><\/div><div class=\"wpb_text_column\"><div class=\"wpb_wrapper\"><p>\u00c4ndra <strong>inte<\/strong> logotypens f\u00e4rg manuellt.<\/p>\n<\/div><\/div><\/div><\/div><\/div><div class=\"vc_col-sm-4 wpb_column vc_column_container\"><div class=\"vc_column-inner\"><div class=\"wpb_wrapper\"><div class=\"w-image styleguide-logo align_none\"><div class=\"w-image-h\"><img decoding=\"async\" width=\"824\" height=\"422\" src=\"https:\/\/www.coeo-group.ai\/wp-content\/uploads\/2025\/08\/Logo-Donts-LogoDescriptor.png\" class=\"attachment-large size-large\" alt=\"\" loading=\"lazy\" srcset=\"https:\/\/www.coeo-group.ai\/wp-content\/uploads\/2025\/08\/Logo-Donts-LogoDescriptor.png 824w, https:\/\/www.coeo-group.ai\/wp-content\/uploads\/2025\/08\/Logo-Donts-LogoDescriptor-300x154.png 300w\" sizes=\"auto, (max-width: 824px) 100vw, 824px\" \/><\/div><\/div><div class=\"wpb_text_column\"><div class=\"wpb_wrapper\"><p>L\u00e4gg <strong>inte<\/strong> till en logotypdeskriptor.<\/p>\n<\/div><\/div><\/div><\/div><\/div><\/div><div class=\"g-cols wpb_row logo-drei-reihen via_flex valign_top type_default stacking_default\"><div class=\"vc_col-sm-4 wpb_column vc_column_container\"><div class=\"vc_column-inner\"><div class=\"wpb_wrapper\"><div class=\"w-image styleguide-logo align_none\"><div class=\"w-image-h\"><img decoding=\"async\" width=\"824\" height=\"422\" src=\"https:\/\/www.coeo-group.ai\/wp-content\/uploads\/2025\/08\/Logo-Donts-Pattern.png\" class=\"attachment-large size-large\" alt=\"\" loading=\"lazy\" srcset=\"https:\/\/www.coeo-group.ai\/wp-content\/uploads\/2025\/08\/Logo-Donts-Pattern.png 824w, https:\/\/www.coeo-group.ai\/wp-content\/uploads\/2025\/08\/Logo-Donts-Pattern-300x154.png 300w\" sizes=\"auto, (max-width: 824px) 100vw, 824px\" \/><\/div><\/div><div class=\"wpb_text_column\"><div class=\"wpb_wrapper\"><p>Applicera <strong>inte<\/strong> m\u00f6nster inuti logotypen.<\/p>\n<\/div><\/div><\/div><\/div><\/div><div class=\"vc_col-sm-4 wpb_column vc_column_container\"><div class=\"vc_column-inner\"><div class=\"wpb_wrapper\"><div class=\"w-image styleguide-logo align_none\"><div class=\"w-image-h\"><img decoding=\"async\" width=\"824\" height=\"422\" src=\"https:\/\/www.coeo-group.ai\/wp-content\/uploads\/2025\/08\/Logo-Donts-3D.png\" class=\"attachment-large size-large\" alt=\"\" loading=\"lazy\" srcset=\"https:\/\/www.coeo-group.ai\/wp-content\/uploads\/2025\/08\/Logo-Donts-3D.png 824w, https:\/\/www.coeo-group.ai\/wp-content\/uploads\/2025\/08\/Logo-Donts-3D-300x154.png 300w\" sizes=\"auto, (max-width: 824px) 100vw, 824px\" \/><\/div><\/div><div class=\"wpb_text_column\"><div class=\"wpb_wrapper\"><p>Anv\u00e4nd <strong>inte<\/strong> 3D-effekter p\u00e5 logotypen.<\/p>\n<\/div><\/div><\/div><\/div><\/div><div class=\"vc_col-sm-4 wpb_column vc_column_container\"><div class=\"vc_column-inner\"><div class=\"wpb_wrapper\"><div class=\"w-image styleguide-logo align_none\"><div class=\"w-image-h\"><img decoding=\"async\" width=\"824\" height=\"422\" src=\"https:\/\/www.coeo-group.ai\/wp-content\/uploads\/2025\/08\/Logo-Donts-Reflection.png\" class=\"attachment-large size-large\" alt=\"\" loading=\"lazy\" srcset=\"https:\/\/www.coeo-group.ai\/wp-content\/uploads\/2025\/08\/Logo-Donts-Reflection.png 824w, https:\/\/www.coeo-group.ai\/wp-content\/uploads\/2025\/08\/Logo-Donts-Reflection-300x154.png 300w\" sizes=\"auto, (max-width: 824px) 100vw, 824px\" \/><\/div><\/div><div class=\"wpb_text_column\"><div class=\"wpb_wrapper\"><p>Anv\u00e4nd <strong>inte<\/strong> speglingar p\u00e5 logotypen.<\/p>\n<\/div><\/div><\/div><\/div><\/div><\/div><div class=\"g-cols wpb_row logo-drei-reihen via_flex valign_top type_default stacking_default\"><div class=\"vc_col-sm-4 wpb_column vc_column_container\"><div class=\"vc_column-inner\"><div class=\"wpb_wrapper\"><div class=\"w-image styleguide-logo align_none\"><div class=\"w-image-h\"><img decoding=\"async\" width=\"824\" height=\"422\" src=\"https:\/\/www.coeo-group.ai\/wp-content\/uploads\/2025\/08\/Logo-Donts-Typeout.png\" class=\"attachment-large size-large\" alt=\"\" loading=\"lazy\" srcset=\"https:\/\/www.coeo-group.ai\/wp-content\/uploads\/2025\/08\/Logo-Donts-Typeout.png 824w, https:\/\/www.coeo-group.ai\/wp-content\/uploads\/2025\/08\/Logo-Donts-Typeout-300x154.png 300w\" sizes=\"auto, (max-width: 824px) 100vw, 824px\" \/><\/div><\/div><div class=\"wpb_text_column\"><div class=\"wpb_wrapper\"><p>Skriv <strong>inte<\/strong> logotypen sj\u00e4lv.<\/p>\n<\/div><\/div><\/div><\/div><\/div><div class=\"vc_col-sm-4 wpb_column vc_column_container\"><div class=\"vc_column-inner\"><div class=\"wpb_wrapper\"><div class=\"w-image styleguide-logo align_none\"><div class=\"w-image-h\"><img decoding=\"async\" width=\"824\" height=\"422\" src=\"https:\/\/www.coeo-group.ai\/wp-content\/uploads\/2025\/08\/Logo-Donts-Outline.png\" class=\"attachment-large size-large\" alt=\"\" loading=\"lazy\" srcset=\"https:\/\/www.coeo-group.ai\/wp-content\/uploads\/2025\/08\/Logo-Donts-Outline.png 824w, https:\/\/www.coeo-group.ai\/wp-content\/uploads\/2025\/08\/Logo-Donts-Outline-300x154.png 300w\" sizes=\"auto, (max-width: 824px) 100vw, 824px\" \/><\/div><\/div><div class=\"wpb_text_column\"><div class=\"wpb_wrapper\"><p>Visa <strong>inte<\/strong> logotypen som en kontur.<\/p>\n<\/div><\/div><\/div><\/div><\/div><div class=\"vc_col-sm-4 wpb_column vc_column_container\"><div class=\"vc_column-inner\"><div class=\"wpb_wrapper\"><div class=\"w-image styleguide-logo align_none\"><div class=\"w-image-h\"><img decoding=\"async\" width=\"824\" height=\"422\" src=\"https:\/\/www.coeo-group.ai\/wp-content\/uploads\/2025\/08\/Logo-Donts-Distortion.png\" class=\"attachment-large size-large\" alt=\"\" loading=\"lazy\" srcset=\"https:\/\/www.coeo-group.ai\/wp-content\/uploads\/2025\/08\/Logo-Donts-Distortion.png 824w, https:\/\/www.coeo-group.ai\/wp-content\/uploads\/2025\/08\/Logo-Donts-Distortion-300x154.png 300w\" sizes=\"auto, (max-width: 824px) 100vw, 824px\" \/><\/div><\/div><div class=\"wpb_text_column\"><div class=\"wpb_wrapper\"><p>Logotypen <strong>f\u00e5r inte<\/strong> f\u00f6rvr\u00e4ngas eller t\u00f6jas ut.<\/p>\n<\/div><\/div><\/div><\/div><\/div><\/div><\/div><\/div><\/div><\/div><\/div><\/section>\n","protected":false},"excerpt":{"rendered":"[vc_custom_heading text=\"Ansiktet p\u00e5 v\u00e5rt f\u00f6retag.\" font_container=\"tag:h1|text_align:left\" use_theme_fonts=\"yes\"]V\u00e5r logotyp speglar inte bara v\u00e5r identitet utan skapar ocks\u00e5 f\u00f6rtroende och igenk\u00e4nning hos kunder, g\u00e4lden\u00e4rer och partners. Den st\u00e5r stark p\u00e5 egen hand, utan behov av ytterligare designelement. Komplett logotypkit [vc_custom_heading text=\"Prim\u00e4r anv\u00e4ndning\" use_theme_fonts=\"yes\"]Logotypen ska i f\u00f6rsta hand anv\u00e4ndas i f\u00e4rg och med den definierade gradienten. Sk\u00e4rmversion (RGB)...","protected":false},"author":2,"featured_media":0,"parent":15907,"menu_order":0,"comment_status":"closed","ping_status":"closed","template":"","meta":{"_acf_changed":false,"footnotes":""},"class_list":["post-15900","page","type-page","status-publish","hentry"],"acf":[],"_links":{"self":[{"href":"https:\/\/www.coeo-group.ai\/sv\/wp-json\/wp\/v2\/pages\/15900","targetHints":{"allow":["GET"]}}],"collection":[{"href":"https:\/\/www.coeo-group.ai\/sv\/wp-json\/wp\/v2\/pages"}],"about":[{"href":"https:\/\/www.coeo-group.ai\/sv\/wp-json\/wp\/v2\/types\/page"}],"author":[{"embeddable":true,"href":"https:\/\/www.coeo-group.ai\/sv\/wp-json\/wp\/v2\/users\/2"}],"replies":[{"embeddable":true,"href":"https:\/\/www.coeo-group.ai\/sv\/wp-json\/wp\/v2\/comments?post=15900"}],"version-history":[{"count":2,"href":"https:\/\/www.coeo-group.ai\/sv\/wp-json\/wp\/v2\/pages\/15900\/revisions"}],"predecessor-version":[{"id":15906,"href":"https:\/\/www.coeo-group.ai\/sv\/wp-json\/wp\/v2\/pages\/15900\/revisions\/15906"}],"up":[{"embeddable":true,"href":"https:\/\/www.coeo-group.ai\/sv\/wp-json\/wp\/v2\/pages\/15907"}],"wp:attachment":[{"href":"https:\/\/www.coeo-group.ai\/sv\/wp-json\/wp\/v2\/media?parent=15900"}],"curies":[{"name":"wp","href":"https:\/\/api.w.org\/{rel}","templated":true}]}}