{"id":15891,"date":"2025-08-23T16:49:03","date_gmt":"2025-08-23T14:49:03","guid":{"rendered":"https:\/\/newsite26.coeo-group.ai\/ikonset\/"},"modified":"2026-03-14T10:38:20","modified_gmt":"2026-03-14T09:38:20","slug":"ikonset","status":"publish","type":"page","link":"https:\/\/www.coeo-group.ai\/sv\/stilguide\/ikonset\/","title":{"rendered":"Ikonset"},"content":{"rendered":"<section class=\"l-section wpb_row icon-box-wrapper height_auto width_full\"><div class=\"l-section-h i-cf\"><div class=\"g-cols vc_row via_flex valign_top type_default stacking_default\"><div class=\"vc_col-sm-12 wpb_column vc_column_container\"><div class=\"vc_column-inner\"><div class=\"wpb_wrapper\"><div class=\"w-image styleguide-icon-download align_none\"><a href=\"\/download\/13383\/\" aria-label=\"Button-IconKit-DarkGrey\" class=\"w-image-h\"><img decoding=\"async\" src=\"https:\/\/www.coeo-group.ai\/wp-content\/uploads\/2025\/09\/Button-IconKit-DarkGrey.svg\" class=\"attachment-full size-full\" alt=\"\" loading=\"lazy\" \/><\/a><\/div><div class=\"w-image styleguide-icon-download icon-download-zwo align_none\"><a href=\"\/download\/13385\/\" aria-label=\"Button-IconKit-White\" class=\"w-image-h\"><img decoding=\"async\" src=\"https:\/\/www.coeo-group.ai\/wp-content\/uploads\/2025\/09\/Button-IconKit-White.svg\" class=\"attachment-full size-full\" alt=\"\" loading=\"lazy\" \/><\/a><\/div><div class=\"w-image styleguide-icon-download icon-download-drei align_none\"><a href=\"\/download\/13387\/\" aria-label=\"Button-IconKit-FillBlue\" class=\"w-image-h\"><img decoding=\"async\" src=\"https:\/\/www.coeo-group.ai\/wp-content\/uploads\/2025\/09\/Button-IconKit-FillBlue.svg\" class=\"attachment-full size-full\" alt=\"\" loading=\"lazy\" \/><\/a><\/div><\/div><\/div><\/div><\/div><\/div><\/section><section class=\"l-section wpb_row height_custom\"><div class=\"l-section-h i-cf\"><div class=\"g-cols vc_row via_flex valign_top type_default stacking_default\"><div class=\"vc_col-sm-12 wpb_column vc_column_container\"><div class=\"vc_column-inner\"><div class=\"wpb_wrapper\"><div class=\"g-cols wpb_row via_flex valign_top type_default stacking_default\"><div class=\"vc_col-sm-8 wpb_column vc_column_container\"><div class=\"vc_column-inner\"><div class=\"wpb_wrapper\">[vc_custom_heading text=&#8221;Fr\u00e5n komplexitet<br \/>\ntill klarhet.&#8221; font_container=&#8221;tag:h1|text_align:left&#8221; use_theme_fonts=&#8221;yes&#8221;]<\/div><\/div><\/div><div class=\"vc_col-sm-4 wpb_column vc_column_container\"><div class=\"vc_column-inner\"><div class=\"wpb_wrapper\"><\/div><\/div><\/div><\/div><div class=\"w-separator hide_on_mobiles size_medium\"><\/div><div class=\"wpb_text_column\"><div class=\"wpb_wrapper\"><p><strong>V\u00e5ra ikoner<\/strong> hj\u00e4lper anv\u00e4ndarna att f\u00f6rst\u00e5 inneh\u00e5llet snabbare, ger dem v\u00e4gledning och fungerar som tysta hj\u00e4ltar i en genomt\u00e4nkt design. Enkla, moderna och tillg\u00e4ngliga. Deras fina linjer \u00e5terspeglar den luftiga, balanserade estetiken i v\u00e5r typografi och f\u00f6r den vidare visuellt.  <\/p>\n<p><strong>Ikonerna \u00e4r baserade p\u00e5 <a class=\"link-styleguide\" href=\"https:\/\/phosphoricons.com\/?weight=%22thin%22&amp;color=%22333333%22\" target=\"_blank\" rel=\"noopener\">Phosphor Icons<\/a> med \u00f6ppen k\u00e4llkod, licensierad under MIT-licensen.<\/strong><\/p>\n<\/div><\/div><div class=\"w-separator size_small\"><\/div><div class=\"g-cols wpb_row styleguide-vier-reihen via_flex valign_top type_default stacking_default\"><div class=\"vc_col-sm-6 wpb_column vc_column_container\"><div class=\"vc_column-inner\"><div class=\"wpb_wrapper\"><div class=\"w-image iconset-sammlung align_none\"><div class=\"w-image-h\"><img decoding=\"async\" width=\"1024\" height=\"1024\" src=\"https:\/\/www.coeo-group.ai\/wp-content\/uploads\/2025\/08\/Iconset-DarkGrey.svg\" class=\"attachment-large size-large\" alt=\"\" loading=\"lazy\" \/><\/div><\/div><\/div><\/div><\/div><div class=\"vc_col-sm-6 wpb_column vc_column_container\"><div class=\"vc_column-inner\"><div class=\"wpb_wrapper\"><div class=\"w-image us_custom_1da11972 iconset-sammlung-inv align_none has_bg_color\"><div class=\"w-image-h\"><img decoding=\"async\" width=\"1024\" height=\"1024\" src=\"https:\/\/www.coeo-group.ai\/wp-content\/uploads\/2025\/08\/Iconset-White.svg\" class=\"attachment-large size-large\" alt=\"\" loading=\"lazy\" \/><\/div><\/div><\/div><\/div><\/div><\/div><div class=\"w-separator size_small\"><\/div><div class=\"wpb_text_column\"><div class=\"wpb_wrapper\"><p>Ikonerna anv\u00e4nds i &#8220;tunn&#8221;-stil. P\u00e5 ljusa bakgrunder m\u00e5ste de uteslutande visas i f\u00e4rgen #333333 och p\u00e5 m\u00f6rka bakgrunder uteslutande i #FFFFFF. <strong>Undantag:<\/strong> N\u00e4r ikoner anv\u00e4nds som knappar, t.ex. i serviceportalen eller p\u00e5 en webbplats, m\u00e5ste de vara i stilen &#8220;fylld&#8221; och ha f\u00e4rgen #78BE21.<\/p>\n<\/div><\/div><div class=\"w-html bubble-text-wrapper\"><a href=\"\/download\/13383\/\" class=\"styleguide-bubble-textlink\">Icon Kit M\u00f6rkgr\u00e5<\/a><br><a href=\"\/download\/13385\/\" class=\"styleguide-bubble-textlink\">Ikon Kit Vit<\/a><br><a href=\"\/download\/13387\/\" class=\"styleguide-bubble-textlink\">Ikon Kit \"Fill\" Bl\u00e5<\/a> \n<\/div><div class=\"w-separator size_medium\"><\/div>[vc_custom_heading text=&#8221;Favicon&#8221; use_theme_fonts=&#8221;yes&#8221;]<div class=\"wpb_text_column\"><div class=\"wpb_wrapper\"><p>En favicon \u00e4r den lilla ikon som visas i webbl\u00e4sarfliken bredvid sidans titel. Den hj\u00e4lper anv\u00e4ndarna att visuellt k\u00e4nna igen v\u00e5r webbplats och st\u00e4rker v\u00e5r varum\u00e4rkesn\u00e4rvaro online. coeo-faviconen \u00e4r optimerad f\u00f6r denna specifika anv\u00e4ndning och f\u00e5r endast anv\u00e4ndas i detta sammanhang. All annan anv\u00e4ndning \u00e4r f\u00f6rbjuden.<\/p>\n<\/div><\/div><div class=\"w-separator size_small\"><\/div><div class=\"w-html\"><div class=\"iconset-download-icons\">\n<span><img decoding=\"async\" src=\"https:\/\/www.coeo-group.ai\/wp-content\/uploads\/2025\/08\/coeo-Favicon.png\"><\/span>\n<span class=\"stylegude-download-icons\"><a href=\"\/download\/13373\/\"><img decoding=\"async\" src=\"https:\/\/www.coeo-group.ai\/wp-content\/uploads\/2026\/01\/file-ico-fill.svg\"><\/a><\/span>\n<\/div><\/div><div class=\"w-separator size_small\"><\/div><\/div><\/div><\/div><\/div><\/div><\/section>\n","protected":false},"excerpt":{"rendered":"[vc_custom_heading text=\"Fr\u00e5n komplexitet till klarhet.\" font_container=\"tag:h1|text_align:left\" use_theme_fonts=\"yes\"]V\u00e5ra ikoner hj\u00e4lper anv\u00e4ndarna att f\u00f6rst\u00e5 inneh\u00e5llet snabbare, ger dem v\u00e4gledning och fungerar som tysta hj\u00e4ltar i en genomt\u00e4nkt design. Enkla, moderna och tillg\u00e4ngliga. Deras fina linjer \u00e5terspeglar den luftiga, balanserade estetiken i v\u00e5r typografi och f\u00f6r den vidare visuellt. Ikonerna \u00e4r baserade p\u00e5 Phosphor Icons med \u00f6ppen k\u00e4llkod,...","protected":false},"author":2,"featured_media":0,"parent":15907,"menu_order":0,"comment_status":"closed","ping_status":"closed","template":"","meta":{"_acf_changed":false,"footnotes":""},"class_list":["post-15891","page","type-page","status-publish","hentry"],"acf":[],"_links":{"self":[{"href":"https:\/\/www.coeo-group.ai\/sv\/wp-json\/wp\/v2\/pages\/15891","targetHints":{"allow":["GET"]}}],"collection":[{"href":"https:\/\/www.coeo-group.ai\/sv\/wp-json\/wp\/v2\/pages"}],"about":[{"href":"https:\/\/www.coeo-group.ai\/sv\/wp-json\/wp\/v2\/types\/page"}],"author":[{"embeddable":true,"href":"https:\/\/www.coeo-group.ai\/sv\/wp-json\/wp\/v2\/users\/2"}],"replies":[{"embeddable":true,"href":"https:\/\/www.coeo-group.ai\/sv\/wp-json\/wp\/v2\/comments?post=15891"}],"version-history":[{"count":2,"href":"https:\/\/www.coeo-group.ai\/sv\/wp-json\/wp\/v2\/pages\/15891\/revisions"}],"predecessor-version":[{"id":15893,"href":"https:\/\/www.coeo-group.ai\/sv\/wp-json\/wp\/v2\/pages\/15891\/revisions\/15893"}],"up":[{"embeddable":true,"href":"https:\/\/www.coeo-group.ai\/sv\/wp-json\/wp\/v2\/pages\/15907"}],"wp:attachment":[{"href":"https:\/\/www.coeo-group.ai\/sv\/wp-json\/wp\/v2\/media?parent=15891"}],"curies":[{"name":"wp","href":"https:\/\/api.w.org\/{rel}","templated":true}]}}