{"id":15635,"date":"2025-08-23T10:22:50","date_gmt":"2025-08-23T08:22:50","guid":{"rendered":"https:\/\/newsite26.coeo-group.ai\/guide-du-style\/"},"modified":"2026-03-13T09:19:27","modified_gmt":"2026-03-13T08:19:27","slug":"guide-du-style","status":"publish","type":"page","link":"https:\/\/www.coeo-group.ai\/fr\/guide-du-style\/","title":{"rendered":"Guide du style"},"content":{"rendered":"<section class=\"l-section wpb_row us_custom_60e9caca us_animate_this height_custom\"><div class=\"l-section-h i-cf\"><div class=\"g-cols vc_row via_flex valign_top type_default stacking_default\"><div class=\"vc_col-sm-12 wpb_column vc_column_container\"><div class=\"vc_column-inner\"><div class=\"wpb_wrapper\"><div class=\"g-cols wpb_row via_flex valign_top type_default stacking_default\"><div class=\"vc_col-sm-8 wpb_column vc_column_container\"><div class=\"vc_column-inner\"><div class=\"wpb_wrapper\">[vc_custom_heading text=&#8221;Corporate<br \/>\nStyleguide&#8221; font_container=&#8221;tag:h1|text_align:left&#8221; use_theme_fonts=&#8221;yes&#8221;]<\/div><\/div><\/div><div class=\"vc_col-sm-4 wpb_column vc_column_container\"><div class=\"vc_column-inner\"><div class=\"wpb_wrapper\"><div class=\"w-image styleguide-icon compass hide_on_laptops hide_on_tablets hide_on_mobiles align_right\"><div class=\"w-image-h\"><img decoding=\"async\" width=\"1024\" height=\"1024\" src=\"https:\/\/www.coeo-group.ai\/wp-content\/uploads\/2025\/08\/compass-thin.svg\" class=\"attachment-large size-large\" alt=\"\" loading=\"lazy\" \/><\/div><\/div><\/div><\/div><\/div><\/div><div class=\"w-separator hide_on_mobiles size_medium\"><\/div><div class=\"wpb_text_column\"><div class=\"wpb_wrapper\"><p><strong>Bienvenue sur le guide de style &#8211; votre boussole pour une conception coh\u00e9rente.<\/strong><\/p>\n<p>Ce guide de style est plus qu&#8217;un simple recueil de r\u00e8gles de conception &#8211; c&#8217;est le fondement de la mani\u00e8re dont notre marque se pr\u00e9sente visuellement. Que vous travailliez sur une pr\u00e9sentation, que vous cr\u00e9iez un contenu pour les m\u00e9dias sociaux ou que vous d\u00e9veloppiez une nouvelle mise en page, chaque d\u00e9tail visuel a son importance. Pourquoi ? Parce que chaque \u00e9l\u00e9ment contribue \u00e0 fa\u00e7onner notre marque.   <\/p>\n<p>La coh\u00e9rence n&#8217;est pas synonyme de limitation de la cr\u00e9ativit\u00e9 &#8211; elle garantit que nous apparaissons clairs, reconnaissables et professionnels \u00e0 travers tous les points de contact. Lorsque nous suivons tous les m\u00eames lignes directrices en mati\u00e8re de conception, nous instaurons la confiance, la reconnaissance et une identit\u00e9 visuelle forte qui perdure. <\/p>\n<p><strong>En bref : ces lignes directrices sont importantes. Beaucoup. Elles vous aident \u00e0 prendre plus rapidement de meilleures d\u00e9cisions en mati\u00e8re de conception, avec clart\u00e9, confiance et style.  <\/strong><\/p>\n<p><strong>Utilisez-les. Appuyez-vous sur eux. Et en cas de doute, revenez-y.  <\/strong><\/p>\n<p><strong>Veillons \u00e0 ce que notre marque nous ressemble toujours sans \u00e9quivoque.<\/strong><\/p>\n<\/div><\/div><\/div><\/div><\/div><\/div><\/div><\/section>\n","protected":false},"excerpt":{"rendered":"[vc_custom_heading text=\"Corporate Styleguide\" font_container=\"tag:h1|text_align:left\" use_theme_fonts=\"yes\"]Bienvenue sur le guide de style &#8211; votre boussole pour une conception coh\u00e9rente. Ce guide de style est plus qu&#8217;un simple recueil de r\u00e8gles de conception &#8211; c&#8217;est le fondement de la mani\u00e8re dont notre marque se pr\u00e9sente visuellement. Que vous travailliez sur une pr\u00e9sentation, que vous cr\u00e9iez un contenu pour...","protected":false},"author":2,"featured_media":0,"parent":0,"menu_order":0,"comment_status":"closed","ping_status":"closed","template":"","meta":{"_acf_changed":false,"footnotes":""},"class_list":["post-15635","page","type-page","status-publish","hentry"],"acf":[],"_links":{"self":[{"href":"https:\/\/www.coeo-group.ai\/fr\/wp-json\/wp\/v2\/pages\/15635","targetHints":{"allow":["GET"]}}],"collection":[{"href":"https:\/\/www.coeo-group.ai\/fr\/wp-json\/wp\/v2\/pages"}],"about":[{"href":"https:\/\/www.coeo-group.ai\/fr\/wp-json\/wp\/v2\/types\/page"}],"author":[{"embeddable":true,"href":"https:\/\/www.coeo-group.ai\/fr\/wp-json\/wp\/v2\/users\/2"}],"replies":[{"embeddable":true,"href":"https:\/\/www.coeo-group.ai\/fr\/wp-json\/wp\/v2\/comments?post=15635"}],"version-history":[{"count":2,"href":"https:\/\/www.coeo-group.ai\/fr\/wp-json\/wp\/v2\/pages\/15635\/revisions"}],"predecessor-version":[{"id":15637,"href":"https:\/\/www.coeo-group.ai\/fr\/wp-json\/wp\/v2\/pages\/15635\/revisions\/15637"}],"wp:attachment":[{"href":"https:\/\/www.coeo-group.ai\/fr\/wp-json\/wp\/v2\/media?parent=15635"}],"curies":[{"name":"wp","href":"https:\/\/api.w.org\/{rel}","templated":true}]}}