{"id":15628,"date":"2025-08-23T11:03:28","date_gmt":"2025-08-23T09:03:28","guid":{"rendered":"https:\/\/newsite26.coeo-group.ai\/logo\/"},"modified":"2026-03-13T09:19:27","modified_gmt":"2026-03-13T08:19:27","slug":"logo","status":"publish","type":"page","link":"https:\/\/www.coeo-group.ai\/fr\/guide-du-style\/logo\/","title":{"rendered":"Logo"},"content":{"rendered":"<section class=\"l-section wpb_row icon-box-wrapper height_auto width_full\"><div class=\"l-section-h i-cf\"><div class=\"g-cols vc_row via_flex valign_top type_default stacking_default\"><div class=\"vc_col-sm-12 wpb_column vc_column_container\"><div class=\"vc_column-inner\"><div class=\"wpb_wrapper\"><div class=\"w-image styleguide-icon-download align_none\"><a href=\"\/download\/13369\/\" aria-label=\"Button-LogoKit\" class=\"w-image-h\"><img decoding=\"async\" src=\"https:\/\/www.coeo-group.ai\/wp-content\/uploads\/2025\/09\/Button-LogoKit.svg\" class=\"attachment-full size-full\" alt=\"\" loading=\"lazy\" \/><\/a><\/div><\/div><\/div><\/div><\/div><\/div><\/section><section class=\"l-section wpb_row height_custom\"><div class=\"l-section-h i-cf\"><div class=\"g-cols vc_row via_flex valign_top type_default stacking_default\"><div class=\"vc_col-sm-12 wpb_column vc_column_container\"><div class=\"vc_column-inner\"><div class=\"wpb_wrapper\"><div class=\"g-cols wpb_row via_flex valign_top type_default stacking_default\"><div class=\"vc_col-sm-8 wpb_column vc_column_container\"><div class=\"vc_column-inner\"><div class=\"wpb_wrapper\">[vc_custom_heading text=&#8221;Le visage de<br \/>\nnotre entreprise.&#8221; font_container=&#8221;tag:h1|text_align:left&#8221; use_theme_fonts=&#8221;yes&#8221;]<\/div><\/div><\/div><div class=\"vc_col-sm-4 wpb_column vc_column_container\"><div class=\"vc_column-inner\"><div class=\"wpb_wrapper\"><\/div><\/div><\/div><\/div><div class=\"w-separator hide_on_mobiles size_medium\"><\/div><div class=\"wpb_text_column\"><div class=\"wpb_wrapper\"><p><strong>Notre logo<\/strong> ne refl\u00e8te pas seulement notre identit\u00e9, il instaure \u00e9galement la confiance et la reconnaissance aupr\u00e8s des clients, des d\u00e9biteurs et des partenaires. Il s&#8217;impose de lui-m\u00eame, sans qu&#8217;il soit n\u00e9cessaire d&#8217;ajouter d&#8217;autres \u00e9l\u00e9ments graphiques.<\/p>\n<\/div><\/div><div class=\"w-html bubble-text-wrapper\"><a href=\"\/download\/13369\/\" class=\"styleguide-bubble-textlink\">Kit logo complet<\/a>\n\n<\/div><div class=\"w-separator size_medium\"><\/div>[vc_custom_heading text=&#8221;Utilisation primaire&#8221; use_theme_fonts=&#8221;yes&#8221;]<div class=\"wpb_text_column\"><div class=\"wpb_wrapper\"><p>Le logo doit \u00eatre utilis\u00e9<strong> principalement en couleur<\/strong> et avec le <strong>d\u00e9grad\u00e9 d\u00e9fini.<\/strong><\/p>\n<\/div><\/div><div class=\"g-cols wpb_row logo-drei-reihen via_flex valign_top type_default stacking_default\"><div class=\"vc_col-sm-4 wpb_column vc_column_container\"><div class=\"vc_column-inner\"><div class=\"wpb_wrapper\"><div class=\"w-image styleguide-logo smaller align_none\"><div class=\"w-image-h\"><img decoding=\"async\" width=\"1024\" height=\"1024\" src=\"https:\/\/www.coeo-group.ai\/wp-content\/uploads\/2025\/08\/coeo-Logo-gradient-RGB-1.svg\" class=\"attachment-large size-large\" alt=\"coeo group\" loading=\"lazy\" \/><\/div><\/div><\/div><\/div><\/div><div class=\"vc_col-sm-4 wpb_column vc_column_container\"><div class=\"vc_column-inner\"><div class=\"wpb_wrapper\"><div class=\"wpb_text_column\"><div class=\"wpb_wrapper\"><p><strong>Version de l&#8217;\u00e9cran (RGB)<\/strong><\/p>\n<\/div><\/div><div class=\"w-html\"><div class=\"stylegude-download-icons\">\n<a href=\"\/download\/12313\/\"><img decoding=\"async\" src=\"https:\/\/www.coeo-group.ai\/wp-content\/uploads\/2025\/08\/file-svg-fill.svg\"><\/a>\n<a href=\"\/download\/12315\/\"><img decoding=\"async\" src=\"https:\/\/www.coeo-group.ai\/wp-content\/uploads\/2025\/08\/file-png-fill.svg\"><\/a>\n<a href=\"\/download\/12317\/\"><img decoding=\"async\" src=\"https:\/\/www.coeo-group.ai\/wp-content\/uploads\/2025\/08\/file-jpg-fill.svg\"><\/a>\n<\/div><\/div><\/div><\/div><\/div><div class=\"vc_col-sm-4 wpb_column vc_column_container\"><div class=\"vc_column-inner\"><div class=\"wpb_wrapper\"><div class=\"wpb_text_column\"><div class=\"wpb_wrapper\"><p><strong>Version imprim\u00e9e (CMYK)<\/strong><\/p>\n<\/div><\/div><div class=\"w-html\"><div class=\"stylegude-download-icons\">\n<a href=\"\/download\/13365\/\"><img decoding=\"async\" src=\"https:\/\/www.coeo-group.ai\/wp-content\/uploads\/2025\/08\/file-eps-fill.svg\"><\/a>\n<a href=\"\/download\/13367\/\"><img decoding=\"async\" src=\"https:\/\/www.coeo-group.ai\/wp-content\/uploads\/2025\/08\/file-tiff-fill.svg\"><\/a>\n<\/div><\/div><\/div><\/div><\/div><\/div>[vc_custom_heading text=&#8221;Utilisation sur des fonds sombres&#8221; use_theme_fonts=&#8221;yes&#8221;]<div class=\"wpb_text_column\"><div class=\"wpb_wrapper\"><p>Lorsqu&#8217;il est plac\u00e9 sur un fond sombre, le logo doit appara\u00eetre en <strong>blanc<\/strong> pour garantir une <strong>lisibilit\u00e9 et une visibilit\u00e9 optimales<\/strong>.<\/p>\n<\/div><\/div><div class=\"g-cols wpb_row logo-drei-reihen via_flex valign_top type_default stacking_default\"><div class=\"vc_col-sm-4 wpb_column vc_column_container\"><div class=\"vc_column-inner\"><div class=\"wpb_wrapper\"><div class=\"w-image styleguide-logo align_none\"><div class=\"w-image-h\"><img decoding=\"async\" width=\"1024\" height=\"1024\" src=\"https:\/\/www.coeo-group.ai\/wp-content\/uploads\/2025\/09\/Logo-Use-on-Dark-Backgrounds.svg\" class=\"attachment-large size-large\" alt=\"\" loading=\"lazy\" \/><\/div><\/div><\/div><\/div><\/div><div class=\"vc_col-sm-4 wpb_column vc_column_container\"><div class=\"vc_column-inner\"><div class=\"wpb_wrapper\"><div class=\"wpb_text_column\"><div class=\"wpb_wrapper\"><p><strong>Version de l&#8217;\u00e9cran (RGB)<\/strong><\/p>\n<\/div><\/div><div class=\"w-html\"><div class=\"stylegude-download-icons\">\n<a href=\"\/download\/13359\/\"><img decoding=\"async\" src=\"https:\/\/www.coeo-group.ai\/wp-content\/uploads\/2025\/08\/file-svg-fill.svg\"><\/a>\n<a href=\"\/download\/13361\/\"><img decoding=\"async\" src=\"https:\/\/www.coeo-group.ai\/wp-content\/uploads\/2025\/08\/file-png-fill.svg\"><\/a>\n<\/div><\/div><\/div><\/div><\/div><div class=\"vc_col-sm-4 wpb_column vc_column_container\"><div class=\"vc_column-inner\"><div class=\"wpb_wrapper\"><div class=\"wpb_text_column\"><div class=\"wpb_wrapper\"><p><strong>Version imprim\u00e9e (CMYK)<\/strong><\/p>\n<\/div><\/div><div class=\"w-html\"><div class=\"stylegude-download-icons\">\n<a href=\"\/download\/13363\/\"><img decoding=\"async\" src=\"https:\/\/www.coeo-group.ai\/wp-content\/uploads\/2025\/08\/file-eps-fill.svg\"><\/a>\n<\/div><\/div><\/div><\/div><\/div><\/div>[vc_custom_heading text=&#8221;Variante de couleur alternative&#8221; use_theme_fonts=&#8221;yes&#8221;]<div class=\"wpb_text_column\"><div class=\"wpb_wrapper\"><p>Si un d\u00e9grad\u00e9 n&#8217;est pas possible, le logo peut \u00eatre utilis\u00e9 dans la <strong>couleur alternative bleu aqua.<\/strong><\/p>\n<\/div><\/div><div class=\"g-cols wpb_row logo-drei-reihen via_flex valign_top type_default stacking_default\"><div class=\"vc_col-sm-4 wpb_column vc_column_container\"><div class=\"vc_column-inner\"><div class=\"wpb_wrapper\"><div class=\"w-image styleguide-logo smaller align_none\"><div class=\"w-image-h\"><img decoding=\"async\" width=\"1024\" height=\"1024\" src=\"https:\/\/www.coeo-group.ai\/wp-content\/uploads\/2025\/08\/coeo-Logo-AquaBlue.svg\" class=\"attachment-large size-large\" alt=\"coeo group\" loading=\"lazy\" \/><\/div><\/div><\/div><\/div><\/div><div class=\"vc_col-sm-4 wpb_column vc_column_container\"><div class=\"vc_column-inner\"><div class=\"wpb_wrapper\"><div class=\"wpb_text_column\"><div class=\"wpb_wrapper\"><p><strong>Version imprim\u00e9e (Pantone <span>7689 C<\/span>)<\/strong><\/p>\n<\/div><\/div><div class=\"w-html\"><div class=\"stylegude-download-icons\">\n<a href=\"\/download\/13371\/\"><img decoding=\"async\" src=\"https:\/\/www.coeo-group.ai\/wp-content\/uploads\/2025\/08\/file-eps-fill.svg\"><\/a>\n<\/div><\/div><\/div><\/div><\/div><div class=\"vc_col-sm-4 wpb_column vc_column_container\"><div class=\"vc_column-inner\"><div class=\"wpb_wrapper\"><\/div><\/div><\/div><\/div>[vc_custom_heading text=&#8221;Utilisation du noir et blanc&#8221; use_theme_fonts=&#8221;yes&#8221;]<div class=\"wpb_text_column\"><div class=\"wpb_wrapper\"><p>En noir et blanc, le logo doit appara\u00eetre en <strong>gris fonc\u00e9 (85 % de noir). Le noir \u00e0 100 % n&#8217;est pas autoris\u00e9.<\/strong><\/p>\n<\/div><\/div><div class=\"g-cols wpb_row logo-drei-reihen via_flex valign_top type_default stacking_default\"><div class=\"vc_col-sm-4 wpb_column vc_column_container\"><div class=\"vc_column-inner\"><div class=\"wpb_wrapper\"><div class=\"w-image styleguide-logo smaller align_none\"><div class=\"w-image-h\"><img decoding=\"async\" width=\"1024\" height=\"1024\" src=\"https:\/\/www.coeo-group.ai\/wp-content\/uploads\/2026\/01\/coeo-Logo-1c-grayscale.svg\" class=\"attachment-large size-large\" alt=\"\" loading=\"lazy\" \/><\/div><\/div><\/div><\/div><\/div><div class=\"vc_col-sm-4 wpb_column vc_column_container\"><div class=\"vc_column-inner\"><div class=\"wpb_wrapper\"><div class=\"wpb_text_column\"><div class=\"wpb_wrapper\"><p><strong>Version imprim\u00e9e (CMYK)<\/strong><\/p>\n<\/div><\/div><div class=\"w-html\"><div class=\"stylegude-download-icons\">\n<a href=\"\/download\/13379\/\"><img decoding=\"async\" src=\"https:\/\/www.coeo-group.ai\/wp-content\/uploads\/2025\/08\/file-eps-fill.svg\"><\/a>\n<\/div><\/div><\/div><\/div><\/div><div class=\"vc_col-sm-4 wpb_column vc_column_container\"><div class=\"vc_column-inner\"><div class=\"wpb_wrapper\"><\/div><\/div><\/div><\/div>[vc_custom_heading text=&#8221;Espace libre&#8221; use_theme_fonts=&#8221;yes&#8221;]<div class=\"wpb_text_column\"><div class=\"wpb_wrapper\"><p>L&#8217;espace libre autour du logo garantit que son impact visuel reste intact. Aucun texte, image ou \u00e9l\u00e9ment graphique ne peut \u00eatre plac\u00e9 dans cette zone.<\/p>\n<\/div><\/div><div class=\"g-cols wpb_row logo-drei-reihen via_flex valign_top type_default stacking_default\"><div class=\"vc_col-sm-4 wpb_column vc_column_container\"><div class=\"vc_column-inner\"><div class=\"wpb_wrapper\"><div class=\"w-image styleguide-logo align_none\"><div class=\"w-image-h\"><img decoding=\"async\" width=\"1024\" height=\"1024\" src=\"https:\/\/www.coeo-group.ai\/wp-content\/uploads\/2025\/08\/Logo-Clear-Space-pos-1.svg\" class=\"attachment-large size-large\" alt=\"coeo group\" loading=\"lazy\" \/><\/div><\/div><\/div><\/div><\/div><div class=\"vc_col-sm-4 wpb_column vc_column_container\"><div class=\"vc_column-inner\"><div class=\"wpb_wrapper\"><\/div><\/div><\/div><div class=\"vc_col-sm-4 wpb_column vc_column_container\"><div class=\"vc_column-inner\"><div class=\"wpb_wrapper\"><\/div><\/div><\/div><\/div><div class=\"w-separator size_medium\"><\/div>[vc_custom_heading text=&#8221;L&apos;amour du logo : Utilisez-le \u00e0 bon escient&#8221; use_theme_fonts=&#8221;yes&#8221;]<div class=\"wpb_text_column\"><div class=\"wpb_wrapper\"><p>Notre logo est plus qu&#8217;un simple symbole &#8211; c&#8217;est le visage de notre marque. Traitez-le avec soin et respect. Vous trouverez ci-dessous quelques exemples de ce qu&#8217;il ne faut pas faire avec notre logo &#8211; afin qu&#8217;il reste toujours fid\u00e8le \u00e0 l&#8217;aspect et \u00e0 la sensation qu&#8217;il doit avoir.<\/p>\n<\/div><\/div><div class=\"g-cols wpb_row logo-drei-reihen via_flex valign_top type_default stacking_default\"><div class=\"vc_col-sm-4 wpb_column vc_column_container\"><div class=\"vc_column-inner\"><div class=\"wpb_wrapper\"><div class=\"w-image styleguide-logo align_none\"><div class=\"w-image-h\"><img decoding=\"async\" width=\"824\" height=\"422\" src=\"https:\/\/www.coeo-group.ai\/wp-content\/uploads\/2025\/08\/Logo-Donts-Shadow.png\" class=\"attachment-large size-large\" alt=\"\" loading=\"lazy\" srcset=\"https:\/\/www.coeo-group.ai\/wp-content\/uploads\/2025\/08\/Logo-Donts-Shadow.png 824w, https:\/\/www.coeo-group.ai\/wp-content\/uploads\/2025\/08\/Logo-Donts-Shadow-300x154.png 300w\" sizes=\"auto, (max-width: 824px) 100vw, 824px\" \/><\/div><\/div><div class=\"wpb_text_column\"><div class=\"wpb_wrapper\"><p><strong>N&#8217;<\/strong> utilisez <strong>pas<\/strong> d&#8217;ombres sur le logo.<\/p>\n<\/div><\/div><\/div><\/div><\/div><div class=\"vc_col-sm-4 wpb_column vc_column_container\"><div class=\"vc_column-inner\"><div class=\"wpb_wrapper\"><div class=\"w-image styleguide-logo align_none\"><div class=\"w-image-h\"><img decoding=\"async\" width=\"824\" height=\"422\" src=\"https:\/\/www.coeo-group.ai\/wp-content\/uploads\/2025\/08\/Logo-Donts-Colour.png\" class=\"attachment-large size-large\" alt=\"\" loading=\"lazy\" srcset=\"https:\/\/www.coeo-group.ai\/wp-content\/uploads\/2025\/08\/Logo-Donts-Colour.png 824w, https:\/\/www.coeo-group.ai\/wp-content\/uploads\/2025\/08\/Logo-Donts-Colour-300x154.png 300w\" sizes=\"auto, (max-width: 824px) 100vw, 824px\" \/><\/div><\/div><div class=\"wpb_text_column\"><div class=\"wpb_wrapper\"><p><strong>Ne<\/strong> modifiez <strong>pas<\/strong> manuellement la couleur du logo.<\/p>\n<\/div><\/div><\/div><\/div><\/div><div class=\"vc_col-sm-4 wpb_column vc_column_container\"><div class=\"vc_column-inner\"><div class=\"wpb_wrapper\"><div class=\"w-image styleguide-logo align_none\"><div class=\"w-image-h\"><img decoding=\"async\" width=\"824\" height=\"422\" src=\"https:\/\/www.coeo-group.ai\/wp-content\/uploads\/2025\/08\/Logo-Donts-LogoDescriptor.png\" class=\"attachment-large size-large\" alt=\"\" loading=\"lazy\" srcset=\"https:\/\/www.coeo-group.ai\/wp-content\/uploads\/2025\/08\/Logo-Donts-LogoDescriptor.png 824w, https:\/\/www.coeo-group.ai\/wp-content\/uploads\/2025\/08\/Logo-Donts-LogoDescriptor-300x154.png 300w\" sizes=\"auto, (max-width: 824px) 100vw, 824px\" \/><\/div><\/div><div class=\"wpb_text_column\"><div class=\"wpb_wrapper\"><p><strong>N&#8217;<\/strong> ajoutez <strong>pas<\/strong> de descripteur de logo.<\/p>\n<\/div><\/div><\/div><\/div><\/div><\/div><div class=\"g-cols wpb_row logo-drei-reihen via_flex valign_top type_default stacking_default\"><div class=\"vc_col-sm-4 wpb_column vc_column_container\"><div class=\"vc_column-inner\"><div class=\"wpb_wrapper\"><div class=\"w-image styleguide-logo align_none\"><div class=\"w-image-h\"><img decoding=\"async\" width=\"824\" height=\"422\" src=\"https:\/\/www.coeo-group.ai\/wp-content\/uploads\/2025\/08\/Logo-Donts-Pattern.png\" class=\"attachment-large size-large\" alt=\"\" loading=\"lazy\" srcset=\"https:\/\/www.coeo-group.ai\/wp-content\/uploads\/2025\/08\/Logo-Donts-Pattern.png 824w, https:\/\/www.coeo-group.ai\/wp-content\/uploads\/2025\/08\/Logo-Donts-Pattern-300x154.png 300w\" sizes=\"auto, (max-width: 824px) 100vw, 824px\" \/><\/div><\/div><div class=\"wpb_text_column\"><div class=\"wpb_wrapper\"><p><strong>N&#8217;<\/strong> appliquez <strong>pas<\/strong> de motifs \u00e0 l&#8217;int\u00e9rieur du logo.<\/p>\n<\/div><\/div><\/div><\/div><\/div><div class=\"vc_col-sm-4 wpb_column vc_column_container\"><div class=\"vc_column-inner\"><div class=\"wpb_wrapper\"><div class=\"w-image styleguide-logo align_none\"><div class=\"w-image-h\"><img decoding=\"async\" width=\"824\" height=\"422\" src=\"https:\/\/www.coeo-group.ai\/wp-content\/uploads\/2025\/08\/Logo-Donts-3D.png\" class=\"attachment-large size-large\" alt=\"\" loading=\"lazy\" srcset=\"https:\/\/www.coeo-group.ai\/wp-content\/uploads\/2025\/08\/Logo-Donts-3D.png 824w, https:\/\/www.coeo-group.ai\/wp-content\/uploads\/2025\/08\/Logo-Donts-3D-300x154.png 300w\" sizes=\"auto, (max-width: 824px) 100vw, 824px\" \/><\/div><\/div><div class=\"wpb_text_column\"><div class=\"wpb_wrapper\"><p><strong>N&#8217;<\/strong> utilisez <strong>pas<\/strong> d&#8217;effets 3D sur le logo.<\/p>\n<\/div><\/div><\/div><\/div><\/div><div class=\"vc_col-sm-4 wpb_column vc_column_container\"><div class=\"vc_column-inner\"><div class=\"wpb_wrapper\"><div class=\"w-image styleguide-logo align_none\"><div class=\"w-image-h\"><img decoding=\"async\" width=\"824\" height=\"422\" src=\"https:\/\/www.coeo-group.ai\/wp-content\/uploads\/2025\/08\/Logo-Donts-Reflection.png\" class=\"attachment-large size-large\" alt=\"\" loading=\"lazy\" srcset=\"https:\/\/www.coeo-group.ai\/wp-content\/uploads\/2025\/08\/Logo-Donts-Reflection.png 824w, https:\/\/www.coeo-group.ai\/wp-content\/uploads\/2025\/08\/Logo-Donts-Reflection-300x154.png 300w\" sizes=\"auto, (max-width: 824px) 100vw, 824px\" \/><\/div><\/div><div class=\"wpb_text_column\"><div class=\"wpb_wrapper\"><p><strong>N&#8217;<\/strong> utilisez <strong>pas<\/strong> de reflets sur le logo.<\/p>\n<\/div><\/div><\/div><\/div><\/div><\/div><div class=\"g-cols wpb_row logo-drei-reihen via_flex valign_top type_default stacking_default\"><div class=\"vc_col-sm-4 wpb_column vc_column_container\"><div class=\"vc_column-inner\"><div class=\"wpb_wrapper\"><div class=\"w-image styleguide-logo align_none\"><div class=\"w-image-h\"><img decoding=\"async\" width=\"824\" height=\"422\" src=\"https:\/\/www.coeo-group.ai\/wp-content\/uploads\/2025\/08\/Logo-Donts-Typeout.png\" class=\"attachment-large size-large\" alt=\"\" loading=\"lazy\" srcset=\"https:\/\/www.coeo-group.ai\/wp-content\/uploads\/2025\/08\/Logo-Donts-Typeout.png 824w, https:\/\/www.coeo-group.ai\/wp-content\/uploads\/2025\/08\/Logo-Donts-Typeout-300x154.png 300w\" sizes=\"auto, (max-width: 824px) 100vw, 824px\" \/><\/div><\/div><div class=\"wpb_text_column\"><div class=\"wpb_wrapper\"><p><strong>Ne<\/strong> tapez <strong>pas<\/strong> le logo vous-m\u00eame.<\/p>\n<\/div><\/div><\/div><\/div><\/div><div class=\"vc_col-sm-4 wpb_column vc_column_container\"><div class=\"vc_column-inner\"><div class=\"wpb_wrapper\"><div class=\"w-image styleguide-logo align_none\"><div class=\"w-image-h\"><img decoding=\"async\" width=\"824\" height=\"422\" src=\"https:\/\/www.coeo-group.ai\/wp-content\/uploads\/2025\/08\/Logo-Donts-Outline.png\" class=\"attachment-large size-large\" alt=\"\" loading=\"lazy\" srcset=\"https:\/\/www.coeo-group.ai\/wp-content\/uploads\/2025\/08\/Logo-Donts-Outline.png 824w, https:\/\/www.coeo-group.ai\/wp-content\/uploads\/2025\/08\/Logo-Donts-Outline-300x154.png 300w\" sizes=\"auto, (max-width: 824px) 100vw, 824px\" \/><\/div><\/div><div class=\"wpb_text_column\"><div class=\"wpb_wrapper\"><p><strong>N&#8217;<\/strong> affichez <strong>pas<\/strong> le logo sous la forme d&#8217;un contour.<\/p>\n<\/div><\/div><\/div><\/div><\/div><div class=\"vc_col-sm-4 wpb_column vc_column_container\"><div class=\"vc_column-inner\"><div class=\"wpb_wrapper\"><div class=\"w-image styleguide-logo align_none\"><div class=\"w-image-h\"><img decoding=\"async\" width=\"824\" height=\"422\" src=\"https:\/\/www.coeo-group.ai\/wp-content\/uploads\/2025\/08\/Logo-Donts-Distortion.png\" class=\"attachment-large size-large\" alt=\"\" loading=\"lazy\" srcset=\"https:\/\/www.coeo-group.ai\/wp-content\/uploads\/2025\/08\/Logo-Donts-Distortion.png 824w, https:\/\/www.coeo-group.ai\/wp-content\/uploads\/2025\/08\/Logo-Donts-Distortion-300x154.png 300w\" sizes=\"auto, (max-width: 824px) 100vw, 824px\" \/><\/div><\/div><div class=\"wpb_text_column\"><div class=\"wpb_wrapper\"><p><strong>Ne<\/strong> d\u00e9formez <strong>pas<\/strong> et n&#8217;\u00e9tirez <strong>pas<\/strong> le logo.<\/p>\n<\/div><\/div><\/div><\/div><\/div><\/div><\/div><\/div><\/div><\/div><\/div><\/section>\n","protected":false},"excerpt":{"rendered":"[vc_custom_heading text=\"Le visage de notre entreprise.\" font_container=\"tag:h1|text_align:left\" use_theme_fonts=\"yes\"]Notre logo ne refl\u00e8te pas seulement notre identit\u00e9, il instaure \u00e9galement la confiance et la reconnaissance aupr\u00e8s des clients, des d\u00e9biteurs et des partenaires. Il s&#8217;impose de lui-m\u00eame, sans qu&#8217;il soit n\u00e9cessaire d&#8217;ajouter d&#8217;autres \u00e9l\u00e9ments graphiques. Kit logo complet [vc_custom_heading text=\"Utilisation primaire\" use_theme_fonts=\"yes\"]Le logo doit \u00eatre utilis\u00e9 principalement...","protected":false},"author":2,"featured_media":0,"parent":15635,"menu_order":0,"comment_status":"closed","ping_status":"closed","template":"","meta":{"_acf_changed":false,"footnotes":""},"class_list":["post-15628","page","type-page","status-publish","hentry"],"acf":[],"_links":{"self":[{"href":"https:\/\/www.coeo-group.ai\/fr\/wp-json\/wp\/v2\/pages\/15628","targetHints":{"allow":["GET"]}}],"collection":[{"href":"https:\/\/www.coeo-group.ai\/fr\/wp-json\/wp\/v2\/pages"}],"about":[{"href":"https:\/\/www.coeo-group.ai\/fr\/wp-json\/wp\/v2\/types\/page"}],"author":[{"embeddable":true,"href":"https:\/\/www.coeo-group.ai\/fr\/wp-json\/wp\/v2\/users\/2"}],"replies":[{"embeddable":true,"href":"https:\/\/www.coeo-group.ai\/fr\/wp-json\/wp\/v2\/comments?post=15628"}],"version-history":[{"count":2,"href":"https:\/\/www.coeo-group.ai\/fr\/wp-json\/wp\/v2\/pages\/15628\/revisions"}],"predecessor-version":[{"id":15634,"href":"https:\/\/www.coeo-group.ai\/fr\/wp-json\/wp\/v2\/pages\/15628\/revisions\/15634"}],"up":[{"embeddable":true,"href":"https:\/\/www.coeo-group.ai\/fr\/wp-json\/wp\/v2\/pages\/15635"}],"wp:attachment":[{"href":"https:\/\/www.coeo-group.ai\/fr\/wp-json\/wp\/v2\/media?parent=15628"}],"curies":[{"name":"wp","href":"https:\/\/api.w.org\/{rel}","templated":true}]}}