{"id":15621,"date":"2025-08-23T14:49:53","date_gmt":"2025-08-23T12:49:53","guid":{"rendered":"https:\/\/newsite26.coeo-group.ai\/police-dentreprise\/"},"modified":"2026-04-24T13:24:39","modified_gmt":"2026-04-24T11:24:39","slug":"police-dentreprise","status":"publish","type":"page","link":"https:\/\/www.coeo-group.ai\/fr\/guide-du-style\/police-dentreprise\/","title":{"rendered":"Police d&#8217;entreprise"},"content":{"rendered":"<section class=\"l-section wpb_row height_custom\"><div class=\"l-section-h i-cf\"><div class=\"g-cols vc_row via_flex valign_top type_default stacking_default\"><div class=\"vc_col-sm-12 wpb_column vc_column_container\"><div class=\"vc_column-inner\"><div class=\"wpb_wrapper\"><div class=\"g-cols wpb_row via_flex valign_top type_default stacking_default\"><div class=\"vc_col-sm-8 wpb_column vc_column_container\"><div class=\"vc_column-inner\"><div class=\"wpb_wrapper\">[vc_custom_heading text=&#8221;Le personnage<br \/>\nest pr\u00e9sent dans chaque mot.&#8221; font_container=&#8221;tag:h1|text_align:left&#8221; use_theme_fonts=&#8221;yes&#8221;]<\/div><\/div><\/div><div class=\"vc_col-sm-4 wpb_column vc_column_container\"><div class=\"vc_column-inner\"><div class=\"wpb_wrapper\"><\/div><\/div><\/div><\/div><div class=\"w-separator hide_on_mobiles size_medium\"><\/div><div class=\"wpb_text_column\"><div class=\"wpb_wrapper\"><p><strong>La police de caract\u00e8res de notre entreprise<\/strong> fa\u00e7onne la fa\u00e7on dont nous nous exprimons &#8211; calmement, de mani\u00e8re coh\u00e9rente et avec d\u00e9termination. Elle donne \u00e0 notre contenu de la clart\u00e9, du rythme et un ton visuel qui refl\u00e8te ce que nous sommes. Elle apporte de la personnalit\u00e9 \u00e0 chaque message que nous partageons.<\/p>\n<\/div><\/div><div class=\"w-separator size_medium\"><\/div>[vc_custom_heading text=&#8221;Sofia Pro&#8221; use_theme_fonts=&#8221;yes&#8221;]<div class=\"wpb_text_column\"><div class=\"wpb_wrapper\"><p>Sofia Pro refl\u00e8te le c\u0153ur du groupe coeo &#8211; moderne, professionnel et accessible. Son design net et g\u00e9om\u00e9trique garantit clart\u00e9 et pr\u00e9cision, tandis que ses bords arrondis et conviviaux ajoutent de la chaleur. La police trouve un \u00e9quilibre parfait entre le professionnalisme et l&#8217;accessibilit\u00e9, donnant au groupe coeo une voix \u00e0 la fois confiante et humaine. Sa polyvalence la rend id\u00e9ale pour les applications num\u00e9riques et imprim\u00e9es, assurant une pr\u00e9sence coh\u00e9rente dans toutes les communications.   <\/p>\n<p>Nous disposons d&#8217;une licence d&#8217;entreprise. En principe, la mise \u00e0 disposition temporaire des fichiers de polices \u00e0 des prestataires de services du groupe coeo est \u00e9galement possible sous certaines conditions. N&#8217;h\u00e9sitez pas \u00e0 <a href=\"mailto:cd@coeo-group.ai\">nous contacter<\/a>.  <\/p>\n<p><strong><a href=\"https:\/\/fonts.adobe.com\/fonts\/sofia\" target=\"_blank\" rel=\"noopener\">Sofia Pro<\/a> peut \u00eatre activ\u00e9 et utilis\u00e9 gratuitement par tous les abonn\u00e9s d&#8217;Adobe Creative Cloud.<\/strong><\/p>\n<\/div><\/div><div class=\"w-separator size_medium\"><\/div><div class=\"g-cols wpb_row styleguide-vier-reihen via_flex valign_top type_default stacking_default\"><div class=\"vc_col-sm-6 wpb_column vc_column_container\"><div class=\"vc_column-inner\"><div class=\"wpb_wrapper\">[vc_custom_heading text=&#8221;Sofia Pro | Bold&#8221; use_theme_fonts=&#8221;yes&#8221;]<div class=\"wpb_text_column corporate-font-bold\"><div class=\"wpb_wrapper\"><p>A B C D E F G H I J K L M N O P Q R S T U V W X Y Z<br \/>\na b c d e f g h i j k l m n o p q r s t u v w x y z<br \/>\n0 1 2 3 4 5 6 7 8 9 ? ! &amp; @ &#8221; &#8221; % * # $ \u00a3 \u20ac \/ ( ) [ ] . , : ; \u00ae \u00a9<\/p>\n<\/div><\/div><\/div><\/div><\/div><div class=\"vc_col-sm-6 wpb_column vc_column_container\"><div class=\"vc_column-inner\"><div class=\"wpb_wrapper\">[vc_custom_heading text=&#8221;Sofia Pro | Bold Italic&#8221; use_theme_fonts=&#8221;yes&#8221;]<div class=\"wpb_text_column corporate-font-bold-i\"><div class=\"wpb_wrapper\"><p>A B C D E F G H I J K L M N O P Q R S T U V W X Y Z<br \/>\na b c d e f g h i j k l m n o p q r s t u v w x y z<br \/>\n0 1 2 3 4 5 6 7 8 9 ? ! &amp; @ &#8221; &#8221; % * # $ \u00a3 \u20ac \/ ( ) [ ] . , : ; \u00ae \u00a9<\/p>\n<\/div><\/div><\/div><\/div><\/div><\/div><div class=\"w-separator size_small\"><\/div><div class=\"g-cols wpb_row styleguide-vier-reihen via_flex valign_top type_default stacking_default\"><div class=\"vc_col-sm-6 wpb_column vc_column_container\"><div class=\"vc_column-inner\"><div class=\"wpb_wrapper\">[vc_custom_heading text=&#8221;Sofia Pro | Regular&#8221; use_theme_fonts=&#8221;yes&#8221;]<div class=\"wpb_text_column corporate-font-regular\"><div class=\"wpb_wrapper\"><p>A B C D E F G H I J K L M N O P Q R S T U V W X Y Z<br \/>\na b c d e f g h i j k l m n o p q r s t u v w x y z<br \/>\n0 1 2 3 4 5 6 7 8 9 ? ! &amp; @ &#8221; &#8221; % * # $ \u00a3 \u20ac \/ ( ) [ ] . , : ; \u00ae \u00a9<\/p>\n<\/div><\/div><\/div><\/div><\/div><div class=\"vc_col-sm-6 wpb_column vc_column_container\"><div class=\"vc_column-inner\"><div class=\"wpb_wrapper\">[vc_custom_heading text=&#8221;Sofia Pro | Regular Italic&#8221; use_theme_fonts=&#8221;yes&#8221;]<div class=\"wpb_text_column corporate-font-regular-i\"><div class=\"wpb_wrapper\"><p>A B C D E F G H I J K L M N O P Q R S T U V W X Y Z<br \/>\na b c d e f g h i j k l m n o p q r s t u v w x y z<br \/>\n0 1 2 3 4 5 6 7 8 9 ? ! &amp; @ &#8221; &#8221; % * # $ \u00a3 \u20ac \/ ( ) [ ] . , : ; \u00ae \u00a9<\/p>\n<\/div><\/div><\/div><\/div><\/div><\/div><div class=\"w-separator size_large\"><\/div>[vc_custom_heading text=&#8221;Police de secours : Aptos&#8221; use_theme_fonts=&#8221;yes&#8221;]<div class=\"wpb_text_column\"><div class=\"wpb_wrapper\"><p>Parfois, Sofia Pro n&#8217;est pas disponible, par exemple dans les courriers \u00e9lectroniques ou les applications Office telles que Word, Excel et PowerPoint. C&#8217;est l\u00e0 qu&#8217;intervient notre police de secours, Aptos. Elle permet de conserver un aspect propre et coh\u00e9rent et de s&#8217;assurer que notre voix reste claire, m\u00eame lorsque notre police pr\u00e9f\u00e9r\u00e9e prend une pause. Aptos est la police par d\u00e9faut de Microsoft Office. Elle est donc facile \u00e0 utiliser pour tout le monde, \u00e0 l&#8217;int\u00e9rieur comme \u00e0 l&#8217;ext\u00e9rieur de l&#8217;entreprise.<\/p>\n<\/div><\/div><div class=\"w-separator size_medium\"><\/div><div class=\"g-cols wpb_row styleguide-vier-reihen via_flex valign_top type_default stacking_default\"><div class=\"vc_col-sm-6 wpb_column vc_column_container\"><div class=\"vc_column-inner\"><div class=\"wpb_wrapper\"><div class=\"w-image aptos-font-kit align_none\"><div class=\"w-image-h\"><img decoding=\"async\" src=\"https:\/\/www.coeo-group.ai\/wp-content\/uploads\/2025\/12\/Typeface-Aptos-Bold.svg\" class=\"attachment-full size-full\" alt=\"\" loading=\"lazy\" \/><\/div><\/div><\/div><\/div><\/div><div class=\"vc_col-sm-6 wpb_column vc_column_container\"><div class=\"vc_column-inner\"><div class=\"wpb_wrapper\"><div class=\"w-image aptos-font-kit align_none\"><div class=\"w-image-h\"><img decoding=\"async\" src=\"https:\/\/www.coeo-group.ai\/wp-content\/uploads\/2025\/12\/Typeface-Aptos-Bold-Italic.svg\" class=\"attachment-full size-full\" alt=\"\" loading=\"lazy\" \/><\/div><\/div><\/div><\/div><\/div><\/div><div class=\"w-separator size_small\"><\/div><div class=\"w-separator size_small\"><\/div><div class=\"g-cols wpb_row styleguide-vier-reihen via_flex valign_top type_default stacking_default\"><div class=\"vc_col-sm-6 wpb_column vc_column_container\"><div class=\"vc_column-inner\"><div class=\"wpb_wrapper\"><div class=\"w-image aptos-font-kit align_none\"><div class=\"w-image-h\"><img decoding=\"async\" src=\"https:\/\/www.coeo-group.ai\/wp-content\/uploads\/2026\/04\/Typeface-Aptos-Light.svg\" class=\"attachment-full size-full\" alt=\"\" loading=\"lazy\" \/><\/div><\/div><\/div><\/div><\/div><div class=\"vc_col-sm-6 wpb_column vc_column_container\"><div class=\"vc_column-inner\"><div class=\"wpb_wrapper\"><div class=\"w-image aptos-font-kit align_none\"><div class=\"w-image-h\"><img decoding=\"async\" src=\"https:\/\/www.coeo-group.ai\/wp-content\/uploads\/2026\/04\/Typeface-Aptos-Light-Italic.svg\" class=\"attachment-full size-full\" alt=\"\" loading=\"lazy\" \/><\/div><\/div><\/div><\/div><\/div><\/div><\/div><\/div><\/div><\/div><\/div><\/section>\n","protected":false},"excerpt":{"rendered":"[vc_custom_heading text=\"Le personnage est pr\u00e9sent dans chaque mot.\" font_container=\"tag:h1|text_align:left\" use_theme_fonts=\"yes\"]La police de caract\u00e8res de notre entreprise fa\u00e7onne la fa\u00e7on dont nous nous exprimons &#8211; calmement, de mani\u00e8re coh\u00e9rente et avec d\u00e9termination. Elle donne \u00e0 notre contenu de la clart\u00e9, du rythme et un ton visuel qui refl\u00e8te ce que nous sommes. Elle apporte de la...","protected":false},"author":2,"featured_media":0,"parent":15635,"menu_order":0,"comment_status":"closed","ping_status":"closed","template":"","meta":{"_acf_changed":false,"footnotes":""},"class_list":["post-15621","page","type-page","status-publish","hentry"],"acf":[],"_links":{"self":[{"href":"https:\/\/www.coeo-group.ai\/fr\/wp-json\/wp\/v2\/pages\/15621","targetHints":{"allow":["GET"]}}],"collection":[{"href":"https:\/\/www.coeo-group.ai\/fr\/wp-json\/wp\/v2\/pages"}],"about":[{"href":"https:\/\/www.coeo-group.ai\/fr\/wp-json\/wp\/v2\/types\/page"}],"author":[{"embeddable":true,"href":"https:\/\/www.coeo-group.ai\/fr\/wp-json\/wp\/v2\/users\/2"}],"replies":[{"embeddable":true,"href":"https:\/\/www.coeo-group.ai\/fr\/wp-json\/wp\/v2\/comments?post=15621"}],"version-history":[{"count":4,"href":"https:\/\/www.coeo-group.ai\/fr\/wp-json\/wp\/v2\/pages\/15621\/revisions"}],"predecessor-version":[{"id":17282,"href":"https:\/\/www.coeo-group.ai\/fr\/wp-json\/wp\/v2\/pages\/15621\/revisions\/17282"}],"up":[{"embeddable":true,"href":"https:\/\/www.coeo-group.ai\/fr\/wp-json\/wp\/v2\/pages\/15635"}],"wp:attachment":[{"href":"https:\/\/www.coeo-group.ai\/fr\/wp-json\/wp\/v2\/media?parent=15621"}],"curies":[{"name":"wp","href":"https:\/\/api.w.org\/{rel}","templated":true}]}}