{"id":15613,"date":"2025-08-23T16:49:03","date_gmt":"2025-08-23T14:49:03","guid":{"rendered":"https:\/\/newsite26.coeo-group.ai\/iconset\/"},"modified":"2026-03-13T09:19:28","modified_gmt":"2026-03-13T08:19:28","slug":"iconset","status":"publish","type":"page","link":"https:\/\/www.coeo-group.ai\/fr\/guide-du-style\/iconset\/","title":{"rendered":"Iconset"},"content":{"rendered":"<section class=\"l-section wpb_row icon-box-wrapper height_auto width_full\"><div class=\"l-section-h i-cf\"><div class=\"g-cols vc_row via_flex valign_top type_default stacking_default\"><div class=\"vc_col-sm-12 wpb_column vc_column_container\"><div class=\"vc_column-inner\"><div class=\"wpb_wrapper\"><div class=\"w-image styleguide-icon-download align_none\"><a href=\"\/download\/13383\/\" aria-label=\"Button-IconKit-DarkGrey\" class=\"w-image-h\"><img decoding=\"async\" src=\"https:\/\/www.coeo-group.ai\/wp-content\/uploads\/2025\/09\/Button-IconKit-DarkGrey.svg\" class=\"attachment-full size-full\" alt=\"\" loading=\"lazy\" \/><\/a><\/div><div class=\"w-image styleguide-icon-download icon-download-zwo align_none\"><a href=\"\/download\/13385\/\" aria-label=\"Button-IconKit-White\" class=\"w-image-h\"><img decoding=\"async\" src=\"https:\/\/www.coeo-group.ai\/wp-content\/uploads\/2025\/09\/Button-IconKit-White.svg\" class=\"attachment-full size-full\" alt=\"\" loading=\"lazy\" \/><\/a><\/div><div class=\"w-image styleguide-icon-download icon-download-drei align_none\"><a href=\"\/download\/13387\/\" aria-label=\"Button-IconKit-FillBlue\" class=\"w-image-h\"><img decoding=\"async\" src=\"https:\/\/www.coeo-group.ai\/wp-content\/uploads\/2025\/09\/Button-IconKit-FillBlue.svg\" class=\"attachment-full size-full\" alt=\"\" loading=\"lazy\" \/><\/a><\/div><\/div><\/div><\/div><\/div><\/div><\/section><section class=\"l-section wpb_row height_custom\"><div class=\"l-section-h i-cf\"><div class=\"g-cols vc_row via_flex valign_top type_default stacking_default\"><div class=\"vc_col-sm-12 wpb_column vc_column_container\"><div class=\"vc_column-inner\"><div class=\"wpb_wrapper\"><div class=\"g-cols wpb_row via_flex valign_top type_default stacking_default\"><div class=\"vc_col-sm-8 wpb_column vc_column_container\"><div class=\"vc_column-inner\"><div class=\"wpb_wrapper\">[vc_custom_heading text=&#8221;De la complexit\u00e9<br \/>\n\u00e0 la clart\u00e9.&#8221; font_container=&#8221;tag:h1|text_align:left&#8221; use_theme_fonts=&#8221;yes&#8221;]<\/div><\/div><\/div><div class=\"vc_col-sm-4 wpb_column vc_column_container\"><div class=\"vc_column-inner\"><div class=\"wpb_wrapper\"><\/div><\/div><\/div><\/div><div class=\"w-separator hide_on_mobiles size_medium\"><\/div><div class=\"wpb_text_column\"><div class=\"wpb_wrapper\"><p><strong>Nos ic\u00f4nes<\/strong> aident les utilisateurs \u00e0 saisir plus rapidement le contenu, \u00e0 s&#8217;orienter et sont les h\u00e9ros discrets d&#8217;une conception bien pens\u00e9e. Simples, modernes, accessibles. Leurs lignes fines font \u00e9cho \u00e0 l&#8217;esth\u00e9tique a\u00e9r\u00e9e et \u00e9quilibr\u00e9e de notre typographie et la prolongent visuellement.  <\/p>\n<p><strong>Les ic\u00f4nes sont bas\u00e9es sur le jeu d&#8217;<a class=\"link-styleguide\" href=\"https:\/\/phosphoricons.com\/?weight=%22thin%22&amp;color=%22333333%22\" target=\"_blank\" rel=\"noopener\">ic\u00f4nes Phosphor<\/a> open-source, sous licence MIT.<\/strong><\/p>\n<\/div><\/div><div class=\"w-separator size_small\"><\/div><div class=\"g-cols wpb_row styleguide-vier-reihen via_flex valign_top type_default stacking_default\"><div class=\"vc_col-sm-6 wpb_column vc_column_container\"><div class=\"vc_column-inner\"><div class=\"wpb_wrapper\"><div class=\"w-image iconset-sammlung align_none\"><div class=\"w-image-h\"><img decoding=\"async\" width=\"1024\" height=\"1024\" src=\"https:\/\/www.coeo-group.ai\/wp-content\/uploads\/2025\/08\/Iconset-DarkGrey.svg\" class=\"attachment-large size-large\" alt=\"\" loading=\"lazy\" \/><\/div><\/div><\/div><\/div><\/div><div class=\"vc_col-sm-6 wpb_column vc_column_container\"><div class=\"vc_column-inner\"><div class=\"wpb_wrapper\"><div class=\"w-image us_custom_1da11972 iconset-sammlung-inv align_none has_bg_color\"><div class=\"w-image-h\"><img decoding=\"async\" width=\"1024\" height=\"1024\" src=\"https:\/\/www.coeo-group.ai\/wp-content\/uploads\/2025\/08\/Iconset-White.svg\" class=\"attachment-large size-large\" alt=\"\" loading=\"lazy\" \/><\/div><\/div><\/div><\/div><\/div><\/div><div class=\"w-separator size_small\"><\/div><div class=\"wpb_text_column\"><div class=\"wpb_wrapper\"><p>Les ic\u00f4nes sont utilis\u00e9es dans le style &#8220;Thin&#8221;. Sur les fonds clairs, elles doivent appara\u00eetre exclusivement en couleur #333333, et sur les fonds fonc\u00e9s exclusivement en #FFFFFF. <strong>Exception :<\/strong> Lorsque les ic\u00f4nes sont utilis\u00e9es comme boutons, par exemple dans le portail de services ou sur un site web, elles doivent \u00eatre de style &#8220;Fill&#8221; et de couleur #78BE21.<\/p>\n<\/div><\/div><div class=\"w-html bubble-text-wrapper\"><a href=\"\/download\/13383\/\" class=\"styleguide-bubble-textlink\">Kit Ic\u00f4ne Gris fonc\u00e9<\/a><br><a href=\"\/download\/13385\/\" class=\"styleguide-bubble-textlink\">Kit d'ic\u00f4nes blanc<\/a><br><a href=\"\/download\/13387\/\" class=\"styleguide-bubble-textlink\">Kit d'ic\u00f4nes \"Fill\" bleu<\/a> \n<\/div><div class=\"w-separator size_medium\"><\/div>[vc_custom_heading text=&#8221;Favicon&#8221; use_theme_fonts=&#8221;yes&#8221;]<div class=\"wpb_text_column\"><div class=\"wpb_wrapper\"><p>Un favicon est une petite ic\u00f4ne qui appara\u00eet dans l&#8217;onglet du navigateur \u00e0 c\u00f4t\u00e9 du titre de la page. Elle aide les utilisateurs \u00e0 reconna\u00eetre visuellement notre site web et renforce la pr\u00e9sence de notre marque en ligne. Le favicon coeo est optimis\u00e9 pour cette utilisation sp\u00e9cifique et ne doit \u00eatre utilis\u00e9 que dans ce contexte. Toute autre utilisation est interdite.<\/p>\n<\/div><\/div><div class=\"w-separator size_small\"><\/div><div class=\"w-html\"><div class=\"iconset-download-icons\">\n<span><img decoding=\"async\" src=\"https:\/\/www.coeo-group.ai\/wp-content\/uploads\/2025\/08\/coeo-Favicon.png\"><\/span>\n<span class=\"stylegude-download-icons\"><a href=\"\/download\/13373\/\"><img decoding=\"async\" src=\"https:\/\/www.coeo-group.ai\/wp-content\/uploads\/2026\/01\/file-ico-fill.svg\"><\/a><\/span>\n<\/div><\/div><div class=\"w-separator size_small\"><\/div><\/div><\/div><\/div><\/div><\/div><\/section>\n","protected":false},"excerpt":{"rendered":"[vc_custom_heading text=\"De la complexit\u00e9 \u00e0 la clart\u00e9.\" font_container=\"tag:h1|text_align:left\" use_theme_fonts=\"yes\"]Nos ic\u00f4nes aident les utilisateurs \u00e0 saisir plus rapidement le contenu, \u00e0 s&#8217;orienter et sont les h\u00e9ros discrets d&#8217;une conception bien pens\u00e9e. Simples, modernes, accessibles. Leurs lignes fines font \u00e9cho \u00e0 l&#8217;esth\u00e9tique a\u00e9r\u00e9e et \u00e9quilibr\u00e9e de notre typographie et la prolongent visuellement. Les ic\u00f4nes sont bas\u00e9es sur...","protected":false},"author":2,"featured_media":0,"parent":15635,"menu_order":0,"comment_status":"closed","ping_status":"closed","template":"","meta":{"_acf_changed":false,"footnotes":""},"class_list":["post-15613","page","type-page","status-publish","hentry"],"acf":[],"_links":{"self":[{"href":"https:\/\/www.coeo-group.ai\/fr\/wp-json\/wp\/v2\/pages\/15613","targetHints":{"allow":["GET"]}}],"collection":[{"href":"https:\/\/www.coeo-group.ai\/fr\/wp-json\/wp\/v2\/pages"}],"about":[{"href":"https:\/\/www.coeo-group.ai\/fr\/wp-json\/wp\/v2\/types\/page"}],"author":[{"embeddable":true,"href":"https:\/\/www.coeo-group.ai\/fr\/wp-json\/wp\/v2\/users\/2"}],"replies":[{"embeddable":true,"href":"https:\/\/www.coeo-group.ai\/fr\/wp-json\/wp\/v2\/comments?post=15613"}],"version-history":[{"count":2,"href":"https:\/\/www.coeo-group.ai\/fr\/wp-json\/wp\/v2\/pages\/15613\/revisions"}],"predecessor-version":[{"id":15615,"href":"https:\/\/www.coeo-group.ai\/fr\/wp-json\/wp\/v2\/pages\/15613\/revisions\/15615"}],"up":[{"embeddable":true,"href":"https:\/\/www.coeo-group.ai\/fr\/wp-json\/wp\/v2\/pages\/15635"}],"wp:attachment":[{"href":"https:\/\/www.coeo-group.ai\/fr\/wp-json\/wp\/v2\/media?parent=15613"}],"curies":[{"name":"wp","href":"https:\/\/api.w.org\/{rel}","templated":true}]}}