{"id":15603,"date":"2025-08-23T21:43:14","date_gmt":"2025-08-23T19:43:14","guid":{"rendered":"https:\/\/newsite26.coeo-group.ai\/diagrammes-schemas-et-tableaux\/"},"modified":"2026-03-13T09:19:28","modified_gmt":"2026-03-13T08:19:28","slug":"diagrammes-schemas-et-tableaux","status":"publish","type":"page","link":"https:\/\/www.coeo-group.ai\/fr\/guide-du-style\/diagrammes-schemas-et-tableaux\/","title":{"rendered":"Diagrammes, sch\u00e9mas et tableaux"},"content":{"rendered":"<section class=\"l-section wpb_row height_custom\"><div class=\"l-section-h i-cf\"><div class=\"g-cols vc_row via_flex valign_top type_default stacking_default\"><div class=\"vc_col-sm-12 wpb_column vc_column_container\"><div class=\"vc_column-inner\"><div class=\"wpb_wrapper\"><div class=\"g-cols wpb_row via_flex valign_top type_default stacking_default\"><div class=\"vc_col-sm-12 wpb_column vc_column_container\"><div class=\"vc_column-inner\"><div class=\"wpb_wrapper\">[vc_custom_heading text=&#8221;Mettez en \u00e9vidence. Simplifiez.<br \/>\nExpliquez. &#8221; font_container=&#8221;tag:h1|text_align:left&#8221; use_theme_fonts=&#8221;yes&#8221;]<\/div><\/div><\/div><\/div><div class=\"w-separator hide_on_mobiles size_medium\"><\/div><div class=\"wpb_text_column\"><div class=\"wpb_wrapper\"><p><strong>Les diagrammes, les tableaux et les l\u00e9gendes<\/strong> permettent de transformer des informations complexes en un contenu digeste et attrayant. Utilisez-les pour mettre en \u00e9vidence les id\u00e9es cl\u00e9s, structurer les donn\u00e9es de mani\u00e8re significative et attirer l&#8217;attention du lecteur l\u00e0 o\u00f9 c&#8217;est le plus important. La coh\u00e9rence du style, la clart\u00e9 de la conception et la pertinence de l&#8217;emplacement sont essentielles pour rendre l&#8217;information non seulement visible, mais aussi m\u00e9morable.<\/p>\n<\/div><\/div><div class=\"w-separator size_medium\"><\/div><div class=\"g-cols wpb_row via_flex valign_top type_default stacking_default\"><div class=\"vc_col-sm-4 wpb_column vc_column_container\"><div class=\"vc_column-inner\"><div class=\"wpb_wrapper\"><div class=\"w-image align_none\"><div class=\"w-image-h\"><img decoding=\"async\" width=\"930\" height=\"779\" src=\"https:\/\/www.coeo-group.ai\/wp-content\/uploads\/2026\/02\/Balkendiagramm-EN.png\" class=\"attachment-full size-full\" alt=\"\" loading=\"lazy\" srcset=\"https:\/\/www.coeo-group.ai\/wp-content\/uploads\/2026\/02\/Balkendiagramm-EN.png 930w, https:\/\/www.coeo-group.ai\/wp-content\/uploads\/2026\/02\/Balkendiagramm-EN-300x251.png 300w\" sizes=\"auto, (max-width: 930px) 100vw, 930px\" \/><\/div><\/div><\/div><\/div><\/div><div class=\"vc_col-sm-4 wpb_column vc_column_container\"><div class=\"vc_column-inner\"><div class=\"wpb_wrapper\"><div class=\"w-image align_none\"><div class=\"w-image-h\"><img decoding=\"async\" width=\"950\" height=\"781\" src=\"https:\/\/www.coeo-group.ai\/wp-content\/uploads\/2026\/02\/Liniendiagramm-EN.png\" class=\"attachment-full size-full\" alt=\"\" loading=\"lazy\" srcset=\"https:\/\/www.coeo-group.ai\/wp-content\/uploads\/2026\/02\/Liniendiagramm-EN.png 950w, https:\/\/www.coeo-group.ai\/wp-content\/uploads\/2026\/02\/Liniendiagramm-EN-300x247.png 300w\" sizes=\"auto, (max-width: 950px) 100vw, 950px\" \/><\/div><\/div><\/div><\/div><\/div><div class=\"vc_col-sm-4 wpb_column vc_column_container\"><div class=\"vc_column-inner\"><div class=\"wpb_wrapper\"><div class=\"w-image align_none\"><div class=\"w-image-h\"><img decoding=\"async\" width=\"1114\" height=\"1042\" src=\"https:\/\/www.coeo-group.ai\/wp-content\/uploads\/2026\/02\/Tortendiagramm-EN-1.png\" class=\"attachment-full size-full\" alt=\"\" loading=\"lazy\" srcset=\"https:\/\/www.coeo-group.ai\/wp-content\/uploads\/2026\/02\/Tortendiagramm-EN-1.png 1114w, https:\/\/www.coeo-group.ai\/wp-content\/uploads\/2026\/02\/Tortendiagramm-EN-1-300x281.png 300w, https:\/\/www.coeo-group.ai\/wp-content\/uploads\/2026\/02\/Tortendiagramm-EN-1-1024x958.png 1024w\" sizes=\"auto, (max-width: 1114px) 100vw, 1114px\" \/><\/div><\/div><\/div><\/div><\/div><\/div><div class=\"w-separator size_medium\"><\/div><div class=\"wpb_text_column\"><div class=\"wpb_wrapper\"><p>Nos <strong>diagrammes<\/strong> sont clairs, minimaux et ax\u00e9s sur l&#8217;essentiel &#8211; pas d&#8217;\u00e9l\u00e9ments inutiles, pas d&#8217;ombres. Ils n&#8217;utilisent que les couleurs de notre entreprise et utilisent toujours notre police de caract\u00e8res principale ou la police de remplacement d\u00e9sign\u00e9e. Le texte et les lignes apparaissent en #333333, passant \u00e0 #FFFFFF sur les fonds sombres. Les lignes sont rendues aussi fines que possible et les \u00e9tiquettes ne comportent que les informations essentielles n\u00e9cessaires pour comprendre les donn\u00e9es d&#8217;un seul coup d&#8217;\u0153il.<\/p>\n<\/div><\/div><div class=\"w-separator size_medium\"><\/div><div class=\"w-image align_none\"><div class=\"w-image-h\"><img decoding=\"async\" width=\"2560\" height=\"1038\" src=\"https:\/\/www.coeo-group.ai\/wp-content\/uploads\/2025\/08\/Table-scaled.png\" class=\"attachment-full size-full\" alt=\"\" loading=\"lazy\" srcset=\"https:\/\/www.coeo-group.ai\/wp-content\/uploads\/2025\/08\/Table-scaled.png 2560w, https:\/\/www.coeo-group.ai\/wp-content\/uploads\/2025\/08\/Table-300x122.png 300w, https:\/\/www.coeo-group.ai\/wp-content\/uploads\/2025\/08\/Table-1024x415.png 1024w, https:\/\/www.coeo-group.ai\/wp-content\/uploads\/2025\/08\/Table-1536x623.png 1536w\" sizes=\"auto, (max-width: 2560px) 100vw, 2560px\" \/><\/div><\/div><div class=\"w-separator size_medium\"><\/div><div class=\"wpb_text_column\"><div class=\"wpb_wrapper\"><p>Les <strong>tableaux<\/strong> utilisent notre police de caract\u00e8res principale ou sa variante d\u00e9sign\u00e9e, et tout le texte est en gris fonc\u00e9 (#333333) pour une lisibilit\u00e9 optimale. L&#8217;en-t\u00eate du tableau pr\u00e9sente un fond blanc (#FFFFFF) et est visuellement s\u00e9par\u00e9 du corps du tableau par une fine ligne gris fonc\u00e9 (#333333). Dans le corps du tableau, les lignes alternent entre le gris clair (#F7F7F7) et le blanc (#FFFFFF) pour une meilleure lisibilit\u00e9. Les colonnes sont divis\u00e9es par de fines lignes en gris clair (#F7F7F7), et une ligne grise fonc\u00e9e (#333333) marque la fin du tableau pour une fermeture visuelle claire.<\/p>\n<\/div><\/div><div class=\"w-separator size_large\"><\/div><div class=\"g-cols wpb_row highlight-color via_flex valign_top type_default stacking_default\"><div class=\"vc_col-sm-4 wpb_column vc_column_container\"><div class=\"vc_column-inner\"><div class=\"wpb_wrapper\"><div class=\"w-image styleguide-color-square align_none\"><div class=\"w-image-h\"><img decoding=\"async\" width=\"1024\" height=\"1024\" src=\"https:\/\/www.coeo-group.ai\/wp-content\/uploads\/2025\/08\/Callout-AquaBlue.svg\" class=\"attachment-large size-large\" alt=\"\" loading=\"lazy\" \/><\/div><\/div><div class=\"w-separator size_small\"><\/div><div class=\"w-html\"><div class=\"color-values\">\n  <div class=\"color-row\" data-hex=\"298FC2\">\n    <span class=\"label\">HEX<\/span>\n    <span class=\"value\">298FC2<\/span>\n  <\/div>\n  <div class=\"color-row\">\n    <span class=\"label\">RVB<\/span>\n    <span class=\"value\">41\/143\/194<\/span>\n  <\/div>\n  <div class=\"color-row\">\n    <span class=\"label\">CMJN<\/span>\n    <span class=\"value\">76\/26\/0\/0<\/span>\n  <\/div>\n<\/div>\n<\/div><\/div><\/div><\/div><div class=\"vc_col-sm-4 wpb_column vc_column_container\"><div class=\"vc_column-inner\"><div class=\"wpb_wrapper\"><div class=\"w-image styleguide-color-square align_none\"><div class=\"w-image-h\"><img decoding=\"async\" width=\"1024\" height=\"1024\" src=\"https:\/\/www.coeo-group.ai\/wp-content\/uploads\/2025\/08\/Callout-MeadowGreen.svg\" class=\"attachment-large size-large\" alt=\"\" loading=\"lazy\" \/><\/div><\/div><div class=\"w-separator size_small\"><\/div><div class=\"w-html\"><div class=\"color-values\">\n  <div class=\"color-row\" data-hex=\"78BE21\">\n    <span class=\"label\">HEX<\/span>\n    <span class=\"value\">78BE21<\/span>\n  <\/div>\n  <div class=\"color-row\">\n    <span class=\"label\">RVB<\/span>\n    <span class=\"value\">120\/190\/33\n<\/span>\n  <\/div>\n  <div class=\"color-row\">\n    <span class=\"label\">CMJN<\/span>\n    <span class=\"value\">54\/0\/100\/0<\/span>\n  <\/div>\n<\/div>\n<\/div><\/div><\/div><\/div><div class=\"vc_col-sm-4 wpb_column vc_column_container\"><div class=\"vc_column-inner\"><div class=\"wpb_wrapper\"><div class=\"w-image styleguide-color-square align_none\"><div class=\"w-image-h\"><img decoding=\"async\" width=\"1024\" height=\"1024\" src=\"https:\/\/www.coeo-group.ai\/wp-content\/uploads\/2025\/08\/Callout-OceanBlue.svg\" class=\"attachment-large size-large\" alt=\"\" loading=\"lazy\" \/><\/div><\/div><div class=\"w-separator size_small\"><\/div><div class=\"w-html\"><div class=\"color-values\">\n  <div class=\"color-row\" data-hex=\"326295\">\n    <span class=\"label\">HEX<\/span>\n    <span class=\"value\">326295<\/span>\n  <\/div>\n  <div class=\"color-row\">\n    <span class=\"label\">RVB<\/span>\n    <span class=\"value\">50\/98\/149\n<\/span>\n  <\/div>\n  <div class=\"color-row\">\n    <span class=\"label\">CMJN<\/span>\n    <span class=\"value\">84\/54\/3\/10<\/span>\n  <\/div>\n<\/div>\n<\/div><\/div><\/div><\/div><\/div><div class=\"w-separator size_medium\"><\/div><div class=\"g-cols wpb_row highlight-color via_flex valign_top type_default stacking_default\"><div class=\"vc_col-sm-4 wpb_column vc_column_container\"><div class=\"vc_column-inner\"><div class=\"wpb_wrapper\"><div class=\"w-image styleguide-color-square align_none\"><div class=\"w-image-h\"><img decoding=\"async\" width=\"1024\" height=\"1024\" src=\"https:\/\/www.coeo-group.ai\/wp-content\/uploads\/2025\/08\/Callout-SunnyYellow.svg\" class=\"attachment-large size-large\" alt=\"\" loading=\"lazy\" \/><\/div><\/div><div class=\"w-separator size_small\"><\/div><div class=\"w-html\"><div class=\"color-values\">\n  <div class=\"color-row\" data-hex=\"FEDD00\">\n    <span class=\"label\">HEX<\/span>\n    <span class=\"value\">FEDD00<\/span>\n  <\/div>\n  <div class=\"color-row\">\n    <span class=\"label\">RVB<\/span>\n    <span class=\"value\">254\/221\/0<\/span>\n  <\/div>\n  <div class=\"color-row\">\n    <span class=\"label\">CMJN<\/span>\n    <span class=\"value\">0\/0\/100\/0<\/span>\n  <\/div>\n<\/div>\n<\/div><\/div><\/div><\/div><div class=\"vc_col-sm-4 wpb_column vc_column_container\"><div class=\"vc_column-inner\"><div class=\"wpb_wrapper\"><div class=\"w-image styleguide-color-square align_none\"><div class=\"w-image-h\"><img decoding=\"async\" width=\"1024\" height=\"1024\" src=\"https:\/\/www.coeo-group.ai\/wp-content\/uploads\/2025\/08\/Callout-BrightOrange.svg\" class=\"attachment-large size-large\" alt=\"\" loading=\"lazy\" \/><\/div><\/div><div class=\"w-separator size_small\"><\/div><div class=\"w-html\"><div class=\"color-values\">\n  <div class=\"color-row\" data-hex=\"FF9425\">\n    <span class=\"label\">HEX<\/span>\n    <span class=\"value\">FF9425<\/span>\n  <\/div>\n  <div class=\"color-row\">\n    <span class=\"label\">RVB<\/span>\n    <span class=\"value\">255\/148\/37\n<\/span>\n  <\/div>\n  <div class=\"color-row\">\n    <span class=\"label\">CMJN<\/span>\n    <span class=\"value\">0\/45\/100\/0<\/span>\n  <\/div>\n<\/div>\n<\/div><\/div><\/div><\/div><div class=\"vc_col-sm-4 wpb_column vc_column_container\"><div class=\"vc_column-inner\"><div class=\"wpb_wrapper\"><div class=\"w-image styleguide-color-square align_none\"><div class=\"w-image-h\"><img decoding=\"async\" width=\"1024\" height=\"1024\" src=\"https:\/\/www.coeo-group.ai\/wp-content\/uploads\/2025\/08\/Callout-BlossomRed.svg\" class=\"attachment-large size-large\" alt=\"\" loading=\"lazy\" \/><\/div><\/div><div class=\"w-separator size_small\"><\/div><div class=\"w-html\"><div class=\"color-values\">\n  <div class=\"color-row\" data-hex=\"D00070\">\n    <span class=\"label\">HEX<\/span>\n    <span class=\"value\">D00070<\/span>\n  <\/div>\n  <div class=\"color-row\">\n    <span class=\"label\">RGB<\/span>\n    <span class=\"value\">208\/0\/112\n<\/span>\n  <\/div>\n  <div class=\"color-row\">\n    <span class=\"label\">CMJN<\/span>\n    <span class=\"value\">0\/100\/0\/0<\/span>\n  <\/div>\n<\/div>\n<\/div><\/div><\/div><\/div><\/div><div class=\"w-separator size_medium\"><\/div><div class=\"wpb_text_column\"><div class=\"wpb_wrapper\"><p>Les <strong>mentions d&#8217;appel<\/strong> sont un outil utile pour attirer l&#8217;attention sur des d\u00e9tails importants, mettre en \u00e9vidence des messages cl\u00e9s ou ajouter des accents visuels \u00e0 une mise en page. Ils peuvent<br \/>\n\u00eatre utilis\u00e9s dans les variantes pr\u00e9sent\u00e9es ici et doivent toujours respecter les principes visuels de la marque. Nos callouts sont toujours de forme ronde (<br \/>\n) et peuvent contenir du texte dans la police de caract\u00e8res principale ou de repli, ou des ic\u00f4nes provenant du jeu d&#8217;ic\u00f4nes officiel. Sur les fonds sombres, les callouts ronds blancs<br \/>\npeuvent \u00eatre utilis\u00e9s comme alternative.<\/p>\n<\/div><\/div><\/div><\/div><\/div><\/div><\/div><\/section>\n","protected":false},"excerpt":{"rendered":"[vc_custom_heading text=\"Mettez en \u00e9vidence. Simplifiez. Expliquez. \" font_container=\"tag:h1|text_align:left\" use_theme_fonts=\"yes\"]Les diagrammes, les tableaux et les l\u00e9gendes permettent de transformer des informations complexes en un contenu digeste et attrayant. Utilisez-les pour mettre en \u00e9vidence les id\u00e9es cl\u00e9s, structurer les donn\u00e9es de mani\u00e8re significative et attirer l&#8217;attention du lecteur l\u00e0 o\u00f9 c&#8217;est le plus important. La coh\u00e9rence du...","protected":false},"author":2,"featured_media":0,"parent":15635,"menu_order":0,"comment_status":"closed","ping_status":"closed","template":"","meta":{"_acf_changed":false,"footnotes":""},"class_list":["post-15603","page","type-page","status-publish","hentry"],"acf":[],"_links":{"self":[{"href":"https:\/\/www.coeo-group.ai\/fr\/wp-json\/wp\/v2\/pages\/15603","targetHints":{"allow":["GET"]}}],"collection":[{"href":"https:\/\/www.coeo-group.ai\/fr\/wp-json\/wp\/v2\/pages"}],"about":[{"href":"https:\/\/www.coeo-group.ai\/fr\/wp-json\/wp\/v2\/types\/page"}],"author":[{"embeddable":true,"href":"https:\/\/www.coeo-group.ai\/fr\/wp-json\/wp\/v2\/users\/2"}],"replies":[{"embeddable":true,"href":"https:\/\/www.coeo-group.ai\/fr\/wp-json\/wp\/v2\/comments?post=15603"}],"version-history":[{"count":2,"href":"https:\/\/www.coeo-group.ai\/fr\/wp-json\/wp\/v2\/pages\/15603\/revisions"}],"predecessor-version":[{"id":15608,"href":"https:\/\/www.coeo-group.ai\/fr\/wp-json\/wp\/v2\/pages\/15603\/revisions\/15608"}],"up":[{"embeddable":true,"href":"https:\/\/www.coeo-group.ai\/fr\/wp-json\/wp\/v2\/pages\/15635"}],"wp:attachment":[{"href":"https:\/\/www.coeo-group.ai\/fr\/wp-json\/wp\/v2\/media?parent=15603"}],"curies":[{"name":"wp","href":"https:\/\/api.w.org\/{rel}","templated":true}]}}