{"id":15600,"date":"2025-08-23T21:55:34","date_gmt":"2025-08-23T19:55:34","guid":{"rendered":"https:\/\/newsite26.coeo-group.ai\/sous-marques\/"},"modified":"2026-03-16T23:58:34","modified_gmt":"2026-03-16T22:58:34","slug":"sous-marques","status":"publish","type":"page","link":"https:\/\/www.coeo-group.ai\/fr\/guide-du-style\/sous-marques\/","title":{"rendered":"Sous-marques"},"content":{"rendered":"<section class=\"l-section wpb_row icon-box-wrapper height_auto width_full\"><div class=\"l-section-h i-cf\"><div class=\"g-cols vc_row via_flex valign_top type_default stacking_default\"><div class=\"vc_col-sm-12 wpb_column vc_column_container\"><div class=\"vc_column-inner\"><div class=\"wpb_wrapper\"><div class=\"w-image styleguide-icon-download align_none\"><a href=\"\/download\/13397\/\" aria-label=\"Button-LogoKit-cAI\" class=\"w-image-h\"><img decoding=\"async\" src=\"https:\/\/www.coeo-group.ai\/wp-content\/uploads\/2025\/12\/Button-LogoKit-cAI.svg\" class=\"attachment-full size-full\" alt=\"\" loading=\"lazy\" \/><\/a><\/div><div class=\"w-image styleguide-icon-download icon-download-zwo download-file-access align_none\"><a href=\"\/download\/13399\/\" aria-label=\"Button-LogoKit-CFN\" class=\"w-image-h\"><img decoding=\"async\" src=\"https:\/\/www.coeo-group.ai\/wp-content\/uploads\/2025\/12\/Button-LogoKit-CFN.svg\" class=\"attachment-full size-full\" alt=\"\" loading=\"lazy\" \/><\/a><\/div><\/div><\/div><\/div><\/div><\/div><\/section><section class=\"l-section wpb_row height_custom\"><div class=\"l-section-h i-cf\"><div class=\"g-cols vc_row via_flex valign_top type_default stacking_default\"><div class=\"vc_col-sm-12 wpb_column vc_column_container\"><div class=\"vc_column-inner\"><div class=\"wpb_wrapper\"><div class=\"g-cols wpb_row via_flex valign_top type_default stacking_default\"><div class=\"vc_col-sm-12 wpb_column vc_column_container\"><div class=\"vc_column-inner\"><div class=\"wpb_wrapper\">[vc_custom_heading text=&#8221;Diff\u00e9rents visages.<br \/>\nUne seule identit\u00e9.&#8221; font_container=&#8221;tag:h1|text_align:left&#8221; use_theme_fonts=&#8221;yes&#8221;]<\/div><\/div><\/div><\/div><div class=\"w-separator hide_on_mobiles size_medium\"><\/div><div class=\"wpb_text_column\"><div class=\"wpb_wrapper\"><p>Outre le logo principal, qui repr\u00e9sente l&#8217;identit\u00e9 globale de l&#8217;entreprise, nous utilisons \u00e9galement des logos sp\u00e9cialis\u00e9s pour des \u00e9l\u00e9ments de marque distincts, tels que cAI, notre solution propri\u00e9taire d&#8217;intelligence artificielle, et la s\u00e9rie de logos CustomerFocus.network.  <strong>Lorsque ces logos sont utilis\u00e9s, toutes les r\u00e8gles g\u00e9n\u00e9rales et tous les principes de conception \u00e9nonc\u00e9s dans le pr\u00e9sent guide de style s&#8217;appliquent de la m\u00eame mani\u00e8re, afin de garantir une exp\u00e9rience de marque coh\u00e9rente et homog\u00e8ne dans toutes les applications.<\/strong><\/p>\n<\/div><\/div><div class=\"w-html bubble-text-wrapper\"><a href=\"\/download\/13397\/\" class=\"styleguide-bubble-textlink\">Kit complet du logo de l'aci<\/a><br><a href=\"\/download\/13399\/\" class=\"styleguide-bubble-textlink\">Kit complet du logo du CFN<\/a>\n<\/div><div class=\"w-separator size_medium\"><\/div><div class=\"g-cols wpb_row via_flex valign_top type_default stacking_default\"><div class=\"vc_col-sm-4 wpb_column vc_column_container\"><div class=\"vc_column-inner\"><div class=\"wpb_wrapper\">[vc_custom_heading text=&#8221;Utilisation primaire&#8221; use_theme_fonts=&#8221;yes&#8221;]<div class=\"w-separator size_small\"><\/div><div class=\"w-image sub-brands-cai align_none\"><div class=\"w-image-h\"><img decoding=\"async\" width=\"1024\" height=\"1024\" src=\"https:\/\/www.coeo-group.ai\/wp-content\/uploads\/2025\/08\/CAI-Logo-withTrademark-RGB.svg\" class=\"attachment-large size-large\" alt=\"\" loading=\"lazy\" \/><\/div><\/div><div class=\"w-separator size_small\"><\/div><div class=\"wpb_text_column\"><div class=\"wpb_wrapper\"><p><strong>Version de l&#8217;\u00e9cran (RGB)<\/strong><\/p>\n<\/div><\/div><div class=\"w-html\"><div class=\"stylegude-download-icons\">\n<a href=\"\/download\/13389\/\"><img decoding=\"async\" src=\"https:\/\/www.coeo-group.ai\/wp-content\/uploads\/2025\/08\/file-svg-fill.svg\"><\/a>\n<a href=\"\/download\/13391\/\"><img decoding=\"async\" src=\"https:\/\/www.coeo-group.ai\/wp-content\/uploads\/2025\/08\/file-png-fill.svg\"><\/a>\n<a href=\"\/download\/13393\/\"><img decoding=\"async\" src=\"https:\/\/www.coeo-group.ai\/wp-content\/uploads\/2025\/08\/file-jpg-fill.svg\"><\/a>\n<\/div><\/div><div class=\"w-separator size_small\"><\/div><div class=\"wpb_text_column\"><div class=\"wpb_wrapper\"><p><strong>Version imprim\u00e9e (CMYK)<\/strong><\/p>\n<\/div><\/div><div class=\"w-html\"><div class=\"stylegude-download-icons\">\n<a href=\"\/download\/13401\/\"><img decoding=\"async\" src=\"https:\/\/www.coeo-group.ai\/wp-content\/uploads\/2025\/08\/file-eps-fill.svg\"><\/a>\n<a href=\"\/download\/13403\/\"><img decoding=\"async\" src=\"https:\/\/www.coeo-group.ai\/wp-content\/uploads\/2025\/08\/file-tiff-fill.svg\"><\/a>\n<\/div><\/div><\/div><\/div><\/div><div class=\"vc_col-sm-4 wpb_column vc_column_container\"><div class=\"vc_column-inner\"><div class=\"wpb_wrapper\">[vc_custom_heading text=&#8221;Utilisation sur des fonds sombres&#8221; use_theme_fonts=&#8221;yes&#8221;]<div class=\"w-separator size_small\"><\/div><div class=\"w-image align_none\"><div class=\"w-image-h\"><img decoding=\"async\" width=\"1024\" height=\"1024\" src=\"https:\/\/www.coeo-group.ai\/wp-content\/uploads\/2025\/09\/Logo-cAI-Use-on-Dark-Backgrounds.svg\" class=\"attachment-large size-large\" alt=\"\" loading=\"lazy\" \/><\/div><\/div><div class=\"w-separator size_small\"><\/div><div class=\"wpb_text_column\"><div class=\"wpb_wrapper\"><p><strong>Version de l&#8217;\u00e9cran (RGB)<\/strong><\/p>\n<\/div><\/div><div class=\"w-html\"><div class=\"stylegude-download-icons\">\n<a href=\"\/download\/13375\/\"><img decoding=\"async\" src=\"https:\/\/www.coeo-group.ai\/wp-content\/uploads\/2025\/08\/file-svg-fill.svg\"><\/a>\n<a href=\"\/download\/13395\/\"><img decoding=\"async\" src=\"https:\/\/www.coeo-group.ai\/wp-content\/uploads\/2025\/08\/file-png-fill.svg\"><\/a>\n<\/div><\/div><div class=\"w-separator size_small\"><\/div><div class=\"wpb_text_column\"><div class=\"wpb_wrapper\"><p><strong>Version imprim\u00e9e (CMYK)<\/strong><\/p>\n<\/div><\/div><div class=\"w-html\"><div class=\"stylegude-download-icons\">\n<a href=\"\/download\/13405\/\"><img decoding=\"async\" src=\"https:\/\/www.coeo-group.ai\/wp-content\/uploads\/2025\/08\/file-eps-fill.svg\"><\/a>\n<\/div><\/div><\/div><\/div><\/div><div class=\"vc_col-sm-4 wpb_column vc_column_container\"><div class=\"vc_column-inner\"><div class=\"wpb_wrapper\">[vc_custom_heading text=&#8221;Espace libre&#8221; use_theme_fonts=&#8221;yes&#8221;]<div class=\"w-separator size_small\"><\/div><div class=\"w-image align_none\"><div class=\"w-image-h\"><img decoding=\"async\" width=\"1024\" height=\"1024\" src=\"https:\/\/www.coeo-group.ai\/wp-content\/uploads\/2025\/08\/cAI-Logo-Clear-Space.svg\" class=\"attachment-large size-large\" alt=\"\" loading=\"lazy\" \/><\/div><\/div><\/div><\/div><\/div><\/div><div class=\"w-separator size_small\"><\/div><div class=\"wpb_text_column\"><div class=\"wpb_wrapper\"><p>L&#8217;<strong>AIIC<\/strong> est une marque d\u00e9pos\u00e9e et doit toujours \u00eatre accompagn\u00e9e du symbole \u00ae lorsque le logo est utilis\u00e9. La seule exception est lorsque le logo appara\u00eet dans une taille si petite que le symbole \u00ae n&#8217;est plus lisible ou compromettrait la clart\u00e9 du dessin.<\/p>\n<\/div><\/div><div class=\"w-separator size_medium\"><\/div><div class=\"g-cols wpb_row via_flex valign_top type_default stacking_default\"><div class=\"vc_col-sm-3 wpb_column vc_column_container\"><div class=\"vc_column-inner\"><div class=\"wpb_wrapper\"><div class=\"w-image sub-brands-cfn align_none\"><div class=\"w-image-h\"><img decoding=\"async\" src=\"https:\/\/www.coeo-group.ai\/wp-content\/uploads\/2025\/08\/Logo-CFN-1.svg\" class=\"attachment-full size-full\" alt=\"\" loading=\"lazy\" \/><\/div><\/div><div class=\"w-separator size_small\"><\/div><div class=\"w-html\"><div class=\"stylegude-download-icons\">\n<a href=\"\/download\/13407\/\"><img decoding=\"async\" src=\"https:\/\/www.coeo-group.ai\/wp-content\/uploads\/2025\/08\/file-svg-fill.svg\"><\/a>\n<a href=\"\/download\/13409\/\"><img decoding=\"async\" src=\"https:\/\/www.coeo-group.ai\/wp-content\/uploads\/2025\/08\/file-png-fill.svg\"><\/a>\n<a href=\"\/download\/13411\/\"><img decoding=\"async\" src=\"https:\/\/www.coeo-group.ai\/wp-content\/uploads\/2025\/08\/file-jpg-fill.svg\"><\/a>\n<\/div><\/div><div class=\"w-separator size_medium\"><\/div><div class=\"w-image align_none\"><div class=\"w-image-h\"><img decoding=\"async\" src=\"https:\/\/www.coeo-group.ai\/wp-content\/uploads\/2025\/09\/Logo-CFN-Use-on-Dark-Backgrounds.svg\" class=\"attachment-full size-full\" alt=\"\" loading=\"lazy\" \/><\/div><\/div><div class=\"w-separator size_small\"><\/div><div class=\"w-html\"><div class=\"stylegude-download-icons\">\n<a href=\"\/download\/13413\/\"><img decoding=\"async\" src=\"https:\/\/www.coeo-group.ai\/wp-content\/uploads\/2025\/08\/file-svg-fill.svg\"><\/a>\n<a href=\"\/download\/13415\/\"><img decoding=\"async\" src=\"https:\/\/www.coeo-group.ai\/wp-content\/uploads\/2025\/08\/file-png-fill.svg\"><\/a>\n<\/div><\/div><\/div><\/div><\/div><div class=\"vc_col-sm-9 wpb_column vc_column_container\"><div class=\"vc_column-inner\"><div class=\"wpb_wrapper\"><div class=\"wpb_text_column\"><div class=\"wpb_wrapper\"><p>Le <a href=\"https:\/\/customerfocus.network\/\" target=\"_blank\" rel=\"noopener\">Customer Focus Network (CFN)<\/a> est la principale plateforme de contenu et de mise en r\u00e9seau consacr\u00e9e au th\u00e8me g\u00e9n\u00e9ral de la centricit\u00e9 client dans un monde de plus en plus num\u00e9rique. Il cr\u00e9e un espace d&#8217;\u00e9change, de collaboration et de croissance pour tous ceux qui placent le client au c\u0153ur de la pens\u00e9e entrepreneuriale &#8211; aujourd&#8217;hui et \u00e0 l&#8217;avenir. <\/p>\n<p><strong>Le CFN rassemble une s\u00e9rie de formats de contenu et d&#8217;\u00e9v\u00e9nements sous une marque coh\u00e9rente :<\/strong><\/p>\n<p><strong>CFN Journal <\/strong>&#8211; Une collection d&#8217;articles qui explorent les tendances actuelles, les strat\u00e9gies et les id\u00e9es sur les pratiques commerciales centr\u00e9es sur le client.<\/p>\n<p><strong>Sommet du CFN (alias CFS)<\/strong> &#8211; Un \u00e9v\u00e9nement phare annuel au cours duquel des leaders d&#8217;opinion et des experts partagent leurs points de vue sur l&#8217;orientation client. Les conf\u00e9rences sont diffus\u00e9es en direct sur plusieurs plateformes. <\/p>\n<p><strong>CFN Videocast<\/strong> &#8211; Une s\u00e9rie d&#8217;entretiens vid\u00e9o avec divers invit\u00e9s qui discutent de sujets li\u00e9s \u00e0 la centricit\u00e9 client et \u00e0 l&#8217;IA sous diff\u00e9rents angles.<\/p>\n<p><strong>CFN Spotlight<\/strong> &#8211; Une s\u00e9rie de conf\u00e9rences sp\u00e9cifiques \u00e0 l&#8217;industrie qui mettent en lumi\u00e8re la centricit\u00e9 client et l&#8217;IA du point de vue d&#8217;un seul secteur ou domaine.<\/p>\n<p>Ensemble, ces formats forment une plateforme dynamique de partage des connaissances et de leadership \u00e9clair\u00e9, unis par une conviction commune : le client passe avant tout.<\/p>\n<\/div><\/div><\/div><\/div><\/div><\/div><div class=\"w-separator size_small\"><\/div>[vc_custom_heading text=&#8221;Utilisation primaire&#8221; use_theme_fonts=&#8221;yes&#8221;]<div class=\"g-cols wpb_row logo-drei-reihen via_flex valign_top type_default stacking_default\"><div class=\"vc_col-sm-3 wpb_column vc_column_container\"><div class=\"vc_column-inner\"><div class=\"wpb_wrapper\"><div class=\"w-image sub-brands-cfn-list align_none\"><div class=\"w-image-h\"><img decoding=\"async\" src=\"https:\/\/www.coeo-group.ai\/wp-content\/uploads\/2025\/08\/Logo-CFN-journal-1.svg\" class=\"attachment-full size-full\" alt=\"\" loading=\"lazy\" \/><\/div><\/div><div class=\"w-separator size_small\"><\/div><div class=\"w-html\"><div class=\"stylegude-download-icons\">\n<a href=\"\/download\/13417\/\"><img decoding=\"async\" src=\"https:\/\/www.coeo-group.ai\/wp-content\/uploads\/2025\/08\/file-svg-fill.svg\"><\/a>\n<a href=\"\/download\/13419\/\"><img decoding=\"async\" src=\"https:\/\/www.coeo-group.ai\/wp-content\/uploads\/2025\/08\/file-png-fill.svg\"><\/a>\n<a href=\"\/download\/13421\/\"><img decoding=\"async\" src=\"https:\/\/www.coeo-group.ai\/wp-content\/uploads\/2025\/08\/file-jpg-fill.svg\"><\/a>\n<\/div><\/div><\/div><\/div><\/div><div class=\"vc_col-sm-3 wpb_column vc_column_container\"><div class=\"vc_column-inner\"><div class=\"wpb_wrapper\"><div class=\"w-image sub-brands-cfn-list align_none\"><div class=\"w-image-h\"><img decoding=\"async\" src=\"https:\/\/www.coeo-group.ai\/wp-content\/uploads\/2025\/08\/Logo-CFN-videocast-1.svg\" class=\"attachment-full size-full\" alt=\"\" loading=\"lazy\" \/><\/div><\/div><div class=\"w-separator size_small\"><\/div><div class=\"w-html\"><div class=\"stylegude-download-icons\">\n<a href=\"\/download\/13423\/\"><img decoding=\"async\" src=\"https:\/\/www.coeo-group.ai\/wp-content\/uploads\/2025\/08\/file-svg-fill.svg\"><\/a>\n<a href=\"\/download\/13425\/\"><img decoding=\"async\" src=\"https:\/\/www.coeo-group.ai\/wp-content\/uploads\/2025\/08\/file-png-fill.svg\"><\/a>\n<a href=\"\/download\/13427\/\"><img decoding=\"async\" src=\"https:\/\/www.coeo-group.ai\/wp-content\/uploads\/2025\/08\/file-jpg-fill.svg\"><\/a>\n<\/div><\/div><\/div><\/div><\/div><div class=\"vc_col-sm-3 wpb_column vc_column_container\"><div class=\"vc_column-inner\"><div class=\"wpb_wrapper\"><div class=\"w-image sub-brands-cfn-list align_none\"><div class=\"w-image-h\"><img decoding=\"async\" src=\"https:\/\/www.coeo-group.ai\/wp-content\/uploads\/2025\/08\/Logo-CFN-spotlight-1.svg\" class=\"attachment-full size-full\" alt=\"\" loading=\"lazy\" \/><\/div><\/div><div class=\"w-separator size_small\"><\/div><div class=\"w-html\"><div class=\"stylegude-download-icons\">\n<a href=\"\/download\/16526\/\"><img decoding=\"async\" src=\"https:\/\/www.coeo-group.ai\/wp-content\/uploads\/2025\/08\/file-svg-fill.svg\"><\/a>\n<a href=\"\/download\/16528\/\"><img decoding=\"async\" src=\"https:\/\/www.coeo-group.ai\/wp-content\/uploads\/2025\/08\/file-png-fill.svg\"><\/a>\n<a href=\"\/download\/16530\/\"><img decoding=\"async\" src=\"https:\/\/www.coeo-group.ai\/wp-content\/uploads\/2025\/08\/file-jpg-fill.svg\"><\/a>\n<\/div><\/div><\/div><\/div><\/div><div class=\"vc_col-sm-3 wpb_column vc_column_container\"><div class=\"vc_column-inner\"><div class=\"wpb_wrapper\"><div class=\"w-image sub-brands-cfn-list align_none\"><div class=\"w-image-h\"><img decoding=\"async\" src=\"https:\/\/www.coeo-group.ai\/wp-content\/uploads\/2025\/08\/Logo-CFN-summit-1.svg\" class=\"attachment-full size-full\" alt=\"\" loading=\"lazy\" \/><\/div><\/div><div class=\"w-separator size_small\"><\/div><div class=\"w-html\"><div class=\"stylegude-download-icons\">\n<a href=\"\/download\/13435\/\"><img decoding=\"async\" src=\"https:\/\/www.coeo-group.ai\/wp-content\/uploads\/2025\/08\/file-svg-fill.svg\"><\/a>\n<a href=\"\/download\/13437\/\"><img decoding=\"async\" src=\"https:\/\/www.coeo-group.ai\/wp-content\/uploads\/2025\/08\/file-png-fill.svg\"><\/a>\n<a href=\"\/download\/13439\/\"><img decoding=\"async\" src=\"https:\/\/www.coeo-group.ai\/wp-content\/uploads\/2025\/08\/file-jpg-fill.svg\"><\/a>\n<\/div><\/div><\/div><\/div><\/div><\/div><div class=\"w-separator size_small\"><\/div>[vc_custom_heading text=&#8221;Utilisation sur des fonds sombres&#8221; use_theme_fonts=&#8221;yes&#8221;]<div class=\"g-cols wpb_row logo-drei-reihen via_flex valign_top type_default stacking_default\"><div class=\"vc_col-sm-3 wpb_column vc_column_container\"><div class=\"vc_column-inner\"><div class=\"wpb_wrapper\"><div class=\"w-image align_none\"><div class=\"w-image-h\"><img decoding=\"async\" src=\"https:\/\/www.coeo-group.ai\/wp-content\/uploads\/2025\/09\/Logo-CFN-Journal-Use-on-Dark-Backgrounds.svg\" class=\"attachment-full size-full\" alt=\"\" loading=\"lazy\" \/><\/div><\/div><div class=\"w-separator size_small\"><\/div><div class=\"w-html\"><div class=\"stylegude-download-icons\">\n<a href=\"\/download\/13441\/\"><img decoding=\"async\" src=\"https:\/\/www.coeo-group.ai\/wp-content\/uploads\/2025\/08\/file-svg-fill.svg\"><\/a>\n<a href=\"\/download\/13443\/\"><img decoding=\"async\" src=\"https:\/\/www.coeo-group.ai\/wp-content\/uploads\/2025\/08\/file-png-fill.svg\"><\/a>\n<\/div><\/div><\/div><\/div><\/div><div class=\"vc_col-sm-3 wpb_column vc_column_container\"><div class=\"vc_column-inner\"><div class=\"wpb_wrapper\"><div class=\"w-image align_none\"><div class=\"w-image-h\"><img decoding=\"async\" src=\"https:\/\/www.coeo-group.ai\/wp-content\/uploads\/2025\/09\/Logo-CFN-Videocast-Use-on-Dark-Backgrounds.svg\" class=\"attachment-full size-full\" alt=\"\" loading=\"lazy\" \/><\/div><\/div><div class=\"w-separator size_small\"><\/div><div class=\"w-html\"><div class=\"stylegude-download-icons\">\n<a href=\"\/download\/13445\/\"><img decoding=\"async\" src=\"https:\/\/www.coeo-group.ai\/wp-content\/uploads\/2025\/08\/file-svg-fill.svg\"><\/a>\n<a href=\"\/download\/13447\/\"><img decoding=\"async\" src=\"https:\/\/www.coeo-group.ai\/wp-content\/uploads\/2025\/08\/file-png-fill.svg\"><\/a>\n<\/div><\/div><\/div><\/div><\/div><div class=\"vc_col-sm-3 wpb_column vc_column_container\"><div class=\"vc_column-inner\"><div class=\"wpb_wrapper\"><div class=\"w-image align_none\"><div class=\"w-image-h\"><img decoding=\"async\" src=\"https:\/\/www.coeo-group.ai\/wp-content\/uploads\/2025\/09\/Logo-CFN-Spotlight-Use-on-Dark-Backgrounds.svg\" class=\"attachment-full size-full\" alt=\"\" loading=\"lazy\" \/><\/div><\/div><div class=\"w-separator size_small\"><\/div><div class=\"w-html\"><div class=\"stylegude-download-icons\">\n<a href=\"\/download\/16532\/\"><img decoding=\"async\" src=\"https:\/\/www.coeo-group.ai\/wp-content\/uploads\/2025\/08\/file-svg-fill.svg\"><\/a>\n<a href=\"\/download\/16534\/\"><img decoding=\"async\" src=\"https:\/\/www.coeo-group.ai\/wp-content\/uploads\/2025\/08\/file-png-fill.svg\"><\/a>\n<\/div><\/div><\/div><\/div><\/div><div class=\"vc_col-sm-3 wpb_column vc_column_container\"><div class=\"vc_column-inner\"><div class=\"wpb_wrapper\"><div class=\"w-image align_none\"><div class=\"w-image-h\"><img decoding=\"async\" src=\"https:\/\/www.coeo-group.ai\/wp-content\/uploads\/2025\/09\/Logo-CFN-Summit-Use-on-Dark-Backgrounds.svg\" class=\"attachment-full size-full\" alt=\"\" loading=\"lazy\" \/><\/div><\/div><div class=\"w-separator size_small\"><\/div><div class=\"w-html\"><div class=\"stylegude-download-icons\">\n<a href=\"\/download\/13453\/\"><img decoding=\"async\" src=\"https:\/\/www.coeo-group.ai\/wp-content\/uploads\/2025\/08\/file-svg-fill.svg\"><\/a>\n<a href=\"\/download\/13455\/\"><img decoding=\"async\" src=\"https:\/\/www.coeo-group.ai\/wp-content\/uploads\/2025\/08\/file-png-fill.svg\"><\/a>\n<\/div><\/div><\/div><\/div><\/div><\/div><\/div><\/div><\/div><\/div><\/div><\/section>\n","protected":false},"excerpt":{"rendered":"[vc_custom_heading text=\"Diff\u00e9rents visages. Une seule identit\u00e9.\" font_container=\"tag:h1|text_align:left\" use_theme_fonts=\"yes\"]Outre le logo principal, qui repr\u00e9sente l&#8217;identit\u00e9 globale de l&#8217;entreprise, nous utilisons \u00e9galement des logos sp\u00e9cialis\u00e9s pour des \u00e9l\u00e9ments de marque distincts, tels que cAI, notre solution propri\u00e9taire d&#8217;intelligence artificielle, et la s\u00e9rie de logos CustomerFocus.network. Lorsque ces logos sont utilis\u00e9s, toutes les r\u00e8gles g\u00e9n\u00e9rales et tous les...","protected":false},"author":2,"featured_media":0,"parent":15635,"menu_order":0,"comment_status":"closed","ping_status":"closed","template":"","meta":{"_acf_changed":false,"footnotes":""},"class_list":["post-15600","page","type-page","status-publish","hentry"],"acf":[],"_links":{"self":[{"href":"https:\/\/www.coeo-group.ai\/fr\/wp-json\/wp\/v2\/pages\/15600","targetHints":{"allow":["GET"]}}],"collection":[{"href":"https:\/\/www.coeo-group.ai\/fr\/wp-json\/wp\/v2\/pages"}],"about":[{"href":"https:\/\/www.coeo-group.ai\/fr\/wp-json\/wp\/v2\/types\/page"}],"author":[{"embeddable":true,"href":"https:\/\/www.coeo-group.ai\/fr\/wp-json\/wp\/v2\/users\/2"}],"replies":[{"embeddable":true,"href":"https:\/\/www.coeo-group.ai\/fr\/wp-json\/wp\/v2\/comments?post=15600"}],"version-history":[{"count":10,"href":"https:\/\/www.coeo-group.ai\/fr\/wp-json\/wp\/v2\/pages\/15600\/revisions"}],"predecessor-version":[{"id":16619,"href":"https:\/\/www.coeo-group.ai\/fr\/wp-json\/wp\/v2\/pages\/15600\/revisions\/16619"}],"up":[{"embeddable":true,"href":"https:\/\/www.coeo-group.ai\/fr\/wp-json\/wp\/v2\/pages\/15635"}],"wp:attachment":[{"href":"https:\/\/www.coeo-group.ai\/fr\/wp-json\/wp\/v2\/media?parent=15600"}],"curies":[{"name":"wp","href":"https:\/\/api.w.org\/{rel}","templated":true}]}}