{"id":15589,"date":"2025-08-23T22:30:46","date_gmt":"2025-08-23T20:30:46","guid":{"rendered":"https:\/\/newsite26.coeo-group.ai\/modeles\/"},"modified":"2026-03-13T09:19:28","modified_gmt":"2026-03-13T08:19:28","slug":"modeles","status":"publish","type":"page","link":"https:\/\/www.coeo-group.ai\/fr\/guide-du-style\/modeles\/","title":{"rendered":"Mod\u00e8les"},"content":{"rendered":"<section class=\"l-section wpb_row height_custom\"><div class=\"l-section-h i-cf\"><div class=\"g-cols vc_row via_flex valign_top type_default stacking_default\"><div class=\"vc_col-sm-12 wpb_column vc_column_container\"><div class=\"vc_column-inner\"><div class=\"wpb_wrapper\"><div class=\"g-cols wpb_row via_flex valign_top type_default stacking_default\"><div class=\"vc_col-sm-8 wpb_column vc_column_container\"><div class=\"vc_column-inner\"><div class=\"wpb_wrapper\">[vc_custom_heading text=&#8221;Moins de tracas,<br \/>\nPlus de fluidit\u00e9.&#8221; font_container=&#8221;tag:h1|text_align:left&#8221; use_theme_fonts=&#8221;yes&#8221;]<\/div><\/div><\/div><div class=\"vc_col-sm-4 wpb_column vc_column_container\"><div class=\"vc_column-inner\"><div class=\"wpb_wrapper\"><\/div><\/div><\/div><\/div><div class=\"w-separator hide_on_mobiles size_medium\"><\/div><div class=\"wpb_text_column\"><div class=\"wpb_wrapper\"><p>Les <strong>mod\u00e8les<\/strong> facilitent le travail quotidien. Ils vous offrent un point de d\u00e9part solide pour vos propres cr\u00e9ations, tout en restant fid\u00e8les \u00e0 notre charte graphique. Nous en ajoutons constamment de nouveaux, il est donc utile de les consulter de temps \u00e0 autre pour voir ce qu&#8217;il y a de neuf.<\/p>\n<\/div><\/div><div class=\"w-separator size_medium\"><\/div><div class=\"g-cols wpb_row via_flex valign_top type_default stacking_default\"><div class=\"vc_col-sm-3 wpb_column vc_column_container\"><div class=\"vc_column-inner\"><div class=\"wpb_wrapper\"><div class=\"w-image align_none\"><div class=\"w-image-h\"><img decoding=\"async\" width=\"500\" height=\"281\" src=\"https:\/\/www.coeo-group.ai\/wp-content\/uploads\/2026\/02\/PPT-Master.jpg\" class=\"attachment-full size-full\" alt=\"\" loading=\"lazy\" srcset=\"https:\/\/www.coeo-group.ai\/wp-content\/uploads\/2026\/02\/PPT-Master.jpg 500w, https:\/\/www.coeo-group.ai\/wp-content\/uploads\/2026\/02\/PPT-Master-300x169.jpg 300w\" sizes=\"auto, (max-width: 500px) 100vw, 500px\" \/><\/div><\/div><div class=\"w-separator size_small\"><\/div><div class=\"w-html\"><div class=\"template-download-container\">\n  <a href=\"https:\/\/www.coeo-group.ai\/download\/15112\/?tmstv=1770718626\" class=\"template-download-icon\">Mod\u00e8le Powerpoint<\/a>\n<\/div><\/div><\/div><\/div><\/div><div class=\"vc_col-sm-9 wpb_column vc_column_container\"><div class=\"vc_column-inner\"><div class=\"wpb_wrapper\">[vc_custom_heading text=&#8221;PowerPoint Master&#8221; use_theme_fonts=&#8221;yes&#8221;]<div class=\"wpb_text_column\"><div class=\"wpb_wrapper\"><p>Le <strong>PowerPoint Master<\/strong> vous aide \u00e0 cr\u00e9er des pr\u00e9sentations professionnelles et coh\u00e9rentes avec notre marque. Il comprend des mises en page, des couleurs et une typographie pr\u00e9con\u00e7ues qui respectent notre charte graphique. Vous pouvez ainsi vous concentrer sur le contenu sans vous soucier de l&#8217;apparence.<\/p>\n<\/div><\/div><\/div><\/div><\/div><\/div><div class=\"w-separator size_medium\"><\/div><div class=\"w-separator size_medium\"><\/div><div class=\"g-cols wpb_row via_flex valign_top type_default stacking_default\"><div class=\"vc_col-sm-3 wpb_column vc_column_container\"><div class=\"vc_column-inner\"><div class=\"wpb_wrapper\"><div class=\"w-image align_none\"><div class=\"w-image-h\"><img decoding=\"async\" width=\"500\" height=\"353\" src=\"https:\/\/www.coeo-group.ai\/wp-content\/uploads\/2026\/02\/coeo-LinkedIn-Header-MockUp-company.jpg\" class=\"attachment-full size-full\" alt=\"\" loading=\"lazy\" srcset=\"https:\/\/www.coeo-group.ai\/wp-content\/uploads\/2026\/02\/coeo-LinkedIn-Header-MockUp-company.jpg 500w, https:\/\/www.coeo-group.ai\/wp-content\/uploads\/2026\/02\/coeo-LinkedIn-Header-MockUp-company-300x212.jpg 300w\" sizes=\"auto, (max-width: 500px) 100vw, 500px\" \/><\/div><\/div><div class=\"w-separator size_small\"><\/div><div class=\"w-html\"><div class=\"template-download-container\">\n  <a href=\"https:\/\/www.coeo-group.ai\/download\/15114\/?tmstv=1770718626\" class=\"template-download-icon\">Obtenir l'image<\/a>\n<\/div><\/div><\/div><\/div><\/div><div class=\"vc_col-sm-9 wpb_column vc_column_container\"><div class=\"vc_column-inner\"><div class=\"wpb_wrapper\">[vc_custom_heading text=&#8221;Image d&apos;en-t\u00eate de la page d&apos;entreprise LinkedIn&#8221; use_theme_fonts=&#8221;yes&#8221;]<div class=\"wpb_text_column\"><div class=\"wpb_wrapper\"><p>L&#8217;<strong>image d&#8217;en-t\u00eate de la page d&#8217;entreprise LinkedIn<\/strong> est con\u00e7ue pour repr\u00e9senter la marque de mani\u00e8re coh\u00e9rente sur LinkedIn. Elle cr\u00e9e une premi\u00e8re impression claire et professionnelle et garantit une apparence visuelle coh\u00e9rente pour les pages de l&#8217;entreprise.<\/p>\n<\/div><\/div><\/div><\/div><\/div><\/div><div class=\"w-separator size_medium\"><\/div><div class=\"g-cols wpb_row via_flex valign_top type_default stacking_default\"><div class=\"vc_col-sm-3 wpb_column vc_column_container\"><div class=\"vc_column-inner\"><div class=\"wpb_wrapper\"><div class=\"w-image align_none\"><div class=\"w-image-h\"><img decoding=\"async\" width=\"500\" height=\"353\" src=\"https:\/\/www.coeo-group.ai\/wp-content\/uploads\/2026\/02\/coeo-LinkedIn-Header-MockUp-personal.jpg\" class=\"attachment-full size-full\" alt=\"\" loading=\"lazy\" srcset=\"https:\/\/www.coeo-group.ai\/wp-content\/uploads\/2026\/02\/coeo-LinkedIn-Header-MockUp-personal.jpg 500w, https:\/\/www.coeo-group.ai\/wp-content\/uploads\/2026\/02\/coeo-LinkedIn-Header-MockUp-personal-300x212.jpg 300w\" sizes=\"auto, (max-width: 500px) 100vw, 500px\" \/><\/div><\/div><div class=\"w-separator size_small\"><\/div><div class=\"w-html\"><div class=\"template-download-container\">\n  <a href=\"https:\/\/www.coeo-group.ai\/download\/15116\/?tmstv=1770718626\" class=\"template-download-icon\">Obtenir l'image<\/a>\n<\/div><\/div><\/div><\/div><\/div><div class=\"vc_col-sm-9 wpb_column vc_column_container\"><div class=\"vc_column-inner\"><div class=\"wpb_wrapper\">[vc_custom_heading text=&#8221;Image d&apos;en-t\u00eate du profil personnel LinkedIn&#8221; use_theme_fonts=&#8221;yes&#8221;]<div class=\"wpb_text_column\"><div class=\"wpb_wrapper\"><p>L&#8217;<strong>image d&#8217;en-t\u00eate du profil personnel LinkedIn<\/strong> est con\u00e7ue pour cr\u00e9er une premi\u00e8re impression claire et professionnelle. Elle favorise une apparence visuelle coh\u00e9rente et coh\u00e9sive entre les diff\u00e9rents profils LinkedIn.<\/p>\n<\/div><\/div><\/div><\/div><\/div><\/div><div class=\"w-separator size_medium\"><\/div><div class=\"g-cols wpb_row via_flex valign_top type_default stacking_default\"><div class=\"vc_col-sm-3 wpb_column vc_column_container\"><div class=\"vc_column-inner\"><div class=\"wpb_wrapper\"><div class=\"w-image align_none\"><div class=\"w-image-h\"><img decoding=\"async\" width=\"2480\" height=\"1395\" src=\"https:\/\/www.coeo-group.ai\/wp-content\/uploads\/2026\/02\/Word-Template.jpg\" class=\"attachment-full size-full\" alt=\"\" loading=\"lazy\" srcset=\"https:\/\/www.coeo-group.ai\/wp-content\/uploads\/2026\/02\/Word-Template.jpg 2480w, https:\/\/www.coeo-group.ai\/wp-content\/uploads\/2026\/02\/Word-Template-300x169.jpg 300w, https:\/\/www.coeo-group.ai\/wp-content\/uploads\/2026\/02\/Word-Template-1024x576.jpg 1024w, https:\/\/www.coeo-group.ai\/wp-content\/uploads\/2026\/02\/Word-Template-1536x864.jpg 1536w\" sizes=\"auto, (max-width: 2480px) 100vw, 2480px\" \/><\/div><\/div><div class=\"w-separator size_small\"><\/div><div class=\"w-html\"><div class=\"template-download-container\">\n  <a href=\"https:\/\/www.coeo-group.ai\/download\/15118\/?tmstv=1770718626\" class=\"template-download-icon\">Mod\u00e8le Word<\/a>\n<\/div><\/div><\/div><\/div><\/div><div class=\"vc_col-sm-9 wpb_column vc_column_container\"><div class=\"vc_column-inner\"><div class=\"wpb_wrapper\">[vc_custom_heading text=&#8221;Lettre&#8221; use_theme_fonts=&#8221;yes&#8221;]<div class=\"wpb_text_column\"><div class=\"wpb_wrapper\"><p>Le <strong>mod\u00e8le de lettre<\/strong> allie un design \u00e9pur\u00e9 \u00e0 notre image de marque. Il vous aide \u00e0 cr\u00e9er des lettres professionnelles qui sont visuellement align\u00e9es sur la marque coeo &#8211; structur\u00e9es, \u00e9l\u00e9gantes et pertinentes.<\/p>\n<\/div><\/div><\/div><\/div><\/div><\/div><div class=\"w-separator size_medium\"><\/div><div class=\"g-cols wpb_row via_flex valign_top type_default stacking_default\"><div class=\"vc_col-sm-3 wpb_column vc_column_container\"><div class=\"vc_column-inner\"><div class=\"wpb_wrapper\"><div class=\"w-image align_none\"><div class=\"w-image-h\"><img decoding=\"async\" width=\"2560\" height=\"1440\" src=\"https:\/\/www.coeo-group.ai\/wp-content\/uploads\/2026\/02\/Teams-background-scaled.webp\" class=\"attachment-full size-full\" alt=\"\" loading=\"lazy\" srcset=\"https:\/\/www.coeo-group.ai\/wp-content\/uploads\/2026\/02\/Teams-background-scaled.webp 2560w, https:\/\/www.coeo-group.ai\/wp-content\/uploads\/2026\/02\/Teams-background-300x169.webp 300w, https:\/\/www.coeo-group.ai\/wp-content\/uploads\/2026\/02\/Teams-background-1024x576.webp 1024w, https:\/\/www.coeo-group.ai\/wp-content\/uploads\/2026\/02\/Teams-background-1536x864.webp 1536w\" sizes=\"auto, (max-width: 2560px) 100vw, 2560px\" \/><\/div><\/div><div class=\"w-separator size_small\"><\/div><div class=\"w-html\"><div class=\"template-download-container\">\n  <a href=\"https:\/\/www.coeo-group.ai\/download\/13377\/\" class=\"template-download-icon\">Arri\u00e8re-plans des \u00e9quipes<\/a>\n<\/div><\/div><\/div><\/div><\/div><div class=\"vc_col-sm-9 wpb_column vc_column_container\"><div class=\"vc_column-inner\"><div class=\"wpb_wrapper\">[vc_custom_heading text=&#8221;Arri\u00e8re-plans des \u00e9quipes&#8221; use_theme_fonts=&#8221;yes&#8221;]<div class=\"wpb_text_column\"><div class=\"wpb_wrapper\"><p>Les <strong>arri\u00e8re-plans Teams<\/strong> sont con\u00e7us pour cr\u00e9er une identit\u00e9 visuelle unifi\u00e9e pour tous les appels Microsoft Teams, quel que soit le lieu ou l&#8217;environnement de travail. Ils permettent de r\u00e9duire les distractions visuelles, de prot\u00e9ger la vie priv\u00e9e et de renforcer la pr\u00e9sence de notre marque dans les r\u00e9unions internes et externes. En utilisant les mod\u00e8les fournis, tout le monde contribue \u00e0 une exp\u00e9rience de marque coh\u00e9rente, reconnaissable et professionnelle lors de chaque appel.<\/p>\n<\/div><\/div><\/div><\/div><\/div><\/div><div class=\"w-separator size_medium\"><\/div><div class=\"g-cols wpb_row via_flex valign_top type_default stacking_default\"><div class=\"vc_col-sm-3 wpb_column vc_column_container\"><div class=\"vc_column-inner\"><div class=\"wpb_wrapper\"><div class=\"w-image align_none\"><div class=\"w-image-h\"><img decoding=\"async\" width=\"500\" height=\"281\" src=\"https:\/\/www.coeo-group.ai\/wp-content\/uploads\/2026\/02\/Still-in-progress.webp\" class=\"attachment-full size-full\" alt=\"\" loading=\"lazy\" srcset=\"https:\/\/www.coeo-group.ai\/wp-content\/uploads\/2026\/02\/Still-in-progress.webp 500w, https:\/\/www.coeo-group.ai\/wp-content\/uploads\/2026\/02\/Still-in-progress-300x169.webp 300w\" sizes=\"auto, (max-width: 500px) 100vw, 500px\" \/><\/div><\/div><div class=\"w-separator size_small\"><\/div><\/div><\/div><\/div><div class=\"vc_col-sm-9 wpb_column vc_column_container\"><div class=\"vc_column-inner\"><div class=\"wpb_wrapper\">[vc_custom_heading text=&#8221;Nous travaillons actuellement sur des mod\u00e8les suppl\u00e9mentaires qui faciliteront votre travail quotidien. N&apos;h\u00e9sitez pas \u00e0 revenir r\u00e9guli\u00e8rement sur notre site. Il y aura bient\u00f4t de nouvelles choses \u00e0 d\u00e9couvrir.  &#8221; use_theme_fonts=&#8221;yes&#8221;]<\/div><\/div><\/div><\/div><div class=\"w-separator size_medium\"><\/div><\/div><\/div><\/div><\/div><\/div><\/section>\n","protected":false},"excerpt":{"rendered":"[vc_custom_heading text=\"Moins de tracas, Plus de fluidit\u00e9.\" font_container=\"tag:h1|text_align:left\" use_theme_fonts=\"yes\"]Les mod\u00e8les facilitent le travail quotidien. Ils vous offrent un point de d\u00e9part solide pour vos propres cr\u00e9ations, tout en restant fid\u00e8les \u00e0 notre charte graphique. Nous en ajoutons constamment de nouveaux, il est donc utile de les consulter de temps \u00e0 autre pour voir ce qu&#8217;il...","protected":false},"author":2,"featured_media":0,"parent":15635,"menu_order":0,"comment_status":"closed","ping_status":"closed","template":"","meta":{"_acf_changed":false,"footnotes":""},"class_list":["post-15589","page","type-page","status-publish","hentry"],"acf":[],"_links":{"self":[{"href":"https:\/\/www.coeo-group.ai\/fr\/wp-json\/wp\/v2\/pages\/15589","targetHints":{"allow":["GET"]}}],"collection":[{"href":"https:\/\/www.coeo-group.ai\/fr\/wp-json\/wp\/v2\/pages"}],"about":[{"href":"https:\/\/www.coeo-group.ai\/fr\/wp-json\/wp\/v2\/types\/page"}],"author":[{"embeddable":true,"href":"https:\/\/www.coeo-group.ai\/fr\/wp-json\/wp\/v2\/users\/2"}],"replies":[{"embeddable":true,"href":"https:\/\/www.coeo-group.ai\/fr\/wp-json\/wp\/v2\/comments?post=15589"}],"version-history":[{"count":2,"href":"https:\/\/www.coeo-group.ai\/fr\/wp-json\/wp\/v2\/pages\/15589\/revisions"}],"predecessor-version":[{"id":15598,"href":"https:\/\/www.coeo-group.ai\/fr\/wp-json\/wp\/v2\/pages\/15589\/revisions\/15598"}],"up":[{"embeddable":true,"href":"https:\/\/www.coeo-group.ai\/fr\/wp-json\/wp\/v2\/pages\/15635"}],"wp:attachment":[{"href":"https:\/\/www.coeo-group.ai\/fr\/wp-json\/wp\/v2\/media?parent=15589"}],"curies":[{"name":"wp","href":"https:\/\/api.w.org\/{rel}","templated":true}]}}