{"id":15307,"date":"2025-08-23T22:30:46","date_gmt":"2025-08-23T20:30:46","guid":{"rendered":"https:\/\/newsite26.coeo-group.ai\/tyyliopas\/templaatit\/"},"modified":"2026-02-20T13:13:43","modified_gmt":"2026-02-20T12:13:43","slug":"templaatit","status":"publish","type":"page","link":"https:\/\/www.coeo-group.ai\/fi\/tyyliopas\/templaatit\/","title":{"rendered":"Templaatit"},"content":{"rendered":"<section class=\"l-section wpb_row height_custom\"><div class=\"l-section-h i-cf\"><div class=\"g-cols vc_row via_flex valign_top type_default stacking_default\"><div class=\"vc_col-sm-12 wpb_column vc_column_container\"><div class=\"vc_column-inner\"><div class=\"wpb_wrapper\"><div class=\"g-cols wpb_row via_flex valign_top type_default stacking_default\"><div class=\"vc_col-sm-8 wpb_column vc_column_container\"><div class=\"vc_column-inner\"><div class=\"wpb_wrapper\">[vc_custom_heading text=&#8221;V\u00e4hemm\u00e4n s\u00e4\u00e4t\u00f6\u00e4, <br \/>enemm\u00e4n sujuvuutta.&#8221; font_container=&#8221;tag:h1|text_align:left&#8221; use_theme_fonts=&#8221;yes&#8221;]<\/div><\/div><\/div><div class=\"vc_col-sm-4 wpb_column vc_column_container\"><div class=\"vc_column-inner\"><div class=\"wpb_wrapper\"><\/div><\/div><\/div><\/div><div class=\"w-separator hide_on_mobiles size_medium\"><\/div><div class=\"wpb_text_column\"><div class=\"wpb_wrapper\"><p>Mallit tekev\u00e4t arjen ty\u00f6st\u00e4 sujuvampaa. Ne antavat selke\u00e4n l\u00e4ht\u00f6kohdan omille sis\u00e4ll\u00f6illesi \u2013 ja samalla varmistavat, ett\u00e4 kaikki pysyy yritysilmeemme mukaisena. T\u00e4ydenn\u00e4mme mallipohjia jatkuvasti, joten kannattaa k\u00e4yd\u00e4 silloin t\u00e4ll\u00f6in katsomassa, mit\u00e4 uutta on tarjolla.<\/p>\n<\/div><\/div><div class=\"w-separator size_medium\"><\/div><div class=\"g-cols wpb_row via_flex valign_top type_default stacking_default\"><div class=\"vc_col-sm-3 wpb_column vc_column_container\"><div class=\"vc_column-inner\"><div class=\"wpb_wrapper\"><div class=\"w-image align_none\"><div class=\"w-image-h\"><img decoding=\"async\" width=\"500\" height=\"281\" src=\"https:\/\/www.coeo-group.ai\/wp-content\/uploads\/2026\/02\/PPT-Master.jpg\" class=\"attachment-full size-full\" alt=\"\" loading=\"lazy\" srcset=\"https:\/\/www.coeo-group.ai\/wp-content\/uploads\/2026\/02\/PPT-Master.jpg 500w, https:\/\/www.coeo-group.ai\/wp-content\/uploads\/2026\/02\/PPT-Master-300x169.jpg 300w\" sizes=\"auto, (max-width: 500px) 100vw, 500px\" \/><\/div><\/div><div class=\"w-separator size_small\"><\/div><div class=\"w-html\"><div class=\"template-download-container\">\n  <a href=\"https:\/\/www.coeo-group.ai\/download\/15112\/?tmstv=1770718626\" class=\"template-download-icon\">Powerpoint Templaatti<\/a>\n<\/div><\/div><\/div><\/div><\/div><div class=\"vc_col-sm-9 wpb_column vc_column_container\"><div class=\"vc_column-inner\"><div class=\"wpb_wrapper\">[vc_custom_heading text=&#8221;PowerPoint Master&#8221; use_theme_fonts=&#8221;yes&#8221;]<div class=\"wpb_text_column\"><div class=\"wpb_wrapper\"><p>PowerPoint Master auttaa sinua luomaan esityksi\u00e4, jotka n\u00e4ytt\u00e4v\u00e4t ammattimaisilta ja ovat yhten\u00e4isi\u00e4 br\u00e4ndimme kanssa. Se sis\u00e4lt\u00e4\u00e4 valmiiksi suunniteltuja asetteluja, v\u00e4rej\u00e4 ja typografiaa, jotka noudattavat yritysilmett\u00e4mme \u2013 jotta voit keskitty\u00e4 sis\u00e4lt\u00f6\u00f6n ilman huolta ulkoasusta.<\/p>\n<\/div><\/div><\/div><\/div><\/div><\/div><div class=\"w-separator size_medium\"><\/div><div class=\"w-separator size_medium\"><\/div><div class=\"g-cols wpb_row via_flex valign_top type_default stacking_default\"><div class=\"vc_col-sm-3 wpb_column vc_column_container\"><div class=\"vc_column-inner\"><div class=\"wpb_wrapper\"><div class=\"w-image align_none\"><div class=\"w-image-h\"><img decoding=\"async\" width=\"500\" height=\"353\" src=\"https:\/\/www.coeo-group.ai\/wp-content\/uploads\/2026\/02\/coeo-LinkedIn-Header-MockUp-company.jpg\" class=\"attachment-full size-full\" alt=\"\" loading=\"lazy\" srcset=\"https:\/\/www.coeo-group.ai\/wp-content\/uploads\/2026\/02\/coeo-LinkedIn-Header-MockUp-company.jpg 500w, https:\/\/www.coeo-group.ai\/wp-content\/uploads\/2026\/02\/coeo-LinkedIn-Header-MockUp-company-300x212.jpg 300w\" sizes=\"auto, (max-width: 500px) 100vw, 500px\" \/><\/div><\/div><div class=\"w-separator size_small\"><\/div><div class=\"w-html\"><div class=\"template-download-container\">\n  <a href=\"https:\/\/www.coeo-group.ai\/download\/15114\/?tmstv=1770718626\" class=\"template-download-icon\">Lataa kuva<\/a>\n<\/div><\/div><\/div><\/div><\/div><div class=\"vc_col-sm-9 wpb_column vc_column_container\"><div class=\"vc_column-inner\"><div class=\"wpb_wrapper\">[vc_custom_heading text=&#8221;Linkedin-yrityssivun kansikuva&#8221; use_theme_fonts=&#8221;yes&#8221;]<div class=\"wpb_text_column\"><div class=\"wpb_wrapper\"><p>LinkedIn\u2011yrityssivun kansikuva on suunniteltu varmistamaan, ett\u00e4 br\u00e4ndimme n\u00e4kyy LinkedIniss\u00e4 johdonmukaisesti. Se luo selke\u00e4n ja ammattimaisen ensivaikutelman sek\u00e4 takaa yrityssivuille yhten\u00e4isen visuaalisen ilmeen.<\/p>\n<\/div><\/div><\/div><\/div><\/div><\/div><div class=\"w-separator size_medium\"><\/div><div class=\"g-cols wpb_row via_flex valign_top type_default stacking_default\"><div class=\"vc_col-sm-3 wpb_column vc_column_container\"><div class=\"vc_column-inner\"><div class=\"wpb_wrapper\"><div class=\"w-image align_none\"><div class=\"w-image-h\"><img decoding=\"async\" width=\"500\" height=\"353\" src=\"https:\/\/www.coeo-group.ai\/wp-content\/uploads\/2026\/02\/coeo-LinkedIn-Header-MockUp-personal.jpg\" class=\"attachment-full size-full\" alt=\"\" loading=\"lazy\" srcset=\"https:\/\/www.coeo-group.ai\/wp-content\/uploads\/2026\/02\/coeo-LinkedIn-Header-MockUp-personal.jpg 500w, https:\/\/www.coeo-group.ai\/wp-content\/uploads\/2026\/02\/coeo-LinkedIn-Header-MockUp-personal-300x212.jpg 300w\" sizes=\"auto, (max-width: 500px) 100vw, 500px\" \/><\/div><\/div><div class=\"w-separator size_small\"><\/div><div class=\"w-html\"><div class=\"template-download-container\">\n  <a href=\"https:\/\/www.coeo-group.ai\/download\/15116\/?tmstv=1770718626\" class=\"template-download-icon\">Lataa kuva<\/a>\n<\/div><\/div><\/div><\/div><\/div><div class=\"vc_col-sm-9 wpb_column vc_column_container\"><div class=\"vc_column-inner\"><div class=\"wpb_wrapper\">[vc_custom_heading text=&#8221;LinkedIn\u2011henkil\u00f6profiilin kansikuva&#8221; use_theme_fonts=&#8221;yes&#8221;]<div class=\"wpb_text_column\"><div class=\"wpb_wrapper\"><p>LinkedIn\u2011henkil\u00f6profiilin kansikuva on suunniteltu luomaan selke\u00e4 ja ammattimainen ensivaikutelma. Se tukee yhten\u00e4ist\u00e4 ja johdonmukaista visuaalista ilmett\u00e4 yksitt\u00e4isiss\u00e4 LinkedIn\u2011profiileissa.<\/p>\n<\/div><\/div><\/div><\/div><\/div><\/div><div class=\"w-separator size_medium\"><\/div><div class=\"g-cols wpb_row via_flex valign_top type_default stacking_default\"><div class=\"vc_col-sm-3 wpb_column vc_column_container\"><div class=\"vc_column-inner\"><div class=\"wpb_wrapper\"><div class=\"w-image align_none\"><div class=\"w-image-h\"><img decoding=\"async\" width=\"2480\" height=\"1395\" src=\"https:\/\/www.coeo-group.ai\/wp-content\/uploads\/2026\/02\/Word-Template.jpg\" class=\"attachment-full size-full\" alt=\"\" loading=\"lazy\" srcset=\"https:\/\/www.coeo-group.ai\/wp-content\/uploads\/2026\/02\/Word-Template.jpg 2480w, https:\/\/www.coeo-group.ai\/wp-content\/uploads\/2026\/02\/Word-Template-300x169.jpg 300w, https:\/\/www.coeo-group.ai\/wp-content\/uploads\/2026\/02\/Word-Template-1024x576.jpg 1024w, https:\/\/www.coeo-group.ai\/wp-content\/uploads\/2026\/02\/Word-Template-1536x864.jpg 1536w\" sizes=\"auto, (max-width: 2480px) 100vw, 2480px\" \/><\/div><\/div><div class=\"w-separator size_small\"><\/div><div class=\"w-html\"><div class=\"template-download-container\">\n  <a href=\"https:\/\/www.coeo-group.ai\/download\/15118\/?tmstv=1770718626\" class=\"template-download-icon\">Word malli<\/a>\n<\/div><\/div><\/div><\/div><\/div><div class=\"vc_col-sm-9 wpb_column vc_column_container\"><div class=\"vc_column-inner\"><div class=\"wpb_wrapper\">[vc_custom_heading text=&#8221;Kirje&#8221; use_theme_fonts=&#8221;yes&#8221;]<div class=\"wpb_text_column\"><div class=\"wpb_wrapper\"><p>Kirjepohja yhdist\u00e4\u00e4 selke\u00e4n muotoilun ja yrityksemme visuaalisen ilmeen. Sen avulla luot ammattimaisia kirjeit\u00e4, jotka ovat visuaalisesti linjassa coeo\u2011br\u00e4ndin kanssa \u2013 j\u00e4senneltyj\u00e4, tyylikk\u00e4it\u00e4 ja viimeisteltyj\u00e4.<\/p>\n<\/div><\/div><\/div><\/div><\/div><\/div><div class=\"w-separator size_medium\"><\/div><div class=\"g-cols wpb_row via_flex valign_top type_default stacking_default\"><div class=\"vc_col-sm-3 wpb_column vc_column_container\"><div class=\"vc_column-inner\"><div class=\"wpb_wrapper\"><div class=\"w-image align_none\"><div class=\"w-image-h\"><img decoding=\"async\" width=\"2560\" height=\"1440\" src=\"https:\/\/www.coeo-group.ai\/wp-content\/uploads\/2026\/02\/Teams-background-scaled.webp\" class=\"attachment-full size-full\" alt=\"\" loading=\"lazy\" srcset=\"https:\/\/www.coeo-group.ai\/wp-content\/uploads\/2026\/02\/Teams-background-scaled.webp 2560w, https:\/\/www.coeo-group.ai\/wp-content\/uploads\/2026\/02\/Teams-background-300x169.webp 300w, https:\/\/www.coeo-group.ai\/wp-content\/uploads\/2026\/02\/Teams-background-1024x576.webp 1024w, https:\/\/www.coeo-group.ai\/wp-content\/uploads\/2026\/02\/Teams-background-1536x864.webp 1536w\" sizes=\"auto, (max-width: 2560px) 100vw, 2560px\" \/><\/div><\/div><div class=\"w-separator size_small\"><\/div><div class=\"w-html\"><div class=\"template-download-container\">\n  <a href=\"https:\/\/www.coeo-group.ai\/download\/13377\/\" class=\"template-download-icon\">Teams taustakuvat<\/a>\n<\/div><\/div><\/div><\/div><\/div><div class=\"vc_col-sm-9 wpb_column vc_column_container\"><div class=\"vc_column-inner\"><div class=\"wpb_wrapper\">[vc_custom_heading text=&#8221;Teams taustakuvat&#8221; use_theme_fonts=&#8221;yes&#8221;]<div class=\"wpb_text_column\"><div class=\"wpb_wrapper\"><p>Teams\u2011taustat on suunniteltu luomaan yhdenmukainen visuaalinen ilme kaikkiin Microsoft Teams \u2011puheluihin riippumatta sijainnista tai ty\u00f6ymp\u00e4rist\u00f6st\u00e4. Ne auttavat v\u00e4hent\u00e4m\u00e4\u00e4n visuaalisia h\u00e4iri\u00f6tekij\u00f6it\u00e4, suojaavat yksityisyytt\u00e4 ja vahvistavat br\u00e4ndimme n\u00e4kyvyytt\u00e4 sek\u00e4 sis\u00e4isiss\u00e4 ett\u00e4 ulkoisissa tapaamisissa. K\u00e4ytt\u00e4m\u00e4ll\u00e4 valmiita mallipohjia jokainen meist\u00e4 edist\u00e4\u00e4 yhten\u00e4ist\u00e4, tunnistettavaa ja ammattimaista br\u00e4ndikokemusta jokaisessa puhelussa.<\/p>\n<\/div><\/div><\/div><\/div><\/div><\/div><div class=\"w-separator size_medium\"><\/div><div class=\"g-cols wpb_row via_flex valign_top type_default stacking_default\"><div class=\"vc_col-sm-3 wpb_column vc_column_container\"><div class=\"vc_column-inner\"><div class=\"wpb_wrapper\"><div class=\"w-image align_none\"><div class=\"w-image-h\"><img decoding=\"async\" width=\"500\" height=\"281\" src=\"https:\/\/www.coeo-group.ai\/wp-content\/uploads\/2026\/02\/Still-in-progress.webp\" class=\"attachment-full size-full\" alt=\"\" loading=\"lazy\" srcset=\"https:\/\/www.coeo-group.ai\/wp-content\/uploads\/2026\/02\/Still-in-progress.webp 500w, https:\/\/www.coeo-group.ai\/wp-content\/uploads\/2026\/02\/Still-in-progress-300x169.webp 300w\" sizes=\"auto, (max-width: 500px) 100vw, 500px\" \/><\/div><\/div><div class=\"w-separator size_small\"><\/div><\/div><\/div><\/div><div class=\"vc_col-sm-9 wpb_column vc_column_container\"><div class=\"vc_column-inner\"><div class=\"wpb_wrapper\">[vc_custom_heading text=&#8221;Ty\u00f6st\u00e4mme parhaillaan lis\u00e4\u00e4 mallipohjia, jotka helpottavat p\u00e4ivitt\u00e4ist\u00e4 ty\u00f6skentely\u00e4si. K\u00e4yth\u00e4n tarkistamassa sivun s\u00e4\u00e4nn\u00f6llisesti \u2013 uutta l\u00f6ydett\u00e4v\u00e4\u00e4 on tulossa pian.  &#8221; use_theme_fonts=&#8221;yes&#8221;]<\/div><\/div><\/div><\/div><div class=\"w-separator size_medium\"><\/div><\/div><\/div><\/div><\/div><\/div><\/section>\n","protected":false},"excerpt":{"rendered":"[vc_custom_heading text=\"V\u00e4hemm\u00e4n s\u00e4\u00e4t\u00f6\u00e4, enemm\u00e4n sujuvuutta.\" font_container=\"tag:h1|text_align:left\" use_theme_fonts=\"yes\"]Mallit tekev\u00e4t arjen ty\u00f6st\u00e4 sujuvampaa. Ne antavat selke\u00e4n l\u00e4ht\u00f6kohdan omille sis\u00e4ll\u00f6illesi \u2013 ja samalla varmistavat, ett\u00e4 kaikki pysyy yritysilmeemme mukaisena. T\u00e4ydenn\u00e4mme mallipohjia jatkuvasti, joten kannattaa k\u00e4yd\u00e4 silloin t\u00e4ll\u00f6in katsomassa, mit\u00e4 uutta on tarjolla. Powerpoint Templaatti [vc_custom_heading text=\"PowerPoint Master\" use_theme_fonts=\"yes\"]PowerPoint Master auttaa sinua luomaan esityksi\u00e4, jotka n\u00e4ytt\u00e4v\u00e4t ammattimaisilta ja ovat...","protected":false},"author":2,"featured_media":0,"parent":15276,"menu_order":0,"comment_status":"closed","ping_status":"closed","template":"","meta":{"_acf_changed":false,"footnotes":""},"class_list":["post-15307","page","type-page","status-publish","hentry"],"acf":[],"_links":{"self":[{"href":"https:\/\/www.coeo-group.ai\/fi\/wp-json\/wp\/v2\/pages\/15307","targetHints":{"allow":["GET"]}}],"collection":[{"href":"https:\/\/www.coeo-group.ai\/fi\/wp-json\/wp\/v2\/pages"}],"about":[{"href":"https:\/\/www.coeo-group.ai\/fi\/wp-json\/wp\/v2\/types\/page"}],"author":[{"embeddable":true,"href":"https:\/\/www.coeo-group.ai\/fi\/wp-json\/wp\/v2\/users\/2"}],"replies":[{"embeddable":true,"href":"https:\/\/www.coeo-group.ai\/fi\/wp-json\/wp\/v2\/comments?post=15307"}],"version-history":[{"count":2,"href":"https:\/\/www.coeo-group.ai\/fi\/wp-json\/wp\/v2\/pages\/15307\/revisions"}],"predecessor-version":[{"id":15316,"href":"https:\/\/www.coeo-group.ai\/fi\/wp-json\/wp\/v2\/pages\/15307\/revisions\/15316"}],"up":[{"embeddable":true,"href":"https:\/\/www.coeo-group.ai\/fi\/wp-json\/wp\/v2\/pages\/15276"}],"wp:attachment":[{"href":"https:\/\/www.coeo-group.ai\/fi\/wp-json\/wp\/v2\/media?parent=15307"}],"curies":[{"name":"wp","href":"https:\/\/api.w.org\/{rel}","templated":true}]}}