{"id":15304,"date":"2025-08-23T21:55:34","date_gmt":"2025-08-23T19:55:34","guid":{"rendered":"https:\/\/newsite26.coeo-group.ai\/tyyliopas\/alamerkit\/"},"modified":"2026-03-16T23:58:31","modified_gmt":"2026-03-16T22:58:31","slug":"alamerkit","status":"publish","type":"page","link":"https:\/\/www.coeo-group.ai\/fi\/tyyliopas\/alamerkit\/","title":{"rendered":"Alamerkit"},"content":{"rendered":"<section class=\"l-section wpb_row icon-box-wrapper height_auto width_full\"><div class=\"l-section-h i-cf\"><div class=\"g-cols vc_row via_flex valign_top type_default stacking_default\"><div class=\"vc_col-sm-12 wpb_column vc_column_container\"><div class=\"vc_column-inner\"><div class=\"wpb_wrapper\"><div class=\"w-image styleguide-icon-download align_none\"><a href=\"\/download\/13397\/\" aria-label=\"Button-LogoKit-cAI\" class=\"w-image-h\"><img decoding=\"async\" src=\"https:\/\/www.coeo-group.ai\/wp-content\/uploads\/2025\/12\/Button-LogoKit-cAI.svg\" class=\"attachment-full size-full\" alt=\"\" loading=\"lazy\" \/><\/a><\/div><div class=\"w-image styleguide-icon-download icon-download-zwo download-file-access align_none\"><a href=\"\/download\/13399\/\" aria-label=\"Button-LogoKit-CFN\" class=\"w-image-h\"><img decoding=\"async\" src=\"https:\/\/www.coeo-group.ai\/wp-content\/uploads\/2025\/12\/Button-LogoKit-CFN.svg\" class=\"attachment-full size-full\" alt=\"\" loading=\"lazy\" \/><\/a><\/div><\/div><\/div><\/div><\/div><\/div><\/section><section class=\"l-section wpb_row height_custom\"><div class=\"l-section-h i-cf\"><div class=\"g-cols vc_row via_flex valign_top type_default stacking_default\"><div class=\"vc_col-sm-12 wpb_column vc_column_container\"><div class=\"vc_column-inner\"><div class=\"wpb_wrapper\"><div class=\"g-cols wpb_row via_flex valign_top type_default stacking_default\"><div class=\"vc_col-sm-12 wpb_column vc_column_container\"><div class=\"vc_column-inner\"><div class=\"wpb_wrapper\">[vc_custom_heading text=&#8221;Eri kasvot.<br \/>\nYksi identiteetti.&#8221; font_container=&#8221;tag:h1|text_align:left&#8221; use_theme_fonts=&#8221;yes&#8221;]<\/div><\/div><\/div><\/div><div class=\"w-separator hide_on_mobiles size_medium\"><\/div><div class=\"wpb_text_column\"><div class=\"wpb_wrapper\"><p>Ensisijaisen logon lis\u00e4ksi, joka edustaa yleist\u00e4 yritysidentiteetti\u00e4, k\u00e4yt\u00e4mme my\u00f6s erikoistuneita logoja erillisille br\u00e4ndielementeille, kuten cAI:lle, omalle teko\u00e4lyratkaisullemme, ja CustomerFocus.network-logosarjalle.  <strong>Kun n\u00e4it\u00e4 logoja k\u00e4ytet\u00e4\u00e4n, kaikkia t\u00e4ss\u00e4 tyylilogo-oppaassa esitettyj\u00e4 yleisi\u00e4 s\u00e4\u00e4nt\u00f6j\u00e4 ja suunnitteluperiaatteita sovelletaan yht\u00e4 lailla, jotta varmistetaan johdonmukainen ja yhten\u00e4inen br\u00e4ndikokemus kaikissa sovelluksissa.<\/strong><\/p>\n<\/div><\/div><div class=\"w-html bubble-text-wrapper\"><a href=\"\/download\/13397\/\" class=\"styleguide-bubble-textlink\">T\u00e4ydellinen cAi-logopaketti<\/a><br><a href=\"\/download\/13399\/\" class=\"styleguide-bubble-textlink\">T\u00e4ydellinen CFN-logopaketti<\/a>\n<\/div><div class=\"w-separator size_medium\"><\/div><div class=\"g-cols wpb_row via_flex valign_top type_default stacking_default\"><div class=\"vc_col-sm-4 wpb_column vc_column_container\"><div class=\"vc_column-inner\"><div class=\"wpb_wrapper\">[vc_custom_heading text=&#8221;Ensisijainen k\u00e4ytt\u00f6&#8221; use_theme_fonts=&#8221;yes&#8221;]<div class=\"w-separator size_small\"><\/div><div class=\"w-image sub-brands-cai align_none\"><div class=\"w-image-h\"><img decoding=\"async\" width=\"1024\" height=\"1024\" src=\"https:\/\/www.coeo-group.ai\/wp-content\/uploads\/2025\/08\/CAI-Logo-withTrademark-RGB.svg\" class=\"attachment-large size-large\" alt=\"\" loading=\"lazy\" \/><\/div><\/div><div class=\"w-separator size_small\"><\/div><div class=\"wpb_text_column\"><div class=\"wpb_wrapper\"><p><strong>N\u00e4yt\u00f6n versio (RGB)<\/strong><\/p>\n<\/div><\/div><div class=\"w-html\"><div class=\"stylegude-download-icons\">\n<a href=\"\/download\/13389\/\"><img decoding=\"async\" src=\"https:\/\/www.coeo-group.ai\/wp-content\/uploads\/2025\/08\/file-svg-fill.svg\"><\/a>\n<a href=\"\/download\/13391\/\"><img decoding=\"async\" src=\"https:\/\/www.coeo-group.ai\/wp-content\/uploads\/2025\/08\/file-png-fill.svg\"><\/a>\n<a href=\"\/download\/13393\/\"><img decoding=\"async\" src=\"https:\/\/www.coeo-group.ai\/wp-content\/uploads\/2025\/08\/file-jpg-fill.svg\"><\/a>\n<\/div><\/div><div class=\"w-separator size_small\"><\/div><div class=\"wpb_text_column\"><div class=\"wpb_wrapper\"><p><strong>Painoversio (CMYK)<\/strong><\/p>\n<\/div><\/div><div class=\"w-html\"><div class=\"stylegude-download-icons\">\n<a href=\"\/download\/13401\/\"><img decoding=\"async\" src=\"https:\/\/www.coeo-group.ai\/wp-content\/uploads\/2025\/08\/file-eps-fill.svg\"><\/a>\n<a href=\"\/download\/13403\/\"><img decoding=\"async\" src=\"https:\/\/www.coeo-group.ai\/wp-content\/uploads\/2025\/08\/file-tiff-fill.svg\"><\/a>\n<\/div><\/div><\/div><\/div><\/div><div class=\"vc_col-sm-4 wpb_column vc_column_container\"><div class=\"vc_column-inner\"><div class=\"wpb_wrapper\">[vc_custom_heading text=&#8221;K\u00e4ytt\u00f6 tummilla taustoilla&#8221; use_theme_fonts=&#8221;yes&#8221;]<div class=\"w-separator size_small\"><\/div><div class=\"w-image align_none\"><div class=\"w-image-h\"><img decoding=\"async\" width=\"1024\" height=\"1024\" src=\"https:\/\/www.coeo-group.ai\/wp-content\/uploads\/2025\/09\/Logo-cAI-Use-on-Dark-Backgrounds.svg\" class=\"attachment-large size-large\" alt=\"\" loading=\"lazy\" \/><\/div><\/div><div class=\"w-separator size_small\"><\/div><div class=\"wpb_text_column\"><div class=\"wpb_wrapper\"><p><strong>N\u00e4yt\u00f6n versio (RGB)<\/strong><\/p>\n<\/div><\/div><div class=\"w-html\"><div class=\"stylegude-download-icons\">\n<a href=\"\/download\/13375\/\"><img decoding=\"async\" src=\"https:\/\/www.coeo-group.ai\/wp-content\/uploads\/2025\/08\/file-svg-fill.svg\"><\/a>\n<a href=\"\/download\/13395\/\"><img decoding=\"async\" src=\"https:\/\/www.coeo-group.ai\/wp-content\/uploads\/2025\/08\/file-png-fill.svg\"><\/a>\n<\/div><\/div><div class=\"w-separator size_small\"><\/div><div class=\"wpb_text_column\"><div class=\"wpb_wrapper\"><p><strong>Painoversio (CMYK)<\/strong><\/p>\n<\/div><\/div><div class=\"w-html\"><div class=\"stylegude-download-icons\">\n<a href=\"\/download\/13405\/\"><img decoding=\"async\" src=\"https:\/\/www.coeo-group.ai\/wp-content\/uploads\/2025\/08\/file-eps-fill.svg\"><\/a>\n<\/div><\/div><\/div><\/div><\/div><div class=\"vc_col-sm-4 wpb_column vc_column_container\"><div class=\"vc_column-inner\"><div class=\"wpb_wrapper\">[vc_custom_heading text=&#8221;Tyhj\u00e4 tila&#8221; use_theme_fonts=&#8221;yes&#8221;]<div class=\"w-separator size_small\"><\/div><div class=\"w-image align_none\"><div class=\"w-image-h\"><img decoding=\"async\" width=\"1024\" height=\"1024\" src=\"https:\/\/www.coeo-group.ai\/wp-content\/uploads\/2025\/08\/cAI-Logo-Clear-Space.svg\" class=\"attachment-large size-large\" alt=\"\" loading=\"lazy\" \/><\/div><\/div><\/div><\/div><\/div><\/div><div class=\"w-separator size_small\"><\/div><div class=\"wpb_text_column\"><div class=\"wpb_wrapper\"><p><strong>cAI<\/strong> on rekister\u00f6ity tavaramerkki, ja sit\u00e4 k\u00e4ytett\u00e4ess\u00e4 on aina k\u00e4ytett\u00e4v\u00e4 tunnusta \u00ae. Ainoa poikkeus on, jos logo on niin pieni, ett\u00e4 \u00ae-symboli ei ole en\u00e4\u00e4 luettavissa tai se heikent\u00e4isi ulkoasun selkeytt\u00e4.<\/p>\n<\/div><\/div><div class=\"w-separator size_medium\"><\/div><div class=\"g-cols wpb_row via_flex valign_top type_default stacking_default\"><div class=\"vc_col-sm-3 wpb_column vc_column_container\"><div class=\"vc_column-inner\"><div class=\"wpb_wrapper\"><div class=\"w-image sub-brands-cfn align_none\"><div class=\"w-image-h\"><img decoding=\"async\" src=\"https:\/\/www.coeo-group.ai\/wp-content\/uploads\/2025\/08\/Logo-CFN-1.svg\" class=\"attachment-full size-full\" alt=\"\" loading=\"lazy\" \/><\/div><\/div><div class=\"w-separator size_small\"><\/div><div class=\"w-html\"><div class=\"stylegude-download-icons\">\n<a href=\"\/download\/13407\/\"><img decoding=\"async\" src=\"https:\/\/www.coeo-group.ai\/wp-content\/uploads\/2025\/08\/file-svg-fill.svg\"><\/a>\n<a href=\"\/download\/13409\/\"><img decoding=\"async\" src=\"https:\/\/www.coeo-group.ai\/wp-content\/uploads\/2025\/08\/file-png-fill.svg\"><\/a>\n<a href=\"\/download\/13411\/\"><img decoding=\"async\" src=\"https:\/\/www.coeo-group.ai\/wp-content\/uploads\/2025\/08\/file-jpg-fill.svg\"><\/a>\n<\/div><\/div><div class=\"w-separator size_medium\"><\/div><div class=\"w-image align_none\"><div class=\"w-image-h\"><img decoding=\"async\" src=\"https:\/\/www.coeo-group.ai\/wp-content\/uploads\/2025\/09\/Logo-CFN-Use-on-Dark-Backgrounds.svg\" class=\"attachment-full size-full\" alt=\"\" loading=\"lazy\" \/><\/div><\/div><div class=\"w-separator size_small\"><\/div><div class=\"w-html\"><div class=\"stylegude-download-icons\">\n<a href=\"\/download\/13413\/\"><img decoding=\"async\" src=\"https:\/\/www.coeo-group.ai\/wp-content\/uploads\/2025\/08\/file-svg-fill.svg\"><\/a>\n<a href=\"\/download\/13415\/\"><img decoding=\"async\" src=\"https:\/\/www.coeo-group.ai\/wp-content\/uploads\/2025\/08\/file-png-fill.svg\"><\/a>\n<\/div><\/div><\/div><\/div><\/div><div class=\"vc_col-sm-9 wpb_column vc_column_container\"><div class=\"vc_column-inner\"><div class=\"wpb_wrapper\"><div class=\"wpb_text_column\"><div class=\"wpb_wrapper\"><p><a href=\"https:\/\/customerfocus.network\/\" target=\"_blank\" rel=\"noopener\">Customer Focus Network (CFN<\/a> ) on johtava sis\u00e4lt\u00f6- ja verkostoitumisfoorumi, joka k\u00e4sittelee asiakaskeskeisyytt\u00e4 yh\u00e4 digitaalisemmassa maailmassa. Se luo tilaa vaihdolle, yhteisty\u00f6lle ja kasvulle kaikkien niiden kesken, jotka asettavat asiakkaan yritt\u00e4j\u00e4m\u00e4isen ajattelun ytimeen &#8211; nyt ja tulevaisuudessa. <\/p>\n<p><strong>CFN kokoaa erilaisia sis\u00e4lt\u00f6muotoja ja tapahtumia yhden yhten\u00e4isen br\u00e4ndin alle:<\/strong><\/p>\n<p><strong>CFN Journal <\/strong>&#8211; Kuratoitu kokoelma artikkeleita, joissa tarkastellaan nykyisi\u00e4 suuntauksia, strategioita ja n\u00e4kemyksi\u00e4 asiakaskeskeisist\u00e4 liiketoimintak\u00e4yt\u00e4nn\u00f6ist\u00e4.<\/p>\n<p><strong>CFN Summit (alias CFS)<\/strong> &#8211; Vuosittainen lippulaivatapahtuma, jossa ajatuksen johtajat ja asiantuntijat jakavat n\u00e4kemyksi\u00e4\u00e4n asiakaskeskeisyydest\u00e4. Keskustelut suoratoistetaan useilla eri alustoilla. <\/p>\n<p><strong>CFN Videocast<\/strong> &#8211; Videohaastattelusarja, jossa erilaiset vieraat keskustelevat asiakaskeskeisyyteen ja teko\u00e4lyyn liittyvist\u00e4 aiheista eri n\u00e4k\u00f6kulmista.<\/p>\n<p><strong>CFN Spotlight<\/strong> &#8211; Sarja alakohtaisia puheenvuoroja, joissa korostetaan asiakaskeskeisyytt\u00e4 ja teko\u00e4ly\u00e4 yksitt\u00e4isen sektorin tai alan n\u00e4k\u00f6kulmasta.<\/p>\n<p>Yhdess\u00e4 n\u00e4m\u00e4 muodot muodostavat dynaamisen foorumin tiedon jakamiselle ja ajatusjohtajuudelle &#8211; ja niit\u00e4 yhdist\u00e4\u00e4 yhteinen uskomus: asiakas on etusijalla.<\/p>\n<\/div><\/div><\/div><\/div><\/div><\/div><div class=\"w-separator size_small\"><\/div>[vc_custom_heading text=&#8221;Ensisijainen k\u00e4ytt\u00f6&#8221; use_theme_fonts=&#8221;yes&#8221;]<div class=\"g-cols wpb_row logo-drei-reihen via_flex valign_top type_default stacking_default\"><div class=\"vc_col-sm-3 wpb_column vc_column_container\"><div class=\"vc_column-inner\"><div class=\"wpb_wrapper\"><div class=\"w-image sub-brands-cfn-list align_none\"><div class=\"w-image-h\"><img decoding=\"async\" src=\"https:\/\/www.coeo-group.ai\/wp-content\/uploads\/2025\/08\/Logo-CFN-journal-1.svg\" class=\"attachment-full size-full\" alt=\"\" loading=\"lazy\" \/><\/div><\/div><div class=\"w-separator size_small\"><\/div><div class=\"w-html\"><div class=\"stylegude-download-icons\">\n<a href=\"\/download\/13417\/\"><img decoding=\"async\" src=\"https:\/\/www.coeo-group.ai\/wp-content\/uploads\/2025\/08\/file-svg-fill.svg\"><\/a>\n<a href=\"\/download\/13419\/\"><img decoding=\"async\" src=\"https:\/\/www.coeo-group.ai\/wp-content\/uploads\/2025\/08\/file-png-fill.svg\"><\/a>\n<a href=\"\/download\/13421\/\"><img decoding=\"async\" src=\"https:\/\/www.coeo-group.ai\/wp-content\/uploads\/2025\/08\/file-jpg-fill.svg\"><\/a>\n<\/div><\/div><\/div><\/div><\/div><div class=\"vc_col-sm-3 wpb_column vc_column_container\"><div class=\"vc_column-inner\"><div class=\"wpb_wrapper\"><div class=\"w-image sub-brands-cfn-list align_none\"><div class=\"w-image-h\"><img decoding=\"async\" src=\"https:\/\/www.coeo-group.ai\/wp-content\/uploads\/2025\/08\/Logo-CFN-videocast-1.svg\" class=\"attachment-full size-full\" alt=\"\" loading=\"lazy\" \/><\/div><\/div><div class=\"w-separator size_small\"><\/div><div class=\"w-html\"><div class=\"stylegude-download-icons\">\n<a href=\"\/download\/13423\/\"><img decoding=\"async\" src=\"https:\/\/www.coeo-group.ai\/wp-content\/uploads\/2025\/08\/file-svg-fill.svg\"><\/a>\n<a href=\"\/download\/13425\/\"><img decoding=\"async\" src=\"https:\/\/www.coeo-group.ai\/wp-content\/uploads\/2025\/08\/file-png-fill.svg\"><\/a>\n<a href=\"\/download\/13427\/\"><img decoding=\"async\" src=\"https:\/\/www.coeo-group.ai\/wp-content\/uploads\/2025\/08\/file-jpg-fill.svg\"><\/a>\n<\/div><\/div><\/div><\/div><\/div><div class=\"vc_col-sm-3 wpb_column vc_column_container\"><div class=\"vc_column-inner\"><div class=\"wpb_wrapper\"><div class=\"w-image sub-brands-cfn-list align_none\"><div class=\"w-image-h\"><img decoding=\"async\" src=\"https:\/\/www.coeo-group.ai\/wp-content\/uploads\/2025\/08\/Logo-CFN-spotlight-1.svg\" class=\"attachment-full size-full\" alt=\"\" loading=\"lazy\" \/><\/div><\/div><div class=\"w-separator size_small\"><\/div><div class=\"w-html\"><div class=\"stylegude-download-icons\">\n<a href=\"\/download\/16526\/\"><img decoding=\"async\" src=\"https:\/\/www.coeo-group.ai\/wp-content\/uploads\/2025\/08\/file-svg-fill.svg\"><\/a>\n<a href=\"\/download\/16528\/\"><img decoding=\"async\" src=\"https:\/\/www.coeo-group.ai\/wp-content\/uploads\/2025\/08\/file-png-fill.svg\"><\/a>\n<a href=\"\/download\/16530\/\"><img decoding=\"async\" src=\"https:\/\/www.coeo-group.ai\/wp-content\/uploads\/2025\/08\/file-jpg-fill.svg\"><\/a>\n<\/div><\/div><\/div><\/div><\/div><div class=\"vc_col-sm-3 wpb_column vc_column_container\"><div class=\"vc_column-inner\"><div class=\"wpb_wrapper\"><div class=\"w-image sub-brands-cfn-list align_none\"><div class=\"w-image-h\"><img decoding=\"async\" src=\"https:\/\/www.coeo-group.ai\/wp-content\/uploads\/2025\/08\/Logo-CFN-summit-1.svg\" class=\"attachment-full size-full\" alt=\"\" loading=\"lazy\" \/><\/div><\/div><div class=\"w-separator size_small\"><\/div><div class=\"w-html\"><div class=\"stylegude-download-icons\">\n<a href=\"\/download\/13435\/\"><img decoding=\"async\" src=\"https:\/\/www.coeo-group.ai\/wp-content\/uploads\/2025\/08\/file-svg-fill.svg\"><\/a>\n<a href=\"\/download\/13437\/\"><img decoding=\"async\" src=\"https:\/\/www.coeo-group.ai\/wp-content\/uploads\/2025\/08\/file-png-fill.svg\"><\/a>\n<a href=\"\/download\/13439\/\"><img decoding=\"async\" src=\"https:\/\/www.coeo-group.ai\/wp-content\/uploads\/2025\/08\/file-jpg-fill.svg\"><\/a>\n<\/div><\/div><\/div><\/div><\/div><\/div><div class=\"w-separator size_small\"><\/div>[vc_custom_heading text=&#8221;K\u00e4ytt\u00f6 tummilla taustoilla&#8221; use_theme_fonts=&#8221;yes&#8221;]<div class=\"g-cols wpb_row logo-drei-reihen via_flex valign_top type_default stacking_default\"><div class=\"vc_col-sm-3 wpb_column vc_column_container\"><div class=\"vc_column-inner\"><div class=\"wpb_wrapper\"><div class=\"w-image align_none\"><div class=\"w-image-h\"><img decoding=\"async\" src=\"https:\/\/www.coeo-group.ai\/wp-content\/uploads\/2025\/09\/Logo-CFN-Journal-Use-on-Dark-Backgrounds.svg\" class=\"attachment-full size-full\" alt=\"\" loading=\"lazy\" \/><\/div><\/div><div class=\"w-separator size_small\"><\/div><div class=\"w-html\"><div class=\"stylegude-download-icons\">\n<a href=\"\/download\/13441\/\"><img decoding=\"async\" src=\"https:\/\/www.coeo-group.ai\/wp-content\/uploads\/2025\/08\/file-svg-fill.svg\"><\/a>\n<a href=\"\/download\/13443\/\"><img decoding=\"async\" src=\"https:\/\/www.coeo-group.ai\/wp-content\/uploads\/2025\/08\/file-png-fill.svg\"><\/a>\n<\/div><\/div><\/div><\/div><\/div><div class=\"vc_col-sm-3 wpb_column vc_column_container\"><div class=\"vc_column-inner\"><div class=\"wpb_wrapper\"><div class=\"w-image align_none\"><div class=\"w-image-h\"><img decoding=\"async\" src=\"https:\/\/www.coeo-group.ai\/wp-content\/uploads\/2025\/09\/Logo-CFN-Videocast-Use-on-Dark-Backgrounds.svg\" class=\"attachment-full size-full\" alt=\"\" loading=\"lazy\" \/><\/div><\/div><div class=\"w-separator size_small\"><\/div><div class=\"w-html\"><div class=\"stylegude-download-icons\">\n<a href=\"\/download\/13445\/\"><img decoding=\"async\" src=\"https:\/\/www.coeo-group.ai\/wp-content\/uploads\/2025\/08\/file-svg-fill.svg\"><\/a>\n<a href=\"\/download\/13447\/\"><img decoding=\"async\" src=\"https:\/\/www.coeo-group.ai\/wp-content\/uploads\/2025\/08\/file-png-fill.svg\"><\/a>\n<\/div><\/div><\/div><\/div><\/div><div class=\"vc_col-sm-3 wpb_column vc_column_container\"><div class=\"vc_column-inner\"><div class=\"wpb_wrapper\"><div class=\"w-image align_none\"><div class=\"w-image-h\"><img decoding=\"async\" src=\"https:\/\/www.coeo-group.ai\/wp-content\/uploads\/2025\/09\/Logo-CFN-Spotlight-Use-on-Dark-Backgrounds.svg\" class=\"attachment-full size-full\" alt=\"\" loading=\"lazy\" \/><\/div><\/div><div class=\"w-separator size_small\"><\/div><div class=\"w-html\"><div class=\"stylegude-download-icons\">\n<a href=\"\/download\/16532\/\"><img decoding=\"async\" src=\"https:\/\/www.coeo-group.ai\/wp-content\/uploads\/2025\/08\/file-svg-fill.svg\"><\/a>\n<a href=\"\/download\/16534\/\"><img decoding=\"async\" src=\"https:\/\/www.coeo-group.ai\/wp-content\/uploads\/2025\/08\/file-png-fill.svg\"><\/a>\n<\/div><\/div><\/div><\/div><\/div><div class=\"vc_col-sm-3 wpb_column vc_column_container\"><div class=\"vc_column-inner\"><div class=\"wpb_wrapper\"><div class=\"w-image align_none\"><div class=\"w-image-h\"><img decoding=\"async\" src=\"https:\/\/www.coeo-group.ai\/wp-content\/uploads\/2025\/09\/Logo-CFN-Summit-Use-on-Dark-Backgrounds.svg\" class=\"attachment-full size-full\" alt=\"\" loading=\"lazy\" \/><\/div><\/div><div class=\"w-separator size_small\"><\/div><div class=\"w-html\"><div class=\"stylegude-download-icons\">\n<a href=\"\/download\/13453\/\"><img decoding=\"async\" src=\"https:\/\/www.coeo-group.ai\/wp-content\/uploads\/2025\/08\/file-svg-fill.svg\"><\/a>\n<a href=\"\/download\/13455\/\"><img decoding=\"async\" src=\"https:\/\/www.coeo-group.ai\/wp-content\/uploads\/2025\/08\/file-png-fill.svg\"><\/a>\n<\/div><\/div><\/div><\/div><\/div><\/div><\/div><\/div><\/div><\/div><\/div><\/section>\n","protected":false},"excerpt":{"rendered":"[vc_custom_heading text=\"Eri kasvot. Yksi identiteetti.\" font_container=\"tag:h1|text_align:left\" use_theme_fonts=\"yes\"]Ensisijaisen logon lis\u00e4ksi, joka edustaa yleist\u00e4 yritysidentiteetti\u00e4, k\u00e4yt\u00e4mme my\u00f6s erikoistuneita logoja erillisille br\u00e4ndielementeille, kuten cAI:lle, omalle teko\u00e4lyratkaisullemme, ja CustomerFocus.network-logosarjalle. Kun n\u00e4it\u00e4 logoja k\u00e4ytet\u00e4\u00e4n, kaikkia t\u00e4ss\u00e4 tyylilogo-oppaassa esitettyj\u00e4 yleisi\u00e4 s\u00e4\u00e4nt\u00f6j\u00e4 ja suunnitteluperiaatteita sovelletaan yht\u00e4 lailla, jotta varmistetaan johdonmukainen ja yhten\u00e4inen br\u00e4ndikokemus kaikissa sovelluksissa. T\u00e4ydellinen cAi-logopakettiT\u00e4ydellinen CFN-logopaketti [vc_custom_heading text=\"Ensisijainen k\u00e4ytt\u00f6\" use_theme_fonts=\"yes\"]N\u00e4yt\u00f6n...","protected":false},"author":2,"featured_media":0,"parent":15276,"menu_order":0,"comment_status":"closed","ping_status":"closed","template":"","meta":{"_acf_changed":false,"footnotes":""},"class_list":["post-15304","page","type-page","status-publish","hentry"],"acf":[],"_links":{"self":[{"href":"https:\/\/www.coeo-group.ai\/fi\/wp-json\/wp\/v2\/pages\/15304","targetHints":{"allow":["GET"]}}],"collection":[{"href":"https:\/\/www.coeo-group.ai\/fi\/wp-json\/wp\/v2\/pages"}],"about":[{"href":"https:\/\/www.coeo-group.ai\/fi\/wp-json\/wp\/v2\/types\/page"}],"author":[{"embeddable":true,"href":"https:\/\/www.coeo-group.ai\/fi\/wp-json\/wp\/v2\/users\/2"}],"replies":[{"embeddable":true,"href":"https:\/\/www.coeo-group.ai\/fi\/wp-json\/wp\/v2\/comments?post=15304"}],"version-history":[{"count":7,"href":"https:\/\/www.coeo-group.ai\/fi\/wp-json\/wp\/v2\/pages\/15304\/revisions"}],"predecessor-version":[{"id":16611,"href":"https:\/\/www.coeo-group.ai\/fi\/wp-json\/wp\/v2\/pages\/15304\/revisions\/16611"}],"up":[{"embeddable":true,"href":"https:\/\/www.coeo-group.ai\/fi\/wp-json\/wp\/v2\/pages\/15276"}],"wp:attachment":[{"href":"https:\/\/www.coeo-group.ai\/fi\/wp-json\/wp\/v2\/media?parent=15304"}],"curies":[{"name":"wp","href":"https:\/\/api.w.org\/{rel}","templated":true}]}}