{"id":15298,"date":"2025-08-23T21:43:14","date_gmt":"2025-08-23T19:43:14","guid":{"rendered":"https:\/\/newsite26.coeo-group.ai\/tyyliopas\/kaaviot-nostot-ja-taulukot\/"},"modified":"2026-02-20T12:57:18","modified_gmt":"2026-02-20T11:57:18","slug":"kaaviot-nostot-ja-taulukot","status":"publish","type":"page","link":"https:\/\/www.coeo-group.ai\/fi\/tyyliopas\/kaaviot-nostot-ja-taulukot\/","title":{"rendered":"Kaaviot, nostot ja taulukot"},"content":{"rendered":"<section class=\"l-section wpb_row height_custom\"><div class=\"l-section-h i-cf\"><div class=\"g-cols vc_row via_flex valign_top type_default stacking_default\"><div class=\"vc_col-sm-12 wpb_column vc_column_container\"><div class=\"vc_column-inner\"><div class=\"wpb_wrapper\"><div class=\"g-cols wpb_row via_flex valign_top type_default stacking_default\"><div class=\"vc_col-sm-12 wpb_column vc_column_container\"><div class=\"vc_column-inner\"><div class=\"wpb_wrapper\">[vc_custom_heading text=&#8221;Korosta. Yksinkertaista.<br \/>\nSelit\u00e4. &#8221; font_container=&#8221;tag:h1|text_align:left&#8221; use_theme_fonts=&#8221;yes&#8221;]<\/div><\/div><\/div><\/div><div class=\"w-separator hide_on_mobiles size_medium\"><\/div><div class=\"wpb_text_column\"><div class=\"wpb_wrapper\"><p><strong>Kaaviot, taulukot ja kuvakkeet<\/strong> auttavat muuttamaan monimutkaisen tiedon helposti omaksuttavaksi ja kiinnostavaksi sis\u00e4ll\u00f6ksi. Niiden avulla voit korostaa keskeisi\u00e4 oivalluksia, j\u00e4sent\u00e4\u00e4 tietoja mielekk\u00e4\u00e4sti ja ohjata lukijan huomion sinne, miss\u00e4 se on t\u00e4rkeint\u00e4. Tyylin johdonmukaisuus, suunnittelun selkeys ja tarkoituksenmukainen sijoittelu ovat avainasemassa, jotta tieto ei vain n\u00e4kyisi, vaan j\u00e4isi my\u00f6s mieleen.<\/p>\n<\/div><\/div><div class=\"w-separator size_medium\"><\/div><div class=\"g-cols wpb_row via_flex valign_top type_default stacking_default\"><div class=\"vc_col-sm-4 wpb_column vc_column_container\"><div class=\"vc_column-inner\"><div class=\"wpb_wrapper\"><div class=\"w-image align_none\"><div class=\"w-image-h\"><img decoding=\"async\" width=\"930\" height=\"779\" src=\"https:\/\/www.coeo-group.ai\/wp-content\/uploads\/2026\/02\/Balkendiagramm-EN.png\" class=\"attachment-full size-full\" alt=\"\" loading=\"lazy\" srcset=\"https:\/\/www.coeo-group.ai\/wp-content\/uploads\/2026\/02\/Balkendiagramm-EN.png 930w, https:\/\/www.coeo-group.ai\/wp-content\/uploads\/2026\/02\/Balkendiagramm-EN-300x251.png 300w\" sizes=\"auto, (max-width: 930px) 100vw, 930px\" \/><\/div><\/div><\/div><\/div><\/div><div class=\"vc_col-sm-4 wpb_column vc_column_container\"><div class=\"vc_column-inner\"><div class=\"wpb_wrapper\"><div class=\"w-image align_none\"><div class=\"w-image-h\"><img decoding=\"async\" width=\"950\" height=\"781\" src=\"https:\/\/www.coeo-group.ai\/wp-content\/uploads\/2026\/02\/Liniendiagramm-EN.png\" class=\"attachment-full size-full\" alt=\"\" loading=\"lazy\" srcset=\"https:\/\/www.coeo-group.ai\/wp-content\/uploads\/2026\/02\/Liniendiagramm-EN.png 950w, https:\/\/www.coeo-group.ai\/wp-content\/uploads\/2026\/02\/Liniendiagramm-EN-300x247.png 300w\" sizes=\"auto, (max-width: 950px) 100vw, 950px\" \/><\/div><\/div><\/div><\/div><\/div><div class=\"vc_col-sm-4 wpb_column vc_column_container\"><div class=\"vc_column-inner\"><div class=\"wpb_wrapper\"><div class=\"w-image align_none\"><div class=\"w-image-h\"><img decoding=\"async\" width=\"1114\" height=\"1042\" src=\"https:\/\/www.coeo-group.ai\/wp-content\/uploads\/2026\/02\/Tortendiagramm-EN-1.png\" class=\"attachment-full size-full\" alt=\"\" loading=\"lazy\" srcset=\"https:\/\/www.coeo-group.ai\/wp-content\/uploads\/2026\/02\/Tortendiagramm-EN-1.png 1114w, https:\/\/www.coeo-group.ai\/wp-content\/uploads\/2026\/02\/Tortendiagramm-EN-1-300x281.png 300w, https:\/\/www.coeo-group.ai\/wp-content\/uploads\/2026\/02\/Tortendiagramm-EN-1-1024x958.png 1024w\" sizes=\"auto, (max-width: 1114px) 100vw, 1114px\" \/><\/div><\/div><\/div><\/div><\/div><\/div><div class=\"w-separator size_medium\"><\/div><div class=\"wpb_text_column\"><div class=\"wpb_wrapper\"><p><strong>Kaaviomme<\/strong> ovat selkeit\u00e4, v\u00e4h\u00e4eleisi\u00e4 ja keskittyv\u00e4t vain olennaiseen &#8211; ei turhia elementtej\u00e4, ei varjoja. Niiss\u00e4 k\u00e4ytet\u00e4\u00e4n vain yritysv\u00e4rej\u00e4mme, ja niiss\u00e4 k\u00e4ytet\u00e4\u00e4n aina ensisijaista kirjasintyyppi\u00e4mme tai sille m\u00e4\u00e4ritelty\u00e4 varakirjasinta. Teksti ja viivat n\u00e4kyv\u00e4t v\u00e4rill\u00e4 #333333, ja tummilla taustoilla ne vaihtuvat v\u00e4riksi #FFFFFF. Viivat esitet\u00e4\u00e4n mahdollisimman ohuina, ja merkinn\u00e4t sis\u00e4lt\u00e4v\u00e4t vain ne keskeiset tiedot, joita tarvitaan tietojen ymm\u00e4rt\u00e4miseksi yhdell\u00e4 silm\u00e4yksell\u00e4.<\/p>\n<\/div><\/div><div class=\"w-separator size_medium\"><\/div><div class=\"w-image align_none\"><div class=\"w-image-h\"><img decoding=\"async\" width=\"2560\" height=\"1038\" src=\"https:\/\/www.coeo-group.ai\/wp-content\/uploads\/2025\/08\/Table-scaled.png\" class=\"attachment-full size-full\" alt=\"\" loading=\"lazy\" srcset=\"https:\/\/www.coeo-group.ai\/wp-content\/uploads\/2025\/08\/Table-scaled.png 2560w, https:\/\/www.coeo-group.ai\/wp-content\/uploads\/2025\/08\/Table-300x122.png 300w, https:\/\/www.coeo-group.ai\/wp-content\/uploads\/2025\/08\/Table-1024x415.png 1024w, https:\/\/www.coeo-group.ai\/wp-content\/uploads\/2025\/08\/Table-1536x623.png 1536w\" sizes=\"auto, (max-width: 2560px) 100vw, 2560px\" \/><\/div><\/div><div class=\"w-separator size_medium\"><\/div><div class=\"wpb_text_column\"><div class=\"wpb_wrapper\"><p><strong>Taulukoissa<\/strong> k\u00e4ytet\u00e4\u00e4n ensisijaista kirjasintyyppi\u00e4mme tai sen varakirjasinta, ja kaikki teksti on asetettu tummanharmaaksi (#333333) optimaalisen luettavuuden varmistamiseksi. Taulukon otsikossa on valkoinen tausta (#FFFFFF), ja se on visuaalisesti erotettu taulukon rungosta ohuella tummanharmaalla viivalla (#333333). Taulukon rungon sis\u00e4ll\u00e4 rivit vaihtelevat vaaleanharmaan (#F7F7F7) ja valkoisen (#FFFFFF) v\u00e4lill\u00e4, jotta ne olisivat paremmin luettavissa. Sarakkeet on jaettu ohuilla vaaleanharmailla viivoilla (#F7F7F7), ja taulukon loppu on merkitty tummanharmaalla viivalla (#333333), joka sulkee taulukon selke\u00e4sti.<\/p>\n<\/div><\/div><div class=\"w-separator size_large\"><\/div><div class=\"g-cols wpb_row highlight-color via_flex valign_top type_default stacking_default\"><div class=\"vc_col-sm-4 wpb_column vc_column_container\"><div class=\"vc_column-inner\"><div class=\"wpb_wrapper\"><div class=\"w-image styleguide-color-square align_none\"><div class=\"w-image-h\"><img decoding=\"async\" width=\"1024\" height=\"1024\" src=\"https:\/\/www.coeo-group.ai\/wp-content\/uploads\/2025\/08\/Callout-AquaBlue.svg\" class=\"attachment-large size-large\" alt=\"\" loading=\"lazy\" \/><\/div><\/div><div class=\"w-separator size_small\"><\/div><div class=\"w-html\"><div class=\"color-values\">\n  <div class=\"color-row\" data-hex=\"298FC2\">\n    <span class=\"label\">HEX<\/span>\n<span class=\"value\">298FC2<\/span>\n  <\/div>\n  <div class=\"color-row\">\n    <span class=\"label\">RGB<\/span>\n    <span class=\"value\">41\/143\/194<\/span>\n  <\/div>\n  <div class=\"color-row\">\n    <span class=\"label\">CMYK<\/span>\n    <span class=\"value\">76\/26\/0\/0<\/span>\n  <\/div>\n<\/div>\n<\/div><\/div><\/div><\/div><div class=\"vc_col-sm-4 wpb_column vc_column_container\"><div class=\"vc_column-inner\"><div class=\"wpb_wrapper\"><div class=\"w-image styleguide-color-square align_none\"><div class=\"w-image-h\"><img decoding=\"async\" width=\"1024\" height=\"1024\" src=\"https:\/\/www.coeo-group.ai\/wp-content\/uploads\/2025\/08\/Callout-MeadowGreen.svg\" class=\"attachment-large size-large\" alt=\"\" loading=\"lazy\" \/><\/div><\/div><div class=\"w-separator size_small\"><\/div><div class=\"w-html\"><div class=\"color-values\">\n  <div class=\"color-row\" data-hex=\"78BE21\">\n    <span class=\"label\">HEX<\/span>\n    <span class=\"value\">78BE21<\/span>\n  <\/div>\n  <div class=\"color-row\">\n    <span class=\"label\">RGB<\/span>\n    <span class=\"value\">120\/190\/33\n<\/span>\n  <\/div>\n  <div class=\"color-row\">\n    <span class=\"label\">CMYK<\/span>\n    <span class=\"value\">54\/0\/100\/0<\/span>\n  <\/div>\n<\/div>\n<\/div><\/div><\/div><\/div><div class=\"vc_col-sm-4 wpb_column vc_column_container\"><div class=\"vc_column-inner\"><div class=\"wpb_wrapper\"><div class=\"w-image styleguide-color-square align_none\"><div class=\"w-image-h\"><img decoding=\"async\" width=\"1024\" height=\"1024\" src=\"https:\/\/www.coeo-group.ai\/wp-content\/uploads\/2025\/08\/Callout-OceanBlue.svg\" class=\"attachment-large size-large\" alt=\"\" loading=\"lazy\" \/><\/div><\/div><div class=\"w-separator size_small\"><\/div><div class=\"w-html\"><div class=\"color-values\">\n  <div class=\"color-row\" data-hex=\"326295\">\n    <span class=\"label\">HEX<\/span>\n    <span class=\"value\">326295<\/span>\n  <\/div>\n  <div class=\"color-row\">\n    <span class=\"label\">RGB<\/span>\n    <span class=\"value\">50\/98\/149\n<\/span>\n  <\/div>\n  <div class=\"color-row\">\n    <span class=\"label\">CMYK<\/span>\n    <span class=\"value\">84\/54\/3\/10<\/span>\n  <\/div>\n<\/div>\n<\/div><\/div><\/div><\/div><\/div><div class=\"w-separator size_medium\"><\/div><div class=\"g-cols wpb_row highlight-color via_flex valign_top type_default stacking_default\"><div class=\"vc_col-sm-4 wpb_column vc_column_container\"><div class=\"vc_column-inner\"><div class=\"wpb_wrapper\"><div class=\"w-image styleguide-color-square align_none\"><div class=\"w-image-h\"><img decoding=\"async\" width=\"1024\" height=\"1024\" src=\"https:\/\/www.coeo-group.ai\/wp-content\/uploads\/2025\/08\/Callout-SunnyYellow.svg\" class=\"attachment-large size-large\" alt=\"\" loading=\"lazy\" \/><\/div><\/div><div class=\"w-separator size_small\"><\/div><div class=\"w-html\"><div class=\"color-values\">\n  <div class=\"color-row\" data-hex=\"FEDD00\">\n    <span class=\"label\">HEX<\/span>\n    <span class=\"value\">FEDD00<\/span>\n  <\/div>\n  <div class=\"color-row\">\n    <span class=\"label\">RGB<\/span>\n    <span class=\"value\">254\/221\/0<\/span>\n  <\/div>\n  <div class=\"color-row\">\n    <span class=\"label\">CMYK<\/span>\n    <span class=\"value\">0\/0\/100\/0<\/span>\n  <\/div>\n<\/div>\n<\/div><\/div><\/div><\/div><div class=\"vc_col-sm-4 wpb_column vc_column_container\"><div class=\"vc_column-inner\"><div class=\"wpb_wrapper\"><div class=\"w-image styleguide-color-square align_none\"><div class=\"w-image-h\"><img decoding=\"async\" width=\"1024\" height=\"1024\" src=\"https:\/\/www.coeo-group.ai\/wp-content\/uploads\/2025\/08\/Callout-BrightOrange.svg\" class=\"attachment-large size-large\" alt=\"\" loading=\"lazy\" \/><\/div><\/div><div class=\"w-separator size_small\"><\/div><div class=\"w-html\"><div class=\"color-values\">\n  <div class=\"color-row\" data-hex=\"FF9425\">\n    <span class=\"label\">HEX<\/span>\n    <span class=\"value\">FF9425<\/span>\n  <\/div>\n  <div class=\"color-row\">\n    <span class=\"label\">RGB<\/span>\n    <span class=\"value\">255\/148\/37\n<\/span>\n  <\/div>\n  <div class=\"color-row\">\n    <span class=\"label\">CMYK<\/span>\n    <span class=\"value\">0\/45\/100\/0<\/span>\n  <\/div>\n<\/div>\n<\/div><\/div><\/div><\/div><div class=\"vc_col-sm-4 wpb_column vc_column_container\"><div class=\"vc_column-inner\"><div class=\"wpb_wrapper\"><div class=\"w-image styleguide-color-square align_none\"><div class=\"w-image-h\"><img decoding=\"async\" width=\"1024\" height=\"1024\" src=\"https:\/\/www.coeo-group.ai\/wp-content\/uploads\/2025\/08\/Callout-BlossomRed.svg\" class=\"attachment-large size-large\" alt=\"\" loading=\"lazy\" \/><\/div><\/div><div class=\"w-separator size_small\"><\/div><div class=\"w-html\"><div class=\"color-values\">\n  <div class=\"color-row\" data-hex=\"D00070\">\n    <span class=\"label\">HEX<\/span>\n    <span class=\"value\">D00070<\/span>\n  <\/div>\n  <div class=\"color-row\">\n    <span class=\"label\">RGB<\/span>\n    <span class=\"value\">208\/0\/112\n<\/span>\n  <\/div>\n  <div class=\"color-row\">\n    <span class=\"label\">CMYK<\/span>\n    <span class=\"value\">0\/100\/0\/0<\/span>\n  <\/div>\n<\/div>\n<\/div><\/div><\/div><\/div><\/div><div class=\"w-separator size_medium\"><\/div><div class=\"wpb_text_column\"><div class=\"wpb_wrapper\"><p>Nostot ovat hy\u00f6dyllinen ty\u00f6kalu, jolla voit kiinnitt\u00e4\u00e4 huomiota t\u00e4rkeisiin yksityiskohtiin, korostaa keskeisi\u00e4 viestej\u00e4 tai lis\u00e4t\u00e4 ulkoasuun visuaalisia korostuksia. Niit\u00e4 voidaan k\u00e4ytt\u00e4\u00e4<br \/>\nt\u00e4ss\u00e4 esitetyill\u00e4 muunnelmilla, ja niiden tulisi aina noudattaa br\u00e4ndin visuaalisia periaatteita. Kutsut ovat johdonmukaisesti py\u00f6reit\u00e4<br \/>\nmuodoltaan, ja ne voivat sis\u00e4lt\u00e4\u00e4 teksti\u00e4, joka on asetettu ensisijaisella tai varakirjasimella, tai kuvakkeita virallisista kuvakkeista. Tummilla taustoilla voidaan vaihtoehtoisesti k\u00e4ytt\u00e4\u00e4 valkoisia<br \/>\npy\u00f6reit\u00e4 kutsumerkkej\u00e4.<\/p>\n<\/div><\/div><\/div><\/div><\/div><\/div><\/div><\/section>\n","protected":false},"excerpt":{"rendered":"[vc_custom_heading text=\"Korosta. Yksinkertaista. Selit\u00e4. \" font_container=\"tag:h1|text_align:left\" use_theme_fonts=\"yes\"]Kaaviot, taulukot ja kuvakkeet auttavat muuttamaan monimutkaisen tiedon helposti omaksuttavaksi ja kiinnostavaksi sis\u00e4ll\u00f6ksi. Niiden avulla voit korostaa keskeisi\u00e4 oivalluksia, j\u00e4sent\u00e4\u00e4 tietoja mielekk\u00e4\u00e4sti ja ohjata lukijan huomion sinne, miss\u00e4 se on t\u00e4rkeint\u00e4. Tyylin johdonmukaisuus, suunnittelun selkeys ja tarkoituksenmukainen sijoittelu ovat avainasemassa, jotta tieto ei vain n\u00e4kyisi, vaan j\u00e4isi my\u00f6s mieleen....","protected":false},"author":2,"featured_media":0,"parent":15276,"menu_order":0,"comment_status":"closed","ping_status":"closed","template":"","meta":{"_acf_changed":false,"footnotes":""},"class_list":["post-15298","page","type-page","status-publish","hentry"],"acf":[],"_links":{"self":[{"href":"https:\/\/www.coeo-group.ai\/fi\/wp-json\/wp\/v2\/pages\/15298","targetHints":{"allow":["GET"]}}],"collection":[{"href":"https:\/\/www.coeo-group.ai\/fi\/wp-json\/wp\/v2\/pages"}],"about":[{"href":"https:\/\/www.coeo-group.ai\/fi\/wp-json\/wp\/v2\/types\/page"}],"author":[{"embeddable":true,"href":"https:\/\/www.coeo-group.ai\/fi\/wp-json\/wp\/v2\/users\/2"}],"replies":[{"embeddable":true,"href":"https:\/\/www.coeo-group.ai\/fi\/wp-json\/wp\/v2\/comments?post=15298"}],"version-history":[{"count":2,"href":"https:\/\/www.coeo-group.ai\/fi\/wp-json\/wp\/v2\/pages\/15298\/revisions"}],"predecessor-version":[{"id":15303,"href":"https:\/\/www.coeo-group.ai\/fi\/wp-json\/wp\/v2\/pages\/15298\/revisions\/15303"}],"up":[{"embeddable":true,"href":"https:\/\/www.coeo-group.ai\/fi\/wp-json\/wp\/v2\/pages\/15276"}],"wp:attachment":[{"href":"https:\/\/www.coeo-group.ai\/fi\/wp-json\/wp\/v2\/media?parent=15298"}],"curies":[{"name":"wp","href":"https:\/\/api.w.org\/{rel}","templated":true}]}}