{"id":15292,"date":"2025-08-23T16:49:03","date_gmt":"2025-08-23T14:49:03","guid":{"rendered":"https:\/\/newsite26.coeo-group.ai\/tyyliopas\/iconset\/"},"modified":"2026-02-20T12:44:19","modified_gmt":"2026-02-20T11:44:19","slug":"iconset","status":"publish","type":"page","link":"https:\/\/www.coeo-group.ai\/fi\/tyyliopas\/iconset\/","title":{"rendered":"Iconset"},"content":{"rendered":"<section class=\"l-section wpb_row icon-box-wrapper height_auto width_full\"><div class=\"l-section-h i-cf\"><div class=\"g-cols vc_row via_flex valign_top type_default stacking_default\"><div class=\"vc_col-sm-12 wpb_column vc_column_container\"><div class=\"vc_column-inner\"><div class=\"wpb_wrapper\"><div class=\"w-image styleguide-icon-download align_none\"><a href=\"\/download\/13383\/\" aria-label=\"Button-IconKit-DarkGrey\" class=\"w-image-h\"><img decoding=\"async\" src=\"https:\/\/www.coeo-group.ai\/wp-content\/uploads\/2025\/09\/Button-IconKit-DarkGrey.svg\" class=\"attachment-full size-full\" alt=\"\" loading=\"lazy\" \/><\/a><\/div><div class=\"w-image styleguide-icon-download icon-download-zwo align_none\"><a href=\"\/download\/13385\/\" aria-label=\"Button-IconKit-White\" class=\"w-image-h\"><img decoding=\"async\" src=\"https:\/\/www.coeo-group.ai\/wp-content\/uploads\/2025\/09\/Button-IconKit-White.svg\" class=\"attachment-full size-full\" alt=\"\" loading=\"lazy\" \/><\/a><\/div><div class=\"w-image styleguide-icon-download icon-download-drei align_none\"><a href=\"\/download\/13387\/\" aria-label=\"Button-IconKit-FillBlue\" class=\"w-image-h\"><img decoding=\"async\" src=\"https:\/\/www.coeo-group.ai\/wp-content\/uploads\/2025\/09\/Button-IconKit-FillBlue.svg\" class=\"attachment-full size-full\" alt=\"\" loading=\"lazy\" \/><\/a><\/div><\/div><\/div><\/div><\/div><\/div><\/section><section class=\"l-section wpb_row height_custom\"><div class=\"l-section-h i-cf\"><div class=\"g-cols vc_row via_flex valign_top type_default stacking_default\"><div class=\"vc_col-sm-12 wpb_column vc_column_container\"><div class=\"vc_column-inner\"><div class=\"wpb_wrapper\"><div class=\"g-cols wpb_row via_flex valign_top type_default stacking_default\"><div class=\"vc_col-sm-8 wpb_column vc_column_container\"><div class=\"vc_column-inner\"><div class=\"wpb_wrapper\">[vc_custom_heading text=&#8221;Monimutkaisuudesta<br \/>\nselkeyteen.&#8221; font_container=&#8221;tag:h1|text_align:left&#8221; use_theme_fonts=&#8221;yes&#8221;]<\/div><\/div><\/div><div class=\"vc_col-sm-4 wpb_column vc_column_container\"><div class=\"vc_column-inner\"><div class=\"wpb_wrapper\"><\/div><\/div><\/div><\/div><div class=\"w-separator hide_on_mobiles size_medium\"><\/div><div class=\"wpb_text_column\"><div class=\"wpb_wrapper\"><p><strong>Kuvakkeemme<\/strong> auttavat k\u00e4ytt\u00e4ji\u00e4 hahmottamaan sis\u00e4ll\u00f6n nopeammin, antavat suuntaa ja toimivat harkitun suunnittelun hiljaisina sankareina. Yksinkertaisia, moderneja, helppok\u00e4ytt\u00f6isi\u00e4. Niiden hienot linjat heijastavat typografiamme ilmavaa, tasapainoista estetiikkaa ja viev\u00e4t sit\u00e4 visuaalisesti eteenp\u00e4in.  <\/p>\n<p><strong>Kuvakkeet perustuvat avoimen l\u00e4hdekoodin <a class=\"link-styleguide\" href=\"https:\/\/phosphoricons.com\/?weight=%22thin%22&amp;color=%22333333%22\" target=\"_blank\" rel=\"noopener\">Phosphor Icons<\/a> -sarjaan, joka on lisensoitu MIT-lisenssill\u00e4.<\/strong><\/p>\n<\/div><\/div><div class=\"w-separator size_small\"><\/div><div class=\"g-cols wpb_row styleguide-vier-reihen via_flex valign_top type_default stacking_default\"><div class=\"vc_col-sm-6 wpb_column vc_column_container\"><div class=\"vc_column-inner\"><div class=\"wpb_wrapper\"><div class=\"w-image iconset-sammlung align_none\"><div class=\"w-image-h\"><img decoding=\"async\" width=\"1024\" height=\"1024\" src=\"https:\/\/www.coeo-group.ai\/wp-content\/uploads\/2025\/08\/Iconset-DarkGrey.svg\" class=\"attachment-large size-large\" alt=\"\" loading=\"lazy\" \/><\/div><\/div><\/div><\/div><\/div><div class=\"vc_col-sm-6 wpb_column vc_column_container\"><div class=\"vc_column-inner\"><div class=\"wpb_wrapper\"><div class=\"w-image us_custom_1da11972 iconset-sammlung-inv align_none has_bg_color\"><div class=\"w-image-h\"><img decoding=\"async\" width=\"1024\" height=\"1024\" src=\"https:\/\/www.coeo-group.ai\/wp-content\/uploads\/2025\/08\/Iconset-White.svg\" class=\"attachment-large size-large\" alt=\"\" loading=\"lazy\" \/><\/div><\/div><\/div><\/div><\/div><\/div><div class=\"w-separator size_small\"><\/div><div class=\"wpb_text_column\"><div class=\"wpb_wrapper\"><p>Kuvakkeita k\u00e4ytet\u00e4\u00e4n &#8220;ohuella&#8221; tyylill\u00e4. Vaaleilla taustoilla niiden on n\u00e4ytett\u00e4v\u00e4 yksinomaan v\u00e4rin\u00e4 #333333 ja tummilla taustoilla yksinomaan v\u00e4rin\u00e4 #FFFFFF. <strong>Poikkeus:<\/strong> Kun kuvakkeita k\u00e4ytet\u00e4\u00e4n painikkeina esimerkiksi palveluportaalissa tai verkkosivustolla, niiden on oltava &#8220;Fill&#8221;-tyylisi\u00e4 ja v\u00e4rilt\u00e4\u00e4n #78BE21.<\/p>\n<\/div><\/div><div class=\"w-html bubble-text-wrapper\"><a href=\"\/download\/13383\/\" class=\"styleguide-bubble-textlink\">Icon Kit tummanharmaa<\/a><br><a href=\"\/download\/13385\/\" class=\"styleguide-bubble-textlink\">Icon Kit Valkoinen<\/a><br><a href=\"\/download\/13387\/\" class=\"styleguide-bubble-textlink\">Icon Kit \"Fill\" Sininen<\/a> \n<\/div><div class=\"w-separator size_medium\"><\/div>[vc_custom_heading text=&#8221;Favicon&#8221; use_theme_fonts=&#8221;yes&#8221;]<div class=\"wpb_text_column\"><div class=\"wpb_wrapper\"><p>Suosikkikuvake on pieni kuvake, joka n\u00e4kyy selaimen v\u00e4lilehdess\u00e4 sivun otsikon vieress\u00e4. Se auttaa k\u00e4ytt\u00e4ji\u00e4 tunnistamaan verkkosivustomme visuaalisesti ja vahvistaa br\u00e4ndimme l\u00e4sn\u00e4oloa verkossa. Coeon favicon on optimoitu t\u00e4t\u00e4 erityist\u00e4 k\u00e4ytt\u00f6tarkoitusta varten, ja sit\u00e4 saa k\u00e4ytt\u00e4\u00e4 vain t\u00e4ss\u00e4 yhteydess\u00e4. Muu k\u00e4ytt\u00f6 ei ole sallittua.<\/p>\n<\/div><\/div><div class=\"w-separator size_small\"><\/div><div class=\"w-html\"><div class=\"iconset-download-icons\">\n<span><img decoding=\"async\" src=\"https:\/\/www.coeo-group.ai\/wp-content\/uploads\/2025\/08\/coeo-Favicon.png\"><\/span>\n<span class=\"stylegude-download-icons\"><a href=\"\/download\/13373\/\"><img decoding=\"async\" src=\"https:\/\/www.coeo-group.ai\/wp-content\/uploads\/2026\/01\/file-ico-fill.svg\"><\/a><\/span>\n<\/div><\/div><div class=\"w-separator size_small\"><\/div><\/div><\/div><\/div><\/div><\/div><\/section>\n","protected":false},"excerpt":{"rendered":"[vc_custom_heading text=\"Monimutkaisuudesta selkeyteen.\" font_container=\"tag:h1|text_align:left\" use_theme_fonts=\"yes\"]Kuvakkeemme auttavat k\u00e4ytt\u00e4ji\u00e4 hahmottamaan sis\u00e4ll\u00f6n nopeammin, antavat suuntaa ja toimivat harkitun suunnittelun hiljaisina sankareina. Yksinkertaisia, moderneja, helppok\u00e4ytt\u00f6isi\u00e4. Niiden hienot linjat heijastavat typografiamme ilmavaa, tasapainoista estetiikkaa ja viev\u00e4t sit\u00e4 visuaalisesti eteenp\u00e4in. Kuvakkeet perustuvat avoimen l\u00e4hdekoodin Phosphor Icons -sarjaan, joka on lisensoitu MIT-lisenssill\u00e4. Kuvakkeita k\u00e4ytet\u00e4\u00e4n &#8220;ohuella&#8221; tyylill\u00e4. Vaaleilla taustoilla niiden on n\u00e4ytett\u00e4v\u00e4 yksinomaan...","protected":false},"author":2,"featured_media":0,"parent":15276,"menu_order":0,"comment_status":"closed","ping_status":"closed","template":"","meta":{"_acf_changed":false,"footnotes":""},"class_list":["post-15292","page","type-page","status-publish","hentry"],"acf":[],"_links":{"self":[{"href":"https:\/\/www.coeo-group.ai\/fi\/wp-json\/wp\/v2\/pages\/15292","targetHints":{"allow":["GET"]}}],"collection":[{"href":"https:\/\/www.coeo-group.ai\/fi\/wp-json\/wp\/v2\/pages"}],"about":[{"href":"https:\/\/www.coeo-group.ai\/fi\/wp-json\/wp\/v2\/types\/page"}],"author":[{"embeddable":true,"href":"https:\/\/www.coeo-group.ai\/fi\/wp-json\/wp\/v2\/users\/2"}],"replies":[{"embeddable":true,"href":"https:\/\/www.coeo-group.ai\/fi\/wp-json\/wp\/v2\/comments?post=15292"}],"version-history":[{"count":2,"href":"https:\/\/www.coeo-group.ai\/fi\/wp-json\/wp\/v2\/pages\/15292\/revisions"}],"predecessor-version":[{"id":15294,"href":"https:\/\/www.coeo-group.ai\/fi\/wp-json\/wp\/v2\/pages\/15292\/revisions\/15294"}],"up":[{"embeddable":true,"href":"https:\/\/www.coeo-group.ai\/fi\/wp-json\/wp\/v2\/pages\/15276"}],"wp:attachment":[{"href":"https:\/\/www.coeo-group.ai\/fi\/wp-json\/wp\/v2\/media?parent=15292"}],"curies":[{"name":"wp","href":"https:\/\/api.w.org\/{rel}","templated":true}]}}