{"id":15286,"date":"2025-08-23T13:54:00","date_gmt":"2025-08-23T11:54:00","guid":{"rendered":"https:\/\/newsite26.coeo-group.ai\/tyyliopas\/yrityksen-varit\/"},"modified":"2026-02-20T12:36:42","modified_gmt":"2026-02-20T11:36:42","slug":"yrityksen-varit","status":"publish","type":"page","link":"https:\/\/www.coeo-group.ai\/fi\/tyyliopas\/yrityksen-varit\/","title":{"rendered":"Yrityksen v\u00e4rit"},"content":{"rendered":"<section class=\"l-section wpb_row icon-box-wrapper height_auto width_full\"><div class=\"l-section-h i-cf\"><div class=\"g-cols vc_row via_flex valign_top type_default stacking_default\"><div class=\"vc_col-sm-12 wpb_column vc_column_container\"><div class=\"vc_column-inner\"><div class=\"wpb_wrapper\"><div class=\"w-image styleguide-icon-download align_none\"><a href=\"\/download\/13381\/\" aria-label=\"Button-ColorLibrary\" class=\"w-image-h\"><img decoding=\"async\" src=\"https:\/\/www.coeo-group.ai\/wp-content\/uploads\/2025\/09\/Button-ColorLibrary.svg\" class=\"attachment-full size-full\" alt=\"\" loading=\"lazy\" \/><\/a><\/div><\/div><\/div><\/div><\/div><\/div><\/section><section class=\"l-section wpb_row height_custom\"><div class=\"l-section-h i-cf\"><div class=\"g-cols vc_row via_flex valign_top type_default stacking_default\"><div class=\"vc_col-sm-12 wpb_column vc_column_container\"><div class=\"vc_column-inner\"><div class=\"wpb_wrapper\"><div class=\"g-cols wpb_row via_flex valign_top type_default stacking_default\"><div class=\"vc_col-sm-8 wpb_column vc_column_container\"><div class=\"vc_column-inner\"><div class=\"wpb_wrapper\">[vc_custom_heading text=&#8221;Br\u00e4ndimme syd\u00e4men syke<br \/>\n.&#8221; font_container=&#8221;tag:h1|text_align:left&#8221; use_theme_fonts=&#8221;yes&#8221;]<\/div><\/div><\/div><div class=\"vc_col-sm-4 wpb_column vc_column_container\"><div class=\"vc_column-inner\"><div class=\"wpb_wrapper\"><\/div><\/div><\/div><\/div><div class=\"w-separator hide_on_mobiles size_medium\"><\/div><div class=\"wpb_text_column\"><div class=\"wpb_wrapper\"><p><strong>Yrityksemme v\u00e4rit<\/strong> ovat enemm\u00e4n kuin pelkki\u00e4 s\u00e4vyj\u00e4 &#8211; ne ovat br\u00e4ndimme identiteetin visuaalinen perusta. N\u00e4iden v\u00e4rien johdonmukainen k\u00e4ytt\u00f6 kaikissa kosketuspisteiss\u00e4 varmistaa, ett\u00e4 br\u00e4ndimme on v\u00e4litt\u00f6m\u00e4sti tunnistettavissa ja her\u00e4tt\u00e4\u00e4 oikeat tunteet jokaisessa vuorovaikutuksessa.<\/p>\n<\/div><\/div><div class=\"w-html bubble-text-wrapper\"><a href=\"\/download\/13381\/\" class=\"styleguide-bubble-textlink\">coeo V\u00e4rikirjasto (.ase)<\/a><\/div><div class=\"w-separator size_medium\"><\/div>[vc_custom_heading text=&#8221;P\u00e4\u00e4v\u00e4ri&#8221; use_theme_fonts=&#8221;yes&#8221;]<div class=\"w-separator size_small\"><\/div><div class=\"g-cols wpb_row styleguide-vier-reihen via_flex valign_top type_default stacking_default\"><div class=\"vc_col-sm-3 wpb_column vc_column_container\"><div class=\"vc_column-inner\"><div class=\"wpb_wrapper\"><div class=\"w-image styleguide-color-square align_none\"><div class=\"w-image-h\"><img decoding=\"async\" width=\"1024\" height=\"1024\" src=\"https:\/\/www.coeo-group.ai\/wp-content\/uploads\/2025\/08\/AquaBlue.svg\" class=\"attachment-large size-large\" alt=\"\" loading=\"lazy\" \/><\/div><\/div><\/div><\/div><\/div><div class=\"vc_col-sm-3 wpb_column vc_column_container\"><div class=\"vc_column-inner\"><div class=\"wpb_wrapper\"><div class=\"w-html\"><div class=\"color-values\">\n  <div class=\"color-row\" data-hex=\"298FC2\">\n    <span class=\"label\">HEX<\/span>\n    <span class=\"value\">298FC2<\/span>\n  <\/div>\n  <div class=\"color-row\">\n    <span class=\"label\">RGB<\/span>\n    <span class=\"value\">41\/143\/194<\/span>\n  <\/div>\n  <div class=\"color-row\">\n    <span class=\"label\">CMYK<\/span>\n    <span class=\"value\">76\/26\/0\/0<\/span>\n  <\/div>\n  <div class=\"color-row\">\n    <span class=\"label\">Pantone<\/span>\n    <span class=\"value\">7689 C<\/span>\n  <\/div>\n<\/div>\n<\/div><\/div><\/div><\/div><div class=\"vc_col-sm-3 wpb_column vc_column_container\"><div class=\"vc_column-inner\"><div class=\"wpb_wrapper\"><\/div><\/div><\/div><div class=\"vc_col-sm-3 wpb_column vc_column_container\"><div class=\"vc_column-inner\"><div class=\"wpb_wrapper\"><\/div><\/div><\/div><\/div><div class=\"w-separator trenner-mobil size_medium\"><\/div><div class=\"g-cols wpb_row styleguide-vier-reihen via_flex valign_top type_default stacking_default\"><div class=\"vc_col-sm-3 wpb_column vc_column_container\"><div class=\"vc_column-inner\"><div class=\"wpb_wrapper\"><div class=\"w-image styleguide-color-square align_none\"><div class=\"w-image-h\"><img decoding=\"async\" width=\"1024\" height=\"1024\" src=\"https:\/\/www.coeo-group.ai\/wp-content\/uploads\/2025\/08\/Gradient.svg\" class=\"attachment-large size-large\" alt=\"\" loading=\"lazy\" \/><\/div><\/div><\/div><\/div><\/div><div class=\"vc_col-sm-3 wpb_column vc_column_container\"><div class=\"vc_column-inner\"><div class=\"wpb_wrapper\"><div class=\"wpb_text_column\"><div class=\"wpb_wrapper\"><p><strong>A: Aqua Blue<\/strong><\/p>\n<\/div><\/div><div class=\"w-separator size_small\"><\/div><div class=\"w-html\"><div class=\"color-values\">\n  <div class=\"color-row\" data-hex=\"298FC2\">\n    <span class=\"label\">HEX<\/span>\n    <span class=\"value\">298FC2<\/span>\n  <\/div>\n  <div class=\"color-row\">\n    <span class=\"label\">RGB<\/span>\n    <span class=\"value\">41\/143\/194<\/span>\n  <\/div>\n  <div class=\"color-row\">\n    <span class=\"label\">CMYK<\/span>\n    <span class=\"value\">76\/26\/0\/0<\/span>\n  <\/div>\n  <div class=\"color-row\">\n    <span class=\"label\">Pantone<\/span>\n    <span class=\"value\">7689 C<\/span>\n  <\/div>\n<\/div>\n<\/div><\/div><\/div><\/div><div class=\"vc_col-sm-6 wpb_column vc_column_container\"><div class=\"vc_column-inner\"><div class=\"wpb_wrapper\"><div class=\"wpb_text_column\"><div class=\"wpb_wrapper\"><p><strong>B: taivaansininen (vain kaltevuusk\u00e4ytt\u00f6\u00f6n)<\/strong><\/p>\n<\/div><\/div><div class=\"w-separator size_small\"><\/div><div class=\"w-html\"><div class=\"color-values\">\n  <div class=\"color-row\" data-hex=\"48A9C5\">\n    <span class=\"label\">HEX<\/span>\n    <span class=\"value\">48A9C5<\/span>\n  <\/div>\n  <div class=\"color-row\">\n    <span class=\"label\">RGB<\/span>\n    <span class=\"value\">72\/169\/197<\/span>\n  <\/div>\n  <div class=\"color-row\">\n    <span class=\"label\">CMYK<\/span>\n    <span class=\"value\">66\/8\/7\/1<\/span>\n  <\/div>\n  <div class=\"color-row\">\n    <span class=\"label\">Pantone<\/span>\n    <span class=\"value\">7702 C<\/span>\n  <\/div>\n<\/div><\/div><\/div><\/div><\/div><\/div><div class=\"w-separator size_medium\"><\/div>[vc_custom_heading text=&#8221;Toissijaiset v\u00e4rit&#8221; use_theme_fonts=&#8221;yes&#8221;]<div class=\"w-separator size_small\"><\/div><div class=\"g-cols wpb_row styleguide-vier-reihen via_flex valign_top type_default stacking_default\"><div class=\"vc_col-sm-3 wpb_column vc_column_container\"><div class=\"vc_column-inner\"><div class=\"wpb_wrapper\"><div class=\"w-image styleguide-color-square align_none\"><div class=\"w-image-h\"><img decoding=\"async\" width=\"1024\" height=\"1024\" src=\"https:\/\/www.coeo-group.ai\/wp-content\/uploads\/2025\/08\/MeadowGreen.svg\" class=\"attachment-large size-large\" alt=\"\" loading=\"lazy\" \/><\/div><\/div><\/div><\/div><\/div><div class=\"vc_col-sm-3 wpb_column vc_column_container\"><div class=\"vc_column-inner\"><div class=\"wpb_wrapper\"><div class=\"w-html\"><div class=\"color-values\">\n  <div class=\"color-row\" data-hex=\"78BE21\">\n    <span class=\"label\">HEX<\/span>\n    <span class=\"value\">78BE21<\/span>\n  <\/div>\n  <div class=\"color-row\">\n    <span class=\"label\">RGB<\/span>\n    <span class=\"value\">120\/190\/33<\/span>\n  <\/div>\n  <div class=\"color-row\">\n    <span class=\"label\">CMYK<\/span>\n    <span class=\"value\">54\/0\/100\/0<\/span>\n  <\/div>\n  <div class=\"color-row\">\n    <span class=\"label\">Pantone<\/span>\n    <span class=\"value\">368 C<\/span>\n  <\/div>\n<\/div><\/div><\/div><\/div><\/div><div class=\"vc_col-sm-3 wpb_column vc_column_container\"><div class=\"vc_column-inner\"><div class=\"wpb_wrapper\"><div class=\"w-image styleguide-color-square align_none\"><div class=\"w-image-h\"><img decoding=\"async\" width=\"1024\" height=\"1024\" src=\"https:\/\/www.coeo-group.ai\/wp-content\/uploads\/2025\/08\/OceanBlue.svg\" class=\"attachment-large size-large\" alt=\"\" loading=\"lazy\" \/><\/div><\/div><\/div><\/div><\/div><div class=\"vc_col-sm-3 wpb_column vc_column_container\"><div class=\"vc_column-inner\"><div class=\"wpb_wrapper\"><div class=\"w-html\"><div class=\"color-values\">\n  <div class=\"color-row\" data-hex=\"326295\">\n    <span class=\"label\">HEX<\/span>\n    <span class=\"value\">326295<\/span>\n  <\/div>\n  <div class=\"color-row\">\n    <span class=\"label\">RGB<\/span>\n    <span class=\"value\">50\/98\/149<\/span>\n  <\/div>\n  <div class=\"color-row\">\n    <span class=\"label\">CMYK<\/span>\n    <span class=\"value\">84\/54\/3\/10<\/span>\n  <\/div>\n  <div class=\"color-row\">\n    <span class=\"label\">Pantone<\/span>\n    <span class=\"value\">653 C<\/span>\n  <\/div>\n<\/div>  <\/div><\/div><\/div><\/div><\/div><div class=\"w-separator trenner-mobil size_medium\"><\/div><div class=\"g-cols wpb_row styleguide-vier-reihen via_flex valign_top type_default stacking_default\"><div class=\"vc_col-sm-3 wpb_column vc_column_container\"><div class=\"vc_column-inner\"><div class=\"wpb_wrapper\"><div class=\"w-image styleguide-color-square align_none\"><div class=\"w-image-h\"><img decoding=\"async\" width=\"1024\" height=\"1024\" src=\"https:\/\/www.coeo-group.ai\/wp-content\/uploads\/2025\/08\/BlossomRed.svg\" class=\"attachment-large size-large\" alt=\"\" loading=\"lazy\" \/><\/div><\/div><\/div><\/div><\/div><div class=\"vc_col-sm-3 wpb_column vc_column_container\"><div class=\"vc_column-inner\"><div class=\"wpb_wrapper\"><div class=\"w-html\"><div class=\"color-values\">\n  <div class=\"color-row\" data-hex=\"D00070\">\n    <span class=\"label\">HEX<\/span>\n    <span class=\"value\">D00070<\/span>\n  <\/div>\n  <div class=\"color-row\">\n    <span class=\"label\">RGB<\/span>\n    <span class=\"value\">208\/0\/112<\/span>\n  <\/div>\n  <div class=\"color-row\">\n    <span class=\"label\">CMYK<\/span>\n    <span class=\"value\">0\/100\/0\/0<\/span>\n  <\/div>\n  <div class=\"color-row\">\n    <span class=\"label\">Pantone<\/span>\n    <span class=\"value\">226 C<\/span>\n  <\/div>\n<\/div>   <\/div><\/div><\/div><\/div><div class=\"vc_col-sm-3 wpb_column vc_column_container\"><div class=\"vc_column-inner\"><div class=\"wpb_wrapper\"><div class=\"w-image styleguide-color-square align_none\"><div class=\"w-image-h\"><img decoding=\"async\" width=\"1024\" height=\"1024\" src=\"https:\/\/www.coeo-group.ai\/wp-content\/uploads\/2025\/08\/BrightOrange.svg\" class=\"attachment-large size-large\" alt=\"\" loading=\"lazy\" \/><\/div><\/div><\/div><\/div><\/div><div class=\"vc_col-sm-3 wpb_column vc_column_container\"><div class=\"vc_column-inner\"><div class=\"wpb_wrapper\"><div class=\"w-html\"><div class=\"color-values\">\n  <div class=\"color-row\" data-hex=\"FF9425\">\n    <span class=\"label\">HEX<\/span>\n    <span class=\"value\">FF9425<\/span>\n  <\/div>\n  <div class=\"color-row\">\n    <span class=\"label\">RGB<\/span>\n    <span class=\"value\">255\/148\/37<\/span>\n  <\/div>\n  <div class=\"color-row\">\n    <span class=\"label\">CMYK<\/span>\n    <span class=\"value\">0\/45\/100\/0<\/span>\n  <\/div>\n  <div class=\"color-row\">\n    <span class=\"label\">Pantone<\/span>\n    <span class=\"value\">3588 C<\/span>\n  <\/div>\n<\/div>  <\/div><\/div><\/div><\/div><\/div><div class=\"w-separator trenner-mobil size_medium\"><\/div><div class=\"g-cols wpb_row styleguide-vier-reihen via_flex valign_top type_default stacking_default\"><div class=\"vc_col-sm-3 wpb_column vc_column_container\"><div class=\"vc_column-inner\"><div class=\"wpb_wrapper\"><div class=\"w-image styleguide-color-square align_none\"><div class=\"w-image-h\"><img decoding=\"async\" width=\"1024\" height=\"1024\" src=\"https:\/\/www.coeo-group.ai\/wp-content\/uploads\/2025\/08\/SunnyYellow.svg\" class=\"attachment-large size-large\" alt=\"\" loading=\"lazy\" \/><\/div><\/div><\/div><\/div><\/div><div class=\"vc_col-sm-3 wpb_column vc_column_container\"><div class=\"vc_column-inner\"><div class=\"wpb_wrapper\"><div class=\"w-html\"><div class=\"color-values\">\n  <div class=\"color-row\" data-hex=\"FEDD00\">\n    <span class=\"label\">HEX<\/span>\n    <span class=\"value\">FEDD00<\/span>\n  <\/div>\n  <div class=\"color-row\">\n    <span class=\"label\">RGB<\/span>\n    <span class=\"value\">254\/221\/0<\/span>\n  <\/div>\n  <div class=\"color-row\">\n    <span class=\"label\">CMYK<\/span>\n    <span class=\"value\">0\/0\/100\/0<\/span>\n  <\/div>\n  <div class=\"color-row\">\n    <span class=\"label\">Pantone<\/span>\n    <span class=\"value\">Keltainen C<\/span>\n  <\/div>\n<\/div>  <\/div><\/div><\/div><\/div><div class=\"vc_col-sm-3 wpb_column vc_column_container\"><div class=\"vc_column-inner\"><div class=\"wpb_wrapper\"><\/div><\/div><\/div><div class=\"vc_col-sm-3 wpb_column vc_column_container\"><div class=\"vc_column-inner\"><div class=\"wpb_wrapper\"><\/div><\/div><\/div><\/div><div class=\"w-separator size_medium\"><\/div>[vc_custom_heading text=&#8221;Tekstin v\u00e4ri&#8221; use_theme_fonts=&#8221;yes&#8221;]<div class=\"w-separator size_small\"><\/div><div class=\"g-cols wpb_row styleguide-vier-reihen via_flex valign_top type_default stacking_default\"><div class=\"vc_col-sm-3 wpb_column vc_column_container\"><div class=\"vc_column-inner\"><div class=\"wpb_wrapper\"><div class=\"w-image styleguide-color-square align_none\"><div class=\"w-image-h\"><img decoding=\"async\" width=\"1024\" height=\"1024\" src=\"https:\/\/www.coeo-group.ai\/wp-content\/uploads\/2025\/08\/DarkGrey.svg\" class=\"attachment-large size-large\" alt=\"\" loading=\"lazy\" \/><\/div><\/div><\/div><\/div><\/div><div class=\"vc_col-sm-3 wpb_column vc_column_container\"><div class=\"vc_column-inner\"><div class=\"wpb_wrapper\"><div class=\"w-html\"><div class=\"color-values\">\n  <div class=\"color-row\" data-hex=\"333333\">\n    <span class=\"label\">HEX<\/span>\n    <span class=\"value\">333333<\/span>\n  <\/div>\n  <div class=\"color-row\">\n    <span class=\"label\">RGB<\/span>\n    <span class=\"value\">51\/51\/51<\/span>\n  <\/div>\n  <div class=\"color-row\">\n    <span class=\"label\">CMYK<\/span>\n    <span class=\"value\">0\/0\/0\/85<\/span>\n  <\/div>\n  <div class=\"color-row\">\n    <span class=\"label\">Pantone<\/span>\n    <span class=\"value\">Viile\u00e4 harmaa 11 C<\/span>\n  <\/div>\n<\/div><\/div><\/div><\/div><\/div><div class=\"vc_col-sm-3 wpb_column vc_column_container\"><div class=\"vc_column-inner\"><div class=\"wpb_wrapper\"><\/div><\/div><\/div><div class=\"vc_col-sm-3 wpb_column vc_column_container\"><div class=\"vc_column-inner\"><div class=\"wpb_wrapper\"><\/div><\/div><\/div><\/div><div class=\"w-separator size_medium\"><\/div>[vc_custom_heading text=&#8221;Harmaan s\u00e4vyj\u00e4&#8221; use_theme_fonts=&#8221;yes&#8221;]<div class=\"w-separator size_small\"><\/div><div class=\"g-cols wpb_row styleguide-vier-reihen via_flex valign_top type_default stacking_default\"><div class=\"vc_col-sm-3 wpb_column vc_column_container\"><div class=\"vc_column-inner\"><div class=\"wpb_wrapper\"><div class=\"w-image styleguide-color-square align_none\"><div class=\"w-image-h\"><img decoding=\"async\" width=\"1024\" height=\"1024\" src=\"https:\/\/www.coeo-group.ai\/wp-content\/uploads\/2025\/08\/DarkGrey.svg\" class=\"attachment-large size-large\" alt=\"\" loading=\"lazy\" \/><\/div><\/div><\/div><\/div><\/div><div class=\"vc_col-sm-3 wpb_column vc_column_container\"><div class=\"vc_column-inner\"><div class=\"wpb_wrapper\"><div class=\"w-html\"><div class=\"color-values\">\n  <div class=\"color-row\" data-hex=\"333333\">\n    <span class=\"label\">HEX<\/span>\n    <span class=\"value\">333333<\/span>\n  <\/div>\n  <div class=\"color-row\">\n    <span class=\"label\">RGB<\/span>\n    <span class=\"value\">51\/51\/51<\/span>\n  <\/div>\n  <div class=\"color-row\">\n    <span class=\"label\">CMYK<\/span>\n    <span class=\"value\">0\/0\/0\/85<\/span>\n  <\/div>\n  <div class=\"color-row\">\n    <span class=\"label\">Pantone<\/span>\n    <span class=\"value\">Viile\u00e4 harmaa 11 C<\/span>\n  <\/div>\n<\/div><\/div><\/div><\/div><\/div><div class=\"vc_col-sm-3 wpb_column vc_column_container\"><div class=\"vc_column-inner\"><div class=\"wpb_wrapper\"><div class=\"w-image styleguide-color-square align_none\"><div class=\"w-image-h\"><img decoding=\"async\" width=\"1024\" height=\"1024\" src=\"https:\/\/www.coeo-group.ai\/wp-content\/uploads\/2025\/08\/MediumGrey.svg\" class=\"attachment-large size-large\" alt=\"\" loading=\"lazy\" \/><\/div><\/div><\/div><\/div><\/div><div class=\"vc_col-sm-3 wpb_column vc_column_container\"><div class=\"vc_column-inner\"><div class=\"wpb_wrapper\"><div class=\"w-html\"><div class=\"color-values\">\n  <div class=\"color-row\" data-hex=\"CCCCCC\">\n    <span class=\"label\">HEX<\/span>\n    <span class=\"value\">CCCCCCCC<\/span>\n  <\/div>\n  <div class=\"color-row\">\n    <span class=\"label\">RGB<\/span>\n    <span class=\"value\">204\/204\/204<\/span>\n  <\/div>\n  <div class=\"color-row\">\n    <span class=\"label\">CMYK<\/span>\n    <span class=\"value\">0\/0\/0\/20<\/span>\n  <\/div>\n  <div class=\"color-row\">\n    <span class=\"label\">Pantone<\/span>\n    <span class=\"value\">Viile\u00e4 harmaa 3 C<\/span>\n  <\/div>\n<\/div>  <\/div><\/div><\/div><\/div><\/div><div class=\"w-separator trenner-mobil size_medium\"><\/div><div class=\"g-cols wpb_row styleguide-vier-reihen via_flex valign_top type_default stacking_default\"><div class=\"vc_col-sm-3 wpb_column vc_column_container\"><div class=\"vc_column-inner\"><div class=\"wpb_wrapper\"><div class=\"w-image styleguide-color-square align_none\"><div class=\"w-image-h\"><img decoding=\"async\" width=\"1024\" height=\"1024\" src=\"https:\/\/www.coeo-group.ai\/wp-content\/uploads\/2025\/08\/LightGrey.svg\" class=\"attachment-large size-large\" alt=\"\" loading=\"lazy\" \/><\/div><\/div><\/div><\/div><\/div><div class=\"vc_col-sm-3 wpb_column vc_column_container\"><div class=\"vc_column-inner\"><div class=\"wpb_wrapper\"><div class=\"w-html\"><div class=\"color-values\">\n  <div class=\"color-row\" data-hex=\"F7F7F7\">\n    <span class=\"label\">HEX<\/span>\n    <span class=\"value\">F7F7F7<\/span>\n  <\/div>\n  <div class=\"color-row\">\n    <span class=\"label\">RGB<\/span>\n    <span class=\"value\">247\/247\/247<\/span>\n  <\/div>\n  <div class=\"color-row\">\n    <span class=\"label\">CMYK<\/span>\n    <span class=\"value\">0\/0\/0\/5<\/span>\n  <\/div>\n  <div class=\"color-row\">\n    <span class=\"label\">Pantone<\/span>\n    <span class=\"value\">Viile\u00e4 harmaa 1 C<\/span>\n  <\/div>\n<\/div><\/div><\/div><\/div><\/div><div class=\"vc_col-sm-3 wpb_column vc_column_container\"><div class=\"vc_column-inner\"><div class=\"wpb_wrapper\"><div class=\"w-image styleguide-color-square align_none\"><div class=\"w-image-h\"><img decoding=\"async\" width=\"1024\" height=\"1024\" src=\"https:\/\/www.coeo-group.ai\/wp-content\/uploads\/2025\/08\/never-use-black.svg\" class=\"attachment-large size-large\" alt=\"\" loading=\"lazy\" \/><\/div><\/div><\/div><\/div><\/div><div class=\"vc_col-sm-3 wpb_column vc_column_container\"><div class=\"vc_column-inner\"><div class=\"wpb_wrapper\"><div class=\"wpb_text_column magenta\"><div class=\"wpb_wrapper\"><p><strong>\u00c4l\u00e4 koskaan k\u00e4yt\u00e4 mustaa!<\/strong><\/p>\n<\/div><\/div><div class=\"w-separator size_small\"><\/div><div class=\"w-html magenta\"><div class=\"color-values\">\n  <div class=\"color-row\">\n    <span class=\"label\">HEX<\/span>\n    <span class=\"value\">000000<\/span>\n  <\/div>\n  <div class=\"color-row\">\n    <span class=\"label\">RGB<\/span>\n    <span class=\"value\">0\/0\/0<\/span>\n  <\/div>\n  <div class=\"color-row\">\n    <span class=\"label\">CMYK<\/span>\n    <span class=\"value\">0\/0\/0\/100<\/span>\n  <\/div>\n<\/div>  <\/div><\/div><\/div><\/div><\/div><\/div><\/div><\/div><\/div><\/div><\/section>\n","protected":false},"excerpt":{"rendered":"[vc_custom_heading text=\"Br\u00e4ndimme syd\u00e4men syke .\" font_container=\"tag:h1|text_align:left\" use_theme_fonts=\"yes\"]Yrityksemme v\u00e4rit ovat enemm\u00e4n kuin pelkki\u00e4 s\u00e4vyj\u00e4 &#8211; ne ovat br\u00e4ndimme identiteetin visuaalinen perusta. N\u00e4iden v\u00e4rien johdonmukainen k\u00e4ytt\u00f6 kaikissa kosketuspisteiss\u00e4 varmistaa, ett\u00e4 br\u00e4ndimme on v\u00e4litt\u00f6m\u00e4sti tunnistettavissa ja her\u00e4tt\u00e4\u00e4 oikeat tunteet jokaisessa vuorovaikutuksessa. coeo V\u00e4rikirjasto (.ase)[vc_custom_heading text=\"P\u00e4\u00e4v\u00e4ri\" use_theme_fonts=\"yes\"] HEX 298FC2 RGB 41\/143\/194 CMYK 76\/26\/0\/0 Pantone 7689 C A: Aqua Blue...","protected":false},"author":2,"featured_media":0,"parent":15276,"menu_order":0,"comment_status":"closed","ping_status":"closed","template":"","meta":{"_acf_changed":false,"footnotes":""},"class_list":["post-15286","page","type-page","status-publish","hentry"],"acf":[],"_links":{"self":[{"href":"https:\/\/www.coeo-group.ai\/fi\/wp-json\/wp\/v2\/pages\/15286","targetHints":{"allow":["GET"]}}],"collection":[{"href":"https:\/\/www.coeo-group.ai\/fi\/wp-json\/wp\/v2\/pages"}],"about":[{"href":"https:\/\/www.coeo-group.ai\/fi\/wp-json\/wp\/v2\/types\/page"}],"author":[{"embeddable":true,"href":"https:\/\/www.coeo-group.ai\/fi\/wp-json\/wp\/v2\/users\/2"}],"replies":[{"embeddable":true,"href":"https:\/\/www.coeo-group.ai\/fi\/wp-json\/wp\/v2\/comments?post=15286"}],"version-history":[{"count":2,"href":"https:\/\/www.coeo-group.ai\/fi\/wp-json\/wp\/v2\/pages\/15286\/revisions"}],"predecessor-version":[{"id":15288,"href":"https:\/\/www.coeo-group.ai\/fi\/wp-json\/wp\/v2\/pages\/15286\/revisions\/15288"}],"up":[{"embeddable":true,"href":"https:\/\/www.coeo-group.ai\/fi\/wp-json\/wp\/v2\/pages\/15276"}],"wp:attachment":[{"href":"https:\/\/www.coeo-group.ai\/fi\/wp-json\/wp\/v2\/media?parent=15286"}],"curies":[{"name":"wp","href":"https:\/\/api.w.org\/{rel}","templated":true}]}}