{"id":15276,"date":"2025-08-23T10:22:50","date_gmt":"2025-08-23T08:22:50","guid":{"rendered":"https:\/\/newsite26.coeo-group.ai\/tyyliopas\/"},"modified":"2026-02-20T12:15:18","modified_gmt":"2026-02-20T11:15:18","slug":"tyyliopas","status":"publish","type":"page","link":"https:\/\/www.coeo-group.ai\/fi\/tyyliopas\/","title":{"rendered":"Tyyliopas"},"content":{"rendered":"<section class=\"l-section wpb_row us_custom_60e9caca us_animate_this height_custom\"><div class=\"l-section-h i-cf\"><div class=\"g-cols vc_row via_flex valign_top type_default stacking_default\"><div class=\"vc_col-sm-12 wpb_column vc_column_container\"><div class=\"vc_column-inner\"><div class=\"wpb_wrapper\"><div class=\"g-cols wpb_row via_flex valign_top type_default stacking_default\"><div class=\"vc_col-sm-8 wpb_column vc_column_container\"><div class=\"vc_column-inner\"><div class=\"wpb_wrapper\">[vc_custom_heading text=&#8221;Yrityksen<br \/>\nTyyliopas&#8221; font_container=&#8221;tag:h1|text_align:left&#8221; use_theme_fonts=&#8221;yes&#8221;]<\/div><\/div><\/div><div class=\"vc_col-sm-4 wpb_column vc_column_container\"><div class=\"vc_column-inner\"><div class=\"wpb_wrapper\"><div class=\"w-image styleguide-icon compass hide_on_laptops hide_on_tablets hide_on_mobiles align_right\"><div class=\"w-image-h\"><img decoding=\"async\" width=\"1024\" height=\"1024\" src=\"https:\/\/www.coeo-group.ai\/wp-content\/uploads\/2025\/08\/compass-thin.svg\" class=\"attachment-large size-large\" alt=\"\" loading=\"lazy\" \/><\/div><\/div><\/div><\/div><\/div><\/div><div class=\"w-separator hide_on_mobiles size_medium\"><\/div><div class=\"wpb_text_column\"><div class=\"wpb_wrapper\"><p><strong>Tervetuloa tyylioppaaseen &#8211; kompassi johdonmukaiseen suunnitteluun.<\/strong><\/p>\n<p>T\u00e4m\u00e4 tyyliopas on enemm\u00e4n kuin pelkk\u00e4 kokoelma suunnittelus\u00e4\u00e4nt\u00f6j\u00e4 &#8211; se on perusta sille, miten br\u00e4ndimme esitt\u00e4ytyy visuaalisesti. Riippumatta siit\u00e4 ty\u00f6skenteletk\u00f6 presentaation parissa, sosiaalisen median sis\u00e4ll\u00f6ntuotannossa vai kehit\u00e4tk\u00f6 uutta asettelua \u2013 jokainen visuaalinen yksityiskohta on t\u00e4rke\u00e4. Miksi? Koska jokainen elementti auttaa muokkaamaan br\u00e4ndi\u00e4mme.<\/p>\n<p>Johdonmukaisuus ei tarkoita luovuuden rajoittamista &#8211; se varmistaa, ett\u00e4 olemme selkeit\u00e4, tunnistettavia ja ammattimaisia kaikissa kohtaamisissa. Kun kaikki noudattavat samoja suunnitteluohjeita, rakennamme luottamusta, tunnistettavuutta ja vahvaa visuaalista identiteetti\u00e4, joka j\u00e4\u00e4 mieleen.<\/p>\n<p><strong>Lyhyesti: N\u00e4m\u00e4 ohjeet ovat t\u00e4rkeit\u00e4. Eritt\u00e4in t\u00e4rkeit\u00e4. Ne auttavat sinua tekem\u00e4\u00e4n parempia suunnittelup\u00e4\u00e4t\u00f6ksi\u00e4 nopeammin \u2013 selkeydell\u00e4, itsevarmuudella ja tyylill\u00e4.<\/strong><\/p>\n<p><strong>K\u00e4yt\u00e4 niit\u00e4. Luota niihin. Ja jos olet ep\u00e4varma \u2013 palaa niihin.<\/strong><\/p>\n<p><strong>Varmistetaan, ett\u00e4 br\u00e4ndimme n\u00e4ytt\u00e4\u00e4 aina erottamattomasti meilt\u00e4.<\/strong><\/p>\n<\/div><\/div><\/div><\/div><\/div><\/div><\/div><\/section>\n","protected":false},"excerpt":{"rendered":"[vc_custom_heading text=\"Yrityksen Tyyliopas\" font_container=\"tag:h1|text_align:left\" use_theme_fonts=\"yes\"]Tervetuloa tyylioppaaseen &#8211; kompassi johdonmukaiseen suunnitteluun. T\u00e4m\u00e4 tyyliopas on enemm\u00e4n kuin pelkk\u00e4 kokoelma suunnittelus\u00e4\u00e4nt\u00f6j\u00e4 &#8211; se on perusta sille, miten br\u00e4ndimme esitt\u00e4ytyy visuaalisesti. Riippumatta siit\u00e4 ty\u00f6skenteletk\u00f6 presentaation parissa, sosiaalisen median sis\u00e4ll\u00f6ntuotannossa vai kehit\u00e4tk\u00f6 uutta asettelua \u2013 jokainen visuaalinen yksityiskohta on t\u00e4rke\u00e4. Miksi? Koska jokainen elementti auttaa muokkaamaan br\u00e4ndi\u00e4mme. Johdonmukaisuus ei tarkoita...","protected":false},"author":2,"featured_media":0,"parent":0,"menu_order":0,"comment_status":"closed","ping_status":"closed","template":"","meta":{"_acf_changed":false,"footnotes":""},"class_list":["post-15276","page","type-page","status-publish","hentry"],"acf":[],"_links":{"self":[{"href":"https:\/\/www.coeo-group.ai\/fi\/wp-json\/wp\/v2\/pages\/15276","targetHints":{"allow":["GET"]}}],"collection":[{"href":"https:\/\/www.coeo-group.ai\/fi\/wp-json\/wp\/v2\/pages"}],"about":[{"href":"https:\/\/www.coeo-group.ai\/fi\/wp-json\/wp\/v2\/types\/page"}],"author":[{"embeddable":true,"href":"https:\/\/www.coeo-group.ai\/fi\/wp-json\/wp\/v2\/users\/2"}],"replies":[{"embeddable":true,"href":"https:\/\/www.coeo-group.ai\/fi\/wp-json\/wp\/v2\/comments?post=15276"}],"version-history":[{"count":2,"href":"https:\/\/www.coeo-group.ai\/fi\/wp-json\/wp\/v2\/pages\/15276\/revisions"}],"predecessor-version":[{"id":15278,"href":"https:\/\/www.coeo-group.ai\/fi\/wp-json\/wp\/v2\/pages\/15276\/revisions\/15278"}],"wp:attachment":[{"href":"https:\/\/www.coeo-group.ai\/fi\/wp-json\/wp\/v2\/media?parent=15276"}],"curies":[{"name":"wp","href":"https:\/\/api.w.org\/{rel}","templated":true}]}}