{"id":16391,"date":"2025-08-23T10:22:50","date_gmt":"2025-08-23T08:22:50","guid":{"rendered":"https:\/\/newsite26.coeo-group.ai\/styleguide\/"},"modified":"2026-03-16T10:52:30","modified_gmt":"2026-03-16T09:52:30","slug":"styleguide","status":"publish","type":"page","link":"https:\/\/www.coeo-group.ai\/de\/styleguide\/","title":{"rendered":"Styleguide"},"content":{"rendered":"<section class=\"l-section wpb_row us_custom_60e9caca us_animate_this height_custom\"><div class=\"l-section-h i-cf\"><div class=\"g-cols vc_row via_flex valign_top type_default stacking_default\"><div class=\"vc_col-sm-12 wpb_column vc_column_container\"><div class=\"vc_column-inner\"><div class=\"wpb_wrapper\"><div class=\"g-cols wpb_row via_flex valign_top type_default stacking_default\"><div class=\"vc_col-sm-8 wpb_column vc_column_container\"><div class=\"vc_column-inner\"><div class=\"wpb_wrapper\">[vc_custom_heading text=&#8221;Corporate<br \/>\nStyleguide&#8221; font_container=&#8221;tag:h1|text_align:left&#8221; use_theme_fonts=&#8221;yes&#8221;]<\/div><\/div><\/div><div class=\"vc_col-sm-4 wpb_column vc_column_container\"><div class=\"vc_column-inner\"><div class=\"wpb_wrapper\"><div class=\"w-image styleguide-icon compass hide_on_laptops hide_on_tablets hide_on_mobiles align_right\"><div class=\"w-image-h\"><img decoding=\"async\" width=\"1024\" height=\"1024\" src=\"https:\/\/www.coeo-group.ai\/wp-content\/uploads\/2025\/08\/compass-thin.svg\" class=\"attachment-large size-large\" alt=\"\" loading=\"lazy\" \/><\/div><\/div><\/div><\/div><\/div><\/div><div class=\"w-separator hide_on_mobiles size_medium\"><\/div><div class=\"wpb_text_column\"><div class=\"wpb_wrapper\"><p><strong>Willkommen beim Styleguide &#8211; Deinem Kompass f\u00fcr einheitliches Design.<\/strong><\/p>\n<p>Dieser Styleguide ist mehr als nur eine Sammlung von Designregeln &#8211; er ist die Grundlage daf\u00fcr, wie sich unsere Marke visuell pr\u00e4sentiert. Ob du an einer Pr\u00e4sentation arbeitest, ein Social-Media-Asset erstellst oder ein neues Layout entwickelst \u2013 jedes visuelle Detail ist wichtig. Warum? Weil jedes Element dazu beitr\u00e4gt, unsere Marke zu formen.   <\/p>\n<p>Konsistenz bedeutet nicht, dass wir unsere Kreativit\u00e4t einschr\u00e4nken &#8211; sie stellt sicher, dass wir \u00fcber alle Ber\u00fchrungspunkte hinweg klar, wiedererkennbar und professionell erscheinen. Wenn wir alle die gleichen Designrichtlinien befolgen, bauen wir Vertrauen, Wiedererkennung und eine starke visuelle Identit\u00e4t auf, die im Ged\u00e4chtnis bleibt. <\/p>\n<p><strong>Kurz gesagt: Diese Richtlinien sind wichtig. Sehr wichtig. Sie helfen uns, schneller bessere Designentscheidungen zu treffen \u2013 mit Klarheit, Selbstvertrauen und Stil.  <\/strong><\/p>\n<p><strong>Nutze sie. Verlasse dich auf sie. Und wenn du Zweifel hast \u2013 kommen auf sie zur\u00fcck.  <\/strong><\/p>\n<p><strong>Sorgen wir daf\u00fcr, dass unsere Marke immer unverwechselbar nach uns aussieht.<\/strong><\/p>\n<\/div><\/div><\/div><\/div><\/div><\/div><\/div><\/section>\n","protected":false},"excerpt":{"rendered":"[vc_custom_heading text=\"Corporate Styleguide\" font_container=\"tag:h1|text_align:left\" use_theme_fonts=\"yes\"]Willkommen beim Styleguide &#8211; Deinem Kompass f\u00fcr einheitliches Design. Dieser Styleguide ist mehr als nur eine Sammlung von Designregeln &#8211; er ist die Grundlage daf\u00fcr, wie sich unsere Marke visuell pr\u00e4sentiert. Ob du an einer Pr\u00e4sentation arbeitest, ein Social-Media-Asset erstellst oder ein neues Layout entwickelst \u2013 jedes visuelle Detail ist wichtig....","protected":false},"author":2,"featured_media":0,"parent":0,"menu_order":0,"comment_status":"closed","ping_status":"closed","template":"","meta":{"_acf_changed":false,"footnotes":""},"class_list":["post-16391","page","type-page","status-publish","hentry"],"acf":[],"_links":{"self":[{"href":"https:\/\/www.coeo-group.ai\/de\/wp-json\/wp\/v2\/pages\/16391","targetHints":{"allow":["GET"]}}],"collection":[{"href":"https:\/\/www.coeo-group.ai\/de\/wp-json\/wp\/v2\/pages"}],"about":[{"href":"https:\/\/www.coeo-group.ai\/de\/wp-json\/wp\/v2\/types\/page"}],"author":[{"embeddable":true,"href":"https:\/\/www.coeo-group.ai\/de\/wp-json\/wp\/v2\/users\/2"}],"replies":[{"embeddable":true,"href":"https:\/\/www.coeo-group.ai\/de\/wp-json\/wp\/v2\/comments?post=16391"}],"version-history":[{"count":5,"href":"https:\/\/www.coeo-group.ai\/de\/wp-json\/wp\/v2\/pages\/16391\/revisions"}],"predecessor-version":[{"id":16396,"href":"https:\/\/www.coeo-group.ai\/de\/wp-json\/wp\/v2\/pages\/16391\/revisions\/16396"}],"wp:attachment":[{"href":"https:\/\/www.coeo-group.ai\/de\/wp-json\/wp\/v2\/media?parent=16391"}],"curies":[{"name":"wp","href":"https:\/\/api.w.org\/{rel}","templated":true}]}}