{"id":16368,"date":"2025-08-23T13:54:00","date_gmt":"2025-08-23T11:54:00","guid":{"rendered":"https:\/\/newsite26.coeo-group.ai\/unternehmensfarben\/"},"modified":"2026-03-16T10:50:38","modified_gmt":"2026-03-16T09:50:38","slug":"unternehmensfarben","status":"publish","type":"page","link":"https:\/\/www.coeo-group.ai\/de\/styleguide\/unternehmensfarben\/","title":{"rendered":"Unternehmensfarben"},"content":{"rendered":"<section class=\"l-section wpb_row icon-box-wrapper height_auto width_full\"><div class=\"l-section-h i-cf\"><div class=\"g-cols vc_row via_flex valign_top type_default stacking_default\"><div class=\"vc_col-sm-12 wpb_column vc_column_container\"><div class=\"vc_column-inner\"><div class=\"wpb_wrapper\"><div class=\"w-image styleguide-icon-download align_none\"><a href=\"\/download\/13381\/\" aria-label=\"Button-ColorLibrary\" class=\"w-image-h\"><img decoding=\"async\" src=\"https:\/\/www.coeo-group.ai\/wp-content\/uploads\/2025\/09\/Button-ColorLibrary.svg\" class=\"attachment-full size-full\" alt=\"\" loading=\"lazy\" \/><\/a><\/div><\/div><\/div><\/div><\/div><\/div><\/section><section class=\"l-section wpb_row height_custom\"><div class=\"l-section-h i-cf\"><div class=\"g-cols vc_row via_flex valign_top type_default stacking_default\"><div class=\"vc_col-sm-12 wpb_column vc_column_container\"><div class=\"vc_column-inner\"><div class=\"wpb_wrapper\"><div class=\"g-cols wpb_row via_flex valign_top type_default stacking_default\"><div class=\"vc_col-sm-8 wpb_column vc_column_container\"><div class=\"vc_column-inner\"><div class=\"wpb_wrapper\">[vc_custom_heading text=&#8221;Der Herzschlag<br \/>\nunserer Marke.&#8221; font_container=&#8221;tag:h1|text_align:left&#8221; use_theme_fonts=&#8221;yes&#8221;]<\/div><\/div><\/div><div class=\"vc_col-sm-4 wpb_column vc_column_container\"><div class=\"vc_column-inner\"><div class=\"wpb_wrapper\"><\/div><\/div><\/div><\/div><div class=\"w-separator hide_on_mobiles size_medium\"><\/div><div class=\"wpb_text_column\"><div class=\"wpb_wrapper\"><p><strong>Unsere Unternehmensfarben<\/strong> sind mehr als nur Farbt\u00f6ne &#8211; sie sind die visuelle Grundlage der Identit\u00e4t unserer Marke. Die konsequente Verwendung dieser Farben an allen Ber\u00fchrungspunkten sorgt daf\u00fcr, dass unsere Marke sofort erkennbar bleibt und bei jeder Interaktion die richtigen Emotionen hervorruft.<\/p>\n<\/div><\/div><div class=\"w-html bubble-text-wrapper\"><a href=\"\/download\/13381\/\" class=\"styleguide-bubble-textlink\">coeo Farbbibliothek (.ase)<\/a><\/div><div class=\"w-separator size_medium\"><\/div>[vc_custom_heading text=&#8221;Prim\u00e4rfarbe&#8221; use_theme_fonts=&#8221;yes&#8221;]<div class=\"w-separator size_small\"><\/div><div class=\"g-cols wpb_row styleguide-vier-reihen via_flex valign_top type_default stacking_default\"><div class=\"vc_col-sm-3 wpb_column vc_column_container\"><div class=\"vc_column-inner\"><div class=\"wpb_wrapper\"><div class=\"w-image styleguide-color-square align_none\"><div class=\"w-image-h\"><img decoding=\"async\" width=\"1024\" height=\"1024\" src=\"https:\/\/www.coeo-group.ai\/wp-content\/uploads\/2025\/08\/AquaBlue.svg\" class=\"attachment-large size-large\" alt=\"\" loading=\"lazy\" \/><\/div><\/div><\/div><\/div><\/div><div class=\"vc_col-sm-3 wpb_column vc_column_container\"><div class=\"vc_column-inner\"><div class=\"wpb_wrapper\"><div class=\"w-html\"><div class=\"color-values\">\n  <div class=\"color-row\" data-hex=\"298FC2\">\n    <span class=\"label\">HEX<\/span>\n    <span class=\"value\">298FC2<\/span>\n  <\/div>\n  <div class=\"color-row\">\n    <span class=\"label\">RGB<\/span>\n    <span class=\"value\">41\/143\/194<\/span>\n  <\/div>\n  <div class=\"color-row\">\n    <span class=\"label\">CMYK<\/span>\n    <span class=\"value\">76\/26\/0\/0<\/span>\n  <\/div>\n  <div class=\"color-row\">\n    <span class=\"label\">Pantone<\/span>\n    <span class=\"value\">7689 C<\/span>\n  <\/div>\n<\/div>\n<\/div><\/div><\/div><\/div><div class=\"vc_col-sm-3 wpb_column vc_column_container\"><div class=\"vc_column-inner\"><div class=\"wpb_wrapper\"><\/div><\/div><\/div><div class=\"vc_col-sm-3 wpb_column vc_column_container\"><div class=\"vc_column-inner\"><div class=\"wpb_wrapper\"><\/div><\/div><\/div><\/div><div class=\"w-separator trenner-mobil size_medium\"><\/div><div class=\"g-cols wpb_row styleguide-vier-reihen via_flex valign_top type_default stacking_default\"><div class=\"vc_col-sm-3 wpb_column vc_column_container\"><div class=\"vc_column-inner\"><div class=\"wpb_wrapper\"><div class=\"w-image styleguide-color-square align_none\"><div class=\"w-image-h\"><img decoding=\"async\" width=\"1024\" height=\"1024\" src=\"https:\/\/www.coeo-group.ai\/wp-content\/uploads\/2025\/08\/Gradient.svg\" class=\"attachment-large size-large\" alt=\"\" loading=\"lazy\" \/><\/div><\/div><\/div><\/div><\/div><div class=\"vc_col-sm-3 wpb_column vc_column_container\"><div class=\"vc_column-inner\"><div class=\"wpb_wrapper\"><div class=\"wpb_text_column\"><div class=\"wpb_wrapper\"><p><strong>A: Aqua Blau<\/strong><\/p>\n<\/div><\/div><div class=\"w-separator size_small\"><\/div><div class=\"w-html\"><div class=\"color-values\">\n  <div class=\"color-row\" data-hex=\"298FC2\">\n    <span class=\"label\">HEX<\/span>\n    <span class=\"value\">298FC2<\/span>\n  <\/div>\n  <div class=\"color-row\">\n    <span class=\"label\">RGB<\/span>\n    <span class=\"value\">41\/143\/194<\/span>\n  <\/div>\n  <div class=\"color-row\">\n    <span class=\"label\">CMYK<\/span>\n    <span class=\"value\">76\/26\/0\/0<\/span>\n  <\/div>\n  <div class=\"color-row\">\n    <span class=\"label\">Pantone<\/span>\n    <span class=\"value\">7689 C<\/span>\n  <\/div>\n<\/div>\n<\/div><\/div><\/div><\/div><div class=\"vc_col-sm-6 wpb_column vc_column_container\"><div class=\"vc_column-inner\"><div class=\"wpb_wrapper\"><div class=\"wpb_text_column\"><div class=\"wpb_wrapper\"><p><strong>B: Himmelblau (nur f\u00fcr Farbverl\u00e4ufe geeignet)<\/strong><\/p>\n<\/div><\/div><div class=\"w-separator size_small\"><\/div><div class=\"w-html\"><div class=\"color-values\">\n  <div class=\"color-row\" data-hex=\"48A9C5\">\n    <span class=\"label\">HEX<\/span>\n    <span class=\"value\">48A9C5<\/span>\n  <\/div>\n  <div class=\"color-row\">\n    <span class=\"label\">RGB<\/span>\n    <span class=\"value\">72\/169\/197<\/span>\n  <\/div>\n  <div class=\"color-row\">\n    <span class=\"label\">CMYK<\/span>\n    <span class=\"value\">66\/8\/7\/1<\/span>\n  <\/div>\n  <div class=\"color-row\">\n    <span class=\"label\">Pantone<\/span>\n    <span class=\"value\">7702 C<\/span>\n  <\/div>\n<\/div><\/div><\/div><\/div><\/div><\/div><div class=\"w-separator size_medium\"><\/div>[vc_custom_heading text=&#8221;Sekund\u00e4rfarben&#8221; use_theme_fonts=&#8221;yes&#8221;]<div class=\"w-separator size_small\"><\/div><div class=\"g-cols wpb_row styleguide-vier-reihen via_flex valign_top type_default stacking_default\"><div class=\"vc_col-sm-3 wpb_column vc_column_container\"><div class=\"vc_column-inner\"><div class=\"wpb_wrapper\"><div class=\"w-image styleguide-color-square align_none\"><div class=\"w-image-h\"><img decoding=\"async\" width=\"1024\" height=\"1024\" src=\"https:\/\/www.coeo-group.ai\/wp-content\/uploads\/2025\/08\/MeadowGreen.svg\" class=\"attachment-large size-large\" alt=\"\" loading=\"lazy\" \/><\/div><\/div><\/div><\/div><\/div><div class=\"vc_col-sm-3 wpb_column vc_column_container\"><div class=\"vc_column-inner\"><div class=\"wpb_wrapper\"><div class=\"w-html\"><div class=\"color-values\">\n  <div class=\"color-row\" data-hex=\"78BE21\">\n    <span class=\"label\">HEX<\/span>\n    <span class=\"value\">78BE21<\/span>\n  <\/div>\n  <div class=\"color-row\">\n    <span class=\"label\">RGB<\/span>\n    <span class=\"value\">120\/190\/33<\/span>\n  <\/div>\n  <div class=\"color-row\">\n    <span class=\"label\">CMYK<\/span>\n    <span class=\"value\">54\/0\/100\/0<\/span>\n  <\/div>\n  <div class=\"color-row\">\n    <span class=\"label\">Pantone<\/span>\n    <span class=\"value\">368 C<\/span>\n  <\/div>\n<\/div><\/div><\/div><\/div><\/div><div class=\"vc_col-sm-3 wpb_column vc_column_container\"><div class=\"vc_column-inner\"><div class=\"wpb_wrapper\"><div class=\"w-image styleguide-color-square align_none\"><div class=\"w-image-h\"><img decoding=\"async\" width=\"1024\" height=\"1024\" src=\"https:\/\/www.coeo-group.ai\/wp-content\/uploads\/2025\/08\/OceanBlue.svg\" class=\"attachment-large size-large\" alt=\"\" loading=\"lazy\" \/><\/div><\/div><\/div><\/div><\/div><div class=\"vc_col-sm-3 wpb_column vc_column_container\"><div class=\"vc_column-inner\"><div class=\"wpb_wrapper\"><div class=\"w-html\"><div class=\"color-values\">\n  <div class=\"color-row\" data-hex=\"326295\">\n    <span class=\"label\">HEX<\/span>\n    <span class=\"value\">326295<\/span>\n  <\/div>\n  <div class=\"color-row\">\n    <span class=\"label\">RGB<\/span>\n    <span class=\"value\">50\/98\/149<\/span>\n  <\/div>\n  <div class=\"color-row\">\n    <span class=\"label\">CMYK<\/span>\n    <span class=\"value\">84\/54\/3\/10<\/span>\n  <\/div>\n  <div class=\"color-row\">\n    <span class=\"label\">Pantone<\/span>\n    <span class=\"value\">653 C<\/span>\n  <\/div>\n<\/div>  <\/div><\/div><\/div><\/div><\/div><div class=\"w-separator trenner-mobil size_medium\"><\/div><div class=\"g-cols wpb_row styleguide-vier-reihen via_flex valign_top type_default stacking_default\"><div class=\"vc_col-sm-3 wpb_column vc_column_container\"><div class=\"vc_column-inner\"><div class=\"wpb_wrapper\"><div class=\"w-image styleguide-color-square align_none\"><div class=\"w-image-h\"><img decoding=\"async\" width=\"1024\" height=\"1024\" src=\"https:\/\/www.coeo-group.ai\/wp-content\/uploads\/2025\/08\/BlossomRed.svg\" class=\"attachment-large size-large\" alt=\"\" loading=\"lazy\" \/><\/div><\/div><\/div><\/div><\/div><div class=\"vc_col-sm-3 wpb_column vc_column_container\"><div class=\"vc_column-inner\"><div class=\"wpb_wrapper\"><div class=\"w-html\"><div class=\"color-values\">\n  <div class=\"color-row\" data-hex=\"D00070\">\n    <span class=\"label\">HEX<\/span>\n    <span class=\"value\">D00070<\/span>\n  <\/div>\n  <div class=\"color-row\">\n    <span class=\"label\">RGB<\/span>\n    <span class=\"value\">208\/0\/112<\/span>\n  <\/div>\n  <div class=\"color-row\">\n    <span class=\"label\">CMYK<\/span>\n    <span class=\"value\">0\/100\/0\/0<\/span>\n  <\/div>\n  <div class=\"color-row\">\n    <span class=\"label\">Pantone<\/span>\n    <span class=\"value\">226 C<\/span>\n  <\/div>\n<\/div>   <\/div><\/div><\/div><\/div><div class=\"vc_col-sm-3 wpb_column vc_column_container\"><div class=\"vc_column-inner\"><div class=\"wpb_wrapper\"><div class=\"w-image styleguide-color-square align_none\"><div class=\"w-image-h\"><img decoding=\"async\" width=\"1024\" height=\"1024\" src=\"https:\/\/www.coeo-group.ai\/wp-content\/uploads\/2025\/08\/BrightOrange.svg\" class=\"attachment-large size-large\" alt=\"\" loading=\"lazy\" \/><\/div><\/div><\/div><\/div><\/div><div class=\"vc_col-sm-3 wpb_column vc_column_container\"><div class=\"vc_column-inner\"><div class=\"wpb_wrapper\"><div class=\"w-html\"><div class=\"color-values\">\n  <div class=\"color-row\" data-hex=\"FF9425\">\n    <span class=\"label\">HEX<\/span>\n    <span class=\"value\">FF9425<\/span>\n  <\/div>\n  <div class=\"color-row\">\n    <span class=\"label\">RGB<\/span>\n    <span class=\"value\">255\/148\/37<\/span>\n  <\/div>\n  <div class=\"color-row\">\n    <span class=\"label\">CMYK<\/span>\n    <span class=\"value\">0\/45\/100\/0<\/span>\n  <\/div>\n  <div class=\"color-row\">\n    <span class=\"label\">Pantone<\/span>\n    <span class=\"value\">3588 C<\/span>\n  <\/div>\n<\/div>  <\/div><\/div><\/div><\/div><\/div><div class=\"w-separator trenner-mobil size_medium\"><\/div><div class=\"g-cols wpb_row styleguide-vier-reihen via_flex valign_top type_default stacking_default\"><div class=\"vc_col-sm-3 wpb_column vc_column_container\"><div class=\"vc_column-inner\"><div class=\"wpb_wrapper\"><div class=\"w-image styleguide-color-square align_none\"><div class=\"w-image-h\"><img decoding=\"async\" width=\"1024\" height=\"1024\" src=\"https:\/\/www.coeo-group.ai\/wp-content\/uploads\/2025\/08\/SunnyYellow.svg\" class=\"attachment-large size-large\" alt=\"\" loading=\"lazy\" \/><\/div><\/div><\/div><\/div><\/div><div class=\"vc_col-sm-3 wpb_column vc_column_container\"><div class=\"vc_column-inner\"><div class=\"wpb_wrapper\"><div class=\"w-html\"><div class=\"color-values\">\n  <div class=\"color-row\" data-hex=\"FEDD00\">\n    <span class=\"label\">HEX<\/span>\n    <span class=\"value\">FEDD00<\/span>\n  <\/div>\n  <div class=\"color-row\">\n    <span class=\"label\">RGB<\/span>\n    <span class=\"value\">254\/221\/0<\/span>\n  <\/div>\n  <div class=\"color-row\">\n    <span class=\"label\">CMYK<\/span>\n    <span class=\"value\">0\/0\/100\/0<\/span>\n  <\/div>\n  <div class=\"color-row\">\n    <span class=\"label\">Pantone<\/span>\n    <span class=\"value\">Gelb C<\/span>\n  <\/div>\n<\/div>  <\/div><\/div><\/div><\/div><div class=\"vc_col-sm-3 wpb_column vc_column_container\"><div class=\"vc_column-inner\"><div class=\"wpb_wrapper\"><\/div><\/div><\/div><div class=\"vc_col-sm-3 wpb_column vc_column_container\"><div class=\"vc_column-inner\"><div class=\"wpb_wrapper\"><\/div><\/div><\/div><\/div><div class=\"w-separator size_medium\"><\/div>[vc_custom_heading text=&#8221;Text Farbe&#8221; use_theme_fonts=&#8221;yes&#8221;]<div class=\"w-separator size_small\"><\/div><div class=\"g-cols wpb_row styleguide-vier-reihen via_flex valign_top type_default stacking_default\"><div class=\"vc_col-sm-3 wpb_column vc_column_container\"><div class=\"vc_column-inner\"><div class=\"wpb_wrapper\"><div class=\"w-image styleguide-color-square align_none\"><div class=\"w-image-h\"><img decoding=\"async\" width=\"1024\" height=\"1024\" src=\"https:\/\/www.coeo-group.ai\/wp-content\/uploads\/2025\/08\/DarkGrey.svg\" class=\"attachment-large size-large\" alt=\"\" loading=\"lazy\" \/><\/div><\/div><\/div><\/div><\/div><div class=\"vc_col-sm-3 wpb_column vc_column_container\"><div class=\"vc_column-inner\"><div class=\"wpb_wrapper\"><div class=\"w-html\"><div class=\"color-values\">\n  <div class=\"color-row\" data-hex=\"333333\">\n    <span class=\"label\">HEX<\/span>\n    <span class=\"value\">333333<\/span>\n  <\/div>\n  <div class=\"color-row\">\n    <span class=\"label\">RGB<\/span>\n    <span class=\"value\">51\/51\/51<\/span>\n  <\/div>\n  <div class=\"color-row\">\n    <span class=\"label\">CMYK<\/span>\n    <span class=\"value\">0\/0\/0\/85<\/span>\n  <\/div>\n  <div class=\"color-row\">\n    <span class=\"label\">Pantone<\/span>\n    <span class=\"value\">K\u00fchles Grau 11 C<\/span>\n  <\/div>\n<\/div><\/div><\/div><\/div><\/div><div class=\"vc_col-sm-3 wpb_column vc_column_container\"><div class=\"vc_column-inner\"><div class=\"wpb_wrapper\"><\/div><\/div><\/div><div class=\"vc_col-sm-3 wpb_column vc_column_container\"><div class=\"vc_column-inner\"><div class=\"wpb_wrapper\"><\/div><\/div><\/div><\/div><div class=\"w-separator size_medium\"><\/div>[vc_custom_heading text=&#8221;Schattierungen von Grau&#8221; use_theme_fonts=&#8221;yes&#8221;]<div class=\"w-separator size_small\"><\/div><div class=\"g-cols wpb_row styleguide-vier-reihen via_flex valign_top type_default stacking_default\"><div class=\"vc_col-sm-3 wpb_column vc_column_container\"><div class=\"vc_column-inner\"><div class=\"wpb_wrapper\"><div class=\"w-image styleguide-color-square align_none\"><div class=\"w-image-h\"><img decoding=\"async\" width=\"1024\" height=\"1024\" src=\"https:\/\/www.coeo-group.ai\/wp-content\/uploads\/2025\/08\/DarkGrey.svg\" class=\"attachment-large size-large\" alt=\"\" loading=\"lazy\" \/><\/div><\/div><\/div><\/div><\/div><div class=\"vc_col-sm-3 wpb_column vc_column_container\"><div class=\"vc_column-inner\"><div class=\"wpb_wrapper\"><div class=\"w-html\"><div class=\"color-values\">\n  <div class=\"color-row\" data-hex=\"333333\">\n    <span class=\"label\">HEX<\/span>\n    <span class=\"value\">333333<\/span>\n  <\/div>\n  <div class=\"color-row\">\n    <span class=\"label\">RGB<\/span>\n    <span class=\"value\">51\/51\/51<\/span>\n  <\/div>\n  <div class=\"color-row\">\n    <span class=\"label\">CMYK<\/span>\n    <span class=\"value\">0\/0\/0\/85<\/span>\n  <\/div>\n  <div class=\"color-row\">\n    <span class=\"label\">Pantone<\/span>\n    <span class=\"value\">K\u00fchles Grau 11 C<\/span>\n  <\/div>\n<\/div><\/div><\/div><\/div><\/div><div class=\"vc_col-sm-3 wpb_column vc_column_container\"><div class=\"vc_column-inner\"><div class=\"wpb_wrapper\"><div class=\"w-image styleguide-color-square align_none\"><div class=\"w-image-h\"><img decoding=\"async\" width=\"1024\" height=\"1024\" src=\"https:\/\/www.coeo-group.ai\/wp-content\/uploads\/2025\/08\/MediumGrey.svg\" class=\"attachment-large size-large\" alt=\"\" loading=\"lazy\" \/><\/div><\/div><\/div><\/div><\/div><div class=\"vc_col-sm-3 wpb_column vc_column_container\"><div class=\"vc_column-inner\"><div class=\"wpb_wrapper\"><div class=\"w-html\"><div class=\"color-values\">\n  <div class=\"color-row\" data-hex=\"CCCCCC\">\n    <span class=\"label\">HEX<\/span>\n    <span class=\"value\">CCCCCC<\/span>\n  <\/div>\n  <div class=\"color-row\">\n    <span class=\"label\">RGB<\/span>\n    <span class=\"value\">204\/204\/204<\/span>\n  <\/div>\n  <div class=\"color-row\">\n    <span class=\"label\">CMYK<\/span>\n    <span class=\"value\">0\/0\/0\/20<\/span>\n  <\/div>\n  <div class=\"color-row\">\n    <span class=\"label\">Pantone<\/span>\n    <span class=\"value\">K\u00fchles Grau 3 C<\/span>\n  <\/div>\n<\/div>  <\/div><\/div><\/div><\/div><\/div><div class=\"w-separator trenner-mobil size_medium\"><\/div><div class=\"g-cols wpb_row styleguide-vier-reihen via_flex valign_top type_default stacking_default\"><div class=\"vc_col-sm-3 wpb_column vc_column_container\"><div class=\"vc_column-inner\"><div class=\"wpb_wrapper\"><div class=\"w-image styleguide-color-square align_none\"><div class=\"w-image-h\"><img decoding=\"async\" width=\"1024\" height=\"1024\" src=\"https:\/\/www.coeo-group.ai\/wp-content\/uploads\/2025\/08\/LightGrey.svg\" class=\"attachment-large size-large\" alt=\"\" loading=\"lazy\" \/><\/div><\/div><\/div><\/div><\/div><div class=\"vc_col-sm-3 wpb_column vc_column_container\"><div class=\"vc_column-inner\"><div class=\"wpb_wrapper\"><div class=\"w-html\"><div class=\"color-values\">\n  <div class=\"color-row\" data-hex=\"F7F7F7\">\n    <span class=\"label\">HEX<\/span>\n    <span class=\"value\">F7F7F7<\/span>\n  <\/div>\n  <div class=\"color-row\">\n    <span class=\"label\">RGB<\/span>\n    <span class=\"value\">247\/247\/247<\/span>\n  <\/div>\n  <div class=\"color-row\">\n    <span class=\"label\">CMYK<\/span>\n    <span class=\"value\">0\/0\/0\/5<\/span>\n  <\/div>\n  <div class=\"color-row\">\n    <span class=\"label\">Pantone<\/span>\n    <span class=\"value\">K\u00fchles Grau 1 C<\/span>\n  <\/div>\n<\/div><\/div><\/div><\/div><\/div><div class=\"vc_col-sm-3 wpb_column vc_column_container\"><div class=\"vc_column-inner\"><div class=\"wpb_wrapper\"><div class=\"w-image styleguide-color-square align_none\"><div class=\"w-image-h\"><img decoding=\"async\" width=\"1024\" height=\"1024\" src=\"https:\/\/www.coeo-group.ai\/wp-content\/uploads\/2025\/08\/never-use-black.svg\" class=\"attachment-large size-large\" alt=\"\" loading=\"lazy\" \/><\/div><\/div><\/div><\/div><\/div><div class=\"vc_col-sm-3 wpb_column vc_column_container\"><div class=\"vc_column-inner\"><div class=\"wpb_wrapper\"><div class=\"wpb_text_column magenta\"><div class=\"wpb_wrapper\"><p><strong>Verwende niemals Schwarz!<\/strong><\/p>\n<\/div><\/div><div class=\"w-separator size_small\"><\/div><div class=\"w-html magenta\"><div class=\"color-values\">\n  <div class=\"color-row\">\n    <span class=\"label\">HEX<\/span>\n    <span class=\"value\">000000<\/span>\n  <\/div>\n  <div class=\"color-row\">\n    <span class=\"label\">RGB<\/span>\n    <span class=\"value\">0\/0\/0<\/span>\n  <\/div>\n  <div class=\"color-row\">\n    <span class=\"label\">CMYK<\/span>\n    <span class=\"value\">0\/0\/0\/100<\/span>\n  <\/div>\n<\/div>  <\/div><\/div><\/div><\/div><\/div><\/div><\/div><\/div><\/div><\/div><\/section>\n","protected":false},"excerpt":{"rendered":"[vc_custom_heading text=\"Der Herzschlag unserer Marke.\" font_container=\"tag:h1|text_align:left\" use_theme_fonts=\"yes\"]Unsere Unternehmensfarben sind mehr als nur Farbt\u00f6ne &#8211; sie sind die visuelle Grundlage der Identit\u00e4t unserer Marke. Die konsequente Verwendung dieser Farben an allen Ber\u00fchrungspunkten sorgt daf\u00fcr, dass unsere Marke sofort erkennbar bleibt und bei jeder Interaktion die richtigen Emotionen hervorruft. coeo Farbbibliothek (.ase)[vc_custom_heading text=\"Prim\u00e4rfarbe\" use_theme_fonts=\"yes\"] HEX 298FC2 RGB...","protected":false},"author":2,"featured_media":0,"parent":16391,"menu_order":0,"comment_status":"closed","ping_status":"closed","template":"","meta":{"_acf_changed":false,"footnotes":""},"class_list":["post-16368","page","type-page","status-publish","hentry"],"acf":[],"_links":{"self":[{"href":"https:\/\/www.coeo-group.ai\/de\/wp-json\/wp\/v2\/pages\/16368","targetHints":{"allow":["GET"]}}],"collection":[{"href":"https:\/\/www.coeo-group.ai\/de\/wp-json\/wp\/v2\/pages"}],"about":[{"href":"https:\/\/www.coeo-group.ai\/de\/wp-json\/wp\/v2\/types\/page"}],"author":[{"embeddable":true,"href":"https:\/\/www.coeo-group.ai\/de\/wp-json\/wp\/v2\/users\/2"}],"replies":[{"embeddable":true,"href":"https:\/\/www.coeo-group.ai\/de\/wp-json\/wp\/v2\/comments?post=16368"}],"version-history":[{"count":2,"href":"https:\/\/www.coeo-group.ai\/de\/wp-json\/wp\/v2\/pages\/16368\/revisions"}],"predecessor-version":[{"id":16370,"href":"https:\/\/www.coeo-group.ai\/de\/wp-json\/wp\/v2\/pages\/16368\/revisions\/16370"}],"up":[{"embeddable":true,"href":"https:\/\/www.coeo-group.ai\/de\/wp-json\/wp\/v2\/pages\/16391"}],"wp:attachment":[{"href":"https:\/\/www.coeo-group.ai\/de\/wp-json\/wp\/v2\/media?parent=16368"}],"curies":[{"name":"wp","href":"https:\/\/api.w.org\/{rel}","templated":true}]}}