{"id":16365,"date":"2025-08-23T14:49:53","date_gmt":"2025-08-23T12:49:53","guid":{"rendered":"https:\/\/newsite26.coeo-group.ai\/unternehmensschrift\/"},"modified":"2026-04-24T13:18:34","modified_gmt":"2026-04-24T11:18:34","slug":"unternehmensschrift","status":"publish","type":"page","link":"https:\/\/www.coeo-group.ai\/de\/styleguide\/unternehmensschrift\/","title":{"rendered":"Unternehmensschrift"},"content":{"rendered":"<section class=\"l-section wpb_row height_custom\"><div class=\"l-section-h i-cf\"><div class=\"g-cols vc_row via_flex valign_top type_default stacking_default\"><div class=\"vc_col-sm-12 wpb_column vc_column_container\"><div class=\"vc_column-inner\"><div class=\"wpb_wrapper\"><div class=\"g-cols wpb_row via_flex valign_top type_default stacking_default\"><div class=\"vc_col-sm-8 wpb_column vc_column_container\"><div class=\"vc_column-inner\"><div class=\"wpb_wrapper\">[vc_custom_heading text=&#8221;Der Charakter<br \/>\nin jedem Wort.&#8221; font_container=&#8221;tag:h1|text_align:left&#8221; use_theme_fonts=&#8221;yes&#8221;]<\/div><\/div><\/div><div class=\"vc_col-sm-4 wpb_column vc_column_container\"><div class=\"vc_column-inner\"><div class=\"wpb_wrapper\"><\/div><\/div><\/div><\/div><div class=\"w-separator hide_on_mobiles size_medium\"><\/div><div class=\"wpb_text_column\"><div class=\"wpb_wrapper\"><p><strong>Unsere Unternehmensschrift<\/strong> pr\u00e4gt die Art und Weise, wie wir sprechen &#8211; ruhig, konsequent und zielgerichtet. Sie verleiht unseren Inhalten Klarheit, Rhythmus und einen visuellen Ton, der widerspiegelt, wer wir sind. Sie verleiht jeder Botschaft, die wir weitergeben, Pers\u00f6nlichkeit.<\/p>\n<\/div><\/div><div class=\"w-separator size_medium\"><\/div>[vc_custom_heading text=&#8221;Sofia Pro&#8221; use_theme_fonts=&#8221;yes&#8221;]<div class=\"wpb_text_column\"><div class=\"wpb_wrapper\"><p>Sofia Pro spiegelt den Kern der coeo Group wider &#8211; modern, professionell und sympathisch. Ihr klares, geometrisches Design sorgt f\u00fcr Klarheit und Pr\u00e4zision, w\u00e4hrend die freundlichen, abgerundeten Kanten f\u00fcr W\u00e4rme sorgen. Die Schrift schafft ein perfektes Gleichgewicht zwischen Professionalit\u00e4t und Ansprechbarkeit und verleiht der coeo Group eine Stimme, die sowohl selbstbewusst als auch menschlich ist. Ihre Vielseitigkeit macht sie ideal f\u00fcr digitale und gedruckte Anwendungen und sorgt f\u00fcr eine konsistente Pr\u00e4senz in der gesamten Kommunikation.   <\/p>\n<p>Wir sind im Besitz einer Unternehmenslizenz. Grunds\u00e4tzlich ist auch eine vor\u00fcbergehende Bereitstellung der Schriftdateien an Dienstleister der coeo Group unter bestimmten Bedingungen m\u00f6glich. Bitte nimm <a href=\"mailto:cd@coeo-group.ai\">Kontakt mit uns auf<\/a>.  <\/p>\n<p><strong><a href=\"https:\/\/fonts.adobe.com\/fonts\/sofia\" target=\"_blank\" rel=\"noopener\">Sofia Pro<\/a> kann von allen Adobe Creative Cloud-Abonnenten kostenlos aktiviert und genutzt werden.<\/strong><\/p>\n<\/div><\/div><div class=\"w-separator size_medium\"><\/div><div class=\"g-cols wpb_row styleguide-vier-reihen via_flex valign_top type_default stacking_default\"><div class=\"vc_col-sm-6 wpb_column vc_column_container\"><div class=\"vc_column-inner\"><div class=\"wpb_wrapper\">[vc_custom_heading text=&#8221;Sofia Pro | Bold&#8221; use_theme_fonts=&#8221;yes&#8221;]<div class=\"wpb_text_column corporate-font-bold\"><div class=\"wpb_wrapper\"><p>A B C D E F G H I J K L M N O P Q R S T U V W X Y Z<br \/>\na b c d e f g h i j k l m n o p q r s t u v w x y z<br \/>\n0 1 2 3 4 5 6 7 8 9 ? ! &amp; @ &#8221; &#8221; % * # $ \u00a3 \u20ac \/ ( ) [ ] . , : ; \u00ae \u00a9<\/p>\n<\/div><\/div><\/div><\/div><\/div><div class=\"vc_col-sm-6 wpb_column vc_column_container\"><div class=\"vc_column-inner\"><div class=\"wpb_wrapper\">[vc_custom_heading text=&#8221;Sofia Pro | Bold Italic&#8221; use_theme_fonts=&#8221;yes&#8221;]<div class=\"wpb_text_column corporate-font-bold-i\"><div class=\"wpb_wrapper\"><p>A B C D E F G H I J K L M N O P Q R S T U V W X Y Z<br \/>\na b c d e f g h i j k l m n o p q r s t u v w x y z<br \/>\n0 1 2 3 4 5 6 7 8 9 ? ! &amp; @ &#8221; &#8221; % * # $ \u00a3 \u20ac \/ ( ) [ ] . , : ; \u00ae \u00a9<\/p>\n<\/div><\/div><\/div><\/div><\/div><\/div><div class=\"w-separator size_small\"><\/div><div class=\"g-cols wpb_row styleguide-vier-reihen via_flex valign_top type_default stacking_default\"><div class=\"vc_col-sm-6 wpb_column vc_column_container\"><div class=\"vc_column-inner\"><div class=\"wpb_wrapper\">[vc_custom_heading text=&#8221;Sofia Pro | Regular&#8221; use_theme_fonts=&#8221;yes&#8221;]<div class=\"wpb_text_column corporate-font-regular\"><div class=\"wpb_wrapper\"><p>A B C D E F G H I J K L M N O P Q R S T U V W X Y Z<br \/>\na b c d e f g h i j k l m n o p q r s t u v w x y z<br \/>\n0 1 2 3 4 5 6 7 8 9 ? ! &amp; @ &#8221; &#8221; % * # $ \u00a3 \u20ac \/ ( ) [ ] . , : ; \u00ae \u00a9<\/p>\n<\/div><\/div><\/div><\/div><\/div><div class=\"vc_col-sm-6 wpb_column vc_column_container\"><div class=\"vc_column-inner\"><div class=\"wpb_wrapper\">[vc_custom_heading text=&#8221;Sofia Pro | Regular Kursiv&#8221; use_theme_fonts=&#8221;yes&#8221;]<div class=\"wpb_text_column corporate-font-regular-i\"><div class=\"wpb_wrapper\"><p>A B C D E F G H I J K L M N O P Q R S T U V W X Y Z<br \/>\na b c d e f g h i j k l m n o p q r s t u v w x y z<br \/>\n0 1 2 3 4 5 6 7 8 9 ? ! &amp; @ &#8221; &#8221; % * # $ \u00a3 \u20ac \/ ( ) [ ] . , : ; \u00ae \u00a9<\/p>\n<\/div><\/div><\/div><\/div><\/div><\/div><div class=\"w-separator size_large\"><\/div>[vc_custom_heading text=&#8221;Ausweichschriftart: Aptos&#8221; use_theme_fonts=&#8221;yes&#8221;]<div class=\"wpb_text_column\"><div class=\"wpb_wrapper\"><p>Manchmal ist Sofia Pro nicht verf\u00fcgbar &#8211; etwa in E-Mails oder Office-Anwendungen wie Word, Excel und PowerPoint. Hier kommt unsere Ausweichschrift Aptos ins Spiel. Sie sorgt f\u00fcr ein sauberes und konsistentes Erscheinungsbild und stellt sicher, dass unsere Stimme klar bleibt, auch wenn unsere Lieblingsschriftart eine Pause einlegt. Aptos ist die Standardschriftart in Microsoft Office, so dass sie von allen &#8211; innerhalb und au\u00dferhalb des Unternehmens &#8211; leicht zu verwenden ist.<\/p>\n<\/div><\/div><div class=\"w-separator size_medium\"><\/div><div class=\"g-cols wpb_row styleguide-vier-reihen via_flex valign_top type_default stacking_default\"><div class=\"vc_col-sm-6 wpb_column vc_column_container\"><div class=\"vc_column-inner\"><div class=\"wpb_wrapper\"><div class=\"w-image aptos-font-kit align_none\"><div class=\"w-image-h\"><img decoding=\"async\" src=\"https:\/\/www.coeo-group.ai\/wp-content\/uploads\/2025\/12\/Typeface-Aptos-Bold.svg\" class=\"attachment-full size-full\" alt=\"\" loading=\"lazy\" \/><\/div><\/div><\/div><\/div><\/div><div class=\"vc_col-sm-6 wpb_column vc_column_container\"><div class=\"vc_column-inner\"><div class=\"wpb_wrapper\"><div class=\"w-image aptos-font-kit align_none\"><div class=\"w-image-h\"><img decoding=\"async\" src=\"https:\/\/www.coeo-group.ai\/wp-content\/uploads\/2025\/12\/Typeface-Aptos-Bold-Italic.svg\" class=\"attachment-full size-full\" alt=\"\" loading=\"lazy\" \/><\/div><\/div><\/div><\/div><\/div><\/div><div class=\"w-separator size_small\"><\/div><div class=\"w-separator size_small\"><\/div><div class=\"g-cols wpb_row styleguide-vier-reihen via_flex valign_top type_default stacking_default\"><div class=\"vc_col-sm-6 wpb_column vc_column_container\"><div class=\"vc_column-inner\"><div class=\"wpb_wrapper\"><div class=\"w-image aptos-font-kit align_none\"><div class=\"w-image-h\"><img decoding=\"async\" src=\"https:\/\/www.coeo-group.ai\/wp-content\/uploads\/2026\/04\/Typeface-Aptos-Light.svg\" class=\"attachment-full size-full\" alt=\"\" loading=\"lazy\" \/><\/div><\/div><\/div><\/div><\/div><div class=\"vc_col-sm-6 wpb_column vc_column_container\"><div class=\"vc_column-inner\"><div class=\"wpb_wrapper\"><div class=\"w-image aptos-font-kit align_none\"><div class=\"w-image-h\"><img decoding=\"async\" src=\"https:\/\/www.coeo-group.ai\/wp-content\/uploads\/2026\/04\/Typeface-Aptos-Light-Italic.svg\" class=\"attachment-full size-full\" alt=\"\" loading=\"lazy\" \/><\/div><\/div><\/div><\/div><\/div><\/div><\/div><\/div><\/div><\/div><\/div><\/section>\n","protected":false},"excerpt":{"rendered":"[vc_custom_heading text=\"Der Charakter in jedem Wort.\" font_container=\"tag:h1|text_align:left\" use_theme_fonts=\"yes\"]Unsere Unternehmensschrift pr\u00e4gt die Art und Weise, wie wir sprechen &#8211; ruhig, konsequent und zielgerichtet. Sie verleiht unseren Inhalten Klarheit, Rhythmus und einen visuellen Ton, der widerspiegelt, wer wir sind. Sie verleiht jeder Botschaft, die wir weitergeben, Pers\u00f6nlichkeit. [vc_custom_heading text=\"Sofia Pro\" use_theme_fonts=\"yes\"]Sofia Pro spiegelt den Kern der coeo...","protected":false},"author":2,"featured_media":0,"parent":16391,"menu_order":0,"comment_status":"closed","ping_status":"closed","template":"","meta":{"_acf_changed":false,"footnotes":""},"class_list":["post-16365","page","type-page","status-publish","hentry"],"acf":[],"_links":{"self":[{"href":"https:\/\/www.coeo-group.ai\/de\/wp-json\/wp\/v2\/pages\/16365","targetHints":{"allow":["GET"]}}],"collection":[{"href":"https:\/\/www.coeo-group.ai\/de\/wp-json\/wp\/v2\/pages"}],"about":[{"href":"https:\/\/www.coeo-group.ai\/de\/wp-json\/wp\/v2\/types\/page"}],"author":[{"embeddable":true,"href":"https:\/\/www.coeo-group.ai\/de\/wp-json\/wp\/v2\/users\/2"}],"replies":[{"embeddable":true,"href":"https:\/\/www.coeo-group.ai\/de\/wp-json\/wp\/v2\/comments?post=16365"}],"version-history":[{"count":4,"href":"https:\/\/www.coeo-group.ai\/de\/wp-json\/wp\/v2\/pages\/16365\/revisions"}],"predecessor-version":[{"id":17270,"href":"https:\/\/www.coeo-group.ai\/de\/wp-json\/wp\/v2\/pages\/16365\/revisions\/17270"}],"up":[{"embeddable":true,"href":"https:\/\/www.coeo-group.ai\/de\/wp-json\/wp\/v2\/pages\/16391"}],"wp:attachment":[{"href":"https:\/\/www.coeo-group.ai\/de\/wp-json\/wp\/v2\/media?parent=16365"}],"curies":[{"name":"wp","href":"https:\/\/api.w.org\/{rel}","templated":true}]}}