{"id":16362,"date":"2025-08-23T16:49:03","date_gmt":"2025-08-23T14:49:03","guid":{"rendered":"https:\/\/newsite26.coeo-group.ai\/iconset\/"},"modified":"2026-03-16T10:50:38","modified_gmt":"2026-03-16T09:50:38","slug":"iconset","status":"publish","type":"page","link":"https:\/\/www.coeo-group.ai\/de\/styleguide\/iconset\/","title":{"rendered":"Iconset"},"content":{"rendered":"<section class=\"l-section wpb_row icon-box-wrapper height_auto width_full\"><div class=\"l-section-h i-cf\"><div class=\"g-cols vc_row via_flex valign_top type_default stacking_default\"><div class=\"vc_col-sm-12 wpb_column vc_column_container\"><div class=\"vc_column-inner\"><div class=\"wpb_wrapper\"><div class=\"w-image styleguide-icon-download align_none\"><a href=\"\/download\/13383\/\" aria-label=\"Button-IconKit-DarkGrey\" class=\"w-image-h\"><img decoding=\"async\" src=\"https:\/\/www.coeo-group.ai\/wp-content\/uploads\/2025\/09\/Button-IconKit-DarkGrey.svg\" class=\"attachment-full size-full\" alt=\"\" loading=\"lazy\" \/><\/a><\/div><div class=\"w-image styleguide-icon-download icon-download-zwo align_none\"><a href=\"\/download\/13385\/\" aria-label=\"Button-IconKit-White\" class=\"w-image-h\"><img decoding=\"async\" src=\"https:\/\/www.coeo-group.ai\/wp-content\/uploads\/2025\/09\/Button-IconKit-White.svg\" class=\"attachment-full size-full\" alt=\"\" loading=\"lazy\" \/><\/a><\/div><div class=\"w-image styleguide-icon-download icon-download-drei align_none\"><a href=\"\/download\/13387\/\" aria-label=\"Button-IconKit-FillBlue\" class=\"w-image-h\"><img decoding=\"async\" src=\"https:\/\/www.coeo-group.ai\/wp-content\/uploads\/2025\/09\/Button-IconKit-FillBlue.svg\" class=\"attachment-full size-full\" alt=\"\" loading=\"lazy\" \/><\/a><\/div><\/div><\/div><\/div><\/div><\/div><\/section><section class=\"l-section wpb_row height_custom\"><div class=\"l-section-h i-cf\"><div class=\"g-cols vc_row via_flex valign_top type_default stacking_default\"><div class=\"vc_col-sm-12 wpb_column vc_column_container\"><div class=\"vc_column-inner\"><div class=\"wpb_wrapper\"><div class=\"g-cols wpb_row via_flex valign_top type_default stacking_default\"><div class=\"vc_col-sm-8 wpb_column vc_column_container\"><div class=\"vc_column-inner\"><div class=\"wpb_wrapper\">[vc_custom_heading text=&#8221;Von Komplexit\u00e4t<br \/>\nzu Klarheit.&#8221; font_container=&#8221;tag:h1|text_align:left&#8221; use_theme_fonts=&#8221;yes&#8221;]<\/div><\/div><\/div><div class=\"vc_col-sm-4 wpb_column vc_column_container\"><div class=\"vc_column-inner\"><div class=\"wpb_wrapper\"><\/div><\/div><\/div><\/div><div class=\"w-separator hide_on_mobiles size_medium\"><\/div><div class=\"wpb_text_column\"><div class=\"wpb_wrapper\"><p><strong>Unsere Icons<\/strong> helfen den Benutzern, Inhalte schneller zu erfassen, bieten Orientierung und sind die stillen Helden eines durchdachten Designs. Einfach, modern, zug\u00e4nglich. Ihre feinen Linien spiegeln die luftige, ausgewogene \u00c4sthetik unserer Typografie wider und f\u00fchren sie visuell fort.  <\/p>\n<p><strong>Die Symbole basieren auf dem Open-Source-Satz <a class=\"link-styleguide\" href=\"https:\/\/phosphoricons.com\/?weight=%22thin%22&amp;color=%22333333%22\" target=\"_blank\" rel=\"noopener\">Phosphor Icons<\/a>, der unter der MIT-Lizenz lizenziert ist.<\/strong><\/p>\n<\/div><\/div><div class=\"w-separator size_small\"><\/div><div class=\"g-cols wpb_row styleguide-vier-reihen via_flex valign_top type_default stacking_default\"><div class=\"vc_col-sm-6 wpb_column vc_column_container\"><div class=\"vc_column-inner\"><div class=\"wpb_wrapper\"><div class=\"w-image iconset-sammlung align_none\"><div class=\"w-image-h\"><img decoding=\"async\" width=\"1024\" height=\"1024\" src=\"https:\/\/www.coeo-group.ai\/wp-content\/uploads\/2025\/08\/Iconset-DarkGrey.svg\" class=\"attachment-large size-large\" alt=\"\" loading=\"lazy\" \/><\/div><\/div><\/div><\/div><\/div><div class=\"vc_col-sm-6 wpb_column vc_column_container\"><div class=\"vc_column-inner\"><div class=\"wpb_wrapper\"><div class=\"w-image us_custom_1da11972 iconset-sammlung-inv align_none has_bg_color\"><div class=\"w-image-h\"><img decoding=\"async\" width=\"1024\" height=\"1024\" src=\"https:\/\/www.coeo-group.ai\/wp-content\/uploads\/2025\/08\/Iconset-White.svg\" class=\"attachment-large size-large\" alt=\"\" loading=\"lazy\" \/><\/div><\/div><\/div><\/div><\/div><\/div><div class=\"w-separator size_small\"><\/div><div class=\"wpb_text_column\"><div class=\"wpb_wrapper\"><p>Die Symbole werden im &#8216;Thin&#8217;-Stil verwendet. Auf hellen Hintergr\u00fcnden m\u00fcssen sie ausschlie\u00dflich in der Farbe #333333 erscheinen und auf dunklen Hintergr\u00fcnden ausschlie\u00dflich in #FFFFFF. <strong>Ausnahme:<\/strong> Wenn die Icons als Klickfl\u00e4chen verwendet werden, z.B. im Serviceportal oder auf einer Website, m\u00fcssen sie im Stil &#8216;Fill&#8217; und in der Farbe #78BE21 erscheinen.<\/p>\n<\/div><\/div><div class=\"w-html bubble-text-wrapper\"><a href=\"\/download\/13383\/\" class=\"styleguide-bubble-textlink\">Icon Kit Dunkelgrau<\/a><br><a href=\"\/download\/13385\/\" class=\"styleguide-bubble-textlink\">Icon Kit Wei\u00df<\/a><br><a href=\"\/download\/13387\/\" class=\"styleguide-bubble-textlink\">Icon Kit \"F\u00fcllen\" Blau<\/a> \n<\/div><div class=\"w-separator size_medium\"><\/div>[vc_custom_heading text=&#8221;Favicon&#8221; use_theme_fonts=&#8221;yes&#8221;]<div class=\"wpb_text_column\"><div class=\"wpb_wrapper\"><p>Ein Favicon ist das kleine Symbol, das in der Browser-Registerkarte neben dem Seitentitel erscheint. Es hilft Nutzern, unsere Website visuell zu erkennen und st\u00e4rkt unsere Markenpr\u00e4senz im Internet. Das coeo Favicon ist f\u00fcr diese spezielle Verwendung optimiert und sollte nur in diesem Zusammenhang verwendet werden. Jede andere Verwendung ist nicht gestattet.<\/p>\n<\/div><\/div><div class=\"w-separator size_small\"><\/div><div class=\"w-html\"><div class=\"iconset-download-icons\">\n<span><img decoding=\"async\" src=\"https:\/\/www.coeo-group.ai\/wp-content\/uploads\/2025\/08\/coeo-Favicon.png\"><\/span>\n<span class=\"stylegude-download-icons\"><a href=\"\/download\/13373\/\"><img decoding=\"async\" src=\"https:\/\/www.coeo-group.ai\/wp-content\/uploads\/2026\/01\/file-ico-fill.svg\"><\/a><\/span>\n<\/div><\/div><div class=\"w-separator size_small\"><\/div><\/div><\/div><\/div><\/div><\/div><\/section>\n","protected":false},"excerpt":{"rendered":"[vc_custom_heading text=\"Von Komplexit\u00e4t zu Klarheit.\" font_container=\"tag:h1|text_align:left\" use_theme_fonts=\"yes\"]Unsere Icons helfen den Benutzern, Inhalte schneller zu erfassen, bieten Orientierung und sind die stillen Helden eines durchdachten Designs. Einfach, modern, zug\u00e4nglich. Ihre feinen Linien spiegeln die luftige, ausgewogene \u00c4sthetik unserer Typografie wider und f\u00fchren sie visuell fort. Die Symbole basieren auf dem Open-Source-Satz Phosphor Icons, der unter der...","protected":false},"author":2,"featured_media":0,"parent":16391,"menu_order":0,"comment_status":"closed","ping_status":"closed","template":"","meta":{"_acf_changed":false,"footnotes":""},"class_list":["post-16362","page","type-page","status-publish","hentry"],"acf":[],"_links":{"self":[{"href":"https:\/\/www.coeo-group.ai\/de\/wp-json\/wp\/v2\/pages\/16362","targetHints":{"allow":["GET"]}}],"collection":[{"href":"https:\/\/www.coeo-group.ai\/de\/wp-json\/wp\/v2\/pages"}],"about":[{"href":"https:\/\/www.coeo-group.ai\/de\/wp-json\/wp\/v2\/types\/page"}],"author":[{"embeddable":true,"href":"https:\/\/www.coeo-group.ai\/de\/wp-json\/wp\/v2\/users\/2"}],"replies":[{"embeddable":true,"href":"https:\/\/www.coeo-group.ai\/de\/wp-json\/wp\/v2\/comments?post=16362"}],"version-history":[{"count":2,"href":"https:\/\/www.coeo-group.ai\/de\/wp-json\/wp\/v2\/pages\/16362\/revisions"}],"predecessor-version":[{"id":16364,"href":"https:\/\/www.coeo-group.ai\/de\/wp-json\/wp\/v2\/pages\/16362\/revisions\/16364"}],"up":[{"embeddable":true,"href":"https:\/\/www.coeo-group.ai\/de\/wp-json\/wp\/v2\/pages\/16391"}],"wp:attachment":[{"href":"https:\/\/www.coeo-group.ai\/de\/wp-json\/wp\/v2\/media?parent=16362"}],"curies":[{"name":"wp","href":"https:\/\/api.w.org\/{rel}","templated":true}]}}