{"id":16254,"date":"2025-08-23T21:55:34","date_gmt":"2025-08-23T19:55:34","guid":{"rendered":"https:\/\/newsite26.coeo-group.ai\/unter-marken\/"},"modified":"2026-03-16T23:58:34","modified_gmt":"2026-03-16T22:58:34","slug":"unter-marken","status":"publish","type":"page","link":"https:\/\/www.coeo-group.ai\/de\/styleguide\/unter-marken\/","title":{"rendered":"Unter-Marken"},"content":{"rendered":"<section class=\"l-section wpb_row icon-box-wrapper height_auto width_full\"><div class=\"l-section-h i-cf\"><div class=\"g-cols vc_row via_flex valign_top type_default stacking_default\"><div class=\"vc_col-sm-12 wpb_column vc_column_container\"><div class=\"vc_column-inner\"><div class=\"wpb_wrapper\"><div class=\"w-image styleguide-icon-download align_none\"><a href=\"\/download\/13397\/\" aria-label=\"Button-LogoKit-cAI\" class=\"w-image-h\"><img decoding=\"async\" src=\"https:\/\/www.coeo-group.ai\/wp-content\/uploads\/2025\/12\/Button-LogoKit-cAI.svg\" class=\"attachment-full size-full\" alt=\"\" loading=\"lazy\" \/><\/a><\/div><div class=\"w-image styleguide-icon-download icon-download-zwo download-file-access align_none\"><a href=\"\/download\/13399\/\" aria-label=\"Button-LogoKit-CFN\" class=\"w-image-h\"><img decoding=\"async\" src=\"https:\/\/www.coeo-group.ai\/wp-content\/uploads\/2025\/12\/Button-LogoKit-CFN.svg\" class=\"attachment-full size-full\" alt=\"\" loading=\"lazy\" \/><\/a><\/div><\/div><\/div><\/div><\/div><\/div><\/section><section class=\"l-section wpb_row height_custom\"><div class=\"l-section-h i-cf\"><div class=\"g-cols vc_row via_flex valign_top type_default stacking_default\"><div class=\"vc_col-sm-12 wpb_column vc_column_container\"><div class=\"vc_column-inner\"><div class=\"wpb_wrapper\"><div class=\"g-cols wpb_row via_flex valign_top type_default stacking_default\"><div class=\"vc_col-sm-12 wpb_column vc_column_container\"><div class=\"vc_column-inner\"><div class=\"wpb_wrapper\">[vc_custom_heading text=&#8221;Verschiedene Gesichter.<br \/>\nEine Identit\u00e4t.&#8221; font_container=&#8221;tag:h1|text_align:left&#8221; use_theme_fonts=&#8221;yes&#8221;]<\/div><\/div><\/div><\/div><div class=\"w-separator hide_on_mobiles size_medium\"><\/div><div class=\"wpb_text_column\"><div class=\"wpb_wrapper\"><p>Neben dem Hauptlogo, das die \u00fcbergreifende Unternehmensidentit\u00e4t repr\u00e4sentiert, verwenden wir auch spezialisierte Logos f\u00fcr bestimmte Markenelemente &#8211; wie cAI, unsere firmeneigene L\u00f6sung f\u00fcr k\u00fcnstliche Intelligenz, und die Logoserie CustomerFocus.network.  <strong>Wenn diese Logos verwendet werden, gelten alle allgemeinen Regeln und Designprinzipien, die in diesem Styleguide beschrieben sind, gleicherma\u00dfen, um ein konsistentes und koh\u00e4rentes Markenerlebnis in allen Anwendungen zu gew\u00e4hrleisten.<\/strong><\/p>\n<\/div><\/div><div class=\"w-html bubble-text-wrapper\"><a href=\"\/download\/13397\/\" class=\"styleguide-bubble-textlink\">Vollst\u00e4ndiges cAi-Logo-Kit<\/a><br><a href=\"\/download\/13399\/\" class=\"styleguide-bubble-textlink\">Vollst\u00e4ndiges CFN-Logo-Kit<\/a>\n<\/div><div class=\"w-separator size_medium\"><\/div><div class=\"g-cols wpb_row via_flex valign_top type_default stacking_default\"><div class=\"vc_col-sm-4 wpb_column vc_column_container\"><div class=\"vc_column-inner\"><div class=\"wpb_wrapper\">[vc_custom_heading text=&#8221;Prim\u00e4re Verwendung&#8221; use_theme_fonts=&#8221;yes&#8221;]<div class=\"w-separator size_small\"><\/div><div class=\"w-image sub-brands-cai align_none\"><div class=\"w-image-h\"><img decoding=\"async\" width=\"1024\" height=\"1024\" src=\"https:\/\/www.coeo-group.ai\/wp-content\/uploads\/2025\/08\/CAI-Logo-withTrademark-RGB.svg\" class=\"attachment-large size-large\" alt=\"\" loading=\"lazy\" \/><\/div><\/div><div class=\"w-separator size_small\"><\/div><div class=\"wpb_text_column\"><div class=\"wpb_wrapper\"><p><strong>Bildschirmversion (RGB)<\/strong><\/p>\n<\/div><\/div><div class=\"w-html\"><div class=\"stylegude-download-icons\">\n<a href=\"\/download\/13389\/\"><img decoding=\"async\" src=\"https:\/\/www.coeo-group.ai\/wp-content\/uploads\/2025\/08\/file-svg-fill.svg\"><\/a>\n<a href=\"\/download\/13391\/\"><img decoding=\"async\" src=\"https:\/\/www.coeo-group.ai\/wp-content\/uploads\/2025\/08\/file-png-fill.svg\"><\/a>\n<a href=\"\/download\/13393\/\"><img decoding=\"async\" src=\"https:\/\/www.coeo-group.ai\/wp-content\/uploads\/2025\/08\/file-jpg-fill.svg\"><\/a>\n<\/div><\/div><div class=\"w-separator size_small\"><\/div><div class=\"wpb_text_column\"><div class=\"wpb_wrapper\"><p><strong>Druckversion (CMYK)<\/strong><\/p>\n<\/div><\/div><div class=\"w-html\"><div class=\"stylegude-download-icons\">\n<a href=\"\/download\/13401\/\"><img decoding=\"async\" src=\"https:\/\/www.coeo-group.ai\/wp-content\/uploads\/2025\/08\/file-eps-fill.svg\"><\/a>\n<a href=\"\/download\/13403\/\"><img decoding=\"async\" src=\"https:\/\/www.coeo-group.ai\/wp-content\/uploads\/2025\/08\/file-tiff-fill.svg\"><\/a>\n<\/div><\/div><\/div><\/div><\/div><div class=\"vc_col-sm-4 wpb_column vc_column_container\"><div class=\"vc_column-inner\"><div class=\"wpb_wrapper\">[vc_custom_heading text=&#8221;Verwendung auf dunklen Hintergr\u00fcnden&#8221; use_theme_fonts=&#8221;yes&#8221;]<div class=\"w-separator size_small\"><\/div><div class=\"w-image align_none\"><div class=\"w-image-h\"><img decoding=\"async\" width=\"1024\" height=\"1024\" src=\"https:\/\/www.coeo-group.ai\/wp-content\/uploads\/2025\/09\/Logo-cAI-Use-on-Dark-Backgrounds.svg\" class=\"attachment-large size-large\" alt=\"\" loading=\"lazy\" \/><\/div><\/div><div class=\"w-separator size_small\"><\/div><div class=\"wpb_text_column\"><div class=\"wpb_wrapper\"><p><strong>Bildschirmversion (RGB)<\/strong><\/p>\n<\/div><\/div><div class=\"w-html\"><div class=\"stylegude-download-icons\">\n<a href=\"\/download\/13375\/\"><img decoding=\"async\" src=\"https:\/\/www.coeo-group.ai\/wp-content\/uploads\/2025\/08\/file-svg-fill.svg\"><\/a>\n<a href=\"\/download\/13395\/\"><img decoding=\"async\" src=\"https:\/\/www.coeo-group.ai\/wp-content\/uploads\/2025\/08\/file-png-fill.svg\"><\/a>\n<\/div><\/div><div class=\"w-separator size_small\"><\/div><div class=\"wpb_text_column\"><div class=\"wpb_wrapper\"><p><strong>Druckversion (CMYK)<\/strong><\/p>\n<\/div><\/div><div class=\"w-html\"><div class=\"stylegude-download-icons\">\n<a href=\"\/download\/13405\/\"><img decoding=\"async\" src=\"https:\/\/www.coeo-group.ai\/wp-content\/uploads\/2025\/08\/file-eps-fill.svg\"><\/a>\n<\/div><\/div><\/div><\/div><\/div><div class=\"vc_col-sm-4 wpb_column vc_column_container\"><div class=\"vc_column-inner\"><div class=\"wpb_wrapper\">[vc_custom_heading text=&#8221;Freiraum&#8221; use_theme_fonts=&#8221;yes&#8221;]<div class=\"w-separator size_small\"><\/div><div class=\"w-image align_none\"><div class=\"w-image-h\"><img decoding=\"async\" width=\"1024\" height=\"1024\" src=\"https:\/\/www.coeo-group.ai\/wp-content\/uploads\/2025\/08\/cAI-Logo-Clear-Space.svg\" class=\"attachment-large size-large\" alt=\"\" loading=\"lazy\" \/><\/div><\/div><\/div><\/div><\/div><\/div><div class=\"w-separator size_small\"><\/div><div class=\"wpb_text_column\"><div class=\"wpb_wrapper\"><p><strong>cAI<\/strong> ist eine eingetragene Marke und muss immer mit dem Symbol \u00ae dargestellt werden, wenn das Logo verwendet wird. Die einzige Ausnahme ist, wenn das Logo so klein erscheint, dass das \u00ae Symbol nicht mehr lesbar ist oder die Klarheit des Designs beeintr\u00e4chtigen w\u00fcrde.<\/p>\n<\/div><\/div><div class=\"w-separator size_medium\"><\/div><div class=\"g-cols wpb_row via_flex valign_top type_default stacking_default\"><div class=\"vc_col-sm-3 wpb_column vc_column_container\"><div class=\"vc_column-inner\"><div class=\"wpb_wrapper\"><div class=\"w-image sub-brands-cfn align_none\"><div class=\"w-image-h\"><img decoding=\"async\" src=\"https:\/\/www.coeo-group.ai\/wp-content\/uploads\/2025\/08\/Logo-CFN-1.svg\" class=\"attachment-full size-full\" alt=\"\" loading=\"lazy\" \/><\/div><\/div><div class=\"w-separator size_small\"><\/div><div class=\"w-html\"><div class=\"stylegude-download-icons\">\n<a href=\"\/download\/13407\/\"><img decoding=\"async\" src=\"https:\/\/www.coeo-group.ai\/wp-content\/uploads\/2025\/08\/file-svg-fill.svg\"><\/a>\n<a href=\"\/download\/13409\/\"><img decoding=\"async\" src=\"https:\/\/www.coeo-group.ai\/wp-content\/uploads\/2025\/08\/file-png-fill.svg\"><\/a>\n<a href=\"\/download\/13411\/\"><img decoding=\"async\" src=\"https:\/\/www.coeo-group.ai\/wp-content\/uploads\/2025\/08\/file-jpg-fill.svg\"><\/a>\n<\/div><\/div><div class=\"w-separator size_medium\"><\/div><div class=\"w-image align_none\"><div class=\"w-image-h\"><img decoding=\"async\" src=\"https:\/\/www.coeo-group.ai\/wp-content\/uploads\/2025\/09\/Logo-CFN-Use-on-Dark-Backgrounds.svg\" class=\"attachment-full size-full\" alt=\"\" loading=\"lazy\" \/><\/div><\/div><div class=\"w-separator size_small\"><\/div><div class=\"w-html\"><div class=\"stylegude-download-icons\">\n<a href=\"\/download\/13413\/\"><img decoding=\"async\" src=\"https:\/\/www.coeo-group.ai\/wp-content\/uploads\/2025\/08\/file-svg-fill.svg\"><\/a>\n<a href=\"\/download\/13415\/\"><img decoding=\"async\" src=\"https:\/\/www.coeo-group.ai\/wp-content\/uploads\/2025\/08\/file-png-fill.svg\"><\/a>\n<\/div><\/div><\/div><\/div><\/div><div class=\"vc_col-sm-9 wpb_column vc_column_container\"><div class=\"vc_column-inner\"><div class=\"wpb_wrapper\"><div class=\"wpb_text_column\"><div class=\"wpb_wrapper\"><p>Das <a href=\"https:\/\/customerfocus.network\/\" target=\"_blank\" rel=\"noopener\">Customer Focus Network (CFN)<\/a> ist die f\u00fchrende Content- und Networking-Plattform, die sich dem \u00fcbergreifenden Thema der Kundenzentrierung in einer zunehmend digitalen Welt widmet. Es schafft Raum f\u00fcr Austausch, Zusammenarbeit und Wachstum unter all jenen, die den Kunden in den Mittelpunkt ihres unternehmerischen Denkens stellen &#8211; heute und in Zukunft. <\/p>\n<p><strong>CFN vereint eine Reihe von Content-Formaten und Veranstaltungen unter einer einheitlichen Marke:<\/strong><\/p>\n<p><strong>CFN Journal <\/strong>&#8211; Eine Sammlung von Artikeln, die aktuelle Trends, Strategien und Einblicke in kundenorientierte Gesch\u00e4ftsprozesse beleuchten.<\/p>\n<p><strong>CFN Summit (auch bekannt als CFS)<\/strong> &#8211; Ein j\u00e4hrliches Flaggschiff-Event mit Vordenkern und Experten, die ihre Sichtweise zum Thema Kundenorientierung darlegen. Die Vortr\u00e4ge werden live \u00fcber mehrere Plattformen gestreamt. <\/p>\n<p><strong>CFN Videocast<\/strong> &#8211; Eine Video-Interviewserie mit verschiedenen G\u00e4sten, die Themen rund um Kundenorientierung und KI aus unterschiedlichen Blickwinkeln diskutieren.<\/p>\n<p><strong>CFN Spotlight<\/strong> &#8211; Eine Reihe von branchenspezifischen Vortr\u00e4gen, die Kundenzentrierung und KI aus der Sicht eines einzelnen Sektors oder Bereichs beleuchten.<\/p>\n<p>Zusammen bilden diese Formate eine dynamische Plattform f\u00fcr Wissensaustausch und Vordenkerrolle &#8211; geeint durch eine gemeinsame \u00dcberzeugung: der Kunde steht an erster Stelle.<\/p>\n<\/div><\/div><\/div><\/div><\/div><\/div><div class=\"w-separator size_small\"><\/div>[vc_custom_heading text=&#8221;Prim\u00e4re Verwendung&#8221; use_theme_fonts=&#8221;yes&#8221;]<div class=\"g-cols wpb_row logo-drei-reihen via_flex valign_top type_default stacking_default\"><div class=\"vc_col-sm-3 wpb_column vc_column_container\"><div class=\"vc_column-inner\"><div class=\"wpb_wrapper\"><div class=\"w-image sub-brands-cfn-list align_none\"><div class=\"w-image-h\"><img decoding=\"async\" src=\"https:\/\/www.coeo-group.ai\/wp-content\/uploads\/2025\/08\/Logo-CFN-journal-1.svg\" class=\"attachment-full size-full\" alt=\"\" loading=\"lazy\" \/><\/div><\/div><div class=\"w-separator size_small\"><\/div><div class=\"w-html\"><div class=\"stylegude-download-icons\">\n<a href=\"\/download\/13417\/\"><img decoding=\"async\" src=\"https:\/\/www.coeo-group.ai\/wp-content\/uploads\/2025\/08\/file-svg-fill.svg\"><\/a>\n<a href=\"\/download\/13419\/\"><img decoding=\"async\" src=\"https:\/\/www.coeo-group.ai\/wp-content\/uploads\/2025\/08\/file-png-fill.svg\"><\/a>\n<a href=\"\/download\/13421\/\"><img decoding=\"async\" src=\"https:\/\/www.coeo-group.ai\/wp-content\/uploads\/2025\/08\/file-jpg-fill.svg\"><\/a>\n<\/div><\/div><\/div><\/div><\/div><div class=\"vc_col-sm-3 wpb_column vc_column_container\"><div class=\"vc_column-inner\"><div class=\"wpb_wrapper\"><div class=\"w-image sub-brands-cfn-list align_none\"><div class=\"w-image-h\"><img decoding=\"async\" src=\"https:\/\/www.coeo-group.ai\/wp-content\/uploads\/2025\/08\/Logo-CFN-videocast-1.svg\" class=\"attachment-full size-full\" alt=\"\" loading=\"lazy\" \/><\/div><\/div><div class=\"w-separator size_small\"><\/div><div class=\"w-html\"><div class=\"stylegude-download-icons\">\n<a href=\"\/download\/13423\/\"><img decoding=\"async\" src=\"https:\/\/www.coeo-group.ai\/wp-content\/uploads\/2025\/08\/file-svg-fill.svg\"><\/a>\n<a href=\"\/download\/13425\/\"><img decoding=\"async\" src=\"https:\/\/www.coeo-group.ai\/wp-content\/uploads\/2025\/08\/file-png-fill.svg\"><\/a>\n<a href=\"\/download\/13427\/\"><img decoding=\"async\" src=\"https:\/\/www.coeo-group.ai\/wp-content\/uploads\/2025\/08\/file-jpg-fill.svg\"><\/a>\n<\/div><\/div><\/div><\/div><\/div><div class=\"vc_col-sm-3 wpb_column vc_column_container\"><div class=\"vc_column-inner\"><div class=\"wpb_wrapper\"><div class=\"w-image sub-brands-cfn-list align_none\"><div class=\"w-image-h\"><img decoding=\"async\" src=\"https:\/\/www.coeo-group.ai\/wp-content\/uploads\/2025\/08\/Logo-CFN-spotlight-1.svg\" class=\"attachment-full size-full\" alt=\"\" loading=\"lazy\" \/><\/div><\/div><div class=\"w-separator size_small\"><\/div><div class=\"w-html\"><div class=\"stylegude-download-icons\">\n<a href=\"\/download\/16526\/\"><img decoding=\"async\" src=\"https:\/\/www.coeo-group.ai\/wp-content\/uploads\/2025\/08\/file-svg-fill.svg\"><\/a>\n<a href=\"\/download\/16528\/\"><img decoding=\"async\" src=\"https:\/\/www.coeo-group.ai\/wp-content\/uploads\/2025\/08\/file-png-fill.svg\"><\/a>\n<a href=\"\/download\/16530\/\"><img decoding=\"async\" src=\"https:\/\/www.coeo-group.ai\/wp-content\/uploads\/2025\/08\/file-jpg-fill.svg\"><\/a>\n<\/div><\/div><\/div><\/div><\/div><div class=\"vc_col-sm-3 wpb_column vc_column_container\"><div class=\"vc_column-inner\"><div class=\"wpb_wrapper\"><div class=\"w-image sub-brands-cfn-list align_none\"><div class=\"w-image-h\"><img decoding=\"async\" src=\"https:\/\/www.coeo-group.ai\/wp-content\/uploads\/2025\/08\/Logo-CFN-summit-1.svg\" class=\"attachment-full size-full\" alt=\"\" loading=\"lazy\" \/><\/div><\/div><div class=\"w-separator size_small\"><\/div><div class=\"w-html\"><div class=\"stylegude-download-icons\">\n<a href=\"\/download\/13435\/\"><img decoding=\"async\" src=\"https:\/\/www.coeo-group.ai\/wp-content\/uploads\/2025\/08\/file-svg-fill.svg\"><\/a>\n<a href=\"\/download\/13437\/\"><img decoding=\"async\" src=\"https:\/\/www.coeo-group.ai\/wp-content\/uploads\/2025\/08\/file-png-fill.svg\"><\/a>\n<a href=\"\/download\/13439\/\"><img decoding=\"async\" src=\"https:\/\/www.coeo-group.ai\/wp-content\/uploads\/2025\/08\/file-jpg-fill.svg\"><\/a>\n<\/div><\/div><\/div><\/div><\/div><\/div><div class=\"w-separator size_small\"><\/div>[vc_custom_heading text=&#8221;Verwendung auf dunklen Hintergr\u00fcnden&#8221; use_theme_fonts=&#8221;yes&#8221;]<div class=\"g-cols wpb_row logo-drei-reihen via_flex valign_top type_default stacking_default\"><div class=\"vc_col-sm-3 wpb_column vc_column_container\"><div class=\"vc_column-inner\"><div class=\"wpb_wrapper\"><div class=\"w-image align_none\"><div class=\"w-image-h\"><img decoding=\"async\" src=\"https:\/\/www.coeo-group.ai\/wp-content\/uploads\/2025\/09\/Logo-CFN-Journal-Use-on-Dark-Backgrounds.svg\" class=\"attachment-full size-full\" alt=\"\" loading=\"lazy\" \/><\/div><\/div><div class=\"w-separator size_small\"><\/div><div class=\"w-html\"><div class=\"stylegude-download-icons\">\n<a href=\"\/download\/13441\/\"><img decoding=\"async\" src=\"https:\/\/www.coeo-group.ai\/wp-content\/uploads\/2025\/08\/file-svg-fill.svg\"><\/a>\n<a href=\"\/download\/13443\/\"><img decoding=\"async\" src=\"https:\/\/www.coeo-group.ai\/wp-content\/uploads\/2025\/08\/file-png-fill.svg\"><\/a>\n<\/div><\/div><\/div><\/div><\/div><div class=\"vc_col-sm-3 wpb_column vc_column_container\"><div class=\"vc_column-inner\"><div class=\"wpb_wrapper\"><div class=\"w-image align_none\"><div class=\"w-image-h\"><img decoding=\"async\" src=\"https:\/\/www.coeo-group.ai\/wp-content\/uploads\/2025\/09\/Logo-CFN-Videocast-Use-on-Dark-Backgrounds.svg\" class=\"attachment-full size-full\" alt=\"\" loading=\"lazy\" \/><\/div><\/div><div class=\"w-separator size_small\"><\/div><div class=\"w-html\"><div class=\"stylegude-download-icons\">\n<a href=\"\/download\/13445\/\"><img decoding=\"async\" src=\"https:\/\/www.coeo-group.ai\/wp-content\/uploads\/2025\/08\/file-svg-fill.svg\"><\/a>\n<a href=\"\/download\/13447\/\"><img decoding=\"async\" src=\"https:\/\/www.coeo-group.ai\/wp-content\/uploads\/2025\/08\/file-png-fill.svg\"><\/a>\n<\/div><\/div><\/div><\/div><\/div><div class=\"vc_col-sm-3 wpb_column vc_column_container\"><div class=\"vc_column-inner\"><div class=\"wpb_wrapper\"><div class=\"w-image align_none\"><div class=\"w-image-h\"><img decoding=\"async\" src=\"https:\/\/www.coeo-group.ai\/wp-content\/uploads\/2025\/09\/Logo-CFN-Spotlight-Use-on-Dark-Backgrounds.svg\" class=\"attachment-full size-full\" alt=\"\" loading=\"lazy\" \/><\/div><\/div><div class=\"w-separator size_small\"><\/div><div class=\"w-html\"><div class=\"stylegude-download-icons\">\n<a href=\"\/download\/16532\/\"><img decoding=\"async\" src=\"https:\/\/www.coeo-group.ai\/wp-content\/uploads\/2025\/08\/file-svg-fill.svg\"><\/a>\n<a href=\"\/download\/16534\/\"><img decoding=\"async\" src=\"https:\/\/www.coeo-group.ai\/wp-content\/uploads\/2025\/08\/file-png-fill.svg\"><\/a>\n<\/div><\/div><\/div><\/div><\/div><div class=\"vc_col-sm-3 wpb_column vc_column_container\"><div class=\"vc_column-inner\"><div class=\"wpb_wrapper\"><div class=\"w-image align_none\"><div class=\"w-image-h\"><img decoding=\"async\" src=\"https:\/\/www.coeo-group.ai\/wp-content\/uploads\/2025\/09\/Logo-CFN-Summit-Use-on-Dark-Backgrounds.svg\" class=\"attachment-full size-full\" alt=\"\" loading=\"lazy\" \/><\/div><\/div><div class=\"w-separator size_small\"><\/div><div class=\"w-html\"><div class=\"stylegude-download-icons\">\n<a href=\"\/download\/13453\/\"><img decoding=\"async\" src=\"https:\/\/www.coeo-group.ai\/wp-content\/uploads\/2025\/08\/file-svg-fill.svg\"><\/a>\n<a href=\"\/download\/13455\/\"><img decoding=\"async\" src=\"https:\/\/www.coeo-group.ai\/wp-content\/uploads\/2025\/08\/file-png-fill.svg\"><\/a>\n<\/div><\/div><\/div><\/div><\/div><\/div><\/div><\/div><\/div><\/div><\/div><\/section>\n","protected":false},"excerpt":{"rendered":"[vc_custom_heading text=\"Verschiedene Gesichter. Eine Identit\u00e4t.\" font_container=\"tag:h1|text_align:left\" use_theme_fonts=\"yes\"]Neben dem Hauptlogo, das die \u00fcbergreifende Unternehmensidentit\u00e4t repr\u00e4sentiert, verwenden wir auch spezialisierte Logos f\u00fcr bestimmte Markenelemente &#8211; wie cAI, unsere firmeneigene L\u00f6sung f\u00fcr k\u00fcnstliche Intelligenz, und die Logoserie CustomerFocus.network. Wenn diese Logos verwendet werden, gelten alle allgemeinen Regeln und Designprinzipien, die in diesem Styleguide beschrieben sind, gleicherma\u00dfen, um ein...","protected":false},"author":2,"featured_media":0,"parent":16391,"menu_order":0,"comment_status":"closed","ping_status":"closed","template":"","meta":{"_acf_changed":false,"footnotes":""},"class_list":["post-16254","page","type-page","status-publish","hentry"],"acf":[],"_links":{"self":[{"href":"https:\/\/www.coeo-group.ai\/de\/wp-json\/wp\/v2\/pages\/16254","targetHints":{"allow":["GET"]}}],"collection":[{"href":"https:\/\/www.coeo-group.ai\/de\/wp-json\/wp\/v2\/pages"}],"about":[{"href":"https:\/\/www.coeo-group.ai\/de\/wp-json\/wp\/v2\/types\/page"}],"author":[{"embeddable":true,"href":"https:\/\/www.coeo-group.ai\/de\/wp-json\/wp\/v2\/users\/2"}],"replies":[{"embeddable":true,"href":"https:\/\/www.coeo-group.ai\/de\/wp-json\/wp\/v2\/comments?post=16254"}],"version-history":[{"count":6,"href":"https:\/\/www.coeo-group.ai\/de\/wp-json\/wp\/v2\/pages\/16254\/revisions"}],"predecessor-version":[{"id":16618,"href":"https:\/\/www.coeo-group.ai\/de\/wp-json\/wp\/v2\/pages\/16254\/revisions\/16618"}],"up":[{"embeddable":true,"href":"https:\/\/www.coeo-group.ai\/de\/wp-json\/wp\/v2\/pages\/16391"}],"wp:attachment":[{"href":"https:\/\/www.coeo-group.ai\/de\/wp-json\/wp\/v2\/media?parent=16254"}],"curies":[{"name":"wp","href":"https:\/\/api.w.org\/{rel}","templated":true}]}}