{"id":16244,"date":"2025-08-23T22:30:46","date_gmt":"2025-08-23T20:30:46","guid":{"rendered":"https:\/\/newsite26.coeo-group.ai\/vorlagen\/"},"modified":"2026-03-16T10:50:39","modified_gmt":"2026-03-16T09:50:39","slug":"vorlagen","status":"publish","type":"page","link":"https:\/\/www.coeo-group.ai\/de\/styleguide\/vorlagen\/","title":{"rendered":"Vorlagen"},"content":{"rendered":"<section class=\"l-section wpb_row height_custom\"><div class=\"l-section-h i-cf\"><div class=\"g-cols vc_row via_flex valign_top type_default stacking_default\"><div class=\"vc_col-sm-12 wpb_column vc_column_container\"><div class=\"vc_column-inner\"><div class=\"wpb_wrapper\"><div class=\"g-cols wpb_row via_flex valign_top type_default stacking_default\"><div class=\"vc_col-sm-8 wpb_column vc_column_container\"><div class=\"vc_column-inner\"><div class=\"wpb_wrapper\">[vc_custom_heading text=&#8221;Weniger Aufwand,<br \/>\nMehr Flow.&#8221; font_container=&#8221;tag:h1|text_align:left&#8221; use_theme_fonts=&#8221;yes&#8221;]<\/div><\/div><\/div><div class=\"vc_col-sm-4 wpb_column vc_column_container\"><div class=\"vc_column-inner\"><div class=\"wpb_wrapper\"><\/div><\/div><\/div><\/div><div class=\"w-separator hide_on_mobiles size_medium\"><\/div><div class=\"wpb_text_column\"><div class=\"wpb_wrapper\"><p><strong>Vorlagen<\/strong> erleichtern die t\u00e4gliche Arbeit. Sie bieten eine solide Ausgangsbasis f\u00fcr deine eigenen Kreationen &#8211; und bleiben dabei unserem Corporate Design treu. Wir f\u00fcgen st\u00e4ndig neue hinzu, es lohnt sich also, ab und zu nachzusehen, was es Neues gibt.<\/p>\n<\/div><\/div><div class=\"w-separator size_medium\"><\/div><div class=\"g-cols wpb_row via_flex valign_top type_default stacking_default\"><div class=\"vc_col-sm-3 wpb_column vc_column_container\"><div class=\"vc_column-inner\"><div class=\"wpb_wrapper\"><div class=\"w-image align_none\"><div class=\"w-image-h\"><img decoding=\"async\" width=\"500\" height=\"281\" src=\"https:\/\/www.coeo-group.ai\/wp-content\/uploads\/2026\/02\/PPT-Master.jpg\" class=\"attachment-full size-full\" alt=\"\" loading=\"lazy\" srcset=\"https:\/\/www.coeo-group.ai\/wp-content\/uploads\/2026\/02\/PPT-Master.jpg 500w, https:\/\/www.coeo-group.ai\/wp-content\/uploads\/2026\/02\/PPT-Master-300x169.jpg 300w\" sizes=\"auto, (max-width: 500px) 100vw, 500px\" \/><\/div><\/div><div class=\"w-separator size_small\"><\/div><div class=\"w-html\"><div class=\"template-download-container\">\n  <a href=\"https:\/\/www.coeo-group.ai\/download\/15112\/?tmstv=1770718626\" class=\"template-download-icon\">Powerpoint-Vorlage<\/a>\n<\/div><\/div><\/div><\/div><\/div><div class=\"vc_col-sm-9 wpb_column vc_column_container\"><div class=\"vc_column-inner\"><div class=\"wpb_wrapper\">[vc_custom_heading text=&#8221;PowerPoint Master&#8221; use_theme_fonts=&#8221;yes&#8221;]<div class=\"wpb_text_column\"><div class=\"wpb_wrapper\"><p>Mit dem <strong>PowerPoint Master<\/strong> kannst du Pr\u00e4sentationen erstellen, die professionell aussehen und mit unserem Corporate Design \u00fcbereinstimmen. Er enth\u00e4lt vorgefertigte Layouts, Farben und Typografie, die sich an unserem Corporate Design orientieren &#8211; du kannst dich auf den Inhalt konzentrieren, ohne dir Gedanken \u00fcber das Aussehen zu machen.<\/p>\n<\/div><\/div><\/div><\/div><\/div><\/div><div class=\"w-separator size_medium\"><\/div><div class=\"w-separator size_medium\"><\/div><div class=\"g-cols wpb_row via_flex valign_top type_default stacking_default\"><div class=\"vc_col-sm-3 wpb_column vc_column_container\"><div class=\"vc_column-inner\"><div class=\"wpb_wrapper\"><div class=\"w-image align_none\"><div class=\"w-image-h\"><img decoding=\"async\" width=\"500\" height=\"353\" src=\"https:\/\/www.coeo-group.ai\/wp-content\/uploads\/2026\/02\/coeo-LinkedIn-Header-MockUp-company.jpg\" class=\"attachment-full size-full\" alt=\"\" loading=\"lazy\" srcset=\"https:\/\/www.coeo-group.ai\/wp-content\/uploads\/2026\/02\/coeo-LinkedIn-Header-MockUp-company.jpg 500w, https:\/\/www.coeo-group.ai\/wp-content\/uploads\/2026\/02\/coeo-LinkedIn-Header-MockUp-company-300x212.jpg 300w\" sizes=\"auto, (max-width: 500px) 100vw, 500px\" \/><\/div><\/div><div class=\"w-separator size_small\"><\/div><div class=\"w-html\"><div class=\"template-download-container\">\n  <a href=\"https:\/\/www.coeo-group.ai\/download\/15114\/?tmstv=1770718626\" class=\"template-download-icon\">Hol' dir das Bild<\/a>\n<\/div><\/div><\/div><\/div><\/div><div class=\"vc_col-sm-9 wpb_column vc_column_container\"><div class=\"vc_column-inner\"><div class=\"wpb_wrapper\">[vc_custom_heading text=&#8221;LinkedIn Unternehmensseite Kopfzeilenbild&#8221; use_theme_fonts=&#8221;yes&#8221;]<div class=\"wpb_text_column\"><div class=\"wpb_wrapper\"><p>Das Titelbild<strong> der LinkedIn-Unternehmensseite<\/strong> ist so gestaltet, dass es die Marke auf LinkedIn einheitlich repr\u00e4sentiert. Es vermittelt einen klaren, professionellen ersten Eindruck und sorgt f\u00fcr ein einheitliches visuelles Erscheinungsbild der Unternehmensseiten.<\/p>\n<\/div><\/div><\/div><\/div><\/div><\/div><div class=\"w-separator size_medium\"><\/div><div class=\"g-cols wpb_row via_flex valign_top type_default stacking_default\"><div class=\"vc_col-sm-3 wpb_column vc_column_container\"><div class=\"vc_column-inner\"><div class=\"wpb_wrapper\"><div class=\"w-image align_none\"><div class=\"w-image-h\"><img decoding=\"async\" width=\"500\" height=\"353\" src=\"https:\/\/www.coeo-group.ai\/wp-content\/uploads\/2026\/02\/coeo-LinkedIn-Header-MockUp-personal.jpg\" class=\"attachment-full size-full\" alt=\"\" loading=\"lazy\" srcset=\"https:\/\/www.coeo-group.ai\/wp-content\/uploads\/2026\/02\/coeo-LinkedIn-Header-MockUp-personal.jpg 500w, https:\/\/www.coeo-group.ai\/wp-content\/uploads\/2026\/02\/coeo-LinkedIn-Header-MockUp-personal-300x212.jpg 300w\" sizes=\"auto, (max-width: 500px) 100vw, 500px\" \/><\/div><\/div><div class=\"w-separator size_small\"><\/div><div class=\"w-html\"><div class=\"template-download-container\">\n  <a href=\"https:\/\/www.coeo-group.ai\/download\/15116\/?tmstv=1770718626\" class=\"template-download-icon\">Hol' dir das Bild<\/a>\n<\/div><\/div><\/div><\/div><\/div><div class=\"vc_col-sm-9 wpb_column vc_column_container\"><div class=\"vc_column-inner\"><div class=\"wpb_wrapper\">[vc_custom_heading text=&#8221;LinkedIn Pers\u00f6nliches Profil Kopfzeilenbild&#8221; use_theme_fonts=&#8221;yes&#8221;]<div class=\"wpb_text_column\"><div class=\"wpb_wrapper\"><p>Das Titelbild <strong>des pers\u00f6nlichen LinkedIn-Profils<\/strong> wurde entwickelt, um einen klaren und professionellen ersten Eindruck zu vermitteln. Es unterst\u00fctzt ein konsistentes und koh\u00e4rentes visuelles Erscheinungsbild der einzelnen LinkedIn-Profile.<\/p>\n<\/div><\/div><\/div><\/div><\/div><\/div><div class=\"w-separator size_medium\"><\/div><div class=\"g-cols wpb_row via_flex valign_top type_default stacking_default\"><div class=\"vc_col-sm-3 wpb_column vc_column_container\"><div class=\"vc_column-inner\"><div class=\"wpb_wrapper\"><div class=\"w-image align_none\"><div class=\"w-image-h\"><img decoding=\"async\" width=\"2480\" height=\"1395\" src=\"https:\/\/www.coeo-group.ai\/wp-content\/uploads\/2026\/02\/Word-Template.jpg\" class=\"attachment-full size-full\" alt=\"\" loading=\"lazy\" srcset=\"https:\/\/www.coeo-group.ai\/wp-content\/uploads\/2026\/02\/Word-Template.jpg 2480w, https:\/\/www.coeo-group.ai\/wp-content\/uploads\/2026\/02\/Word-Template-300x169.jpg 300w, https:\/\/www.coeo-group.ai\/wp-content\/uploads\/2026\/02\/Word-Template-1024x576.jpg 1024w, https:\/\/www.coeo-group.ai\/wp-content\/uploads\/2026\/02\/Word-Template-1536x864.jpg 1536w\" sizes=\"auto, (max-width: 2480px) 100vw, 2480px\" \/><\/div><\/div><div class=\"w-separator size_small\"><\/div><div class=\"w-html\"><div class=\"template-download-container\">\n  <a href=\"https:\/\/www.coeo-group.ai\/download\/15118\/?tmstv=1770718626\" class=\"template-download-icon\">Word-Vorlage<\/a>\n<\/div><\/div><\/div><\/div><\/div><div class=\"vc_col-sm-9 wpb_column vc_column_container\"><div class=\"vc_column-inner\"><div class=\"wpb_wrapper\">[vc_custom_heading text=&#8221;Brief&#8221; use_theme_fonts=&#8221;yes&#8221;]<div class=\"wpb_text_column\"><div class=\"wpb_wrapper\"><p>Die <strong>Briefvorlage<\/strong> kombiniert ein klares Design mit unserem Corporate Look and Feel. Sie hilft, professionelle Briefe zu erstellen, die visuell auf die Marke coeo abgestimmt sind &#8211; strukturiert, stilvoll und auf den Punkt.<\/p>\n<\/div><\/div><\/div><\/div><\/div><\/div><div class=\"w-separator size_medium\"><\/div><div class=\"g-cols wpb_row via_flex valign_top type_default stacking_default\"><div class=\"vc_col-sm-3 wpb_column vc_column_container\"><div class=\"vc_column-inner\"><div class=\"wpb_wrapper\"><div class=\"w-image align_none\"><div class=\"w-image-h\"><img decoding=\"async\" width=\"2560\" height=\"1440\" src=\"https:\/\/www.coeo-group.ai\/wp-content\/uploads\/2026\/02\/Teams-background-scaled.webp\" class=\"attachment-full size-full\" alt=\"\" loading=\"lazy\" srcset=\"https:\/\/www.coeo-group.ai\/wp-content\/uploads\/2026\/02\/Teams-background-scaled.webp 2560w, https:\/\/www.coeo-group.ai\/wp-content\/uploads\/2026\/02\/Teams-background-300x169.webp 300w, https:\/\/www.coeo-group.ai\/wp-content\/uploads\/2026\/02\/Teams-background-1024x576.webp 1024w, https:\/\/www.coeo-group.ai\/wp-content\/uploads\/2026\/02\/Teams-background-1536x864.webp 1536w\" sizes=\"auto, (max-width: 2560px) 100vw, 2560px\" \/><\/div><\/div><div class=\"w-separator size_small\"><\/div><div class=\"w-html\"><div class=\"template-download-container\">\n  <a href=\"https:\/\/www.coeo-group.ai\/download\/13377\/\" class=\"template-download-icon\">Teams-Hintergr\u00fcnde<\/a>\n<\/div><\/div><\/div><\/div><\/div><div class=\"vc_col-sm-9 wpb_column vc_column_container\"><div class=\"vc_column-inner\"><div class=\"wpb_wrapper\">[vc_custom_heading text=&#8221;Teams-Hintergr\u00fcnde&#8221; use_theme_fonts=&#8221;yes&#8221;]<div class=\"wpb_text_column\"><div class=\"wpb_wrapper\"><p>Die <strong>Teams-Hintergr\u00fcnde<\/strong> wurden entwickelt, um eine einheitliche visuelle Identit\u00e4t f\u00fcr alle Microsoft Teams-Anrufe zu schaffen, unabh\u00e4ngig von Standort oder Arbeitsumgebung. Sie helfen dabei, visuelle Ablenkungen zu reduzieren, die Privatsph\u00e4re zu sch\u00fctzen und unsere Markenpr\u00e4senz in internen und externen Meetings zu st\u00e4rken. Durch die Verwendung der mitgelieferten Vorlagen tr\u00e4gt jeder zu einem koh\u00e4renten, wiedererkennbaren und professionellen Markenauftritt in jedem Anruf bei.<\/p>\n<\/div><\/div><\/div><\/div><\/div><\/div><div class=\"w-separator size_medium\"><\/div><div class=\"g-cols wpb_row via_flex valign_top type_default stacking_default\"><div class=\"vc_col-sm-3 wpb_column vc_column_container\"><div class=\"vc_column-inner\"><div class=\"wpb_wrapper\"><div class=\"w-image align_none\"><div class=\"w-image-h\"><img decoding=\"async\" width=\"500\" height=\"281\" src=\"https:\/\/www.coeo-group.ai\/wp-content\/uploads\/2026\/02\/Still-in-progress.webp\" class=\"attachment-full size-full\" alt=\"\" loading=\"lazy\" srcset=\"https:\/\/www.coeo-group.ai\/wp-content\/uploads\/2026\/02\/Still-in-progress.webp 500w, https:\/\/www.coeo-group.ai\/wp-content\/uploads\/2026\/02\/Still-in-progress-300x169.webp 300w\" sizes=\"auto, (max-width: 500px) 100vw, 500px\" \/><\/div><\/div><div class=\"w-separator size_small\"><\/div><\/div><\/div><\/div><div class=\"vc_col-sm-9 wpb_column vc_column_container\"><div class=\"vc_column-inner\"><div class=\"wpb_wrapper\">[vc_custom_heading text=&#8221;Wir arbeiten derzeit mit Hochdruck an weiteren Vorlagen, die dir die t\u00e4gliche Arbeit erleichtern werden. Bitte schaue regelm\u00e4\u00dfig vorbei. Es wird bald neue Dinge zu entdecken geben.  &#8221; use_theme_fonts=&#8221;yes&#8221;]<\/div><\/div><\/div><\/div><div class=\"w-separator size_medium\"><\/div><\/div><\/div><\/div><\/div><\/div><\/section>\n","protected":false},"excerpt":{"rendered":"[vc_custom_heading text=\"Weniger Aufwand, Mehr Flow.\" font_container=\"tag:h1|text_align:left\" use_theme_fonts=\"yes\"]Vorlagen erleichtern die t\u00e4gliche Arbeit. Sie bieten eine solide Ausgangsbasis f\u00fcr deine eigenen Kreationen &#8211; und bleiben dabei unserem Corporate Design treu. Wir f\u00fcgen st\u00e4ndig neue hinzu, es lohnt sich also, ab und zu nachzusehen, was es Neues gibt. Powerpoint-Vorlage [vc_custom_heading text=\"PowerPoint Master\" use_theme_fonts=\"yes\"]Mit dem PowerPoint Master kannst du...","protected":false},"author":2,"featured_media":0,"parent":16391,"menu_order":0,"comment_status":"closed","ping_status":"closed","template":"","meta":{"_acf_changed":false,"footnotes":""},"class_list":["post-16244","page","type-page","status-publish","hentry"],"acf":[],"_links":{"self":[{"href":"https:\/\/www.coeo-group.ai\/de\/wp-json\/wp\/v2\/pages\/16244","targetHints":{"allow":["GET"]}}],"collection":[{"href":"https:\/\/www.coeo-group.ai\/de\/wp-json\/wp\/v2\/pages"}],"about":[{"href":"https:\/\/www.coeo-group.ai\/de\/wp-json\/wp\/v2\/types\/page"}],"author":[{"embeddable":true,"href":"https:\/\/www.coeo-group.ai\/de\/wp-json\/wp\/v2\/users\/2"}],"replies":[{"embeddable":true,"href":"https:\/\/www.coeo-group.ai\/de\/wp-json\/wp\/v2\/comments?post=16244"}],"version-history":[{"count":5,"href":"https:\/\/www.coeo-group.ai\/de\/wp-json\/wp\/v2\/pages\/16244\/revisions"}],"predecessor-version":[{"id":16268,"href":"https:\/\/www.coeo-group.ai\/de\/wp-json\/wp\/v2\/pages\/16244\/revisions\/16268"}],"up":[{"embeddable":true,"href":"https:\/\/www.coeo-group.ai\/de\/wp-json\/wp\/v2\/pages\/16391"}],"wp:attachment":[{"href":"https:\/\/www.coeo-group.ai\/de\/wp-json\/wp\/v2\/media?parent=16244"}],"curies":[{"name":"wp","href":"https:\/\/api.w.org\/{rel}","templated":true}]}}